{"id":143211,"date":"2020-09-08T09:28:44","date_gmt":"2020-09-08T06:28:44","guid":{"rendered":"https:\/\/bemore.ee\/toode\/zaliu-batoneliu-rinkinys\/"},"modified":"2025-11-19T15:48:39","modified_gmt":"2025-11-19T13:48:39","slug":"zaliu-batoneliu-rinkinys","status":"publish","type":"product","link":"https:\/\/bemore.ee\/lt\/toode\/zaliu-batoneliu-rinkinys\/","title":{"rendered":"\u017dali\u0173 baton\u0117li\u0173 rinkinys"},"content":{"rendered":"<h4 class=\"p2\"><strong>100 % nat\u016bral\u016bs \u017eali baton\u0117liai, praturtinti supermaistu j\u016bs\u0173 kasdieniam gyvenimui!<\/strong><\/h4>\n<h4><strong>\u017dali baton\u0117liai tinka:<\/strong><\/h4>\n<ul>\n<li>vitamin\u0173, mineral\u0173 ir antioksidant\u0173 kiekiui j\u016bs\u0173 mityboje padidinti<\/li>\n<li>veganams<\/li>\n<li>n\u0117\u0161\u010dioms ir maitinan\u010dioms motinoms<\/li>\n<li>vaikams<\/li>\n<li>svorio metimui d\u0117l didelio skaidul\u0173 kiekio<\/li>\n<\/ul>\n<h4 class=\"p1\"><strong>I\u0161 ko sudaryti \u0161ie produktai?<\/strong><\/h4>\n<p class=\"p1\">\u201eBe Fit\u201c sudedamosios dalys: datul\u0117s, avi\u017e\u0173 miltai be glitimo, \u201eBe Fit\u201c supermaisto mi\u0161inys (18 %) (\u017eirni\u0173 baltym\u0173 milteliai, \u017ealia kakava, kanapi\u0173 baltym\u0173 milteliai, goji uog\u0173 milteliai, kanapi\u0173 s\u0117klos), agav\u0173 sirupas, \u017dEM\u0116S RIE\u0160UTAI (9 %), \u017dEM\u0116S RIE\u0160UT\u0172 SVIESTAS (7 %), \u0161alto spaudimo kokos\u0173 aliejus, Himalaj\u0173 druska.<\/p>\n<p class=\"p1\">\u201eBe Beautiful\u201c ingredientai: datul\u0117s, avi\u017einiai dribsniai be glitimo, kokos\u0173 dro\u017el\u0117s (15 %), agav\u0173 sirupas, ANAKARD\u017dIAI, \u201eBe Beautiful\u201c supermaisto mi\u0161inys (6 %) (er\u0161k\u0117tuogi\u0173 milteliai, baobab\u0173 milteliai, liofilizuot\u0173 avie\u010di\u0173 milteliai, \u017eirni\u0173 baltym\u0173 milteliai, \u0161alavij\u0173 (Salvia hispanica) s\u0117klos, acai uog\u0173 milteliai), liofilizuot\u0173 avie\u010di\u0173 gabaliukai (5 %), \u0161alto spaudimo kokos\u0173 aliejus.<\/p>\n<p>\u201eBe Active\u201c ingredientai: datul\u0117s, avi\u017einiai dribsniai be glitimo, agav\u0173 sirupas, MIGDOLAI (10 %), MIGDOL\u0172 MILTAI (10 %), \u201eBe Active\u201c supermaisto mi\u0161inys (10 %) (burok\u0117li\u0173 milteliai, juod\u0173j\u0173 serbent\u0173 milteliai, goji uog\u0173 milteliai, chia s\u0117klos, camu-camu milteliai), liofilizuoti juodieji serbentai (5 %), \u0161alto spaudimo kokos\u0173 aliejus, neapdorotos kakavos pupel\u0117s. <\/p>\n<h4 class=\"p1\"><strong>Porcijos pakuot\u0117je<\/strong><\/h4>\n<p>Kiekviename u\u017esakyme yra 3 d\u0117\u017eut\u0117s, po vien\u0105 kiekvieno skonio \u2013 16 \u201eBe Fit\u201c baton\u0117li\u0173, 16 \u201eBe Beautiful\u201c baton\u0117li\u0173 ir 16 \u201eBe Active\u201c baton\u0117li\u0173.<\/p>\n<h4 class=\"p1\"><strong>Laikymo s\u0105lygos<\/strong><\/h4>\n<p class=\"p1\">Produkt\u0105 laikyti kambario temperat\u016broje ir, jei \u012fmanoma, saugoti nuo tiesiogini\u0173 saul\u0117s spinduli\u0173.<\/p>\n<h4 class=\"p1\"><strong>Kokius skonius turi \u017ealios kakavos baton\u0117liai?<\/strong><\/h4>\n<p>\u201eBe Fit\u201c \u017ealios kakavos baton\u0117lis turi malon\u0173 \u017ealios kakavos skon\u012f, derinam\u0105 su maloniai s\u016briu \u017eem\u0117s rie\u0161utu, kurie kartu tarsi susilieja \u012f vien\u0105 ir suteikia skonio poj\u016bt\u012f. Jis numal\u0161ina saldumyn\u0173 tro\u0161kul\u012f, bet tuo pa\u010diu metu ir u\u017epildo skrand\u012f. Galiausiai suprasite, kad suvalg\u0117te gero \u0161okolado, bet be per daug cukraus!<\/p>\n<p>\u201eBe Beautiful\u201c \u017ealios kakavos baton\u0117lis turi malon\u0173 r\u016bg\u0161tok\u0105 skon\u012f, kur\u012f sustiprina aviet\u0117s, kokosas ir m\u016bs\u0173 \u201eBe Beautiful\u201c supermaisto mi\u0161inys. Kokosas taip pat suteikia \u0161iek tiek tekst\u016bros ir subalansuoja r\u016bg\u0161\u010di\u0105 aviet\u0119 \u0161velniu ir \u0161iek tiek sald\u017eiu skoniu.<\/p>\n<p>\u201eBe Active\u201c \u017eali\u0173j\u0173 kakavos baton\u0117lis turi malon\u0173 r\u016bg\u0161\u010di\u0105 juod\u0173j\u0173 serbent\u0173 skon\u012f, kur\u012f papildo kreminis ir \u0161iek tiek saldus migdol\u0173 skonis. Produkt\u0105 papildo nat\u016bralios kakavos pupel\u0117s, kurios suteikia \u0161iek tiek kartumo kitaip sald\u017eiam burnos poj\u016b\u010diui ir subalansuoja skon\u012f. Kakavos pupel\u0117s taip pat suteikia \u0161iek tiek tra\u0161kios tekst\u016bros.<\/p>\n","protected":false},"excerpt":{"rendered":"<h4 class=\"p2\"><strong>100 % nat\u016bral\u016bs \u017eali baton\u0117liai, praturtinti supermaistu j\u016bs\u0173 kasdieniam gyvenimui, tad galite i\u0161bandyti tris skonius!<\/strong><\/h4>\n<ul>\n<li>100 % nat\u016bralus<\/li>\n<li><strong>Be glitimo<\/strong><\/li>\n<li>Be konservant\u0173<\/li>\n<li><strong>Vegani\u0161kas<\/strong><\/li>\n<li>Viename u\u017esakyme yra trys d\u0117\u017eut\u0117s arba <strong>48 baton\u0117liai<\/strong><\/li>\n<li>\u017dali baton\u0117liai yra <strong>praturtinti \u201eBe Fit\u201c, \u201eBe Beautiful\u201c<\/strong> ir <strong>Be Active\u201c supermaisto mi\u0161iniais<\/strong><\/li>\n<li>Sud\u0117tyje yra daug \u012fvairi\u0173 vitamin\u0173, mineral\u0173 ir antioksidant\u0173<\/li>\n<li>Su kiekvienu \u017ealio baton\u0117lio pirkimu j\u016bs remiate Estijos v\u0117\u017eio draugij\u0105 1 centu, o su \u0161iuo deriniu \u2013 48 centais<\/li>\n<\/ul>\n","protected":false},"featured_media":143212,"comment_status":"open","ping_status":"closed","template":"","meta":{"_acf_changed":false},"product_brand":[],"product_cat":[601,603,608],"product_tag":[614,617],"class_list":{"0":"post-143211","1":"product","2":"type-product","3":"status-publish","4":"has-post-thumbnail","6":"product_cat-rinkinys","7":"product_cat-bukite-aktyvus","8":"product_cat-zali-batoneliai-su-supermaistu","9":"product_tag-be-fit-lt","10":"product_tag-be-beautiful-lt","12":"first","13":"instock","14":"sale","15":"taxable","16":"shipping-taxable","17":"purchasable","18":"product-type-bundle"},"bundle_layout":"default","bundled_by":[],"bundled_items":[{"bundled_item_id":2138,"product_id":142957,"menu_order":0,"quantity_min":16,"quantity_max":16,"priced_individually":false,"shipped_individually":false,"override_title":false,"title":"1 Fit batoon","override_description":false,"description":"1 Fit batoon","optional":false,"hide_thumbnail":false,"discount":"","override_variations":false,"allowed_variations":[""],"override_default_variation_attributes":false,"default_variation_attributes":[],"single_product_visibility":"visible","cart_visibility":"visible","order_visibility":"visible","single_product_price_visibility":"visible","cart_price_visibility":"visible","order_price_visibility":"visible","stock_status":"in_stock"},{"bundled_item_id":2139,"product_id":142960,"menu_order":1,"quantity_min":16,"quantity_max":16,"priced_individually":false,"shipped_individually":false,"override_title":false,"title":"1 Gra\u017ei lazdel\u0117","override_description":false,"description":"1 Gra\u017ei lazdel\u0117","optional":false,"hide_thumbnail":false,"discount":"","override_variations":false,"allowed_variations":[""],"override_default_variation_attributes":false,"default_variation_attributes":[],"single_product_visibility":"visible","cart_visibility":"visible","order_visibility":"visible","single_product_price_visibility":"visible","cart_price_visibility":"visible","order_price_visibility":"visible","stock_status":"in_stock"},{"bundled_item_id":2140,"product_id":143056,"menu_order":2,"quantity_min":16,"quantity_max":16,"priced_individually":false,"shipped_individually":false,"override_title":false,"title":"1 aktyvi juosta","override_description":false,"description":"1 aktyvi juosta","optional":false,"hide_thumbnail":false,"discount":"","override_variations":false,"allowed_variations":[""],"override_default_variation_attributes":false,"default_variation_attributes":[],"single_product_visibility":"visible","cart_visibility":"visible","order_visibility":"visible","single_product_price_visibility":"visible","cart_price_visibility":"visible","order_price_visibility":"visible","stock_status":"in_stock"}],"acf":[],"_links":{"self":[{"href":"https:\/\/bemore.ee\/lt\/wp-json\/wp\/v2\/product\/143211","targetHints":{"allow":["GET"]}}],"collection":[{"href":"https:\/\/bemore.ee\/lt\/wp-json\/wp\/v2\/product"}],"about":[{"href":"https:\/\/bemore.ee\/lt\/wp-json\/wp\/v2\/types\/product"}],"replies":[{"embeddable":true,"href":"https:\/\/bemore.ee\/lt\/wp-json\/wp\/v2\/comments?post=143211"}],"wp:featuredmedia":[{"embeddable":true,"href":"https:\/\/bemore.ee\/lt\/wp-json\/wp\/v2\/media\/143212"}],"wp:attachment":[{"href":"https:\/\/bemore.ee\/lt\/wp-json\/wp\/v2\/media?parent=143211"}],"wp:term":[{"taxonomy":"product_brand","embeddable":true,"href":"https:\/\/bemore.ee\/lt\/wp-json\/wp\/v2\/product_brand?post=143211"},{"taxonomy":"product_cat","embeddable":true,"href":"https:\/\/bemore.ee\/lt\/wp-json\/wp\/v2\/product_cat?post=143211"},{"taxonomy":"product_tag","embeddable":true,"href":"https:\/\/bemore.ee\/lt\/wp-json\/wp\/v2\/product_tag?post=143211"}],"curies":[{"name":"wp","href":"https:\/\/api.w.org\/{rel}","templated":true}]}}