{"id":143204,"date":"2020-08-24T06:42:06","date_gmt":"2020-08-24T03:42:06","guid":{"rendered":"https:\/\/bemore.ee\/toode\/asvagandos-saknu-milteliai-150-g\/"},"modified":"2025-10-22T14:36:02","modified_gmt":"2025-10-22T11:36:02","slug":"asvagandos-saknu-milteliai-150-g","status":"publish","type":"product","link":"https:\/\/bemore.ee\/lt\/toode\/asvagandos-saknu-milteliai-150-g\/","title":{"rendered":"A\u0161vagandos \u0161akn\u0173 milteliai, 150 g"},"content":{"rendered":"<p>A\u0161vaganda (Withania somnifera) \u2013 daugiametis bulvini\u0173 (Solanaceae) \u0161eimos kr\u016bmas su aitriais gelsvai \u017ealiais \u017eiedais ir raudonomis uogomis. Augalas pla\u010diai paplit\u0119s nuo piet\u0173 Europos iki Indijos ir Afrikoje. A\u0161vaganda, da\u017enai vadinama indi\u0161kuoju \u017een\u0161eniu, yra svarbus tradicin\u0117s ind\u0173 medicinos Ajurvedos komponentas, nes augalas nuo sen\u0173 laik\u0173 vertinamas d\u0117l raminam\u0173j\u0173, migdom\u0173j\u0173 ir antiseptini\u0173 savybi\u0173. D\u017eiovintos \u0161aknys ir lapai daugiausia naudojami kaip vaistas. \u0160aknis naudojama kaip bendras tonikas ir adaptogenin\u0117 priemon\u0117, nes ji pasi\u017eymi antioksidaciniu aktyvumu ir prisideda prie fizin\u0117s bei emocin\u0117s pusiausvyros ir bendros gerov\u0117s atk\u016brimo. Be to, s\u016brio uogos taip pat naudojamos kaip mieg\u0105 skatinanti, nerim\u0105 ir stres\u0105 ma\u017einanti bei \u0161lapim\u0105 skatinanti priemon\u0117. <\/p>\n<h4><strong>A\u0161vaganda tinka vartoti\u2026<\/strong><\/h4>\n<ul>\n<li>\u017dmon\u0117ms, gyvenantiems \u012ftempt\u0105 gyvenimo b\u016bd\u0105 ir norintiems nat\u016bralios pagalbos<\/li>\n<li>\u017dmon\u0117ms, turintiems miego sutrikim\u0173<\/li>\n<li>\u017dmon\u0117ms, kurie jau\u010dia, kad jiems reikia fizin\u0117s ir emocin\u0117s pusiausvyros<\/li>\n<\/ul>\n<h4><strong>\u012esp\u0117jimai!<\/strong><\/h4>\n<p>Nerekomenduojama vartoti n\u0117\u0161tumo ir \u017eindymo laikotarpiu.<\/p>\n<p>Prie\u0161 vartojant a\u0161vagandos \u0161akn\u0173 miltelius, pacientams, sergantiems skydliauk\u0117s ligomis, autoimunin\u0117mis ligomis, vartojantiems imunosupresantus (imunin\u0119 sistem\u0105 slopinan\u010dius vaistus) ir (arba) raminamuosius-migdomuosius vaistus, reikia pasitarti su gydytoju ir vartoti atsargiai.<\/p>\n<h4><strong>I\u0161 ko sudarytas \u0161is produktas?<\/strong><\/h4>\n<p>A\u0161vagandos (<em>Withania somnifera<\/em>) \u0161akn\u0173 milteliai (100 %).<\/p>\n<p>Produkte n\u0117ra: dirbtini\u0173 kvapi\u0173j\u0173 med\u017eiag\u0173, aromat\u0173 ir konservant\u0173, maistini\u0173 da\u017eikli\u0173, saldikli\u0173, cukraus, kvie\u010di\u0173, glitimo, \u017euvies, sojos, kiau\u0161ini\u0173, laktoz\u0117s, rie\u0161ut\u0173, sulfit\u0173 ar geneti\u0161kai modifikuot\u0173 ingredient\u0173.<\/p>\n<h4><strong>Kaip vartoti?<\/strong><\/h4>\n<p>Rekomenduojama paros norma yra 1 valgomasis \u0161auk\u0161tas, kur\u012f galima sumai\u0161yti su \u0161iltu vandeniu, pienu, kokteiliu ar ko\u0161e.<\/p>\n<p>Produktas nepakei\u010dia \u012fvairios ir subalansuotos mitybos bei sveiko gyvenimo b\u016bdo!<\/p>\n<h4><strong>Laikymo s\u0105lygos<\/strong><\/h4>\n<p>Laikyti kambario temperat\u016broje, saugoti nuo saul\u0117s spinduli\u0173 ir dr\u0117gm\u0117s. Po naudojimo pakuot\u0119 sandariai u\u017edarykite.<\/p>\n<h4><strong>Kilm\u0117s \u0161alis<\/strong><\/h4>\n<p>ES, Nyderlandai<\/p>\n","protected":false},"excerpt":{"rendered":"<ul>\n<li>Antioksidacinis aktyvumas, apsaugantis l\u0105steles nuo pa\u017eeidim\u0173<\/li>\n<li>Adaptogenin\u0117s savyb\u0117s, t. y. didina organizmo atsparum\u0105 stresui, ligoms ir aplinkai<\/li>\n<li>Padeda sukurti fizin\u0119 ir emocin\u0119 pusiausvyr\u0105<\/li>\n<li>Prisideda prie bendros gerov\u0117s<\/li>\n<li><strong>Skatina mieg\u0105<\/strong><\/li>\n<li><strong>Ma\u017eina stres\u0105<\/strong><\/li>\n<li><strong>Ma\u017eina nerim\u0105<\/strong><\/li>\n<\/ul>\n","protected":false},"featured_media":143205,"comment_status":"open","ping_status":"closed","template":"","meta":{"_acf_changed":false},"product_brand":[],"product_cat":[605,593,594],"product_tag":[],"class_list":{"0":"post-143204","1":"product","2":"type-product","3":"status-publish","4":"has-post-thumbnail","6":"product_cat-buk-zalias","7":"product_cat-toidulisandid-lt","8":"product_cat-ole-terve-lt","10":"first","11":"instock","12":"taxable","13":"shipping-taxable","14":"purchasable","15":"product-type-simple"},"bundle_layout":"","bundled_by":[],"bundled_items":[],"acf":[],"_links":{"self":[{"href":"https:\/\/bemore.ee\/lt\/wp-json\/wp\/v2\/product\/143204","targetHints":{"allow":["GET"]}}],"collection":[{"href":"https:\/\/bemore.ee\/lt\/wp-json\/wp\/v2\/product"}],"about":[{"href":"https:\/\/bemore.ee\/lt\/wp-json\/wp\/v2\/types\/product"}],"replies":[{"embeddable":true,"href":"https:\/\/bemore.ee\/lt\/wp-json\/wp\/v2\/comments?post=143204"}],"wp:featuredmedia":[{"embeddable":true,"href":"https:\/\/bemore.ee\/lt\/wp-json\/wp\/v2\/media\/143205"}],"wp:attachment":[{"href":"https:\/\/bemore.ee\/lt\/wp-json\/wp\/v2\/media?parent=143204"}],"wp:term":[{"taxonomy":"product_brand","embeddable":true,"href":"https:\/\/bemore.ee\/lt\/wp-json\/wp\/v2\/product_brand?post=143204"},{"taxonomy":"product_cat","embeddable":true,"href":"https:\/\/bemore.ee\/lt\/wp-json\/wp\/v2\/product_cat?post=143204"},{"taxonomy":"product_tag","embeddable":true,"href":"https:\/\/bemore.ee\/lt\/wp-json\/wp\/v2\/product_tag?post=143204"}],"curies":[{"name":"wp","href":"https:\/\/api.w.org\/{rel}","templated":true}]}}