{"id":143191,"date":"2020-05-15T10:06:08","date_gmt":"2020-05-15T07:06:08","guid":{"rendered":"https:\/\/bemore.ee\/toode\/kolageno-leidimo-derinys\/"},"modified":"2025-11-20T07:34:27","modified_gmt":"2025-11-20T05:34:27","slug":"kolageno-leidimo-rinkinys","status":"publish","type":"product","link":"https:\/\/bemore.ee\/lt\/toode\/kolageno-leidimo-rinkinys\/","title":{"rendered":"Kolageno leidimo rinkinys"},"content":{"rendered":"<h4><strong>100 % nat\u016bralus kolageno ir uog\u0173 mi\u0161inys padeda jums b\u016bti gra\u017eesn\u0117ms! COLLAGEN EDITION avie\u010di\u0173 ir vy\u0161ni\u0173 bei \u0161altalanki\u0173 ir citrin\u0173 mi\u0161inys sukurtas \u017emon\u0117ms, norintiems puosel\u0117ti savo nat\u016bral\u0173 gro\u017e\u012f, od\u0105, s\u0105narius ir raumenis.<\/strong><\/h4>\n<p><strong>COLLAGEN EDITION \u0161altalanki\u0173 ir citrin\u0173 mi\u0161inys<\/strong> yra puikus kolageno \u0161altinis. \u0160is gro\u017eio mi\u0161inys palaiko nat\u016bral\u0173 kolageno susidarymo proces\u0105, jame yra vitamino C ir mangano, be hidrolizuoto kolageno. Vitaminas E veikia kaip antioksidantas, palaikantis nat\u016bral\u0173 odos gro\u017e\u012f. <strong>COLLAGEN EDITION avie\u010di\u0173 ir vy\u0161ni\u0173 mi\u0161inys<\/strong> taip pat turi folio r\u016bg\u0161ties ir vario, be vis\u0173 auk\u0161\u010diau i\u0161vardyt\u0173 med\u017eiag\u0173. Mi\u0161inyje esantis kalis palaiko j\u016bs\u0173 nerv\u0173 sistem\u0105.<\/p>\n<p>Kolagenas yra gausiausias baltymas m\u016bs\u0173 organizme. Jo yra raumenyse, odoje, kraujyje, kauluose, s\u0105nariuose ir sausgysl\u0117se. M\u016bs\u0173 k\u016bnas gali pats gaminti kolagen\u0105. Tam organizmui reikia tinkam\u0173 statybini\u0173 med\u017eiag\u0173, t. y. \u012fvairi\u0173 maistini\u0173 med\u017eiag\u0173, dalyvaujan\u010di\u0173 kolageno formavime. Nuo 25 met\u0173 am\u017eiaus organizme kolageno gamyba ma\u017e\u0117ja. Kolageno gamyb\u0105 taip pat slopina tokie gyvenimo b\u016bdo \u012fpro\u010diai kaip r\u016bkymas, per didelis \u012fdegis ir nesveika mityba. Ma\u017e\u0117jant kolageno, pradeda atsirasti rauk\u0161li\u0173, oda tampa atsipalaidavusi, gali atsirasti net s\u0105nari\u0173 skausmas. Tod\u0117l yra keletas prie\u017eas\u010di\u0173, kod\u0117l kolageno miltelius reik\u0117t\u0173 vartoti kasdien.<\/p>\n<p>\u0160altalankis yra vertinga uoga, kurios vert\u0117 slypi vitamin\u0173 ir kit\u0173 bioaktyvi\u0173j\u0173 komponent\u0173 buvime. \u0160i uoga padeda atnaujinti od\u0105. Citrina padeda kovoti su laisvaisiais radikalais, kurie sukelia odos sen\u0117jim\u0105, apsaugodama nuo rauk\u0161li\u0173 susidarymo. Citrin\u0173 sultyse gausu vitamino C, kuris yra svarbus kolageno, kuris palaiko odos stangrum\u0105, sintezei. Camu-Camu vaisiuose yra did\u017eiausias nat\u016bralus vitamino C kiekis. D\u0117l didelio antioksidant\u0173, mineral\u0173 ir vitamin\u0173 kiekio jie taip pat naudojami kosmetikoje d\u0117l odos prie\u017ei\u016bros ir sen\u0117jim\u0105 stabdan\u010dio poveikio. Agrastuose, aviet\u0117se ir vy\u0161niose yra antioksidant\u0173, kurie l\u0117tina sen\u0117jimo proces\u0105.<\/p>\n<h4><strong>COLLAGEEN EDITION kolageno milteliai tinka:<\/strong><\/h4>\n<ul>\n<li>padidinti vitamin\u0173, mineral\u0173 ir antioksidant\u0173 kiek\u012f j\u016bs\u0173 kasdieniame meniu<\/li>\n<li>gerinti odos elastingum\u0105<\/li>\n<li>n\u0117\u0161\u010dioms ir maitinan\u010dioms motinoms<\/li>\n<li>vaikams<\/li>\n<\/ul>\n<h4><strong>I\u0161 ko susideda \u0161is produktas?<\/strong><\/h4>\n<p>COLLAGEEN EDITION Buckthorn\u2019n\u2019Lemon sud\u0117tis: hidrolizuotas galvij\u0173 kolagenas (74%), liofilizuoti \u0161altalanki\u0173 milteliai (15%), liofilizuoti citrin\u0173 milteliai (4%), liofilizuoti kamu-kamu milteliai, liofilizuoti agrast\u0173 milteliai.<\/p>\n<p>COLLAGEN EDITION Raspberry\u2019n\u2019Cherry sud\u0117tis: hidrolizuotas galvij\u0173 kolagenas (66%), liofilizuoti avie\u010di\u0173 milteliai (20%), liofilizuoti vy\u0161ni\u0173 milteliai (7%), liofilizuoti kamu-kamu milteliai, liofilizuoti citrin\u0173 milteliai.<\/p>\n<h4><strong>Kaip j\u012f naudoti?<\/strong><\/h4>\n<p>\u012emai\u0161ykite kolageno milteli\u0173 \u012f kokteilius, jogurt\u0105, vanden\u012f, ko\u0161\u0119, desertus ir kt.<\/p>\n<h4><strong>Porcijos dydis<\/strong><\/h4>\n<p>Viena porcija yra 1 valg. \u0161auk\u0161tas. Rekomenduojama paros norma yra 1\u20132 valg. \u0161auk\u0161tai.<\/p>\n<h4><strong>Porcij\u0173 skai\u010dius pakuot\u0117je<\/strong><\/h4>\n<p>Kiekvienoje 150 g pakuot\u0117je yra ma\u017edaug 15 porcij\u0173, tikrasis porcij\u0173 skai\u010dius priklauso nuo suvartojam\u0173 porcij\u0173 dyd\u017eio. Taigi \u0161io derinio tur\u0117t\u0173 pakakti vidutini\u0161kai 30 porcij\u0173 per dien\u0105.<\/p>\n<h4><strong>Laikymo s\u0105lygos<\/strong><\/h4>\n<p>Produkt\u0105 laikykite kambario temperat\u016broje ir, jei \u012fmanoma, toliau nuo tiesiogini\u0173 saul\u0117s spinduli\u0173. Po naudojimo pakuot\u0119 atsargiai u\u017edarykite.<\/p>\n<h4><strong>Koki\u0173 skoni\u0173 yra \u201eCOLLAGEN EDITION\u201c milteliai?<\/strong><\/h4>\n<p>\u201eBuckthorn\u2019n\u2019Lemon\u201c pasi\u017eymi gaivinan\u010diu citrusini\u0173 vaisi\u0173 skoniu \u2013 r\u016bg\u0161tus \u0161altalanki\u0173 ir citrin\u0173 rinkinys\u00a0lengvai \u017eaid\u017eia su lie\u017euviu ir skonio receptoriais. \u201eRaspberry\u2019n\u2019Cherry\u201c pasi\u017eymi maloniai uog\u0173 skoniu \u2013 dangi\u0161kas namini\u0173 vy\u0161ni\u0173 ir avie\u010di\u0173 rinkinys glosto j\u016bs\u0173 skonio receptorius.<\/p>\n<h4><strong>Ar turite koki\u0173 nors recept\u0173 pasi\u016blym\u0173?<\/strong><\/h4>\n<p><span style=\"font-weight: 400;\">Nor\u0117dami pasisemti \u012fkv\u0117pimo kokteiliams, m\u016bs\u0173 svetain\u0117je yra visas recept\u0173 skyrius, kuriame nuolat pridedame nauj\u0173 id\u0117j\u0173 ir \u012fkvepian\u010di\u0173 patarim\u0173 savo gerb\u0117jams ir \u0161eimos nariams. Puiki\u0173 recept\u0173 pasi\u016blym\u0173 taip pat galite rasti m\u016bs\u0173 socialin\u0117s \u017einiasklaidos kanaluose!<\/span><\/p>\n<h4><strong>Ar visada norite produkto u\u017e ma\u017eesn\u0119 kain\u0105 ir su nemokamu pristatymu?<\/strong><\/h4>\n<p>Sukurkite automatin\u012f nuolatin\u012f u\u017esakym\u0105, kuriame gal\u0117site pasirinkti, ar si\u0173sime jums produkt\u0105 kas 1 ar 3 m\u0117nesius. Nuolatiniai u\u017esakymai visada si\u016blo nemokam\u0105 pristatym\u0105 \u012f DPD siunt\u0173 terminalus ir nuolat ma\u017eesn\u0119 kain\u0105. <a href=\"https:\/\/bemore.ee\/muugitingimused\/pusitellimused\/\" target=\"_blank\" rel=\"noopener\">Daugiau apie nuolatinio pavedimo s\u0105lygas skaitykite \u010dia<\/a>.<\/p>\n","protected":false},"excerpt":{"rendered":"<h4><strong>Kombinuotojo rinkinio \u201eCOLLAGEN EDITION\u201c u\u017eteks 1 m\u0117nesiui, kad palaikyt\u0173 j\u016bs\u0173 nat\u016bral\u0173 gro\u017e\u012f, raumenis ir s\u0105narius.<\/strong><\/h4>\n<ul>\n<li><strong>NEMOKAMAS mitybos meniu perkant<\/strong><\/li>\n<li>1 valgomasis \u0161auk\u0161tas turi daug auk\u0161tos kokyb\u0117s galvij\u0173 kolageno<\/li>\n<li><strong>100 % nat\u016bralus<\/strong><\/li>\n<li>Be prid\u0117tinio cukraus ar saldikli\u0173<\/li>\n<li>Kolagenas yra gausiausias baltymas organizme<\/li>\n<li>Hidrolizuoti kolageno peptidai yra lengvai \u012fsisavinami organizmo<\/li>\n<li><strong>Vitaminas C<\/strong> prisideda prie normalaus kolageno susidarymo odoje, kauluose, kremzl\u0117se, dantenose, dantyse ir kraujyje kraujagysl\u0117s<\/li>\n<li><strong>Manganas<\/strong> yra b\u016btinas normaliai smegen\u0173 ir nerv\u0173 funkcijai bei kolageno gamybai<\/li>\n<li><strong>Folio r\u016bg\u0161tis<\/strong> vaidina svarb\u0173 vaidmen\u012f kuriant naujas l\u0105steles<\/li>\n<li><strong>Varis<\/strong> yra b\u016btinas fermentams, dalyvaujantiems kolageno gamyboje<\/li>\n<li><strong>Vitaminas E<\/strong> veikia kaip antioksidantas<\/li>\n<li><strong>Kombinuotas rinkinys visada pigesnis nei perkant atskirai<\/strong><\/li>\n<\/ul>\n","protected":false},"featured_media":143192,"comment_status":"open","ping_status":"closed","template":"","meta":{"_acf_changed":false},"product_brand":[],"product_cat":[601,604,600],"product_tag":[627,636],"class_list":{"0":"post-143191","1":"product","2":"type-product","3":"status-publish","4":"has-post-thumbnail","6":"product_cat-rinkinys","7":"product_cat-buk-grazi","8":"product_cat-kolageno-misiniai","9":"product_tag-supertoidusegu-lt","10":"product_tag-iluheaks-lt","12":"first","13":"instock","14":"sale","15":"taxable","16":"shipping-taxable","17":"purchasable","18":"product-type-bundle"},"bundle_layout":"default","bundled_by":[],"bundled_items":[{"bundled_item_id":2136,"product_id":141709,"menu_order":0,"quantity_min":1,"quantity_max":1,"priced_individually":false,"shipped_individually":false,"override_title":false,"title":"COLLAGEN EDITION Raspberry\u2019n\u2019Cherry, 150g","override_description":false,"description":"COLLAGEN EDITION Raspberry\u2019n\u2019Cherry, 150g","optional":false,"hide_thumbnail":false,"discount":"","override_variations":false,"allowed_variations":[""],"override_default_variation_attributes":false,"default_variation_attributes":[],"single_product_visibility":"visible","cart_visibility":"visible","order_visibility":"visible","single_product_price_visibility":"visible","cart_price_visibility":"visible","order_price_visibility":"visible","stock_status":"in_stock"},{"bundled_item_id":2137,"product_id":141827,"menu_order":1,"quantity_min":1,"quantity_max":1,"priced_individually":false,"shipped_individually":false,"override_title":false,"title":"COLLAGEN EDITION Buckthorn\u2019n\u2019Lemon, 150g","override_description":false,"description":"COLLAGEN EDITION Buckthorn\u2019n\u2019Lemon, 150g","optional":false,"hide_thumbnail":false,"discount":"","override_variations":false,"allowed_variations":[""],"override_default_variation_attributes":false,"default_variation_attributes":[],"single_product_visibility":"visible","cart_visibility":"visible","order_visibility":"visible","single_product_price_visibility":"visible","cart_price_visibility":"visible","order_price_visibility":"visible","stock_status":"in_stock"}],"acf":[],"_links":{"self":[{"href":"https:\/\/bemore.ee\/lt\/wp-json\/wp\/v2\/product\/143191","targetHints":{"allow":["GET"]}}],"collection":[{"href":"https:\/\/bemore.ee\/lt\/wp-json\/wp\/v2\/product"}],"about":[{"href":"https:\/\/bemore.ee\/lt\/wp-json\/wp\/v2\/types\/product"}],"replies":[{"embeddable":true,"href":"https:\/\/bemore.ee\/lt\/wp-json\/wp\/v2\/comments?post=143191"}],"wp:featuredmedia":[{"embeddable":true,"href":"https:\/\/bemore.ee\/lt\/wp-json\/wp\/v2\/media\/143192"}],"wp:attachment":[{"href":"https:\/\/bemore.ee\/lt\/wp-json\/wp\/v2\/media?parent=143191"}],"wp:term":[{"taxonomy":"product_brand","embeddable":true,"href":"https:\/\/bemore.ee\/lt\/wp-json\/wp\/v2\/product_brand?post=143191"},{"taxonomy":"product_cat","embeddable":true,"href":"https:\/\/bemore.ee\/lt\/wp-json\/wp\/v2\/product_cat?post=143191"},{"taxonomy":"product_tag","embeddable":true,"href":"https:\/\/bemore.ee\/lt\/wp-json\/wp\/v2\/product_tag?post=143191"}],"curies":[{"name":"wp","href":"https:\/\/api.w.org\/{rel}","templated":true}]}}