{"id":143183,"date":"2020-03-27T10:28:42","date_gmt":"2020-03-27T08:28:42","guid":{"rendered":"https:\/\/bemore.ee\/toode\/3x-detoksikacijos-rinkinys\/"},"modified":"2020-03-27T10:28:42","modified_gmt":"2020-03-27T08:28:42","slug":"3x-detoksikacijos-rinkinys","status":"publish","type":"product","link":"https:\/\/bemore.ee\/lt\/toode\/3x-detoksikacijos-rinkinys\/","title":{"rendered":"3x detoksikacijos rinkinys"},"content":{"rendered":"<h4><strong>100 % nat\u016bralus supermaisto mi\u0161inys j\u016bs\u0173 \u017ealiesiems kokteiliams!<\/strong><\/h4>\n<p>\u201eDetox\u201c supermaisto mi\u0161inys \u2013 puikus j\u016bs\u0173 \u017eali\u0173j\u0173 kokteili\u0173 papildymas. Jame yra 7 skirting\u0173 supermaisto produkt\u0173. \u201eDetox\u201c sud\u0117tyje yra Estijos kilm\u0117s spanguoli\u0173 ir brukni\u0173, kurios yra gausus vitamino C \u0161altinis. Spanguoli\u0173 sultys liaudies medicinoje \u0161imtme\u010dius naudojamos \u0161lapimo tak\u0173 u\u017edegimui mal\u0161inti, o vitaminas C taip pat prisideda prie normalios energijos apykaitos. \u0160iame mi\u0161inyje taip pat yra \u017eali\u0173j\u0173 kokteili\u0173 pam\u0117gt\u0173 produkt\u0173 \u2013 spirulinos ir chlorelos. Spirulina ir chlorela yra g\u0117lavandeniai dumbliai, kurie abu yra puik\u016bs vitamin\u0173 ir mineral\u0173 \u0161altiniai. Abu dumbliai jau daugel\u012f met\u0173 naudojami med\u017eiag\u0173 apykaitai palaikyti.<\/p>\n<h4><strong>Kas yra \u0161iame produkte?<\/strong><\/h4>\n<p>Sud\u0117tis: brukni\u0173 milteliai (20 %), \u017eirni\u0173 baltym\u0173 milteliai (19 %), chlorela (18 %), spirulina (16 %), kvie\u010di\u0173 \u017eelmenys (12 %), citrin\u017eol\u0117 (10 %), spanguoli\u0173 milteliai (5 %). <\/p>\n<h4><strong>Kaip j\u012f naudoti?<\/strong><\/h4>\n<p>Mityba ir supermaistas gali kelti painiav\u0105. Mes pasiruo\u0161\u0119 pad\u0117ti! Tiesiog vadovaukit\u0117s toliau pateiktomis instrukcijomis.<\/p>\n<h4><strong>Porcijos dydis<\/strong><\/h4>\n<p>Prad\u0117kite nuo 1 arbatinio \u0161auk\u0161telio milteli\u0173 kiekvienam kokteiliui, didinkite iki 3 arbatini\u0173 \u0161auk\u0161teli\u0173, kai priprasite prie skonio.<\/p>\n<h4><strong>Porcij\u0173 skai\u010dius pakuot\u0117je<\/strong><\/h4>\n<p>Kiekvienoje 120 g pakuot\u0117je yra iki 24 porcij\u0173, tikrasis porcij\u0173 skai\u010dius priklauso nuo j\u016bs\u0173 dozuojamo kiekio. \u0160io derinio pakanka ma\u017edaug 72 kokteiliams.<\/p>\n<h4><strong>Laikymo s\u0105lygos<\/strong><\/h4>\n<p>Produkt\u0105 laikykite kambario temperat\u016broje ir, jei \u012fmanoma, toliau nuo tiesiogini\u0173 saul\u0117s spinduli\u0173. Po naudojimo atid\u017eiai u\u017edarykite pakuot\u0119.<\/p>\n<h4><strong>Koks yra Detox skonis?<\/strong><\/h4>\n<p>Detox skonis ir kvapas \u0161velnesnis nei daugumos detoksikuojan\u010di\u0173 mi\u0161ini\u0173. Stipr\u0173 chlorelos ir spirulinos skon\u012f su\u0161velnina spanguol\u0117s ir brukn\u0117s, o citrin\u017eol\u0117 suteikia mi\u0161iniui gaiv\u0173 citrinos skon\u012f ir aromat\u0105.<\/p>\n<h4><strong>Ar turite koki\u0173 nors recept\u0173 pasi\u016blym\u0173?<\/strong><\/h4>\n<p>Nor\u0117dami pasisemti \u012fkv\u0117pimo savo kokteiliams, m\u016bs\u0173 svetain\u0117je yra visas <a href=\"https:\/\/bemore.ee\/retseptid\/\" target=\"_blank\" rel=\"noopener\">recept\u0173 skyrius<\/a>, kuriame nuolat papildome naujas id\u0117jas ir \u012fkvepian\u010dius patarimus savo gerb\u0117jams ir \u0161eimos nariams. Puiki\u0173 recept\u0173 pasi\u016blym\u0173 taip pat galite rasti m\u016bs\u0173 socialin\u0117s \u017einiasklaidos kanaluose!<\/p>\n<h4><strong>Ar visada norite produkto u\u017e ma\u017eesn\u0119 kain\u0105 ir su nemokamu pristatymu?<\/strong><\/h4>\n<p>Sukurkite automatin\u012f nuolatin\u012f u\u017esakym\u0105, kuriame gal\u0117site pasirinkti, ar si\u0173sime jums produkt\u0105 kas 1 ar 3 m\u0117nesius. Nuolatiniai u\u017esakymai visada si\u016blo nemokam\u0105 pristatym\u0105 \u012f DPD siunt\u0173 terminalus ir nuolat ma\u017eesn\u0119 kain\u0105. <a href=\"https:\/\/bemore.ee\/muugitingimused\/pusitellimused\/\" target=\"_blank\" rel=\"noopener\">Daugiau apie nuolatinio pavedimo s\u0105lygas skaitykite \u010dia<\/a>.<\/p>\n","protected":false},"excerpt":{"rendered":"<h4><strong>Detoksikacinis supermaisto mi\u0161inys \u2013 puikus priedas prie \u017eali\u0173j\u0173 superkokteili\u0173!<\/strong><\/h4>\n<ul>\n<li>3 pakuot\u0117s (120 g) Detoksikacini\u0173 supermaisto milteli\u0173<\/li>\n<li>100 % nat\u016bralus<\/li>\n<li>Be prid\u0117tinio cukraus ar saldikli\u0173<\/li>\n<li>Kombinacija turi ma\u017edaug <strong>72 kokteiliams reikaling\u0173 ingredient\u0173<\/strong><\/li>\n<li>Skonis ir kvapas \u0161velnesnis nei daugumos detoksikacini\u0173 mi\u0161ini\u0173<\/li>\n<li>Stipr\u0173 chlorelos ir spirulinos skon\u012f su\u0161velnina spanguol\u0117s ir brukn\u0117s; Citrin\u017eol\u0117 suteikia mi\u0161iniui gaivinan\u010dio citrinos skonio ir aromato<\/li>\n<li>Apr\u016bpina j\u016bs\u0173 organizm\u0105 daugybe \u012fvairi\u0173 vitamin\u0173, mineral\u0173 ir antioksidant\u0173<\/li>\n<li>Pirkdami kiekvien\u0105 pakuot\u0119, 5 centais paremsite <strong>Estijos v\u0117\u017eio draugij\u0105<\/strong><\/li>\n<li><strong>Kombinuota pakuot\u0117 visada pigesn\u0117 nei perkant atskirai<\/strong><\/li>\n<\/ul>\n","protected":false},"featured_media":143184,"comment_status":"open","ping_status":"closed","template":"","meta":{"_acf_changed":false},"product_brand":[],"product_cat":[601,605],"product_tag":[],"class_list":{"0":"post-143183","1":"product","2":"type-product","3":"status-publish","4":"has-post-thumbnail","6":"product_cat-rinkinys","7":"product_cat-buk-zalias","9":"first","10":"instock","11":"sale","12":"taxable","13":"shipping-taxable","14":"purchasable","15":"product-type-bundle"},"bundle_layout":"default","bundled_by":[],"bundled_items":[{"bundled_item_id":2135,"product_id":141630,"menu_order":0,"quantity_min":3,"quantity_max":3,"priced_individually":false,"shipped_individually":false,"override_title":false,"title":"Detox supermaisto mi\u0161inys, 120 g","override_description":false,"description":"Detox supermaisto mi\u0161inys, 120 g","optional":false,"hide_thumbnail":false,"discount":"","override_variations":false,"allowed_variations":[""],"override_default_variation_attributes":false,"default_variation_attributes":[],"single_product_visibility":"visible","cart_visibility":"visible","order_visibility":"visible","single_product_price_visibility":"visible","cart_price_visibility":"visible","order_price_visibility":"visible","stock_status":"in_stock"}],"acf":[],"_links":{"self":[{"href":"https:\/\/bemore.ee\/lt\/wp-json\/wp\/v2\/product\/143183","targetHints":{"allow":["GET"]}}],"collection":[{"href":"https:\/\/bemore.ee\/lt\/wp-json\/wp\/v2\/product"}],"about":[{"href":"https:\/\/bemore.ee\/lt\/wp-json\/wp\/v2\/types\/product"}],"replies":[{"embeddable":true,"href":"https:\/\/bemore.ee\/lt\/wp-json\/wp\/v2\/comments?post=143183"}],"wp:featuredmedia":[{"embeddable":true,"href":"https:\/\/bemore.ee\/lt\/wp-json\/wp\/v2\/media\/143184"}],"wp:attachment":[{"href":"https:\/\/bemore.ee\/lt\/wp-json\/wp\/v2\/media?parent=143183"}],"wp:term":[{"taxonomy":"product_brand","embeddable":true,"href":"https:\/\/bemore.ee\/lt\/wp-json\/wp\/v2\/product_brand?post=143183"},{"taxonomy":"product_cat","embeddable":true,"href":"https:\/\/bemore.ee\/lt\/wp-json\/wp\/v2\/product_cat?post=143183"},{"taxonomy":"product_tag","embeddable":true,"href":"https:\/\/bemore.ee\/lt\/wp-json\/wp\/v2\/product_tag?post=143183"}],"curies":[{"name":"wp","href":"https:\/\/api.w.org\/{rel}","templated":true}]}}