{"id":142990,"date":"2019-08-23T07:02:40","date_gmt":"2019-08-23T04:02:40","guid":{"rendered":"https:\/\/bemore.ee\/toode\/zalios-kakavos-pupeles-150-g\/"},"modified":"2026-04-14T15:46:46","modified_gmt":"2026-04-14T12:46:46","slug":"zalios-kakavos-pupeles-150-g","status":"publish","type":"product","link":"https:\/\/bemore.ee\/lt\/toode\/zalios-kakavos-pupeles-150-g\/","title":{"rendered":"\u017dalios kakavos pupel\u0117s, 150 g"},"content":{"rendered":"<p><span lang=\"EN\">\u017dalios kakavos pupel\u0117s gaunamos i\u0161 med\u017eio, vadinamo <em>Theobroma cacao<\/em>, vaisi\u0173, tiksliau, i\u0161 migdolo dyd\u017eio kakavos pupeli\u0173, esan\u010di\u0173 \u0161i\u0173 vaisi\u0173 viduje ir susmulkint\u0173. \u017dalios kakavos pupel\u0117s yra geras skaidul\u0173 \u0161altinis, jose yra daug vitamin\u0173 E ir C, taip pat med\u017eiag\u0173, kurios sukelia malonumo jausm\u0105 organizme (\u012fskaitant triptofan\u0105, 5-HTP, serotonin\u0105, dopamin\u0105, feniletilamin\u0105 ir anandamid\u0105).<\/span><\/p>\n<p><span lang=\"EN\">Kakava chemi\u0161kai yra vienas sud\u0117tingiausi\u0173 maisto produkt\u0173 m\u016bs\u0173 planetoje, kuriame yra daugiau nei 1200 veikli\u0173j\u0173 med\u017eiag\u0173 ir daug antioksidant\u0173. Tai taip pat nat\u016bralus magnio, chromo, gele\u017eies, kalcio, kalio, cinko, vario ir sieros \u0161altinis.<\/span><\/p>\n<h4><strong><span lang=\"EN\" style=\"font-weight: normal;\"><strong>Produkto naudojimas:<\/strong> <\/span><\/strong><\/h4>\n<p><span lang=\"EN\">\u017dalios kakavos pupel\u0117s gali b\u016bti dedamos \u012f ko\u0161\u0119, jogurt\u0105, desertus ar kokteilius.<\/span><\/p>\n<h4><strong><span lang=\"EN\">Laikymo s\u0105lygos<\/span><\/strong><\/h4>\n<p><span lang=\"EN\">Produkt\u0105 laikykite kambario temperat\u016broje ir, jei \u012fmanoma, atokiau nuo tiesiogini\u0173 saul\u0117s spinduli\u0173. Po naudojimo atid\u017eiai u\u017edarykite pakuot\u0119.<\/span><\/p>\n<h4><strong><span lang=\"EN\">Koks yra \u017ealios kakavos pupeli\u0173 skonis?<\/span><\/strong><\/h4>\n<p><span lang=\"EN\">\u017dalios kakavos pupel\u0117s yra maloniai kart\u016bs, nes jose n\u0117ra joki\u0173 prid\u0117tini\u0173 saldikli\u0173. Pakeiskite j\u012f \u012fprastu \u0161okoladu, kuris viskam suteiks malon\u0173 skon\u012f.<\/span><\/p>\n<h4><strong><span lang=\"EN\">Sud\u0117tis:<\/span><\/strong><\/h4>\n<p><span lang=\"EN\">Neapdorotos kakavos pupel\u0117s.<\/span><\/p>\n<h4><strong><span lang=\"EN\">Papildoma informacija:<\/span><\/strong><\/h4>\n<p><span lang=\"EN\">Pastaba! \u0160is produktas nepakei\u010dia \u012fvairios ir subalansuotos mitybos bei sveiko gyvenimo b\u016bdo.<\/span><\/p>\n","protected":false},"excerpt":{"rendered":"<h4><strong>Suteikite savo maistui malon\u0173 \u0161okolado skon\u012f su ne\u012fkainojamu kakavos med\u017eio (<em>Theobroma cacao) vaisiumi!<\/strong><\/h4>\n<ul>\n<li>Sud\u0117tyje yra daug vitamin\u0173 E ir C.<\/li>\n<li>Puikus gele\u017eies, magnio ir mangano \u0161altinis! Gele\u017eis yra deguonies ne\u0161\u0117jo hemoglobine dalis, kuri palaiko normal\u0173 m\u016bs\u0173 kraujo balans\u0105.<\/li>\n<li>Daug skaidul\u0173.<\/li>\n<li>Be prid\u0117tinio cukraus ar saldikli\u0173.<\/li>\n<li>Vegani\u0161kas<\/li>\n<li><strong>100 % nat\u016bralus<\/strong><\/li>\n<\/ul>\n","protected":false},"featured_media":142991,"comment_status":"open","ping_status":"closed","template":"","meta":{"_acf_changed":false},"product_brand":[],"product_cat":[603,606],"product_tag":[],"class_list":{"0":"post-142990","1":"product","2":"type-product","3":"status-publish","4":"has-post-thumbnail","6":"product_cat-bukite-aktyvus","7":"product_cat-supermaistas","9":"first","10":"outofstock","11":"taxable","12":"shipping-taxable","13":"purchasable","14":"product-type-simple"},"bundle_layout":"","bundled_by":[],"bundled_items":[],"acf":[],"_links":{"self":[{"href":"https:\/\/bemore.ee\/lt\/wp-json\/wp\/v2\/product\/142990","targetHints":{"allow":["GET"]}}],"collection":[{"href":"https:\/\/bemore.ee\/lt\/wp-json\/wp\/v2\/product"}],"about":[{"href":"https:\/\/bemore.ee\/lt\/wp-json\/wp\/v2\/types\/product"}],"replies":[{"embeddable":true,"href":"https:\/\/bemore.ee\/lt\/wp-json\/wp\/v2\/comments?post=142990"}],"wp:featuredmedia":[{"embeddable":true,"href":"https:\/\/bemore.ee\/lt\/wp-json\/wp\/v2\/media\/142991"}],"wp:attachment":[{"href":"https:\/\/bemore.ee\/lt\/wp-json\/wp\/v2\/media?parent=142990"}],"wp:term":[{"taxonomy":"product_brand","embeddable":true,"href":"https:\/\/bemore.ee\/lt\/wp-json\/wp\/v2\/product_brand?post=142990"},{"taxonomy":"product_cat","embeddable":true,"href":"https:\/\/bemore.ee\/lt\/wp-json\/wp\/v2\/product_cat?post=142990"},{"taxonomy":"product_tag","embeddable":true,"href":"https:\/\/bemore.ee\/lt\/wp-json\/wp\/v2\/product_tag?post=142990"}],"curies":[{"name":"wp","href":"https:\/\/api.w.org\/{rel}","templated":true}]}}