{"id":142979,"date":"2019-03-22T11:43:36","date_gmt":"2019-03-22T09:43:36","guid":{"rendered":"https:\/\/bemore.ee\/toode\/metabolizmo-derinys\/"},"modified":"2025-11-20T07:32:44","modified_gmt":"2025-11-20T05:32:44","slug":"metabolizmo-rinkinys","status":"publish","type":"product","link":"https:\/\/bemore.ee\/lt\/toode\/metabolizmo-rinkinys\/","title":{"rendered":"Metabolizmo rinkinys"},"content":{"rendered":"<h4><strong>Metabolizm\u0105 skatinantis rinkinys skirtas \u017emon\u0117ms, norintiems nat\u016braliai palaikyti ir skatinti savo organizmo med\u017eiag\u0173 apykait\u0105 ir vir\u0161kinimo procesus!<\/strong><\/h4>\n<p>\u201eDetox\u201c supermaisto mi\u0161inys jus palaiko 7 skirtingais supermaisto produktais. \u201eDetox\u201c sud\u0117tyje yra Estijos kilm\u0117s spanguoli\u0173 ir brukni\u0173, kurios yra gausus vitamino C \u0161altinis. Spanguoli\u0173 sultys liaudies medicinoje \u0161imtme\u010dius naudojamos \u0161lapimo tak\u0173 u\u017edegimui mal\u0161inti, o vitaminas C taip pat prisideda prie normalios energijos apykaitos. \u0160iame mi\u0161inyje taip pat yra spirulina ir chlorella, m\u0117gstamos \u017eali\u0173j\u0173 kokteili\u0173. Spirulina ir chlorella yra g\u0117lavandeniai dumbliai, kurie abu yra puik\u016bs vitamin\u0173 ir mineral\u0173 \u0161altiniai. Abu dumbliai jau daugel\u012f met\u0173 naudojami med\u017eiag\u0173 apykaitai skatinti.<\/p>\n<p>\u201eBe Slim\u201c arbata yra Yerba Mate ir citrin\u017eol\u0117s rinkinys. Yerba Mate gaminama i\u0161 d\u017eiovint\u0173 Piet\u0173 Amerikos augalo \u2013 <em>Ilex paraguariensis<\/em> \u2013 lap\u0173 ir populiar\u0117ja visame pasaulyje, nes \u017emon\u0117s atrado jos teigiam\u0105 poveik\u012f savijautai. Jos skonis pana\u0161us \u012f \u017ealiosios arbatos, ir sakoma, kad Yerba Mate turi kavos gali\u0105, arbatos naud\u0105 ir \u0161okolado valgymo malonum\u0105. Citrin\u017eol\u0117 turi stipr\u0173, b\u016bding\u0105, labai malon\u0173 skon\u012f ir kvap\u0105, pana\u0161\u0173 \u012f citrinos. Naudingos citrin\u017eol\u0117s savyb\u0117s yra pla\u010diai \u017einomos ir manoma, kad ji gerina med\u017eiag\u0173 apykaitos proces\u0173 efektyvum\u0105 organizme.<\/p>\n<p>Spirulinoje yra visos devynios nepakei\u010diamos aminor\u016bg\u0161tys, kuri\u0173 \u017emogaus organizmas pats negamina ir mums reikia su maistu. Aminor\u016bg\u0161tys yra baltym\u0173, kurie r\u016bpinasi raumen\u0173 ir audini\u0173 statybine med\u017eiaga, statybiniai blokai, be to, organizmas gamina neurotransmiterius, tokius kaip serotoninas, kurie yra svarb\u016bs smegen\u0173 funkcijai. Gele\u017eis palaiko imunin\u0119 sistem\u0105 ir deguonies perne\u0161im\u0105 kraujyje bei padeda suma\u017einti nuovarg\u012f, magnis padeda nerv\u0173 sistemai ir med\u017eiag\u0173 apykaitai, taip pat padeda suma\u017einti nuovarg\u012f, kalcis r\u016bpinasi kaul\u0173 ir dant\u0173 sveikata.<\/p>\n<h4><strong>I\u0161 ko pagaminti \u0161ie produktai?<\/strong><\/h4>\n<p>Detoksikacijos ingredientai: brukni\u0173 milteliai (20 %), \u017eirni\u0173 baltym\u0173 milteliai (19 %), chlorela (18 %), spirulina (16 %), kvie\u010di\u0173 \u017eelmenys (12 %), citrin\u017eol\u0117 (10 %), spanguoli\u0173 milteliai (5 %).<\/p>\n<p>\u201eBe Slim\u201c arbatos ingredientai: d\u017eiovinti Yerba Mate lapai ir d\u017eiovinta citrin\u017eol\u0117.<\/p>\n<p>Spirulina: spirulinos milteliai.<\/p>\n<h4><strong>Kaip vartoti?<\/strong><\/h4>\n<p>Mityba ir supermaistas gali kelti painiav\u0105. Mes pasiruo\u0161\u0119 pad\u0117ti! Tiesiog vadovaukit\u0117s toliau pateiktomis instrukcijomis.<\/p>\n<h4><strong>Porcijos dydis<\/strong><\/h4>\n<p>Detoksikacijai ir spirulinos vartojimui prad\u0117kite nuo 1 arbatinio \u0161auk\u0161telio milteli\u0173 kiekviename kokteilyje, didinkite iki 3 arbatini\u0173 \u0161auk\u0161teli\u0173, kai priprasite prie skonio. Arbatai naudokite 2 g arbatos viename puodelyje (1\u20132) arbatini\u0173 \u0161auk\u0161teli\u0173.<\/p>\n<h4><strong>Porcij\u0173 skai\u010dius pakuot\u0117je<\/strong><\/h4>\n<p>Kiekvienoje 120 g detoksikacijos pakuot\u0117je yra iki 24 porcij\u0173, tikrasis porcij\u0173 skai\u010dius priklauso nuo dozi\u0173. Spirulinos atveju viena pakuot\u0117 sudaro iki 20 porcij\u0173. Arbatos atveju galite manyti, kad vien\u0105 pakuot\u0119 galima naudoti arbatai paruo\u0161ti ma\u017edaug 25 kartus. I\u0161 vienos porcijos galite paruo\u0161ti arbat\u0105 kelis kartus, tiesiog \u012fpildami vandens.<\/p>\n<h4><strong>Laikymo s\u0105lygos<\/strong><\/h4>\n<p>Produkt\u0105 laikykite kambario temperat\u016broje ir, jei \u012fmanoma, atokiau nuo tiesiogini\u0173 saul\u0117s spinduli\u0173. Po naudojimo atid\u017eiai u\u017edarykite pakuot\u0119.<\/p>\n<h4><strong>Koki\u0173 skoni\u0173 yra produktai?<\/strong><\/h4>\n<p>Detoksicijos skonis ir kvapas \u0161velnesnis nei daugumos detoksikacijos mi\u0161ini\u0173. Stipr\u0173 chlorelos ir spirulinos skon\u012f su\u0161velnina spanguol\u0117s ir brukn\u0117s, o citrin\u017eol\u0117 suteikia mi\u0161iniui gaiv\u0173 citrinos skon\u012f ir aromat\u0105.<\/p>\n<p>\u201eBe Slim\u201c arbatos skonis pana\u0161us \u012f \u017ealiosios arbatos su citrina. Skonis taip pat priklauso nuo vandens kar\u0161\u010dio, verdantis vanduo arbatai suteikia kart\u0173 skon\u012f.<\/p>\n<p>Spirulina turi gana stipr\u0173 ir \u0161iek tiek kart\u0173 skon\u012f.<\/p>\n<h4><strong>Ar turite koki\u0173 nors recept\u0173 pasi\u016blym\u0173?<\/strong><\/h4>\n<p>Nor\u0117dami pasisemti \u012fkv\u0117pimo kokteiliams, m\u016bs\u0173 svetain\u0117je yra visas recept\u0173 skyrius, kuriame nuolat papildome naujomis id\u0117jomis ir \u012fkvepian\u010diais patarimais savo gerb\u0117jams ir \u0161eimos nariams. Puiki\u0173 recept\u0173 pasi\u016blym\u0173 taip pat galite rasti m\u016bs\u0173 socialin\u0117s \u017einiasklaidos kanaluose!<\/p>\n<h4><strong>Papildoma informacija:<\/strong><\/h4>\n<p>Pastaba! \u0160is produktas nepakei\u010dia \u012fvairios ir subalansuotos mitybos bei sveiko gyvenimo b\u016bdo.<\/p>\n<h4><strong>Ar visada norite produkto u\u017e ma\u017eesn\u0119 kain\u0105 ir su nemokamu pristatymu?<\/strong><\/h4>\n<p>Sukurkite automatin\u012f nuolatin\u012f u\u017esakym\u0105, kuriame gal\u0117site pasirinkti, ar si\u0173sime jums produkt\u0105 kas 1 ar 3 m\u0117nesius. Nuolatiniai u\u017esakymai visada si\u016blo nemokam\u0105 pristatym\u0105 \u012f DPD siunt\u0173 terminalus ir nuolat ma\u017eesn\u0119 kain\u0105. <a href=\"https:\/\/bemore.ee\/muugitingimused\/pusitellimused\/\" target=\"_blank\" rel=\"noopener\">Daugiau apie nuolatinio pavedimo s\u0105lygas skaitykite \u010dia<\/a>.<\/p>\n<p>&nbsp;<\/p>\n","protected":false},"excerpt":{"rendered":"<h4><em><strong>Visada pigiau ir nemokamas pristatymas su nuolatiniu pavedimu! <a href=\"https:\/\/bemore.ee\/muugitingimused\/pusitellimus\/\" target=\"_blank\" rel=\"noopener\">Daugiau skaitykite \u010dia.<\/a><\/strong><\/em><\/h4>\n<h4><strong>Pagerinkite savo med\u017eiag\u0173 apykait\u0105 ir vir\u0161kinimo procesus su geriausiais \u017ealiaisiais supermaisto produktais tiesiai i\u0161 gamtos! <\/strong><\/h4>\n<ul>\n<li>Kombinacij\u0105 sudaro: 120 g detoksikuojan\u010dio supermaisto mi\u0161inio, 50 g \u201eBe Slim\u201c arbatos ir 100 g spirulinos milteli\u0173<\/li>\n<li>100 % nat\u016bralus<\/li>\n<li><strong>Vegani\u0161kas<\/strong><\/li>\n<li>Be prid\u0117tinio cukraus ar saldikli\u0173<\/li>\n<li>Su vienu rinkiniu galite m\u0117gautis supermaistu <strong>iki 90 kart\u0173<\/strong><\/li>\n<li>\u0160velnesnis skonis ir kvapas nei daugumos detoksikuojan\u010di\u0173 mi\u0161ini\u0173<\/li>\n<li>Stipr\u0173 chlorelos ir spirulinos skon\u012f su\u0161velnina esti\u0161kos spanguol\u0117s ir brukn\u0117s, o citrin\u017eol\u0117 suteikia mi\u0161iniui gaiv\u0173 citrinos skon\u012f ir aromat\u0105<\/li>\n<li>Apr\u016bpina j\u016bs\u0173 organizm\u0105 daugybe \u012fvairi\u0173 vitamin\u0173, mineral\u0173 ir antioksidant\u0173<\/li>\n<li><strong>Kombinuota pakuot\u0117 visada pigesn\u0117 nei perkant atskirai<\/strong><\/li>\n<\/ul>\n","protected":false},"featured_media":142980,"comment_status":"open","ping_status":"closed","template":"","meta":{"_acf_changed":false},"product_brand":[],"product_cat":[601,605],"product_tag":[],"class_list":{"0":"post-142979","1":"product","2":"type-product","3":"status-publish","4":"has-post-thumbnail","6":"product_cat-rinkinys","7":"product_cat-buk-zalias","9":"first","10":"instock","11":"sale","12":"taxable","13":"shipping-taxable","14":"purchasable","15":"product-type-bundle"},"bundle_layout":"default","bundled_by":[],"bundled_items":[{"bundled_item_id":2101,"product_id":141630,"menu_order":0,"quantity_min":1,"quantity_max":1,"priced_individually":false,"shipped_individually":false,"override_title":false,"title":"Detox supermaisto mi\u0161inys, 120 g","override_description":false,"description":"Detox supermaisto mi\u0161inys, 120 g","optional":false,"hide_thumbnail":false,"discount":"","override_variations":false,"allowed_variations":[""],"override_default_variation_attributes":false,"default_variation_attributes":[],"single_product_visibility":"visible","cart_visibility":"visible","order_visibility":"visible","single_product_price_visibility":"visible","cart_price_visibility":"visible","order_price_visibility":"visible","stock_status":"in_stock"},{"bundled_item_id":2102,"product_id":142920,"menu_order":1,"quantity_min":1,"quantity_max":1,"priced_individually":false,"shipped_individually":false,"override_title":false,"title":"Arbata \u201eBe Slim\u201c, 50 g","override_description":false,"description":"Arbata \u201eBe Slim\u201c, 50 g","optional":false,"hide_thumbnail":false,"discount":"","override_variations":false,"allowed_variations":[""],"override_default_variation_attributes":false,"default_variation_attributes":[],"single_product_visibility":"visible","cart_visibility":"visible","order_visibility":"visible","single_product_price_visibility":"visible","cart_price_visibility":"visible","order_price_visibility":"visible","stock_status":"in_stock"},{"bundled_item_id":2103,"product_id":142628,"menu_order":2,"quantity_min":1,"quantity_max":1,"priced_individually":false,"shipped_individually":false,"override_title":false,"title":"Spirulinos milteliai, 100 g","override_description":false,"description":"Spirulinos milteliai, 100 g","optional":false,"hide_thumbnail":false,"discount":"","override_variations":false,"allowed_variations":[""],"override_default_variation_attributes":false,"default_variation_attributes":[],"single_product_visibility":"visible","cart_visibility":"visible","order_visibility":"visible","single_product_price_visibility":"visible","cart_price_visibility":"visible","order_price_visibility":"visible","stock_status":"in_stock"}],"acf":[],"_links":{"self":[{"href":"https:\/\/bemore.ee\/lt\/wp-json\/wp\/v2\/product\/142979","targetHints":{"allow":["GET"]}}],"collection":[{"href":"https:\/\/bemore.ee\/lt\/wp-json\/wp\/v2\/product"}],"about":[{"href":"https:\/\/bemore.ee\/lt\/wp-json\/wp\/v2\/types\/product"}],"replies":[{"embeddable":true,"href":"https:\/\/bemore.ee\/lt\/wp-json\/wp\/v2\/comments?post=142979"}],"wp:featuredmedia":[{"embeddable":true,"href":"https:\/\/bemore.ee\/lt\/wp-json\/wp\/v2\/media\/142980"}],"wp:attachment":[{"href":"https:\/\/bemore.ee\/lt\/wp-json\/wp\/v2\/media?parent=142979"}],"wp:term":[{"taxonomy":"product_brand","embeddable":true,"href":"https:\/\/bemore.ee\/lt\/wp-json\/wp\/v2\/product_brand?post=142979"},{"taxonomy":"product_cat","embeddable":true,"href":"https:\/\/bemore.ee\/lt\/wp-json\/wp\/v2\/product_cat?post=142979"},{"taxonomy":"product_tag","embeddable":true,"href":"https:\/\/bemore.ee\/lt\/wp-json\/wp\/v2\/product_tag?post=142979"}],"curies":[{"name":"wp","href":"https:\/\/api.w.org\/{rel}","templated":true}]}}