{"id":142920,"date":"2019-02-11T13:30:40","date_gmt":"2019-02-11T11:30:40","guid":{"rendered":"https:\/\/bemore.ee\/toode\/arbata-be-slim-50-g\/"},"modified":"2025-10-22T13:54:32","modified_gmt":"2025-10-22T10:54:32","slug":"arbata-be-slim-50-g","status":"publish","type":"product","link":"https:\/\/bemore.ee\/lt\/toode\/arbata-be-slim-50-g\/","title":{"rendered":"Arbata \u201eBe Slim\u201c, 50 g"},"content":{"rendered":"<p>\u201eBe Slim\u201c arbata yra yerba mate ir citrin\u017eol\u0117s derinys. Yerba mate gaminama i\u0161 d\u017eiovint\u0173 Piet\u0173 Amerikos augalo \u2013 <em>Ilex paraguariensis<\/em> \u2013 lap\u0173 ir populiar\u0117ja visame pasaulyje, nes \u017emon\u0117s atrado jo teigiam\u0105 poveik\u012f savijautai. Jos skonis pana\u0161us \u012f \u017ealiosios arbatos, ir sakoma, kad yerba mate turi kavos gali\u0105, arbatos naud\u0105 ir \u0161okolado valgymo malonum\u0105. Citrin\u017eol\u0117 turi stipr\u0173, b\u016bding\u0105 citrinos skon\u012f ir aromat\u0105, kuris yra labai malonus. Naudingos citrin\u017eol\u0117s savyb\u0117s yra pla\u010diai \u017einomos ir manoma, kad ji gerina med\u017eiag\u0173 apykaitos proces\u0173 efektyvum\u0105 organizme.<\/p>\n<p>Naudojimas:<\/p>\n<p>Naudokite arbatos sietel\u012f arba \u0105sot\u012f, \u012fberkite apie 2 g arbatos ir leiskite pritraukti 4\u20135 minutes. Ideali vandens temperat\u016bra yra apie 77 laipsnius, naudojant verdant\u012f vanden\u012f, skonis bus kartus.<\/p>\n<p>Laikymo s\u0105lygos:<\/p>\n<p>Produkt\u0105 laikykite kambario temperat\u016broje ir, jei \u012fmanoma, atokiau nuo tiesiogini\u0173 saul\u0117s spinduli\u0173. Po naudojimo atsargiai u\u017edarykite pakuot\u0119.<\/p>\n<h4><strong>Koks \u201eBe Slim\u201c arbatos skonis?<\/strong><\/h4>\n<p>\u201eBe Slim\u201c arbatos skonis pana\u0161us \u012f \u017ealiosios arbatos su citrina. Skonis taip pat priklauso nuo vandens kar\u0161\u010dio, verdantis vanduo suteikia arbatai kart\u0173 skon\u012f.<\/p>\n<h4><strong>Sud\u0117tis:<\/strong><\/h4>\n<p>D\u017eiovinti Yerba Mate lapai ir d\u017eiovinta citrin\u017eol\u0117.<\/p>\n<h4><b>Papildoma informacija:<\/b><\/h4>\n<p>Pastaba! \u0160is produktas nepakei\u010dia \u012fvairios ir subalansuotos mitybos bei sveiko gyvenimo b\u016bdo.<\/p>\n","protected":false},"excerpt":{"rendered":"<h4><strong>\u201eBe Slim\u201c arbata yra **super arbata** \u2013 joje dera Yerba Mate ir citrin\u017eol\u0117s galia ir nauda.<\/strong><\/h4>\n<ul>\n<li>Skatina med\u017eiag\u0173 apykait\u0105<\/li>\n<li>Turi daugiau antioksidant\u0173 nei kitos \u017ealiosios arbatos<\/li>\n<li>Be prid\u0117tinio cukraus ar saldikli\u0173<\/li>\n<li>100 % nat\u016brali<\/li>\n<\/ul>\n","protected":false},"featured_media":142921,"comment_status":"open","ping_status":"closed","template":"","meta":{"_acf_changed":false},"product_brand":[],"product_cat":[605,610],"product_tag":[],"class_list":{"0":"post-142920","1":"product","2":"type-product","3":"status-publish","4":"has-post-thumbnail","6":"product_cat-buk-zalias","7":"product_cat-arbatos","9":"first","10":"instock","11":"taxable","12":"shipping-taxable","13":"purchasable","14":"product-type-simple"},"bundle_layout":"","bundled_by":["142976","142979"],"bundled_items":[],"acf":[],"_links":{"self":[{"href":"https:\/\/bemore.ee\/lt\/wp-json\/wp\/v2\/product\/142920","targetHints":{"allow":["GET"]}}],"collection":[{"href":"https:\/\/bemore.ee\/lt\/wp-json\/wp\/v2\/product"}],"about":[{"href":"https:\/\/bemore.ee\/lt\/wp-json\/wp\/v2\/types\/product"}],"replies":[{"embeddable":true,"href":"https:\/\/bemore.ee\/lt\/wp-json\/wp\/v2\/comments?post=142920"}],"wp:featuredmedia":[{"embeddable":true,"href":"https:\/\/bemore.ee\/lt\/wp-json\/wp\/v2\/media\/142921"}],"wp:attachment":[{"href":"https:\/\/bemore.ee\/lt\/wp-json\/wp\/v2\/media?parent=142920"}],"wp:term":[{"taxonomy":"product_brand","embeddable":true,"href":"https:\/\/bemore.ee\/lt\/wp-json\/wp\/v2\/product_brand?post=142920"},{"taxonomy":"product_cat","embeddable":true,"href":"https:\/\/bemore.ee\/lt\/wp-json\/wp\/v2\/product_cat?post=142920"},{"taxonomy":"product_tag","embeddable":true,"href":"https:\/\/bemore.ee\/lt\/wp-json\/wp\/v2\/product_tag?post=142920"}],"curies":[{"name":"wp","href":"https:\/\/api.w.org\/{rel}","templated":true}]}}