{"id":142876,"date":"2018-12-06T20:40:09","date_gmt":"2018-12-06T18:40:09","guid":{"rendered":"https:\/\/bemore.ee\/toode\/zalios-kakavos-milteliai-150-g\/"},"modified":"2026-01-19T15:15:34","modified_gmt":"2026-01-19T13:15:34","slug":"zalios-kakavos-milteliai-150-g","status":"publish","type":"product","link":"https:\/\/bemore.ee\/lt\/toode\/zalios-kakavos-milteliai-150-g\/","title":{"rendered":"\u017dalios kakavos milteliai, 150 g"},"content":{"rendered":"<p>\u017dalia kakava gaunama i\u0161 Theobroma cacao med\u017eio vaisi\u0173, tiksliau, i\u0161 migdolo dyd\u017eio kakavos pupeli\u0173, esan\u010di\u0173 \u0161iuose vaisiuose. \u017dalios kakavos milteliai yra geras skaidul\u0173 \u0161altinis, juose gausu vitamin\u0173 E ir C, taip pat med\u017eiag\u0173, kurios sukelia malonumo jausm\u0105 organizme (\u012fskaitant triptofan\u0105, 5-HTP, serotonin\u0105, dopamin\u0105, feniletilamin\u0105 ir anandamid\u0105).<\/p>\n<p>Kakava yra vienas chemi\u0161kai sud\u0117tingiausi\u0173 maisto produkt\u0173 m\u016bs\u0173 planetoje, turintis daugiau nei 1200 veikli\u0173j\u0173 komponent\u0173 ir turintis daug antioksidant\u0173. Ji taip pat yra nat\u016bralus magnio, chromo, gele\u017eies, kalcio, kalio, cinko, vario ir sieros \u0161altinis.<\/p>\n<h4><strong>Produkto naudojimas:<\/strong><\/h4>\n<p>\u017dali\u0105 kakav\u0105 galima d\u0117ti \u012f ko\u0161\u0119, jogurt\u0105 ar kokteilius. J\u0105 taip pat galima naudoti \u012fvairiems g\u0117rimams gaminti ir kaip \u017ealiavinio \u0161okolado ingredient\u0105.<\/p>\n<h4><b>Laikymo s\u0105lygos<\/b><\/h4>\n<p>Produkt\u0105 laikyti kambario temperat\u016broje ir, jei \u012fmanoma, toliau nuo tiesiogini\u0173 saul\u0117s spinduli\u0173. Po naudojimo pakuot\u0119 atsargiai u\u017edarykite.<\/p>\n<h4><strong>Koks yra \u017ealios kakavos skonis?<\/strong><\/h4>\n<p>\u017dalia kakava yra maloniai kartus, nes joje n\u0117ra prid\u0117tini\u0173 saldikli\u0173. J\u0105 pakeiskite \u012fprastu \u0161okoladu, kuris viskam suteikia malon\u0173 skon\u012f.<\/p>\n<h4><strong>Sud\u0117tis:<\/strong><\/h4>\n<p>\u017dalios kakavos milteliai (100 %).<\/p>\n<h4><strong>Papildoma informacija:<\/strong><\/h4>\n<p>Pastaba! \u0160is produktas nepakei\u010dia \u012fvairios ir subalansuotos mitybos bei sveiko gyvenimo b\u016bdo.<\/p>\n","protected":false},"excerpt":{"rendered":"<h4><strong>Suteikite savo maistui malon\u0173 \u0161okolado skon\u012f su ne\u012fkainojamu kakavos med\u017eio (<em>Theobroma cacao) vaisiumi!<\/strong><\/h4>\n<ul>\n<li>Sud\u0117tyje yra daug vitamin\u0173 E ir C<\/li>\n<li><strong>Vegani\u0161kas<\/strong><\/li>\n<li>Puikus <strong>gele\u017eies<\/strong>, <strong>magnio<\/strong> ir <strong>mangano<\/strong> \u0161altinis; gele\u017eis yra deguonies ne\u0161iklio hemoglobine dalis, kuri palaiko normal\u0173 kraujo spaudim\u0105<\/li>\n<li>Daug skaidul\u0173<\/li>\n<li>Be prid\u0117tinio cukraus ar saldikli\u0173<\/li>\n<li><strong>100 % nat\u016bralus<\/strong><\/li>\n<\/ul>\n","protected":false},"featured_media":142919,"comment_status":"open","ping_status":"closed","template":"","meta":{"_acf_changed":false},"product_brand":[],"product_cat":[603,606],"product_tag":[],"class_list":{"0":"post-142876","1":"product","2":"type-product","3":"status-publish","4":"has-post-thumbnail","6":"product_cat-bukite-aktyvus","7":"product_cat-supermaistas","9":"first","10":"outofstock","11":"taxable","12":"shipping-taxable","13":"purchasable","14":"product-type-simple"},"bundle_layout":"","bundled_by":[],"bundled_items":[],"acf":[],"_links":{"self":[{"href":"https:\/\/bemore.ee\/lt\/wp-json\/wp\/v2\/product\/142876","targetHints":{"allow":["GET"]}}],"collection":[{"href":"https:\/\/bemore.ee\/lt\/wp-json\/wp\/v2\/product"}],"about":[{"href":"https:\/\/bemore.ee\/lt\/wp-json\/wp\/v2\/types\/product"}],"replies":[{"embeddable":true,"href":"https:\/\/bemore.ee\/lt\/wp-json\/wp\/v2\/comments?post=142876"}],"wp:featuredmedia":[{"embeddable":true,"href":"https:\/\/bemore.ee\/lt\/wp-json\/wp\/v2\/media\/142919"}],"wp:attachment":[{"href":"https:\/\/bemore.ee\/lt\/wp-json\/wp\/v2\/media?parent=142876"}],"wp:term":[{"taxonomy":"product_brand","embeddable":true,"href":"https:\/\/bemore.ee\/lt\/wp-json\/wp\/v2\/product_brand?post=142876"},{"taxonomy":"product_cat","embeddable":true,"href":"https:\/\/bemore.ee\/lt\/wp-json\/wp\/v2\/product_cat?post=142876"},{"taxonomy":"product_tag","embeddable":true,"href":"https:\/\/bemore.ee\/lt\/wp-json\/wp\/v2\/product_tag?post=142876"}],"curies":[{"name":"wp","href":"https:\/\/api.w.org\/{rel}","templated":true}]}}