{"id":142867,"date":"2018-12-06T20:29:48","date_gmt":"2018-12-06T18:29:48","guid":{"rendered":"https:\/\/bemore.ee\/toode\/gliaudytos-kanapiu-seklos-150-g\/"},"modified":"2026-01-12T13:34:13","modified_gmt":"2026-01-12T11:34:13","slug":"gliaudytos-kanapiu-seklos-150-g","status":"publish","type":"product","link":"https:\/\/bemore.ee\/lt\/toode\/gliaudytos-kanapiu-seklos-150-g\/","title":{"rendered":"Gliaudytos kanapi\u0173 s\u0117klos, 150 g"},"content":{"rendered":"<p>Kanapi\u0173 s\u0117klose yra idealus omega-3 ir omega-6 riebal\u0173 r\u016bg\u0161\u010di\u0173 kiekis \u017emon\u0117ms. Kanap\u0117s (Cannabis sativa) yra senovinis augalas, auginamas t\u016bkstantme\u010dius d\u0117l aliejing\u0173 s\u0117kl\u0173 ir patvarios skaidulos. \u0160iose s\u0117klose yra iki 35 % aliejaus ir idealus omega-3 ir omega-6 riebal\u0173 r\u016bg\u0161\u010di\u0173 santykis, b\u016btinas \u017emogaus organizmui (3:1).<\/p>\n<p>Geriausiai \u017einomos riebal\u0173 r\u016bg\u0161tys kanapi\u0173 aliejuje yra alfa-linoleno r\u016bg\u0161tis ir linolo r\u016bg\u0161tis, kurios yra nepakei\u010diamos \u017emogaus organizmui. Kanapi\u0173 s\u0117klose yra vitamin\u0173 A, B, C, D ir E, magnio, kalio, gele\u017eies, cinko, kalcio, fosforo ir kit\u0173 mineral\u0173. Jose esantis magnis ir auk\u0161tos kokyb\u0117s baltymai padeda organizmui i\u0161likti sveikam net sunkiais darbo laikotarpiais ir padeda i\u0161laikyti pusiausvyr\u0105 \u012ftemptais laikais.<\/p>\n<p>Kanapi\u0173 s\u0117klos yra idealus baltym\u0173 \u0161altinis ir jose yra a\u0161tuonios nepakei\u010diamos aminor\u016bg\u0161tys. Be to, tai vienintelis augalin\u0117s kilm\u0117s baltym\u0173 \u0161altinis, suteikiantis mums edestino ir albumino \u2013 dviej\u0173 kraujo baltym\u0173, kurie padeda m\u016bs\u0173 organizmui \u012fsisavinti ir geriau \u012fsisavinti kitas kanapi\u0173 baltym\u0173 milteliuose esan\u010dias maistines med\u017eiagas.<\/p>\n<h4><strong>Produkto naudojimas:<\/strong><\/h4>\n<p>1\u20133 arb. \u0161auk\u0161teliai \u012fmai\u0161yti \u012f kokteil\u012f, ko\u0161\u0119 ar salotas. Kanapi\u0173 s\u0117klos yra maistingas maisto ruo\u0161imo priedas.<\/p>\n<h4><b>Laikymo s\u0105lygos<\/b><\/h4>\n<p>Produkt\u0105 laikyti kambario temperat\u016broje ir, jei \u012fmanoma, toliau nuo tiesiogini\u0173 saul\u0117s spinduli\u0173. Po naudojimo pakuot\u0119 kruop\u0161\u010diai u\u017edarykite.<\/p>\n<h4><b>Koks kanapi\u0173 s\u0117kl\u0173 skonis?<\/b><\/h4>\n<p>Pana\u0161us \u012f kedro rie\u0161ut\u0173 ir saul\u0117gr\u0105\u017e\u0173 s\u0117kl\u0173 skon\u012f.<\/p>\n<h4><strong>Sud\u0117tis:<\/strong><\/h4>\n<p>Luken\u0117tos kanapi\u0173 s\u0117klos.<\/p>\n<h4><b>Papildoma informacija:<\/b><\/h4>\n<p>Pastaba! \u0160is produktas nepakei\u010dia \u012fvairios ir subalansuotos mitybos bei sveiko gyvenimo b\u016bdo.<\/p>\n","protected":false},"excerpt":{"rendered":"<h4><strong>Kanapi\u0173 s\u0117klos yra paprastosios kanap\u0117s (Cannabis sativa) s\u0117klos, kurios yra labai didelis nepakei\u010diam\u0173j\u0173 riebal\u0173 r\u016bg\u0161\u010di\u0173 \u0161altinis.<\/strong><\/h4>\n<ul>\n<li>Kanapi\u0173 s\u0117klose gausu <strong>Omega-3<\/strong> ir <strong>Omega-6<\/strong> riebal\u0173 r\u016bg\u0161\u010di\u0173<\/li>\n<li>Be glitimo<\/li>\n<li>Yra vitamin\u0173 A, B, C, D ir E, magnio, kalio, gele\u017eies, cinko, kalcio, fosforo ir kit\u0173 <strong>mineral\u0173<\/strong>\n<li>Ideal\u016bs baltym\u0173 \u0161altiniai<\/li>\n<li>Yra a\u0161tuoni\u0173 nepakei\u010diam\u0173j\u0173 <strong>amino<\/strong> r\u016bg\u0161\u010di\u0173<\/strong>\n<li>D\u0117l ma\u017eo angliavandeni\u0173 kiekio jos taip pat tinka sergantiems diabetu<\/li>\n<li>Maistingas maisto papildas<\/li>\n<\/ul>\n","protected":false},"featured_media":142875,"comment_status":"open","ping_status":"closed","template":"","meta":{"_acf_changed":false},"product_brand":[],"product_cat":[606,594],"product_tag":[],"class_list":{"0":"post-142867","1":"product","2":"type-product","3":"status-publish","4":"has-post-thumbnail","6":"product_cat-supermaistas","7":"product_cat-ole-terve-lt","9":"first","10":"instock","11":"taxable","12":"shipping-taxable","13":"purchasable","14":"product-type-simple"},"bundle_layout":"","bundled_by":[],"bundled_items":[],"acf":[],"_links":{"self":[{"href":"https:\/\/bemore.ee\/lt\/wp-json\/wp\/v2\/product\/142867","targetHints":{"allow":["GET"]}}],"collection":[{"href":"https:\/\/bemore.ee\/lt\/wp-json\/wp\/v2\/product"}],"about":[{"href":"https:\/\/bemore.ee\/lt\/wp-json\/wp\/v2\/types\/product"}],"replies":[{"embeddable":true,"href":"https:\/\/bemore.ee\/lt\/wp-json\/wp\/v2\/comments?post=142867"}],"wp:featuredmedia":[{"embeddable":true,"href":"https:\/\/bemore.ee\/lt\/wp-json\/wp\/v2\/media\/142875"}],"wp:attachment":[{"href":"https:\/\/bemore.ee\/lt\/wp-json\/wp\/v2\/media?parent=142867"}],"wp:term":[{"taxonomy":"product_brand","embeddable":true,"href":"https:\/\/bemore.ee\/lt\/wp-json\/wp\/v2\/product_brand?post=142867"},{"taxonomy":"product_cat","embeddable":true,"href":"https:\/\/bemore.ee\/lt\/wp-json\/wp\/v2\/product_cat?post=142867"},{"taxonomy":"product_tag","embeddable":true,"href":"https:\/\/bemore.ee\/lt\/wp-json\/wp\/v2\/product_tag?post=142867"}],"curies":[{"name":"wp","href":"https:\/\/api.w.org\/{rel}","templated":true}]}}