{"id":142858,"date":"2018-12-06T20:25:56","date_gmt":"2018-12-06T20:25:56","guid":{"rendered":"https:\/\/bemore.ee\/toode\/kolageno-milteliai-100-g\/"},"modified":"2025-10-22T13:52:18","modified_gmt":"2025-10-22T10:52:18","slug":"kolageno-milteliai-100-g","status":"publish","type":"product","link":"https:\/\/bemore.ee\/lt\/toode\/kolageno-milteliai-100-g\/","title":{"rendered":"Kolageno milteliai, 100 g"},"content":{"rendered":"<p>Kolagenas, pagrindinis organizmo baltymas, sudaro 30 % vis\u0173 organizmo baltym\u0173. Kolageno turintis lygi\u0173j\u0173 raumen\u0173 audinys i\u0161kloja vidaus organ\u0173, \u012fskaitant kraujagysles, vir\u0161kinam\u0105j\u012f trakt\u0105, \u0161ird\u012f, tul\u017eies p\u016bsl\u0119, \u0161lapimo p\u016bsl\u0119, inkstus ir net plaukus bei nagus, sieneles.<\/p>\n<p>Yra 28 skirtingi kolageno tipai, ta\u010diau da\u017eniausiai pasitaiko I, II, III ir IV tipai:<\/p>\n<ul>\n<li>I tipo kolagenas sudaro 90 % viso organizmo kolageno ir suteikia strukt\u016br\u0105 odai, kaulams, sausgysl\u0117ms, jungiamajam audiniui ir dantims.<\/li>\n<li>II tipo kolagenas randamas gyvose kremzl\u0117se, kurios veikia kaip amortizatorius.<\/li>\n<li>III tipo kolagenas randamas organuose, arterijose ir s\u0105nariuose.<\/li>\n<li>IV tipo kolagenas dalyvauja filtravime ir yra skirtinguose odos sluoksniuose.<\/li>\n<\/ul>\n<p>Kolagenas taip pat labai svarbus odos elastingumui, padeda i\u0161laikyti od\u0105 stangresn\u0119 ir u\u017etikrina nuolatin\u012f odos l\u0105steli\u0173 atsinaujinim\u0105. K\u016bnas pats gali gaminti kolagen\u0105, ta\u010diau senstant jo gamyba l\u0117t\u0117ja, o l\u0105steli\u0173 strukt\u016bra silpn\u0117ja. Nuo 25 met\u0173 am\u017eiaus kolageno gamyba organizme gerokai suma\u017e\u0117ja. Gyvenimo b\u016bdo \u012fpro\u010diai taip pat slopina kolageno gamyb\u0105 \u2013 pavyzd\u017eiui, r\u016bkymas, per didelis deginimasis saul\u0117je ir nesveika mityba. Ma\u017e\u0117jant kolageno, pradeda atsirasti rauk\u0161li\u0173, oda tampa laisva, gali atsirasti net s\u0105nari\u0173 skausmas. Tod\u0117l yra keletas prie\u017eas\u010di\u0173, kod\u0117l kolagenas tur\u0117t\u0173 b\u016bti kasdieniame meniu.<\/p>\n<p>Kolagenas dalyvauja ne tik vadinamuosiuose statybos darbuose, bet ir atstatymo procesuose. Jis prisideda prie efektyvaus \u012fvairi\u0173 odos pa\u017eeidim\u0173, toki\u0173 kaip \u017eaizdos, \u012fbr\u0117\u017eimai, randai ir nudegimai, gijimo. Be to, jis taip pat atlieka svarb\u0173 vaidmen\u012f palaikant kaul\u0173 stiprum\u0105 ir u\u017ekertant keli\u0105 osteoporozei.<\/p>\n<p>Ma\u017edaug 1\u201310 % raumeninio audinio sudaro kolagenas, kuris yra b\u016btinas raumenims stiprinti. Kolagenas stimuliuoja raumen\u0173 baltymo kreatino sintez\u0119 ir skatina raumen\u0173 augim\u0105 po fizinio kr\u016bvio.<\/p>\n<p>Be vis\u0173 auk\u0161\u010diau pamin\u0117t\u0173 teigiam\u0173 poveiki\u0173, kolagenas taip pat palaiko plauk\u0173 ir nag\u0173 sveikat\u0105, skatina \u017earnyno sveikat\u0105, stiprina kraujagysles ir taip pat palaiko s\u0105narius.<\/p>\n<h4><strong>Produkto naudojimas:<\/strong><\/h4>\n<p>\u012e vanden\u012f arba m\u0117gstam\u0105 kokteil\u012f \u012fberkite 2 arbatinius \u0161auk\u0161telius kolageno. \u012epildami \u012f vanden\u012f, gerai i\u0161mai\u0161ykite ir palikite 2 minut\u0117ms, kad kolagenas i\u0161tirpt\u0173 (jis geriau tirpsta \u0161iltesniame skystyje, \u0161altesniame gali tekti \u0161iek tiek atskiesti). Kolageno taip pat galite d\u0117ti \u012f (rytin\u0119) kav\u0105 ar arbat\u0105 vietoj grietin\u0117l\u0117s. Tai \u017eymiai su\u0161velnina stipr\u0173 kavos skon\u012f, kartu suteikdamas rie\u0161ut\u0173 skon\u012f, nepakeisdamas kavos spalvos.<\/p>\n<p><strong>Pastaba! Produktas netinka vegetarams ir veganams!<\/strong><\/p>\n<h4><strong>Laikymo s\u0105lygos<\/strong><\/h4>\n<p>Produkt\u0105 laikykite kambario temperat\u016broje ir, jei \u012fmanoma, toliau nuo tiesiogini\u0173 saul\u0117s spinduli\u0173. Po naudojimo atsargiai u\u017edarykite pakuot\u0119.<\/p>\n<h4><b>Koks kolageno skonis?<\/b><\/h4>\n<p>Kolagenas neturi stipraus skonio, veikiau \u0161iek tiek rie\u0161ut\u0173.<\/p>\n<h4><strong>Sud\u0117tis:<\/strong><\/h4>\n<p>100 % hidrolizuoto kolageno.<\/p>\n<h4><strong>Papildoma informacija:<\/strong><\/h4>\n<p>\u0160is produktas nepakei\u010dia \u012fvairios ir subalansuotos mitybos bei sveiko gyvenimo b\u016bdo.<\/p>\n","protected":false},"excerpt":{"rendered":"<h4><strong>Kolagenas yra labai svarbus odos elastingumui, jis padeda i\u0161laikyti od\u0105 stangresn\u0119 ir u\u017etikrina nuolatin\u012f odos l\u0105steli\u0173 atsinaujinim\u0105.<\/strong><\/h4>\n<ul>\n<li><strong>Labai didelis baltym\u0173 \u0161altinis<\/strong> \u2013 100 g produkto yra vidutini\u0161kai 90 g baltym\u0173<\/li>\n<li>Kolagenas u\u017etikrina nuolatin\u012f odos l\u0105steli\u0173 atsinaujinim\u0105<\/li>\n<li>Tinka naudoti su vandeniu, kokteiliais<\/li>\n<li>\u012epilti \u012f kav\u0105 ar arbat\u0105<\/li>\n<li><strong>Be stipraus poskonio<\/strong><\/li>\n<li>Palaiko nat\u016bral\u0173 gro\u017e\u012f<\/li>\n<li><strong>Netinka vegetarams<\/strong> ir <strong>veganams<\/strong><\/li>\n<\/ul>\n","protected":false},"featured_media":142866,"comment_status":"open","ping_status":"closed","template":"","meta":{"_acf_changed":false},"product_brand":[],"product_cat":[604,606],"product_tag":[],"class_list":{"0":"post-142858","1":"product","2":"type-product","3":"status-publish","4":"has-post-thumbnail","6":"product_cat-buk-grazi","7":"product_cat-supermaistas","9":"first","10":"instock","11":"taxable","12":"shipping-taxable","13":"purchasable","14":"product-type-simple"},"bundle_layout":"","bundled_by":["143270"],"bundled_items":[],"acf":[],"_links":{"self":[{"href":"https:\/\/bemore.ee\/lt\/wp-json\/wp\/v2\/product\/142858","targetHints":{"allow":["GET"]}}],"collection":[{"href":"https:\/\/bemore.ee\/lt\/wp-json\/wp\/v2\/product"}],"about":[{"href":"https:\/\/bemore.ee\/lt\/wp-json\/wp\/v2\/types\/product"}],"replies":[{"embeddable":true,"href":"https:\/\/bemore.ee\/lt\/wp-json\/wp\/v2\/comments?post=142858"}],"wp:featuredmedia":[{"embeddable":true,"href":"https:\/\/bemore.ee\/lt\/wp-json\/wp\/v2\/media\/142866"}],"wp:attachment":[{"href":"https:\/\/bemore.ee\/lt\/wp-json\/wp\/v2\/media?parent=142858"}],"wp:term":[{"taxonomy":"product_brand","embeddable":true,"href":"https:\/\/bemore.ee\/lt\/wp-json\/wp\/v2\/product_brand?post=142858"},{"taxonomy":"product_cat","embeddable":true,"href":"https:\/\/bemore.ee\/lt\/wp-json\/wp\/v2\/product_cat?post=142858"},{"taxonomy":"product_tag","embeddable":true,"href":"https:\/\/bemore.ee\/lt\/wp-json\/wp\/v2\/product_tag?post=142858"}],"curies":[{"name":"wp","href":"https:\/\/api.w.org\/{rel}","templated":true}]}}