{"id":142840,"date":"2018-12-06T20:19:38","date_gmt":"2018-12-06T18:19:38","guid":{"rendered":"https:\/\/bemore.ee\/toode\/cija-seklos-200-g\/"},"modified":"2025-10-22T13:51:24","modified_gmt":"2025-10-22T10:51:24","slug":"cija-seklos-200-g","status":"publish","type":"product","link":"https:\/\/bemore.ee\/lt\/toode\/cija-seklos-200-g\/","title":{"rendered":"\u010cija s\u0117klos, 200 g"},"content":{"rendered":"<p>Chia s\u0117klos (Salvia hispanica) kilusios i\u0161 Piet\u0173 Amerikos, kur jos auginamos nuo prie\u0161istorini\u0173 laik\u0173. Meksikoje actekai \u0161\u012f augal\u0105 laik\u0117 tokiu vertingu, kad kasmet reng\u0117 joms skirtas \u0161ventes.<\/p>\n<p>Chia s\u0117klose yra 64 % omega-3 ir 19 % omega-6 riebal\u0173 r\u016bg\u0161\u010di\u0173, taip pat antioksidant\u0173, skaidul\u0173, kalcio, magnio, fosforo, gele\u017eies ir boro. Chia s\u0117klose taip pat gausu skaidul\u0173, kurios gali pad\u0117ti numesti svorio, suteikti sotumo jausm\u0105 ir pagerinti vir\u0161kinim\u0105.<\/p>\n<h4><strong>Produkto naudojimas:<\/strong><\/h4>\n<p>\u012ed\u0117kite 1\u20133 arbatinius \u0161auk\u0161telius \u012f m\u0117gstam\u0105 patiekal\u0105 ar patiekal\u0105. J\u0173 galima d\u0117ti \u012f salotas, ko\u0161es, sriubas ir desertus. Kadangi chia s\u0117klos yra 2 milimetr\u0173 gr\u016bdeliai, jas galima valgyti nesmulkintas, ta\u010diau jas susmulkinus galima pagerinti j\u0173 \u012fsisavinim\u0105. Chia s\u0117klos pasi\u017eymi geru geb\u0117jimu sudaryti \u017eel\u0117 pavidalo med\u017eiag\u0105, tod\u0117l jas taip pat galima naudoti pudingams ir drebu\u010diams gaminti.<\/p>\n<h4><strong>Laikymo s\u0105lygos<\/strong><\/h4>\n<p>Produkt\u0105 laikyti kambario temperat\u016broje ir, jei \u012fmanoma, saugoti nuo tiesiogini\u0173 saul\u0117s spinduli\u0173. Po naudojimo pakuot\u0119 atid\u017eiai u\u017edarykite.<\/p>\n<h4><strong>Koks yra chia s\u0117kl\u0173 skonis?<\/strong><\/h4>\n<p>Chia s\u0117klos turi malon\u0173 \u0161veln\u0173 ir \u0161iek tiek rie\u0161ut\u0173 skon\u012f.<\/p>\n<h4><strong>Sud\u0117tis:<\/strong><\/h4>\n<p>Chia s\u0117klos (100 %).<\/p>\n<h4><strong>Papildoma informacija:<\/strong><\/h4>\n<p>Pastaba! \u0160is produktas nepakei\u010dia \u012fvairios ir subalansuotos mitybos bei sveiko gyvenimo b\u016bdo.<\/p>\n","protected":false},"excerpt":{"rendered":"<h4><strong>I\u0161paninio \u0161alavijo (Salvia hispanica) s\u0117klos yra ma\u017eos, bet labai maistingos energijos bombos, kuri\u0173 skersmuo yra 2 mm.<\/strong><\/h4>\n<ul>\n<li>I\u0161paninio \u0161alavijo s\u0117klos kilusios i\u0161 Piet\u0173 Amerikos ir yra \u017einomos d\u0117l <strong>didelio riebal\u0173 r\u016bg\u0161\u010di\u0173 ir <strong>mineral\u0173 kiekio<\/strong><\/li>\n<li>Daug <strong>Omega-3<\/strong> ir <strong>Omega-6<\/strong> riebal\u0173 r\u016bg\u0161\u010di\u0173<\/li>\n<li>Daug skaidul\u0173, kurios skatina vir\u0161kinim\u0105<\/li>\n<li>Puikus <strong>baltym\u0173<\/strong> \u0161altinis, padedantis atsigauti po treniruo\u010di\u0173<\/li>\n<li>\u0160iek tiek rie\u0161ut\u0173 skonio<\/li>\n<li>Vegani\u0161kos<\/li>\n<li>100 % nat\u016bralios<\/li>\n<\/ul>\n","protected":false},"featured_media":142857,"comment_status":"open","ping_status":"closed","template":"","meta":{"_acf_changed":false},"product_brand":[],"product_cat":[606,594],"product_tag":[],"class_list":{"0":"post-142840","1":"product","2":"type-product","3":"status-publish","4":"has-post-thumbnail","6":"product_cat-supermaistas","7":"product_cat-ole-terve-lt","9":"first","10":"instock","11":"taxable","12":"shipping-taxable","13":"purchasable","14":"product-type-simple"},"bundle_layout":"","bundled_by":[],"bundled_items":[],"acf":[],"_links":{"self":[{"href":"https:\/\/bemore.ee\/lt\/wp-json\/wp\/v2\/product\/142840","targetHints":{"allow":["GET"]}}],"collection":[{"href":"https:\/\/bemore.ee\/lt\/wp-json\/wp\/v2\/product"}],"about":[{"href":"https:\/\/bemore.ee\/lt\/wp-json\/wp\/v2\/types\/product"}],"replies":[{"embeddable":true,"href":"https:\/\/bemore.ee\/lt\/wp-json\/wp\/v2\/comments?post=142840"}],"wp:featuredmedia":[{"embeddable":true,"href":"https:\/\/bemore.ee\/lt\/wp-json\/wp\/v2\/media\/142857"}],"wp:attachment":[{"href":"https:\/\/bemore.ee\/lt\/wp-json\/wp\/v2\/media?parent=142840"}],"wp:term":[{"taxonomy":"product_brand","embeddable":true,"href":"https:\/\/bemore.ee\/lt\/wp-json\/wp\/v2\/product_brand?post=142840"},{"taxonomy":"product_cat","embeddable":true,"href":"https:\/\/bemore.ee\/lt\/wp-json\/wp\/v2\/product_cat?post=142840"},{"taxonomy":"product_tag","embeddable":true,"href":"https:\/\/bemore.ee\/lt\/wp-json\/wp\/v2\/product_tag?post=142840"}],"curies":[{"name":"wp","href":"https:\/\/api.w.org\/{rel}","templated":true}]}}