{"id":142628,"date":"2018-12-06T20:30:44","date_gmt":"2018-12-06T18:30:44","guid":{"rendered":"https:\/\/bemore.ee\/?post_type=product&#038;p=142628"},"modified":"2026-01-28T10:09:03","modified_gmt":"2026-01-28T08:09:03","slug":"spirulinos-milteliai-100-g","status":"publish","type":"product","link":"https:\/\/bemore.ee\/lt\/toode\/spirulinos-milteliai-100-g\/","title":{"rendered":"Spirulinos milteliai, 100 g"},"content":{"rendered":"<p data-start=\"0\" data-end=\"353\"><strong data-start=\"0\" data-end=\"15\">Spirulinoje<\/strong> yra visos <strong data-start=\"26\" data-end=\"65\">devynios nepakei\u010diamos aminor\u016bg\u0161tys<\/strong>, kuri\u0173 \u017emogaus organizmas pats negamina ir turi gauti su maistu. Aminor\u016bg\u0161tys yra <strong data-start=\"148\" data-end=\"178\">baltym\u0173 statybiniai blokai<\/strong>, padedantys formuoti <strong data-start=\"200\" data-end=\"224\">raumenis ir audinius<\/strong>. Be to, organizmas naudoja jas <strong data-start=\"256\" data-end=\"277\">neurotransmiteri\u0173<\/strong>, toki\u0173 kaip <strong data-start=\"290\" data-end=\"305\">serotoninas<\/strong>, sintezei, kurie svarb\u016bs <strong data-start=\"331\" data-end=\"350\">smegen\u0173 veiklai<\/strong>.<\/p>\n<p data-start=\"355\" data-end=\"639\"><strong data-start=\"355\" data-end=\"366\">Gele\u017eis<\/strong> palaiko <strong data-start=\"375\" data-end=\"403\">imunin\u0117s sistemos veikl\u0105<\/strong>, padeda <strong data-start=\"412\" data-end=\"445\">deguonies perne\u0161imui kraujyje<\/strong> ir <strong data-start=\"449\" data-end=\"468\">ma\u017eina nuovarg\u012f<\/strong>.<br data-start=\"469\" data-end=\"472\" \/><strong data-start=\"472\" data-end=\"482\">Magnis<\/strong> teigiamai veikia <strong data-start=\"500\" data-end=\"517\">nerv\u0173 sistem\u0105<\/strong> ir <strong data-start=\"521\" data-end=\"542\" data-is-only-node=\"\">med\u017eiag\u0173 apykait\u0105<\/strong>, taip pat padeda ma\u017einti nuovarg\u012f.<br data-start=\"577\" data-end=\"580\" \/><strong data-start=\"580\" data-end=\"590\">Kalcis<\/strong> padeda i\u0161laikyti <strong data-start=\"608\" data-end=\"636\">sveikus kaulus ir dantis<\/strong>.<\/p>\n<p data-start=\"641\" data-end=\"834\"><strong data-start=\"641\" data-end=\"656\">Vartojimas:<\/strong><br data-start=\"656\" data-end=\"659\" \/>Sumai\u0161ykite <strong data-start=\"671\" data-end=\"701\">1\u20133 arbatinius \u0161auk\u0161telius<\/strong> su smu\u010diu.<br data-start=\"712\" data-end=\"715\" \/>Spirulinos stipr\u0173 skon\u012f galima pasl\u0117pti naudojant <strong data-start=\"765\" data-end=\"788\">citrusinius vaisius<\/strong> \u2013 <strong data-start=\"791\" data-end=\"831\">\u017eali\u0105j\u0105 citrin\u0105, citrin\u0105 ar apelsin\u0105<\/strong>.<\/p>\n<p data-start=\"836\" data-end=\"980\"><strong data-start=\"836\" data-end=\"856\">Laikymo s\u0105lygos:<\/strong><br data-start=\"856\" data-end=\"859\" \/>Laikyti kambario temperat\u016broje, vengti tiesiogini\u0173 saul\u0117s spinduli\u0173. Po kiekvieno naudojimo pakuot\u0119 sandariai u\u017edaryti.<\/p>\n<p data-start=\"982\" data-end=\"1054\"><strong data-start=\"982\" data-end=\"993\">Skonis:<\/strong><br data-start=\"993\" data-end=\"996\" \/>Spirulina turi <strong data-start=\"1011\" data-end=\"1052\">gana stipr\u0173 ir \u0161iek tiek kart\u0173 skon\u012f.<\/strong><\/p>\n<p data-start=\"1056\" data-end=\"1094\"><strong data-start=\"1056\" data-end=\"1068\">Sud\u0117tis:<\/strong><br data-start=\"1068\" data-end=\"1071\" \/>Spirulinos milteliai.<\/p>\n<p data-start=\"1096\" data-end=\"1223\"><strong data-start=\"1096\" data-end=\"1122\">Papildoma informacija:<\/strong><br data-start=\"1122\" data-end=\"1125\" \/>Nor\u0117dami susipa\u017einti su produkto <strong data-start=\"1158\" data-end=\"1176\">maistine verte<\/strong>, spustel\u0117kite skirtuk\u0105 <strong data-start=\"1200\" data-end=\"1220\">\u201eMaistin\u0117 vert\u0117\u201c<\/strong>.<\/p>\n<p data-start=\"1225\" data-end=\"1331\" data-is-last-node=\"\" data-is-only-node=\"\"><strong data-start=\"1225\" data-end=\"1237\">Pastaba!<\/strong> \u0160is produktas <strong data-start=\"1252\" data-end=\"1331\" data-is-last-node=\"\">n\u0117ra \u012fvairios ir subalansuotos mitybos bei sveiko gyvenimo b\u016bdo pakaitalas.<\/strong><\/p>\n","protected":false},"excerpt":{"rendered":"<p data-start=\"0\" data-end=\"246\"><strong data-start=\"0\" data-end=\"37\">Spirulina (Arthrospira platensis)<\/strong> \u2013 m\u0117lynai \u017eali mikrodumbliai, egzistuojantys jau daugiau nei <strong data-start=\"99\" data-end=\"121\" data-is-only-node=\"\">3,6 milijardo met\u0173<\/strong>.<br data-start=\"122\" data-end=\"125\" \/>Ji vertinama d\u0117l itin didelio <strong data-start=\"155\" data-end=\"184\">maistini\u0173 med\u017eiag\u0173 kiekio<\/strong> ir daugel\u012f am\u017ei\u0173 naudojama <strong data-start=\"212\" data-end=\"243\">maistui \u012fvairiose kult\u016brose<\/strong>.<\/p>\n<ul>\n<li data-start=\"250\" data-end=\"286\">Be prid\u0117tinio cukraus ir saldikli\u0173<\/li>\n<li data-start=\"289\" data-end=\"304\">Daug gele\u017eies<\/li>\n<li data-start=\"307\" data-end=\"370\">Turtinga mineralais (kalio, magnio, gele\u017eies, mangano ir kt.)<\/li>\n<li data-start=\"373\" data-end=\"420\">Gausu verting\u0173 vitamin\u0173 (A, E, K ir B grup\u0117s)<\/li>\n<li data-start=\"423\" data-end=\"439\">100 % nat\u016brali<\/li>\n<li data-start=\"442\" data-end=\"458\">Tinka veganams<\/li>\n<li data-start=\"461\" data-end=\"514\">Spirulinoje yra daugiau <strong data-start=\"485\" data-end=\"514\" data-is-last-node=\"\">beta karoteno nei morkose<\/strong><\/li>\n<\/ul>\n","protected":false},"featured_media":142651,"comment_status":"open","ping_status":"closed","template":"","meta":{"_acf_changed":false},"product_brand":[],"product_cat":[605,606],"product_tag":[],"class_list":{"0":"post-142628","1":"product","2":"type-product","3":"status-publish","4":"has-post-thumbnail","6":"product_cat-buk-zalias","7":"product_cat-supermaistas","9":"first","10":"instock","11":"taxable","12":"shipping-taxable","13":"purchasable","14":"product-type-simple"},"bundle_layout":"","bundled_by":["142979"],"bundled_items":[],"acf":[],"yoast_head":"<!-- This site is optimized with the Yoast SEO plugin v27.5 - https:\/\/yoast.com\/product\/yoast-seo-wordpress\/ -->\n<title>Spirulinos milteliai, 100 g - Be More<\/title>\n<meta name=\"description\" content=\"Spirulinoje yra visos devynios nepakei\u010diamos aminor\u016bg\u0161tys, kuri\u0173 \u017emogaus organizmas pats negamina ir turi gauti su maistu. Aminor\u016bg\u0161tys yra baltym\u0173 statybiniai blokai, padedantys formuoti raumenis ir audinius. Be to, organizmas naudoja jas neurotransmiteri\u0173, toki\u0173 kaip serotoninas, sintezei, kurie svarb\u016bs smegen\u0173 veiklai.\" \/>\n<meta name=\"robots\" content=\"index, follow, max-snippet:-1, max-image-preview:large, max-video-preview:-1\" \/>\n<link rel=\"canonical\" href=\"https:\/\/bemore.ee\/lt\/toode\/spirulinos-milteliai-100-g\/\" \/>\n<meta property=\"og:locale\" content=\"lt_LT\" \/>\n<meta property=\"og:type\" content=\"article\" \/>\n<meta property=\"og:title\" content=\"Spirulinos milteliai, 100 g - Be More\" \/>\n<meta property=\"og:description\" content=\"Spirulinoje yra visos devynios nepakei\u010diamos aminor\u016bg\u0161tys, kuri\u0173 \u017emogaus organizmas pats negamina ir turi gauti su maistu. Aminor\u016bg\u0161tys yra baltym\u0173 statybiniai blokai, padedantys formuoti raumenis ir audinius. Be to, organizmas naudoja jas neurotransmiteri\u0173, toki\u0173 kaip serotoninas, sintezei, kurie svarb\u016bs smegen\u0173 veiklai.\" \/>\n<meta property=\"og:url\" content=\"https:\/\/bemore.ee\/lt\/toode\/spirulinos-milteliai-100-g\/\" \/>\n<meta property=\"og:site_name\" content=\"Be More\" \/>\n<meta property=\"article:modified_time\" content=\"2026-01-28T08:09:03+00:00\" \/>\n<meta property=\"og:image\" content=\"https:\/\/bemore.ee\/wp-content\/uploads\/2021\/08\/Spirulina_F.jpg\" \/>\n\t<meta property=\"og:image:width\" content=\"1500\" \/>\n\t<meta property=\"og:image:height\" content=\"1500\" \/>\n\t<meta property=\"og:image:type\" content=\"image\/jpeg\" \/>\n<meta name=\"twitter:card\" content=\"summary_large_image\" \/>\n<meta name=\"twitter:label1\" content=\"Est. reading time\" \/>\n\t<meta name=\"twitter:data1\" content=\"1 minut\u0117\" \/>\n<script type=\"application\/ld+json\" class=\"yoast-schema-graph\">{\"@context\":\"https:\\\/\\\/schema.org\",\"@graph\":[{\"@type\":\"WebPage\",\"@id\":\"https:\\\/\\\/bemore.ee\\\/lt\\\/toode\\\/spirulinos-milteliai-100-g\\\/\",\"url\":\"https:\\\/\\\/bemore.ee\\\/lt\\\/toode\\\/spirulinos-milteliai-100-g\\\/\",\"name\":\"Spirulinos milteliai, 100 g - Be More\",\"isPartOf\":{\"@id\":\"https:\\\/\\\/bemore.ee\\\/#website\"},\"primaryImageOfPage\":{\"@id\":\"https:\\\/\\\/bemore.ee\\\/lt\\\/toode\\\/spirulinos-milteliai-100-g\\\/#primaryimage\"},\"image\":{\"@id\":\"https:\\\/\\\/bemore.ee\\\/lt\\\/toode\\\/spirulinos-milteliai-100-g\\\/#primaryimage\"},\"thumbnailUrl\":\"https:\\\/\\\/bemore.ee\\\/wp-content\\\/uploads\\\/2021\\\/08\\\/Spirulina_F.jpg\",\"datePublished\":\"2018-12-06T18:30:44+00:00\",\"dateModified\":\"2026-01-28T08:09:03+00:00\",\"description\":\"Spirulinoje yra visos devynios nepakei\u010diamos aminor\u016bg\u0161tys, kuri\u0173 \u017emogaus organizmas pats negamina ir turi gauti su maistu. Aminor\u016bg\u0161tys yra baltym\u0173 statybiniai blokai, padedantys formuoti raumenis ir audinius. Be to, organizmas naudoja jas neurotransmiteri\u0173, toki\u0173 kaip serotoninas, sintezei, kurie svarb\u016bs smegen\u0173 veiklai.\",\"breadcrumb\":{\"@id\":\"https:\\\/\\\/bemore.ee\\\/lt\\\/toode\\\/spirulinos-milteliai-100-g\\\/#breadcrumb\"},\"inLanguage\":\"lt-LT\",\"potentialAction\":[{\"@type\":\"ReadAction\",\"target\":[\"https:\\\/\\\/bemore.ee\\\/lt\\\/toode\\\/spirulinos-milteliai-100-g\\\/\"]}]},{\"@type\":\"ImageObject\",\"inLanguage\":\"lt-LT\",\"@id\":\"https:\\\/\\\/bemore.ee\\\/lt\\\/toode\\\/spirulinos-milteliai-100-g\\\/#primaryimage\",\"url\":\"https:\\\/\\\/bemore.ee\\\/wp-content\\\/uploads\\\/2021\\\/08\\\/Spirulina_F.jpg\",\"contentUrl\":\"https:\\\/\\\/bemore.ee\\\/wp-content\\\/uploads\\\/2021\\\/08\\\/Spirulina_F.jpg\",\"width\":1500,\"height\":1500},{\"@type\":\"BreadcrumbList\",\"@id\":\"https:\\\/\\\/bemore.ee\\\/lt\\\/toode\\\/spirulinos-milteliai-100-g\\\/#breadcrumb\",\"itemListElement\":[{\"@type\":\"ListItem\",\"position\":1,\"name\":\"El. parduotuv\u0117\",\"item\":\"https:\\\/\\\/bemore.ee\\\/lt\\\/el-parduotuve\\\/\"},{\"@type\":\"ListItem\",\"position\":2,\"name\":\"Spirulinos milteliai, 100 g\"}]},{\"@type\":\"WebSite\",\"@id\":\"https:\\\/\\\/bemore.ee\\\/#website\",\"url\":\"https:\\\/\\\/bemore.ee\\\/\",\"name\":\"Be More\",\"description\":\"Supertoidud Sinu igap&auml;evaellu!\",\"potentialAction\":[{\"@type\":\"SearchAction\",\"target\":{\"@type\":\"EntryPoint\",\"urlTemplate\":\"https:\\\/\\\/bemore.ee\\\/?s={search_term_string}\"},\"query-input\":{\"@type\":\"PropertyValueSpecification\",\"valueRequired\":true,\"valueName\":\"search_term_string\"}}],\"inLanguage\":\"lt-LT\"}]}<\/script>\n<!-- \/ Yoast SEO plugin. -->","yoast_head_json":{"title":"Spirulinos milteliai, 100 g - Be More","description":"Spirulinoje yra visos devynios nepakei\u010diamos aminor\u016bg\u0161tys, kuri\u0173 \u017emogaus organizmas pats negamina ir turi gauti su maistu. Aminor\u016bg\u0161tys yra baltym\u0173 statybiniai blokai, padedantys formuoti raumenis ir audinius. Be to, organizmas naudoja jas neurotransmiteri\u0173, toki\u0173 kaip serotoninas, sintezei, kurie svarb\u016bs smegen\u0173 veiklai.","robots":{"index":"index","follow":"follow","max-snippet":"max-snippet:-1","max-image-preview":"max-image-preview:large","max-video-preview":"max-video-preview:-1"},"canonical":"https:\/\/bemore.ee\/lt\/toode\/spirulinos-milteliai-100-g\/","og_locale":"lt_LT","og_type":"article","og_title":"Spirulinos milteliai, 100 g - Be More","og_description":"Spirulinoje yra visos devynios nepakei\u010diamos aminor\u016bg\u0161tys, kuri\u0173 \u017emogaus organizmas pats negamina ir turi gauti su maistu. Aminor\u016bg\u0161tys yra baltym\u0173 statybiniai blokai, padedantys formuoti raumenis ir audinius. Be to, organizmas naudoja jas neurotransmiteri\u0173, toki\u0173 kaip serotoninas, sintezei, kurie svarb\u016bs smegen\u0173 veiklai.","og_url":"https:\/\/bemore.ee\/lt\/toode\/spirulinos-milteliai-100-g\/","og_site_name":"Be More","article_modified_time":"2026-01-28T08:09:03+00:00","og_image":[{"width":1500,"height":1500,"url":"https:\/\/bemore.ee\/wp-content\/uploads\/2021\/08\/Spirulina_F.jpg","type":"image\/jpeg"}],"twitter_card":"summary_large_image","twitter_misc":{"Est. reading time":"1 minut\u0117"},"schema":{"@context":"https:\/\/schema.org","@graph":[{"@type":"WebPage","@id":"https:\/\/bemore.ee\/lt\/toode\/spirulinos-milteliai-100-g\/","url":"https:\/\/bemore.ee\/lt\/toode\/spirulinos-milteliai-100-g\/","name":"Spirulinos milteliai, 100 g - Be More","isPartOf":{"@id":"https:\/\/bemore.ee\/#website"},"primaryImageOfPage":{"@id":"https:\/\/bemore.ee\/lt\/toode\/spirulinos-milteliai-100-g\/#primaryimage"},"image":{"@id":"https:\/\/bemore.ee\/lt\/toode\/spirulinos-milteliai-100-g\/#primaryimage"},"thumbnailUrl":"https:\/\/bemore.ee\/wp-content\/uploads\/2021\/08\/Spirulina_F.jpg","datePublished":"2018-12-06T18:30:44+00:00","dateModified":"2026-01-28T08:09:03+00:00","description":"Spirulinoje yra visos devynios nepakei\u010diamos aminor\u016bg\u0161tys, kuri\u0173 \u017emogaus organizmas pats negamina ir turi gauti su maistu. Aminor\u016bg\u0161tys yra baltym\u0173 statybiniai blokai, padedantys formuoti raumenis ir audinius. Be to, organizmas naudoja jas neurotransmiteri\u0173, toki\u0173 kaip serotoninas, sintezei, kurie svarb\u016bs smegen\u0173 veiklai.","breadcrumb":{"@id":"https:\/\/bemore.ee\/lt\/toode\/spirulinos-milteliai-100-g\/#breadcrumb"},"inLanguage":"lt-LT","potentialAction":[{"@type":"ReadAction","target":["https:\/\/bemore.ee\/lt\/toode\/spirulinos-milteliai-100-g\/"]}]},{"@type":"ImageObject","inLanguage":"lt-LT","@id":"https:\/\/bemore.ee\/lt\/toode\/spirulinos-milteliai-100-g\/#primaryimage","url":"https:\/\/bemore.ee\/wp-content\/uploads\/2021\/08\/Spirulina_F.jpg","contentUrl":"https:\/\/bemore.ee\/wp-content\/uploads\/2021\/08\/Spirulina_F.jpg","width":1500,"height":1500},{"@type":"BreadcrumbList","@id":"https:\/\/bemore.ee\/lt\/toode\/spirulinos-milteliai-100-g\/#breadcrumb","itemListElement":[{"@type":"ListItem","position":1,"name":"El. parduotuv\u0117","item":"https:\/\/bemore.ee\/lt\/el-parduotuve\/"},{"@type":"ListItem","position":2,"name":"Spirulinos milteliai, 100 g"}]},{"@type":"WebSite","@id":"https:\/\/bemore.ee\/#website","url":"https:\/\/bemore.ee\/","name":"Be More","description":"Supertoidud Sinu igap&auml;evaellu!","potentialAction":[{"@type":"SearchAction","target":{"@type":"EntryPoint","urlTemplate":"https:\/\/bemore.ee\/?s={search_term_string}"},"query-input":{"@type":"PropertyValueSpecification","valueRequired":true,"valueName":"search_term_string"}}],"inLanguage":"lt-LT"}]}},"_links":{"self":[{"href":"https:\/\/bemore.ee\/lt\/wp-json\/wp\/v2\/product\/142628","targetHints":{"allow":["GET"]}}],"collection":[{"href":"https:\/\/bemore.ee\/lt\/wp-json\/wp\/v2\/product"}],"about":[{"href":"https:\/\/bemore.ee\/lt\/wp-json\/wp\/v2\/types\/product"}],"replies":[{"embeddable":true,"href":"https:\/\/bemore.ee\/lt\/wp-json\/wp\/v2\/comments?post=142628"}],"wp:featuredmedia":[{"embeddable":true,"href":"https:\/\/bemore.ee\/lt\/wp-json\/wp\/v2\/media\/142651"}],"wp:attachment":[{"href":"https:\/\/bemore.ee\/lt\/wp-json\/wp\/v2\/media?parent=142628"}],"wp:term":[{"taxonomy":"product_brand","embeddable":true,"href":"https:\/\/bemore.ee\/lt\/wp-json\/wp\/v2\/product_brand?post=142628"},{"taxonomy":"product_cat","embeddable":true,"href":"https:\/\/bemore.ee\/lt\/wp-json\/wp\/v2\/product_cat?post=142628"},{"taxonomy":"product_tag","embeddable":true,"href":"https:\/\/bemore.ee\/lt\/wp-json\/wp\/v2\/product_tag?post=142628"}],"curies":[{"name":"wp","href":"https:\/\/api.w.org\/{rel}","templated":true}]}}