{"id":142619,"date":"2020-09-21T21:50:16","date_gmt":"2020-09-21T18:50:16","guid":{"rendered":"https:\/\/bemore.ee\/?post_type=product&#038;p=142619"},"modified":"2025-10-22T14:39:06","modified_gmt":"2025-10-22T11:39:06","slug":"ciberzoles-ir-juoduju-pipiru-kapsules","status":"publish","type":"product","link":"https:\/\/bemore.ee\/lt\/toode\/ciberzoles-ir-juoduju-pipiru-kapsules\/","title":{"rendered":"Ciber\u017eol\u0117s ir juod\u0173j\u0173 pipir\u0173 kapsul\u0117s"},"content":{"rendered":"<p data-start=\"0\" data-end=\"603\"><strong data-start=\"0\" data-end=\"29\">Ciber\u017eol\u0117 (Curcuma longa)<\/strong> \u2013 tai daugiametis atogr\u0105\u017e\u0173 augalas, priklausantis imbierini\u0173 (Zingiberaceae) \u0161eimai. Ji laikoma vienu seniausi\u0173 Pietry\u010di\u0173 Azijos prieskoni\u0173. Ciber\u017eol\u0117s \u0161akniastiebis yra auksin\u0117s geltonos spalvos d\u0117l jame esan\u010dio nat\u016bralaus pigmento \u2013 <strong data-start=\"265\" data-end=\"278\">kurkumino<\/strong>. Vaistiniais tikslais naudojamas \u0161akniastiebis padeda palaikyti <strong data-start=\"343\" data-end=\"392\">nerv\u0173 sistemos, \u0161irdies ir kraujotakos veikl\u0105<\/strong>, padeda i\u0161laikyti <strong data-start=\"411\" data-end=\"448\">kepen\u0173, kaul\u0173 ir s\u0105nari\u0173 sveikat\u0105<\/strong>, bei palaiko aktyvi\u0105 <strong data-start=\"470\" data-end=\"491\">imunin\u0117s sistemos<\/strong> veikl\u0105. Be to, jis pasi\u017eymi <strong data-start=\"520\" data-end=\"551\" data-is-only-node=\"\">antioksidacin\u0117mis savyb\u0117mis<\/strong> ir padeda kontroliuoti <strong data-start=\"575\" data-end=\"600\">u\u017edegiminius procesus<\/strong>.<\/p>\n<p data-start=\"605\" data-end=\"1214\"><strong data-start=\"605\" data-end=\"640\">Juodieji pipirai (Piper nigrum)<\/strong> \u2013 vienas pla\u010diausiai pasaulyje naudojam\u0173 kasdieni\u0173 prieskoni\u0173. Pipiruose gausu \u012fvairi\u0173 augalini\u0173 jungini\u0173, o svarbiausias i\u0161 j\u0173 \u2013 <strong data-start=\"771\" data-end=\"784\">piperinas<\/strong>, suteikiantis pipirams b\u016bding\u0105 a\u0161tr\u0173 skon\u012f. Juodieji pipirai <strong data-start=\"846\" data-end=\"874\">stiprina imunin\u0119 sistem\u0105<\/strong>, turi <strong data-start=\"881\" data-end=\"935\">antioksidacini\u0173, antiparazitini\u0173 ir antimikrobini\u0173<\/strong> savybi\u0173. Be to, jie <strong data-start=\"956\" data-end=\"985\">stimuliuoja nerv\u0173 sistem\u0105<\/strong>, <strong data-start=\"987\" data-end=\"1018\" data-is-only-node=\"\">palaiko kv\u0117pavimo funkcijas<\/strong> ir padeda i\u0161saugoti <strong data-start=\"1039\" data-end=\"1076\">normal\u0173 vir\u0161kinamojo trakto darb\u0105<\/strong>. Gerindami <strong data-start=\"1088\" data-end=\"1138\">smulki\u0173j\u0173 kraujagysli\u0173 ir kapiliar\u0173 kraujotak\u0105<\/strong>, juodieji pipirai taip pat padeda palaikyti <strong data-start=\"1183\" data-end=\"1211\">odos ir kepen\u0173 funkcijas<\/strong>.<\/p>\n<p data-start=\"1216\" data-end=\"1266\"><strong data-start=\"1216\" data-end=\"1264\">Ciber\u017eol\u0117s ir juod\u0173j\u0173 pipir\u0173 kapsul\u0117s tinka:<\/strong><\/p>\n<ul data-start=\"1267\" data-end=\"1480\">\n<li data-start=\"1267\" data-end=\"1335\">\n<p data-start=\"1269\" data-end=\"1335\">\u017emon\u0117ms, norintiems <strong data-start=\"1289\" data-end=\"1318\">stiprinti imunin\u0119 sistem\u0105<\/strong> nat\u016braliu b\u016bdu<\/p>\n<\/li>\n<li data-start=\"1336\" data-end=\"1414\">\n<p data-start=\"1338\" data-end=\"1414\">\u017emon\u0117ms, siekiantiems <strong data-start=\"1360\" data-end=\"1387\">palaikyti kepen\u0173 veikl\u0105<\/strong> ir (arba) <strong data-start=\"1398\" data-end=\"1412\">kraujotak\u0105<\/strong><\/p>\n<\/li>\n<li data-start=\"1415\" data-end=\"1480\">\n<p data-start=\"1417\" data-end=\"1480\">\u017emon\u0117ms, norintiems <strong data-start=\"1437\" data-end=\"1478\">skatinti vir\u0161kinimo sistemos aktyvum\u0105<\/strong><\/p>\n<\/li>\n<\/ul>\n<p data-start=\"1482\" data-end=\"1948\"><strong data-start=\"1482\" data-end=\"1496\">\u012esp\u0117jimai!<\/strong><br data-start=\"1496\" data-end=\"1499\" \/>Asmenys, turintys <strong data-start=\"1517\" data-end=\"1544\">tul\u017eies p\u016bsl\u0117s problem\u0173<\/strong>, <strong data-start=\"1546\" data-end=\"1576\">refliukso sutrikim\u0105 (GERL)<\/strong> ar vartojantys <strong data-start=\"1592\" data-end=\"1612\">antikoaguliantus<\/strong>, prie\u0161 prad\u0117dami vartoti \u0161\u012f papild\u0105 tur\u0117t\u0173 pasitarti su gydytoju. Rekomenduojama <strong data-start=\"1694\" data-end=\"1754\" data-is-only-node=\"\">nutraukti vartojim\u0105 likus dviem savait\u0117ms iki operacijos<\/strong> ar bet kokios kitos invazin\u0117s medicinin\u0117s proced\u016bros, nes yra <strong data-start=\"1817\" data-end=\"1847\">galimas kraujavimo pavojus<\/strong>.<br data-start=\"1848\" data-end=\"1851\" \/>Ciber\u017eol\u0117s ir juod\u0173j\u0173 pipir\u0173 kapsuli\u0173 <strong data-start=\"1889\" data-end=\"1946\">nerekomenduojama n\u0117\u0161\u010diosioms ir \u017eindan\u010dioms moterims.<\/strong><\/p>\n<p data-start=\"1482\" data-end=\"1948\"><strong data-start=\"1950\" data-end=\"1962\">Sud\u0117tis: <\/strong>Da\u017ein\u0117s ciber\u017eol\u0117s arba kurkumino (Curcuma longa) \u0161akn\u0173 milteliai, hidroksipropilmetilceliulioz\u0117 (glaz\u016bravimo med\u017eiaga), juod\u0173j\u0173 pipir\u0173 (Piper nigrum) vaisi\u0173 milteliai.<\/p>\n","protected":false},"excerpt":{"rendered":"<ul>\n<li>Tinka veganams<\/li>\n<li>Pakuot\u0117je \u2013 60 kapsuli\u0173<\/li>\n<li>Stiprina imunin\u0117s sistemos atsparum\u0105<\/li>\n<li>Turi antioksidacin\u012f poveik\u012f<\/li>\n<li>Padeda palaikyti nerv\u0173 sistem\u0105 ir kraujotak\u0105, skatina kepen\u0173 veikl\u0105<\/li>\n<\/ul>\n","protected":false},"featured_media":142620,"comment_status":"open","ping_status":"closed","template":"","meta":{"_acf_changed":false},"product_brand":[],"product_cat":[593,594],"product_tag":[],"class_list":{"0":"post-142619","1":"product","2":"type-product","3":"status-publish","4":"has-post-thumbnail","6":"product_cat-toidulisandid-lt","7":"product_cat-ole-terve-lt","9":"first","10":"instock","11":"taxable","12":"shipping-taxable","13":"purchasable","14":"product-type-simple"},"bundle_layout":"","bundled_by":["143242"],"bundled_items":[],"acf":[],"_links":{"self":[{"href":"https:\/\/bemore.ee\/lt\/wp-json\/wp\/v2\/product\/142619","targetHints":{"allow":["GET"]}}],"collection":[{"href":"https:\/\/bemore.ee\/lt\/wp-json\/wp\/v2\/product"}],"about":[{"href":"https:\/\/bemore.ee\/lt\/wp-json\/wp\/v2\/types\/product"}],"replies":[{"embeddable":true,"href":"https:\/\/bemore.ee\/lt\/wp-json\/wp\/v2\/comments?post=142619"}],"wp:featuredmedia":[{"embeddable":true,"href":"https:\/\/bemore.ee\/lt\/wp-json\/wp\/v2\/media\/142620"}],"wp:attachment":[{"href":"https:\/\/bemore.ee\/lt\/wp-json\/wp\/v2\/media?parent=142619"}],"wp:term":[{"taxonomy":"product_brand","embeddable":true,"href":"https:\/\/bemore.ee\/lt\/wp-json\/wp\/v2\/product_brand?post=142619"},{"taxonomy":"product_cat","embeddable":true,"href":"https:\/\/bemore.ee\/lt\/wp-json\/wp\/v2\/product_cat?post=142619"},{"taxonomy":"product_tag","embeddable":true,"href":"https:\/\/bemore.ee\/lt\/wp-json\/wp\/v2\/product_tag?post=142619"}],"curies":[{"name":"wp","href":"https:\/\/api.w.org\/{rel}","templated":true}]}}