{"id":142611,"date":"2024-09-23T15:49:11","date_gmt":"2024-09-23T12:49:11","guid":{"rendered":"https:\/\/bemore.ee\/?post_type=product&#038;p=142611"},"modified":"2026-04-20T09:31:13","modified_gmt":"2026-04-20T06:31:13","slug":"zaliuju-batoneliu-rinkinys-visu-skoniu-komplektas","status":"publish","type":"product","link":"https:\/\/bemore.ee\/lt\/toode\/zaliuju-batoneliu-rinkinys-visu-skoniu-komplektas\/","title":{"rendered":"\u017dali\u0173j\u0173 baton\u0117li\u0173 rinkinys \u2013 vis\u0173 skoni\u0173 komplektas"},"content":{"rendered":"<p data-start=\"0\" data-end=\"107\">100 % nat\u016bral\u016bs \u017eali baton\u0117liai, praturtinti vitaminais ir supermaistu, skirti tavo kasdieniam gyvenimui!<\/p>\n<p data-start=\"109\" data-end=\"140\"><strong data-start=\"109\" data-end=\"138\">\u017dalieji baton\u0117liai tinka:<\/strong><\/p>\n<ul data-start=\"141\" data-end=\"330\">\n<li data-start=\"141\" data-end=\"230\">\n<p data-start=\"143\" data-end=\"230\">visiems, norintiems padidinti vitamin\u0173, mineral\u0173 ir antioksidant\u0173 kiek\u012f savo mityboje<\/p>\n<\/li>\n<li data-start=\"231\" data-end=\"267\">\n<p data-start=\"233\" data-end=\"267\">n\u0117\u0161\u010dioms ir \u017eindan\u010dioms moterims<\/p>\n<\/li>\n<li data-start=\"268\" data-end=\"279\">\n<p data-start=\"270\" data-end=\"279\">vaikams<\/p>\n<\/li>\n<li data-start=\"280\" data-end=\"330\">\n<p data-start=\"282\" data-end=\"330\">d\u0117l didelio skaidul\u0173 kiekio \u2013 svorio ma\u017einimui<\/p>\n<\/li>\n<\/ul>\n<p data-start=\"332\" data-end=\"368\"><strong data-start=\"332\" data-end=\"366\">I\u0161 ko sudarytas \u0161is produktas?<\/strong><\/p>\n<p data-start=\"370\" data-end=\"716\"><strong data-start=\"370\" data-end=\"399\">Be Fit baton\u0117li\u0173 sud\u0117tis:<\/strong> datul\u0117s, avi\u017einiai miltai be glitimo, Be Fit supermaisto mi\u0161inys (18 %) (\u017eirni\u0173 baltym\u0173 milteliai, \u017eali kakavos milteliai, kanapi\u0173 baltym\u0173 milteliai, goji uog\u0173 milteliai, luk\u0161tentos kanapi\u0173 s\u0117klos), agavos sirupas, \u017dEM\u0116S RIE\u0160UTAI (9 %), \u017dEM\u0116S RIE\u0160UT\u0172 SVIESTAS (7 %), \u0161alto spaudimo kokos\u0173 aliejus, Himalaj\u0173 druska.<\/p>\n<p data-start=\"718\" data-end=\"1109\"><strong data-start=\"718\" data-end=\"753\">Be Beautiful baton\u0117li\u0173 sud\u0117tis:<\/strong> datul\u0117s, avi\u017einiai dribsniai be glitimo, kokos\u0173 dro\u017el\u0117s (15 %), agavos sirupas, ANAKARD\u017dI\u0172 RIE\u0160UTAI, Be Beautiful supermaisto mi\u0161inys (6 %) (er\u0161k\u0117tuogi\u0173 milteliai, baobab\u0173 milteliai, \u0161altyje d\u017eiovint\u0173 avie\u010di\u0173 milteliai, \u017eirni\u0173 baltym\u0173 milteliai, chia s\u0117klos, acai uog\u0173 milteliai), \u0161altyje d\u017eiovintos avie\u010di\u0173 dalel\u0117s (5 %), \u0161alto spaudimo kokos\u0173 aliejus.<\/p>\n<p data-start=\"1111\" data-end=\"1485\"><strong data-start=\"1111\" data-end=\"1143\">Be Active baton\u0117li\u0173 sud\u0117tis:<\/strong> datul\u0117s, avi\u017einiai dribsniai be glitimo, agavos sirupas, MIGDOLAI (10 %), MIGDOL\u0172 MILTAI (10 %), Be Active supermaisto mi\u0161inys (10 %) (burok\u0117li\u0173 milteliai, juod\u0173j\u0173 serbent\u0173 milteliai, goji uog\u0173 milteliai, chia s\u0117klos, camu-camu milteliai), \u0161altyje d\u017eiovinti juodieji serbentai (5 %), \u0161alto spaudimo kokos\u0173 aliejus, \u017eali kakavos gabaliukai.<\/p>\n<p data-start=\"1487\" data-end=\"2002\"><strong data-start=\"1487\" data-end=\"1542\">Collagen Edition Cherry-Collagen baton\u0117li\u0173 sud\u0117tis:<\/strong> datul\u0117s, avi\u017einiai dribsniai be glitimo, agavos sirupas, Be More COLLAGEN EDITION Rasperry\u2019n\u2019Cherry (13 %) (hidrolizuotas galvij\u0173 kolagenas, \u0161altyje d\u017eiovint\u0173 avie\u010di\u0173 milteliai, \u0161altyje d\u017eiovint\u0173 vy\u0161ni\u0173 milteliai, \u0161altyje d\u017eiovinti camu-camu milteliai, \u0161altyje d\u017eiovinti citrin\u0173 milteliai), ANAKARD\u017dI\u0172 RIE\u0160UTAI, \u0161alto spaudimo kokos\u0173 aliejus, \u0161altyje d\u017eiovintos vy\u0161nios (6 %), hidrolizuoto galvij\u0173 kolageno milteliai (3 %), \u0161altyje d\u017eiovintos vy\u0161nios (1 %).<\/p>\n<p data-start=\"2004\" data-end=\"2528\"><strong data-start=\"2004\" data-end=\"2059\">Collagen Edition Citrus-Collagen baton\u0117li\u0173 sud\u0117tis:<\/strong> datul\u0117s, avi\u017einiai dribsniai be glitimo, agavos sirupas, Be More COLLAGEN EDITION Buckthorn\u2019n\u2019Lemon (12 %) (hidrolizuotas kolagenas, \u0161altyje d\u017eiovint\u0173 \u0161altalanki\u0173 milteliai, \u0161altyje d\u017eiovint\u0173 citrin\u0173 milteliai, \u0161altyje d\u017eiovint\u0173 camu-camu milteliai, \u0161altyje d\u017eiovint\u0173 agrast\u0173 milteliai), MIGDOL\u0172 MILTAI, \u0161alto spaudimo kokos\u0173 aliejus, \u0161altyje d\u017eiovinti apelsinai (5 %), LAZDYN\u0172 RIE\u0160UTAI, hidrolizuoto kolageno milteliai (2 %), \u0161altyje d\u017eiovinta citrin\u0173 tyr\u0117 (0,5 %).<\/p>\n<p data-start=\"2530\" data-end=\"3076\"><strong data-start=\"2530\" data-end=\"2568\">Marine Collagen baton\u0117li\u0173 sud\u0117tis:<\/strong> datul\u0117s, avi\u017einiai dribsniai be glitimo, agavos sirupas, ANAKARD\u017dI\u0172 SVIESTAS, Be More MARINE COLLAGEN Strawberry\u2019n\u2019Blackcurrant milteliai (hidrolizuotas j\u016brinis kolagenas (\u017dUVIS), \u0161altyje d\u017eiovint\u0173 bra\u0161ki\u0173 milteliai, \u0161altyje d\u017eiovint\u0173 juod\u0173j\u0173 serbent\u0173 milteliai, \u0161altyje d\u017eiovintos citrin\u0173 tyr\u0117s milteliai, \u0161altyje d\u017eiovinti camu-camu milteliai), ANAKARD\u017dIAI, hidrolizuoto j\u016brinio kolageno milteliai (\u017dUVIS), \u0161altyje d\u017eiovintos bra\u0161k\u0117s, \u0161alto spaudimo kokos\u0173 aliejus, \u0161altyje d\u017eiovinti juodieji serbentai.<\/p>\n<p data-start=\"3078\" data-end=\"3294\"><strong data-start=\"3078\" data-end=\"3107\">Porcij\u0173 kiekis pakuot\u0117je:<\/strong><br data-start=\"3107\" data-end=\"3110\" \/>U\u017esakyme yra 6 d\u0117\u017eut\u0117s baton\u0117li\u0173 \u2013 16 Be Fit, 16 Be Beautiful, 16 Be Active, 16 Collagen Edition Cherry-Collagen, 16 Collagen Edition Citrus-Collagen ir 16 Marine Collagen baton\u0117li\u0173.<\/p>\n<p data-start=\"3296\" data-end=\"3389\"><strong data-start=\"3296\" data-end=\"3316\">Laikymo s\u0105lygos:<\/strong><br data-start=\"3316\" data-end=\"3319\" \/>Laikyti kambario temperat\u016broje, vengti tiesiogini\u0173 saul\u0117s spinduli\u0173.<\/p>\n<p data-start=\"3391\" data-end=\"3427\"><strong data-start=\"3391\" data-end=\"3425\">Koks \u017eali\u0173j\u0173 baton\u0117li\u0173 skonis?<\/strong><\/p>\n<p data-start=\"3429\" data-end=\"3593\"><strong data-start=\"3429\" data-end=\"3439\">Be Fit<\/strong> \u2013 malonus \u017eali\u0173 kakavos ir s\u016braus \u017eem\u0117s rie\u0161ut\u0173 sviesto skonis \u2013 tobula derinio harmonija. Patenkina saldumyn\u0173 poreik\u012f ir kartu suteikia sotumo jausm\u0105.<\/p>\n<p data-start=\"3595\" data-end=\"3752\"><strong data-start=\"3595\" data-end=\"3611\">Be Beautiful<\/strong> \u2013 lengvai r\u016bg\u0161tus, bet malonus avie\u010di\u0173, kokoso ir supermaisto mi\u0161inio skonis. Kokosas suteikia tekst\u016bros ir subalansuoja avie\u010di\u0173 r\u016bg\u0161tum\u0105.<\/p>\n<p data-start=\"3754\" data-end=\"3920\"><strong data-start=\"3754\" data-end=\"3767\">Be Active<\/strong> \u2013 maloniai r\u016bg\u0161tus juod\u0173j\u0173 serbent\u0173 skonis, papildytas \u0161velniu migdolu. \u017dali kakavos gabaliukai prideda \u0161iek tiek kartumo ir suteikia malon\u0173 tra\u0161kum\u0105.<\/p>\n<p data-start=\"3922\" data-end=\"4029\"><strong data-start=\"3922\" data-end=\"3958\">Collagen Edition Cherry-Collagen<\/strong> \u2013 gaivus vy\u0161ni\u0173 ir avie\u010di\u0173 derinys, primenantis \u0161vie\u017eias sodo uogas.<\/p>\n<p data-start=\"4031\" data-end=\"4188\"><strong data-start=\"4031\" data-end=\"4067\">Collagen Edition Citrus-Collagen<\/strong> \u2013 maloniai r\u016bg\u0161tus \u0161altalanki\u0173 ir citrin\u0173 skonis, kur\u012f su\u0161velnina migdol\u0173 miltai, suteikiantys marcipanin\u0117s tekst\u016bros.<\/p>\n<p data-start=\"4190\" data-end=\"4254\" data-is-last-node=\"\" data-is-only-node=\"\"><strong data-start=\"4190\" data-end=\"4209\">Marine Collagen<\/strong> \u2013 ry\u0161kus bra\u0161ki\u0173 ir juod\u0173j\u0173 serbent\u0173 skonis.<\/p>\n","protected":false},"excerpt":{"rendered":"<p data-start=\"0\" data-end=\"113\">100 % nat\u016bralus \u017eali\u0173j\u0173 baton\u0117li\u0173 rinkinys, praturtintas supermaistu \u2013 i\u0161bandyk visus \u0161e\u0161is skonius vienu metu!<\/p>\n<ul data-start=\"115\" data-end=\"346\" data-is-last-node=\"\" data-is-only-node=\"\">\n<li data-start=\"115\" data-end=\"134\">\n<p data-start=\"117\" data-end=\"134\">100 % nat\u016bral\u016bs<\/p>\n<\/li>\n<li data-start=\"135\" data-end=\"149\">\n<p data-start=\"137\" data-end=\"149\">Be glitimo<\/p>\n<\/li>\n<li data-start=\"150\" data-end=\"168\">\n<p data-start=\"152\" data-end=\"168\">Be konservant\u0173<\/p>\n<\/li>\n<li data-start=\"169\" data-end=\"194\">\n<p data-start=\"171\" data-end=\"194\">Be prid\u0117tinio cukraus<\/p>\n<\/li>\n<li data-start=\"195\" data-end=\"236\">\n<p data-start=\"197\" data-end=\"236\">Viename rinkinyje \u2013 net 96 baton\u0117liai<\/p>\n<\/li>\n<li data-start=\"237\" data-end=\"285\">\n<p data-start=\"239\" data-end=\"285\">Baton\u0117liai praturtinti supermaisto mi\u0161iniais<\/p>\n<\/li>\n<li data-start=\"286\" data-end=\"346\" data-is-last-node=\"\">\n<p data-start=\"288\" data-end=\"346\" data-is-last-node=\"\">Sud\u0117tyje gausu \u012fvairi\u0173 vitamin\u0173, mineral\u0173 ir antioksidant\u0173<\/p>\n<\/li>\n<\/ul>\n","protected":false},"featured_media":142612,"comment_status":"open","ping_status":"closed","template":"","meta":{"_acf_changed":false},"product_brand":[],"product_cat":[601,608],"product_tag":[],"class_list":{"0":"post-142611","1":"product","2":"type-product","3":"status-publish","4":"has-post-thumbnail","6":"product_cat-rinkinys","7":"product_cat-zali-batoneliai-su-supermaistu","9":"first","10":"outofstock","11":"sale","12":"taxable","13":"shipping-taxable","14":"purchasable","15":"product-type-bundle"},"bundle_layout":"default","bundled_by":[],"bundled_items":[{"bundled_item_id":2084,"product_id":141871,"menu_order":0,"quantity_min":16,"quantity_max":16,"priced_individually":false,"shipped_individually":false,"override_title":false,"title":"COLLAGEN EDITION vy\u0161ni\u0173-kolageno \u017ealias baton\u0117lis \u2013 16 vnt","override_description":false,"description":"COLLAGEN EDITION vy\u0161ni\u0173-kolageno \u017ealias baton\u0117lis \u2013 16 vnt","optional":false,"hide_thumbnail":false,"discount":"","override_variations":false,"allowed_variations":[""],"override_default_variation_attributes":false,"default_variation_attributes":[],"single_product_visibility":"visible","cart_visibility":"visible","order_visibility":"visible","single_product_price_visibility":"visible","cart_price_visibility":"visible","order_price_visibility":"visible","stock_status":"in_stock"},{"bundled_item_id":2150,"product_id":142960,"menu_order":0,"quantity_min":16,"quantity_max":16,"priced_individually":false,"shipped_individually":false,"override_title":false,"title":"1 Gra\u017ei lazdel\u0117","override_description":false,"description":"1 Gra\u017ei lazdel\u0117","optional":false,"hide_thumbnail":false,"discount":"","override_variations":false,"allowed_variations":[""],"override_default_variation_attributes":false,"default_variation_attributes":[],"single_product_visibility":"visible","cart_visibility":"visible","order_visibility":"visible","single_product_price_visibility":"visible","cart_price_visibility":"visible","order_price_visibility":"visible","stock_status":"in_stock"},{"bundled_item_id":2085,"product_id":141852,"menu_order":1,"quantity_min":16,"quantity_max":16,"priced_individually":false,"shipped_individually":false,"override_title":false,"title":"COLLAGEN EDITION citrus-collagen \u017ealias baton\u0117lis \u2013 16 vnt","override_description":false,"description":"COLLAGEN EDITION citrus-collagen \u017ealias baton\u0117lis \u2013 16 vnt","optional":false,"hide_thumbnail":false,"discount":"","override_variations":false,"allowed_variations":[""],"override_default_variation_attributes":false,"default_variation_attributes":[],"single_product_visibility":"visible","cart_visibility":"visible","order_visibility":"visible","single_product_price_visibility":"visible","cart_price_visibility":"visible","order_price_visibility":"visible","stock_status":"in_stock"},{"bundled_item_id":2151,"product_id":143056,"menu_order":1,"quantity_min":16,"quantity_max":16,"priced_individually":false,"shipped_individually":false,"override_title":false,"title":"1 aktyvi juosta","override_description":false,"description":"1 aktyvi juosta","optional":false,"hide_thumbnail":false,"discount":"","override_variations":false,"allowed_variations":[""],"override_default_variation_attributes":false,"default_variation_attributes":[],"single_product_visibility":"visible","cart_visibility":"visible","order_visibility":"visible","single_product_price_visibility":"visible","cart_price_visibility":"visible","order_price_visibility":"visible","stock_status":"in_stock"},{"bundled_item_id":2086,"product_id":141310,"menu_order":2,"quantity_min":16,"quantity_max":16,"priced_individually":false,"shipped_individually":false,"override_title":false,"title":"1 MARINE COLLAGEN Strawberry\u00b4n\u00b4Blackcurrant raw baton\u0117lis","override_description":false,"description":"1 MARINE COLLAGEN Strawberry\u00b4n\u00b4Blackcurrant raw baton\u0117lis","optional":false,"hide_thumbnail":false,"discount":"","override_variations":false,"allowed_variations":[""],"override_default_variation_attributes":false,"default_variation_attributes":[],"single_product_visibility":"visible","cart_visibility":"visible","order_visibility":"visible","single_product_price_visibility":"visible","cart_price_visibility":"visible","order_price_visibility":"visible","stock_status":"in_stock"},{"bundled_item_id":2152,"product_id":142957,"menu_order":2,"quantity_min":16,"quantity_max":16,"priced_individually":false,"shipped_individually":false,"override_title":false,"title":"1 Fit batoon","override_description":false,"description":"1 Fit batoon","optional":false,"hide_thumbnail":false,"discount":"","override_variations":false,"allowed_variations":[""],"override_default_variation_attributes":false,"default_variation_attributes":[],"single_product_visibility":"visible","cart_visibility":"visible","order_visibility":"visible","single_product_price_visibility":"visible","cart_price_visibility":"visible","order_price_visibility":"visible","stock_status":"in_stock"}],"acf":[],"_links":{"self":[{"href":"https:\/\/bemore.ee\/lt\/wp-json\/wp\/v2\/product\/142611","targetHints":{"allow":["GET"]}}],"collection":[{"href":"https:\/\/bemore.ee\/lt\/wp-json\/wp\/v2\/product"}],"about":[{"href":"https:\/\/bemore.ee\/lt\/wp-json\/wp\/v2\/types\/product"}],"replies":[{"embeddable":true,"href":"https:\/\/bemore.ee\/lt\/wp-json\/wp\/v2\/comments?post=142611"}],"wp:featuredmedia":[{"embeddable":true,"href":"https:\/\/bemore.ee\/lt\/wp-json\/wp\/v2\/media\/142612"}],"wp:attachment":[{"href":"https:\/\/bemore.ee\/lt\/wp-json\/wp\/v2\/media?parent=142611"}],"wp:term":[{"taxonomy":"product_brand","embeddable":true,"href":"https:\/\/bemore.ee\/lt\/wp-json\/wp\/v2\/product_brand?post=142611"},{"taxonomy":"product_cat","embeddable":true,"href":"https:\/\/bemore.ee\/lt\/wp-json\/wp\/v2\/product_cat?post=142611"},{"taxonomy":"product_tag","embeddable":true,"href":"https:\/\/bemore.ee\/lt\/wp-json\/wp\/v2\/product_tag?post=142611"}],"curies":[{"name":"wp","href":"https:\/\/api.w.org\/{rel}","templated":true}]}}