{"id":142610,"date":"2025-10-02T08:21:00","date_gmt":"2025-10-02T05:21:00","guid":{"rendered":"https:\/\/bemore.ee\/?post_type=product&#038;p=142610"},"modified":"2026-03-23T09:52:26","modified_gmt":"2026-03-23T07:52:26","slug":"biotino-guminukai-avieciu-skonio","status":"publish","type":"product","link":"https:\/\/bemore.ee\/lt\/toode\/biotino-guminukai-avieciu-skonio\/","title":{"rendered":"Biotino guminukai, avie\u010di\u0173 skonio"},"content":{"rendered":"<p data-start=\"67\" data-end=\"325\"><strong data-start=\"67\" data-end=\"88\">Biotino guminukai<\/strong> \u2013 tai maisto papildas, kuris sujungia didel\u0119 biotino doz\u0119 su svarbiais vitaminais ir mineralais, padedan\u010diais puosel\u0117ti moters gro\u017e\u012f ir bendr\u0105 organizmo sveikat\u0105. D\u0117l malonaus avie\u010di\u0173 skonio guminukus paprasta ir malonu vartoti kasdien.<\/p>\n<p data-start=\"327\" data-end=\"752\">Biotinas kartu su cinku ir jodu padeda palaikyti stiprius plaukus, spindin\u010di\u0105 od\u0105 ir tvirtus nagus. Vitaminai A, C ir E kartu su cinku padeda apsaugoti l\u0105steles nuo oksidacin\u0117s pa\u017eaidos, o B grup\u0117s vitaminai ir folio r\u016bg\u0161tis palaiko energijos gamyb\u0105, nerv\u0173 sistemos veikl\u0105 ir hormon\u0173 pusiausvyr\u0105. Vitaminai D3 ir B12 atlieka svarb\u0173 vaidmen\u012f l\u0105steli\u0173 dalijimosi procese ir padeda palaikyti normali\u0105 imunin\u0117s sistemos funkcij\u0105.<\/p>\n<p data-start=\"754\" data-end=\"935\">\u0160is maisto papildas yra tinkamas veganams ir sud\u0117tyje neturi prid\u0117tinio cukraus, tod\u0117l tinka \u017emon\u0117ms, besilaikantiems specialios mitybos arba norintiems suma\u017einti cukraus vartojim\u0105.<\/p>\n<p data-start=\"937\" data-end=\"979\"><strong data-start=\"937\" data-end=\"979\">Didel\u0117s biotino doz\u0117s guminukai tinka:<\/strong><\/p>\n<ul data-start=\"981\" data-end=\"1264\">\n<li data-start=\"981\" data-end=\"1055\">\n<p data-start=\"983\" data-end=\"1055\">\u017dmon\u0117ms, norintiems sustiprinti plaukus, nagus ir palaikyti sveik\u0105 od\u0105<\/p>\n<\/li>\n<li data-start=\"1056\" data-end=\"1127\">\n<p data-start=\"1058\" data-end=\"1127\">Ie\u0161kantiems patogios ir skanios alternatyvos kapsul\u0117ms ar tablet\u0117ms<\/p>\n<\/li>\n<li data-start=\"1128\" data-end=\"1154\">\n<p data-start=\"1130\" data-end=\"1154\">Veganams ir vegetarams<\/p>\n<\/li>\n<li data-start=\"1155\" data-end=\"1264\">\n<p data-start=\"1157\" data-end=\"1264\">Aktyv\u0173 gyvenimo b\u016bd\u0105 propaguojantiems \u017emon\u0117ms, norintiems palaikyti energijos apykait\u0105 ir imunin\u0119 sistem\u0105<\/p>\n<\/li>\n<\/ul>\n<p data-start=\"1266\" data-end=\"1289\"><strong data-start=\"1266\" data-end=\"1287\">Produkto sud\u0117tis:<\/strong><\/p>\n<p data-start=\"1266\" data-end=\"1289\">MALTITOLIO sirupas (saldiklis), modifikuotas bulvi\u0173 krakmolas (stingdiklis),<br \/>\nL-askorbo r\u016bg\u0161tis, citrin\u0173 r\u016bg\u0161tis (r\u016bg\u0161tis), DL-alfa-tokoferilo acetatas, mork\u0173 ir<br \/>\njuod\u0173j\u0173 serbent\u0173 koncentratas (maistinis da\u017eiklis), nat\u016brali avie\u010di\u0173 prieskonin\u0117<br \/>\nmed\u017eiaga su kitomis nat\u016braliomis kvapiosiomis ir prieskonin\u0117mis med\u017eiagomis<br \/>\n(skonio stipriklis), cinko gliukonatas, D-biotinas, kokos\u0173 ir raps\u0173 aliejus (glaz\u016bravimo<br \/>\nmed\u017eiaga), steviolio glikozidas (saldiklis), piridoksino hidrochloridas, cholino<br \/>\nbitartratas, riboflavinas, karnaubo va\u0161kas (glaz\u016bravimo med\u017eiaga), retinolio acetatas,<br \/>\npteroilmonoglutamo r\u016bg\u0161tis, kalio jodidas, cianokobalaminas, cholekalciferolis<br \/>\n(vegani\u0161kas).<\/p>\n<p data-start=\"73\" data-end=\"98\"><strong data-start=\"73\" data-end=\"98\">Vartojimo instrukcija<\/strong><\/p>\n<p data-start=\"100\" data-end=\"138\">Suaugusiesiems: 1 guminukas per dien\u0105.<\/p>\n<p data-start=\"140\" data-end=\"153\"><strong data-start=\"140\" data-end=\"153\">\u012esp\u0117jimai<\/strong><\/p>\n<p data-start=\"155\" data-end=\"350\">Maisto papildai negali b\u016bti vartojami kaip \u012fvairios ir subalansuotos mitybos bei sveiko gyvenimo b\u016bdo pakaitalas. Nevir\u0161ykite rekomenduojamos dienos doz\u0117s. Laikyti vaikams nepasiekiamoje vietoje.<\/p>\n<p data-start=\"352\" data-end=\"371\"><strong data-start=\"352\" data-end=\"371\">Laikymo s\u0105lygos<\/strong><\/p>\n<p data-start=\"373\" data-end=\"485\">Laikyti originalioje pakuot\u0117je, kambario temperat\u016broje, apsaugotoje nuo dr\u0117gm\u0117s ir tiesiogini\u0173 saul\u0117s spinduli\u0173.<\/p>\n<p data-start=\"487\" data-end=\"513\"><strong data-start=\"487\" data-end=\"513\">Papildoma informacija:<\/strong><\/p>\n<p data-start=\"515\" data-end=\"539\">Guminuk\u0173 kiekis: 60 vnt.<\/p>\n","protected":false},"excerpt":{"rendered":"<p><em><strong>Pasi\u016blymas 1=2 (Pirk 1, kauk 2)<\/strong><\/em><\/p>\n<ul>\n<\/p>\n<li data-start=\"2\" data-end=\"74\">Maisto papildas su dideliu biotino kiekiu, vegani\u0161k\u0173 guminuk\u0173 pavidalu<\/li>\n<li data-start=\"77\" data-end=\"160\">Didelis biotino kiekis (4000 \u00b5g) \u2013 padeda palaikyti plauk\u0173, odos ir nag\u0173 sveikat\u0105<\/li>\n<li data-start=\"163\" data-end=\"233\">Cinkas ir jodas padeda palaikyti normali\u0105 odos, plauk\u0173 ir nag\u0173 b\u016bkl\u0119<\/li>\n<li data-start=\"236\" data-end=\"396\">Vitaminai A, C, D3, E, B2, B6, B12 ir folio r\u016bg\u0161tis padeda palaikyti imunin\u0117s sistemos veikl\u0105, energijos apykait\u0105 ir apsaugoti l\u0105steles nuo oksidacinio streso<\/li>\n<li data-start=\"399\" data-end=\"448\">Vitaminas B6 padeda reguliuoti hormonin\u0119 veikl\u0105<\/li>\n<li data-start=\"451\" data-end=\"463\">Be cukraus<\/li>\n<li data-start=\"466\" data-end=\"482\">Tinka veganams<\/li>\n<li data-start=\"485\" data-end=\"516\">Skan\u016bs avie\u010di\u0173 skonio guminukai<\/li>\n<\/ul>\n","protected":false},"featured_media":144729,"comment_status":"open","ping_status":"closed","template":"","meta":{"_acf_changed":false},"product_brand":[],"product_cat":[593],"product_tag":[],"class_list":{"0":"post-142610","1":"product","2":"type-product","3":"status-publish","4":"has-post-thumbnail","6":"product_cat-toidulisandid-lt","8":"first","9":"instock","10":"taxable","11":"shipping-taxable","12":"purchasable","13":"product-type-simple"},"bundle_layout":"","bundled_by":[],"bundled_items":[],"acf":[],"_links":{"self":[{"href":"https:\/\/bemore.ee\/lt\/wp-json\/wp\/v2\/product\/142610","targetHints":{"allow":["GET"]}}],"collection":[{"href":"https:\/\/bemore.ee\/lt\/wp-json\/wp\/v2\/product"}],"about":[{"href":"https:\/\/bemore.ee\/lt\/wp-json\/wp\/v2\/types\/product"}],"replies":[{"embeddable":true,"href":"https:\/\/bemore.ee\/lt\/wp-json\/wp\/v2\/comments?post=142610"}],"wp:featuredmedia":[{"embeddable":true,"href":"https:\/\/bemore.ee\/lt\/wp-json\/wp\/v2\/media\/144729"}],"wp:attachment":[{"href":"https:\/\/bemore.ee\/lt\/wp-json\/wp\/v2\/media?parent=142610"}],"wp:term":[{"taxonomy":"product_brand","embeddable":true,"href":"https:\/\/bemore.ee\/lt\/wp-json\/wp\/v2\/product_brand?post=142610"},{"taxonomy":"product_cat","embeddable":true,"href":"https:\/\/bemore.ee\/lt\/wp-json\/wp\/v2\/product_cat?post=142610"},{"taxonomy":"product_tag","embeddable":true,"href":"https:\/\/bemore.ee\/lt\/wp-json\/wp\/v2\/product_tag?post=142610"}],"curies":[{"name":"wp","href":"https:\/\/api.w.org\/{rel}","templated":true}]}}