{"id":142417,"date":"2020-03-27T09:02:41","date_gmt":"2020-03-27T07:02:41","guid":{"rendered":"https:\/\/bemore.ee\/?post_type=product&#038;p=142417"},"modified":"2025-10-22T14:29:08","modified_gmt":"2025-10-22T11:29:08","slug":"be-smart-superfood-mix-150g","status":"publish","type":"product","link":"https:\/\/bemore.ee\/lt\/toode\/be-smart-superfood-mix-150g\/","title":{"rendered":"Be Smart superfood mix, 150g"},"content":{"rendered":"<p data-start=\"99\" data-end=\"265\"><strong data-start=\"99\" data-end=\"138\">100 % nat\u016bralus supermaisto mi\u0161inys<\/strong>, sukurtas tam, kad gal\u0117tum\u0117te i\u0161 savo darbo ir mokymosi gauti dar daugiau! <em data-start=\"214\" data-end=\"224\">Be Smart<\/em> padeda pagerinti susikaupimo geb\u0117jim\u0105.<\/p>\n<p data-start=\"267\" data-end=\"919\">6 skirtingi supermaisto produktai, 18 vitamin\u0173 ir mineral\u0173 bei smegen\u0173 veikl\u0105 skatinanti brahmi \u017eol\u0117 sujungti tam, kad b\u016bt\u0173 lengviau i\u0161naudoti kiekvien\u0105 dien\u0105. Kiti ingredientai, tokie kaip maca, chia s\u0117klos, goji uogos, \u0161ermuk\u0161ni\u0173 uogos ir aviet\u0117s, suteikia organizmui b\u016btin\u0173 vitamin\u0173 ir mineral\u0173, reikaling\u0173 tinkamam jo funkcionavimui, kol kasdien susiduriate su i\u0161\u0161\u016bkiais. <em data-start=\"643\" data-end=\"653\">Be Smart<\/em> taip pat gausu vitamino C. Vitaminas C padeda normaliai psichologinei funkcijai ir palaiko imunitet\u0105. Goji uogos, esan\u010dios <em data-start=\"777\" data-end=\"787\">Be Smart<\/em> supermaisto milteliuose, yra \u017einomos d\u0117l didelio antioksidant\u0173 ir vitamino A kiekio. Vitaminas A reikalingas reg\u0117jimui palaikyti.<\/p>\n<p data-start=\"921\" data-end=\"1025\">\u012ed\u0117kite \u012f savo kokteil\u012f kaip valg\u012f darbo ar mokymosi metu, prad\u0117kite su juo ryt\u0105 arba u\u017ebaikite dien\u0105.<\/p>\n<p data-start=\"1027\" data-end=\"1068\"><strong data-start=\"1027\" data-end=\"1066\">Be Smart supermaisto mi\u0161inys tinka:<\/strong><\/p>\n<ul data-start=\"1069\" data-end=\"1358\">\n<li data-start=\"1069\" data-end=\"1158\">\n<p data-start=\"1071\" data-end=\"1158\">visiems, norintiems padidinti vitamin\u0173, mineral\u0173 ir antioksidant\u0173 kiek\u012f savo mityboje<\/p>\n<\/li>\n<li data-start=\"1159\" data-end=\"1171\">\n<p data-start=\"1161\" data-end=\"1171\">veganams<\/p>\n<\/li>\n<li data-start=\"1172\" data-end=\"1183\">\n<p data-start=\"1174\" data-end=\"1183\">vaikams<\/p>\n<\/li>\n<li data-start=\"1184\" data-end=\"1238\">\n<p data-start=\"1186\" data-end=\"1238\">kaip geras skaidul\u0173 \u0161altinis norintiems suliekn\u0117ti<\/p>\n<\/li>\n<li data-start=\"1239\" data-end=\"1358\">\n<p data-start=\"1241\" data-end=\"1358\">n\u0117\u0161tumo ir \u017eindymo laikotarpiu rekomenduojame i\u0161 anksto pasitarti su gydytoju (d\u0117l brahmi lap\u0173 milteli\u0173 vartojimo).<\/p>\n<\/li>\n<\/ul>\n<p data-start=\"1360\" data-end=\"1604\"><strong data-start=\"1360\" data-end=\"1394\">I\u0161 ko sudarytas \u0161is produktas?<\/strong><br data-start=\"1394\" data-end=\"1397\" \/>Ingredientai: maca \u0161akn\u0173 milteliai (30 %), chia s\u0117klos (20 %), d\u017eiovint\u0173 goji uog\u0173 milteliai (20 %), brahmi lap\u0173 milteliai (10 %), d\u017eiovint\u0173 \u0161ermuk\u0161ni\u0173 milteliai (10 %), d\u017eiovint\u0173 avie\u010di\u0173 milteliai (10 %).<\/p>\n<p data-start=\"1606\" data-end=\"1799\"><strong data-start=\"1606\" data-end=\"1623\">Kaip vartoti?<\/strong><br data-start=\"1623\" data-end=\"1626\" \/>\u012ed\u0117kite 1\u20133 \u0161auk\u0161tus \u012f kiekvien\u0105 kokteil\u012f, priklausomai nuo j\u016bs\u0173 pageidavim\u0173. Taip pat galite d\u0117ti \u012f kitus g\u0117rimus ar maist\u0105, pavyzd\u017eiui, vanden\u012f, sultis, ko\u0161\u0119 ar jogurt\u0105.<\/p>\n<p data-start=\"1801\" data-end=\"1922\"><strong data-start=\"1801\" data-end=\"1830\">Porcij\u0173 kiekis pakuot\u0117je:<\/strong><br data-start=\"1830\" data-end=\"1833\" \/>Kiekvienoje 150 g pakuot\u0117je yra iki 15 porcij\u0173, priklausomai nuo individuali\u0173 poreiki\u0173.<\/p>\n<p data-start=\"1924\" data-end=\"2086\"><strong data-start=\"1924\" data-end=\"1943\">Laikymo s\u0105lygos<\/strong><br data-start=\"1943\" data-end=\"1946\" \/>Laikyti kambario temperat\u016broje, jei \u012fmanoma \u2013 atokiau nuo tiesiogini\u0173 saul\u0117s spinduli\u0173. Po kiekvieno naudojimo pakuot\u0119 sandariai u\u017edaryti.<\/p>\n<p data-start=\"2088\" data-end=\"2222\"><strong data-start=\"2088\" data-end=\"2117\">Koks yra Be Smart skonis?<\/strong><br data-start=\"2117\" data-end=\"2120\" \/><em data-start=\"2120\" data-end=\"2130\">Be Smart<\/em> turi \u012fvairi\u0173 \u017eoleli\u0173 ir uog\u0173 skon\u012f, suteikiant\u012f j\u016bs\u0173 maistui verting\u0173 maistini\u0173 med\u017eiag\u0173.<\/p>\n","protected":false},"excerpt":{"rendered":"<p data-start=\"126\" data-end=\"254\">Be Smart supermaisto mi\u0161inys padeda \u012ftemptais darbo ar mokymosi laikotarpiais, apr\u016bpindamas smegenis vitaminais ir mineralais.<\/p>\n<ul>\n<li data-start=\"257\" data-end=\"274\">100 % nat\u016bralus<\/li>\n<li data-start=\"257\" data-end=\"274\">Be prid\u0117tinio cukraus ar pried\u0173<\/li>\n<li data-start=\"313\" data-end=\"397\">Padeda organizmui d\u0117l didelio vitamino C, kalio, gele\u017eies, vario ir mangano kiekio<\/li>\n<li data-start=\"400\" data-end=\"466\">Vitaminas C padeda \u012fsisavinti gele\u017e\u012f ir stiprina imunin\u0119 sistem\u0105<\/li>\n<li data-start=\"469\" data-end=\"516\">Kalis padeda normaliai nerv\u0173 sistemos veiklai<\/li>\n<li data-start=\"519\" data-end=\"564\">Gele\u017eis padeda ma\u017einti nuovarg\u012f ir i\u0161sekim\u0105<\/li>\n<li data-start=\"567\" data-end=\"665\">Varis dalyvauja energijos gamybos procesuose organizme ir yra b\u016btinas kaul\u0173 audinio formavimuisi<\/li>\n<li data-start=\"668\" data-end=\"757\">Sud\u0117tyje yra chia s\u0117kl\u0173, kurios yra geras energijos ir omega-3 riebal\u0173 r\u016bg\u0161\u010di\u0173 \u0161altinis<\/li>\n<li data-start=\"760\" data-end=\"785\">100 g yra 23 g skaidul<\/li>\n<\/ul>\n","protected":false},"featured_media":142418,"comment_status":"open","ping_status":"closed","template":"","meta":{"_acf_changed":false},"product_brand":[],"product_cat":[607],"product_tag":[631,632,633],"class_list":{"0":"post-142417","1":"product","2":"type-product","3":"status-publish","4":"has-post-thumbnail","6":"product_cat-supermaisto-misiniai","7":"product_tag-ajutoit-lt","8":"product_tag-maca-lt","9":"product_tag-besmart-lt","11":"first","12":"instock","13":"taxable","14":"shipping-taxable","15":"purchasable","16":"product-type-simple"},"bundle_layout":"","bundled_by":["143140","143155","143180"],"bundled_items":[],"acf":[],"_links":{"self":[{"href":"https:\/\/bemore.ee\/lt\/wp-json\/wp\/v2\/product\/142417","targetHints":{"allow":["GET"]}}],"collection":[{"href":"https:\/\/bemore.ee\/lt\/wp-json\/wp\/v2\/product"}],"about":[{"href":"https:\/\/bemore.ee\/lt\/wp-json\/wp\/v2\/types\/product"}],"replies":[{"embeddable":true,"href":"https:\/\/bemore.ee\/lt\/wp-json\/wp\/v2\/comments?post=142417"}],"wp:featuredmedia":[{"embeddable":true,"href":"https:\/\/bemore.ee\/lt\/wp-json\/wp\/v2\/media\/142418"}],"wp:attachment":[{"href":"https:\/\/bemore.ee\/lt\/wp-json\/wp\/v2\/media?parent=142417"}],"wp:term":[{"taxonomy":"product_brand","embeddable":true,"href":"https:\/\/bemore.ee\/lt\/wp-json\/wp\/v2\/product_brand?post=142417"},{"taxonomy":"product_cat","embeddable":true,"href":"https:\/\/bemore.ee\/lt\/wp-json\/wp\/v2\/product_cat?post=142417"},{"taxonomy":"product_tag","embeddable":true,"href":"https:\/\/bemore.ee\/lt\/wp-json\/wp\/v2\/product_tag?post=142417"}],"curies":[{"name":"wp","href":"https:\/\/api.w.org\/{rel}","templated":true}]}}