{"id":142123,"date":"2020-08-24T06:42:01","date_gmt":"2020-08-24T06:42:01","guid":{"rendered":"https:\/\/bemore.ee\/?post_type=product&#038;p=142123"},"modified":"2025-10-22T14:35:14","modified_gmt":"2025-10-22T11:35:14","slug":"vakarines-raktazoles-aliejaus-kapsules-1000-mg","status":"publish","type":"product","link":"https:\/\/bemore.ee\/lt\/toode\/vakarines-raktazoles-aliejaus-kapsules-1000-mg\/","title":{"rendered":"Vakarin\u0117s rakta\u017eol\u0117s aliejaus kapsul\u0117s 1000 mg"},"content":{"rendered":"<p data-start=\"0\" data-end=\"1032\"><strong data-start=\"0\" data-end=\"42\">Vakarin\u0117 rakta\u017eol\u0117 (Oenothera biennis)<\/strong> kilusi i\u0161 \u0160iaur\u0117s Amerikos, ta\u010diau prisitaik\u0117 augti ir kituose pasaulio regionuose, \u012fskaitant Europ\u0105. Vakarin\u0117s rakta\u017eol\u0117s \u017eiedai pra\u017eysta vakare. <em data-start=\"190\" data-end=\"209\">Oenothera biennis<\/em> s\u0117klose yra iki 15 % riebalinio aliejaus, kuris gaunamas \u0161alto spaudimo arba heksano ekstrahavimo b\u016bdu. Riebaliniame aliejuje yra omega-6 riebal\u0173 r\u016bg\u0161\u010di\u0173 \u2013 cis-linoleno r\u016bg\u0161ties ir cis-gama-linoleno r\u016bg\u0161ties (dar vadinamos gamoleno r\u016bg\u0161timi). <strong data-start=\"453\" data-end=\"471\">Linolo r\u016bg\u0161tis<\/strong> yra nepakei\u010diama riebal\u0173 r\u016bg\u0161tis, kurios \u017emogaus organizmas pats nesintetina ir kuri\u0105 galima gauti tik su maistu. I\u0161 linolo r\u016bg\u0161ties organizmas ferment\u0173 pagalba sintetina gama-linoleno r\u016bg\u0161t\u012f. <strong data-start=\"665\" data-end=\"690\" data-is-only-node=\"\">Gama-linoleno r\u016bg\u0161tis<\/strong> veikia prostaglandin\u0173 (fiziologi\u0161kai aktyvi\u0173 \u012f hormonus pana\u0161i\u0173 lipid\u0173 grup\u0117s) gamyb\u0105, kurie yra svarb\u016bs u\u017edegimini\u0173 proces\u0173 ma\u017einimui. D\u0117l \u0161i\u0173 savybi\u0173 vakarin\u0117s rakta\u017eol\u0117s aliejus padeda subalansuoti hormonus ir suma\u017einti menstruacij\u0173 ciklo metu pasirei\u0161kian\u010dias problemas. Be to, jis padeda palaikyti odos ir jungiamojo audinio sveikat\u0105.<\/p>\n<p data-start=\"1034\" data-end=\"1092\"><strong data-start=\"1034\" data-end=\"1090\">Evening Primrose Oil 1000 mg Softgel kapsul\u0117s tinka:<\/strong><\/p>\n<ul data-start=\"1093\" data-end=\"1381\">\n<li data-start=\"1093\" data-end=\"1194\">\n<p data-start=\"1095\" data-end=\"1194\">vaisingo am\u017eiaus moterims, kurios patiria menstruacij\u0173 ciklo negalavimus prie\u0161 j\u012f ir\/arba jo metu<\/p>\n<\/li>\n<li data-start=\"1195\" data-end=\"1279\">\n<p data-start=\"1197\" data-end=\"1279\">moterims, turin\u010dioms menopauz\u0117s simptom\u0173 ir norin\u010dioms subalansuoti hormon\u0173 lyg\u012f<\/p>\n<\/li>\n<li data-start=\"1280\" data-end=\"1347\">\n<p data-start=\"1282\" data-end=\"1347\">\u017emon\u0117ms, kuriems reikia papildomo gama-linoleno r\u016bg\u0161ties kiekio<\/p>\n<\/li>\n<li data-start=\"1348\" data-end=\"1381\">\n<p data-start=\"1350\" data-end=\"1381\">\u017emon\u0117ms, turintiems saus\u0105 od\u0105<\/p>\n<\/li>\n<\/ul>\n<p data-start=\"1383\" data-end=\"1899\" data-is-last-node=\"\" data-is-only-node=\"\"><strong data-start=\"1383\" data-end=\"1397\">\u012esp\u0117jimai!<\/strong><br data-start=\"1397\" data-end=\"1400\" \/>Pacientai, sergantys epilepsija arba vartojantys antikoaguliantus, prie\u0161 prad\u0117dami vartoti <strong data-start=\"1491\" data-end=\"1531\">Evening Primrose Oil 1000 mg Softgel<\/strong> kapsules, turi pasitarti su gydytoju. Rekomenduojama nutraukti <strong data-start=\"1595\" data-end=\"1635\" data-is-only-node=\"\">Evening Primrose Oil 1000 mg Softgel<\/strong> kapsuli\u0173 vartojim\u0105 likus dviem savait\u0117ms iki operacijos ar bet kokios kitos invazin\u0117s medicinin\u0117s proced\u016bros d\u0117l galimos kraujavimo rizikos. Jei esate n\u0117\u0161\u010dia ar \u017eindote, prie\u0161 prad\u0117dami vartoti <strong data-start=\"1830\" data-end=\"1862\">Primrose Oil 1000 mg Softgel<\/strong> kapsules, pasitarkite su gydytoju.<\/p>\n<p data-start=\"0\" data-end=\"13\"><strong data-start=\"0\" data-end=\"11\">Sud\u0117tis<\/strong><\/p>\n<p data-start=\"15\" data-end=\"143\" data-is-last-node=\"\" data-is-only-node=\"\">Dvime\u010di\u0173 nakvi\u0161\u0173 (Oenothera biennis) s\u0117kl\u0173 \u0161alto spaudimo aliejus, \u017eelatina (stingdiklis), glicerolis (dr\u0117gm\u0119 i\u0161laikanti med\u017eiaga), vanduo.<\/p>\n<p data-start=\"0\" data-end=\"298\"><strong data-start=\"0\" data-end=\"14\">Vartojimas<\/strong><br data-start=\"14\" data-end=\"17\" \/>Rekomenduojama paros doz\u0117: suaugusiesiems (nuo 18 met\u0173) \u2013 po 1 kapsul\u0119 per dien\u0105, u\u017egeriant maistu ir vandeniu. Maisto papildas n\u0117ra \u012fvairios mitybos pakaitalas! Svarbu laikytis \u012fvairios ir subalansuotos mitybos bei sveiko gyvenimo b\u016bdo! Negalima vir\u0161yti nustatytos paros normos!<\/p>\n<p data-start=\"300\" data-end=\"523\"><strong data-start=\"300\" data-end=\"313\">\u012esp\u0117jimai<\/strong><br data-start=\"313\" data-end=\"316\" \/>Maisto papildas n\u0117ra \u012fvairios mitybos pakaitalas. Svarbu laikytis \u012fvairios ir subalansuotos mitybos bei sveiko gyvenimo b\u016bdo. Nevir\u0161yti rekomenduojamos dienos doz\u0117s. Laikyti vaikams nepasiekiamoje vietoje.<\/p>\n<p data-start=\"525\" data-end=\"833\" data-is-last-node=\"\" data-is-only-node=\"\"><strong data-start=\"525\" data-end=\"544\">Laikymo s\u0105lygos<\/strong><br data-start=\"544\" data-end=\"547\" \/>Laikyti originalioje pakuot\u0117je, 5\u201325 \u2103 temperat\u016broje, saugoti nuo dr\u0117gm\u0117s ir tiesiogini\u0173 saul\u0117s spinduli\u0173. Laikyti vaikams nepasiekiamoje vietoje! Tinkamos laikymo s\u0105lygos padeda i\u0161vengti riebalinio aliejaus poky\u010di\u0173, tod\u0117l rekomenduojame \u012f tai atsi\u017evelgti u\u017esisakant \u012f lauko pa\u0161tomatus.<\/p>\n","protected":false},"excerpt":{"rendered":"<article class=\"text-token-text-primary w-full focus:outline-none scroll-mt-[calc(var(--header-height)+min(200px,max(70px,20svh)))]\" dir=\"auto\" tabindex=\"-1\" data-turn-id=\"request-68d22b49-5054-8326-92e3-b8fb075ba3e3-116\" data-testid=\"conversation-turn-198\" data-scroll-anchor=\"true\" data-turn=\"assistant\">\n<div class=\"text-base my-auto mx-auto pb-10 [--thread-content-margin:--spacing(4)] thread-sm:[--thread-content-margin:--spacing(6)] thread-lg:[--thread-content-margin:--spacing(16)] px-(--thread-content-margin)\">\n<div class=\"[--thread-content-max-width:40rem] thread-lg:[--thread-content-max-width:48rem] mx-auto max-w-(--thread-content-max-width) flex-1 group\/turn-messages focus-visible:outline-hidden relative flex w-full min-w-0 flex-col agent-turn\" tabindex=\"-1\">\n<div class=\"flex max-w-full flex-col grow\">\n<div class=\"min-h-8 text-message relative flex w-full flex-col items-end gap-2 text-start break-words whitespace-normal [.text-message+&amp;]:mt-5\" dir=\"auto\" data-message-author-role=\"assistant\" data-message-id=\"ae2876de-f759-4eec-955c-8832ea014ce6\" data-message-model-slug=\"gpt-5\">\n<div class=\"flex w-full flex-col gap-1 empty:hidden first:pt-[3px]\">\n<div class=\"markdown prose dark:prose-invert w-full break-words light markdown-new-styling\">\n<ul data-start=\"0\" data-end=\"538\" data-is-last-node=\"\" data-is-only-node=\"\">\n<li data-start=\"0\" data-end=\"56\">\n<p data-start=\"2\" data-end=\"56\">Padeda palaikyti odos ir jungiamojo audinio sveikat\u0105<\/p>\n<\/li>\n<li data-start=\"57\" data-end=\"101\">\n<p data-start=\"59\" data-end=\"101\">Dalyvauja hormon\u0173 pusiausvyros palaikyme<\/p>\n<\/li>\n<li data-start=\"102\" data-end=\"232\">\n<p data-start=\"104\" data-end=\"232\">Padeda su\u0161velninti menstruacinio ciklo metu pasirei\u0161kian\u010dias problemas, tokias kaip kr\u016bt\u0173 jautrumas, tinimas ir odos problemos<\/p>\n<\/li>\n<li data-start=\"233\" data-end=\"409\">\n<p data-start=\"235\" data-end=\"409\">Veikia prostaglandin\u0173 (fiziologi\u0161kai aktyvi\u0173 \u012f hormonus pana\u0161i\u0173 lipid\u0173 grup\u0117s) gamyb\u0105, kurie yra kiekvienoje l\u0105stel\u0117je ir susij\u0119 su organizmo med\u017eiag\u0173 apykaitos funkcijomis<\/p>\n<\/li>\n<li data-start=\"410\" data-end=\"498\">\n<p data-start=\"412\" data-end=\"498\">Sud\u0117tyje yra polineso\u010di\u0173j\u0173 omega-6 riebal\u0173 r\u016bg\u0161\u010di\u0173 (linolo ir gama-linoleno r\u016bg\u0161tys)<\/p>\n<\/li>\n<li data-start=\"499\" data-end=\"538\" data-is-last-node=\"\">\n<p data-start=\"501\" data-end=\"538\" data-is-last-node=\"\">Vienos pakuot\u0117s u\u017etenka 2 m\u0117nesiams<\/p>\n<\/li>\n<\/ul>\n<\/div>\n<\/div>\n<\/div>\n<\/div>\n<\/div>\n<\/div>\n<\/article>\n","protected":false},"featured_media":142124,"comment_status":"open","ping_status":"closed","template":"","meta":{"_acf_changed":false},"product_brand":[],"product_cat":[604,593],"product_tag":[],"class_list":{"0":"post-142123","1":"product","2":"type-product","3":"status-publish","4":"has-post-thumbnail","6":"product_cat-buk-grazi","7":"product_cat-toidulisandid-lt","9":"first","10":"instock","11":"taxable","12":"shipping-taxable","13":"purchasable","14":"product-type-simple"},"bundle_layout":"","bundled_by":["143270"],"bundled_items":[],"acf":[],"_links":{"self":[{"href":"https:\/\/bemore.ee\/lt\/wp-json\/wp\/v2\/product\/142123","targetHints":{"allow":["GET"]}}],"collection":[{"href":"https:\/\/bemore.ee\/lt\/wp-json\/wp\/v2\/product"}],"about":[{"href":"https:\/\/bemore.ee\/lt\/wp-json\/wp\/v2\/types\/product"}],"replies":[{"embeddable":true,"href":"https:\/\/bemore.ee\/lt\/wp-json\/wp\/v2\/comments?post=142123"}],"wp:featuredmedia":[{"embeddable":true,"href":"https:\/\/bemore.ee\/lt\/wp-json\/wp\/v2\/media\/142124"}],"wp:attachment":[{"href":"https:\/\/bemore.ee\/lt\/wp-json\/wp\/v2\/media?parent=142123"}],"wp:term":[{"taxonomy":"product_brand","embeddable":true,"href":"https:\/\/bemore.ee\/lt\/wp-json\/wp\/v2\/product_brand?post=142123"},{"taxonomy":"product_cat","embeddable":true,"href":"https:\/\/bemore.ee\/lt\/wp-json\/wp\/v2\/product_cat?post=142123"},{"taxonomy":"product_tag","embeddable":true,"href":"https:\/\/bemore.ee\/lt\/wp-json\/wp\/v2\/product_tag?post=142123"}],"curies":[{"name":"wp","href":"https:\/\/api.w.org\/{rel}","templated":true}]}}