{"id":142099,"date":"2020-05-18T06:57:54","date_gmt":"2020-05-18T03:57:54","guid":{"rendered":"https:\/\/bemore.ee\/?post_type=product&#038;p=142099"},"modified":"2026-04-06T08:58:10","modified_gmt":"2026-04-06T05:58:10","slug":"be-healthy-supermaisto-misinys-150-g","status":"publish","type":"product","link":"https:\/\/bemore.ee\/lt\/toode\/be-healthy-supermaisto-misinys-150-g\/","title":{"rendered":"Be Healthy supermaisto mi\u0161inys, 150 g"},"content":{"rendered":"<p data-start=\"0\" data-end=\"178\"><strong data-start=\"0\" data-end=\"79\">100 % nat\u016bralus supermaisto mi\u0161inys su vitaminu C J\u016bs\u0173 sveikatai palaikyti!<\/strong><br data-start=\"79\" data-end=\"82\" \/><strong data-start=\"82\" data-end=\"96\">Be Healthy<\/strong> supermaisto mi\u0161inys sukurtas \u017emon\u0117ms, kurie vertina sveikat\u0105 ir ger\u0105 savijaut\u0105.<\/p>\n<p data-start=\"180\" data-end=\"551\"><strong data-start=\"180\" data-end=\"194\">Be Healthy<\/strong> supermaisto mi\u0161inys yra labai geras vitamino C \u0161altinis. Vitaminas C padeda gyti \u017eaizdoms, palaiko imunin\u0117s sistemos veikl\u0105, ma\u017eina pavasarin\u012f nuovarg\u012f ir stres\u0105, didina gele\u017eies pasisavinim\u0105. <strong data-start=\"388\" data-end=\"402\">Be Healthy<\/strong> papildo organizm\u0105 daugybe \u012fvairi\u0173 vitamin\u0173, mineral\u0173 ir antioksidant\u0173. \u0160is supermaisto mi\u0161inys sukurtas daugialypiam imunin\u0117s sistemos palaikymui.<\/p>\n<p data-start=\"553\" data-end=\"1438\"><strong data-start=\"553\" data-end=\"575\">Juodieji serbentai<\/strong> turi daug nauding\u0173 savybi\u0173 organizmui, o \u017einomiausia \u2013 stiprus imunin\u0117s sistemos stimuliavimas. Didelis vitamino C kiekis juod\u0173j\u0173 serbent\u0173 vaisiuose paver\u010dia juos supermaistu. Juodieji serbentai yra viena i\u0161 uog\u0173, augan\u010di\u0173 Estijoje, turin\u010di\u0173 daugiausiai antioksidant\u0173. <strong data-start=\"845\" data-end=\"859\">Be Healthy<\/strong> supermaisto mi\u0161inyje yra <strong data-start=\"885\" data-end=\"900\">\u010dagos gryb\u0173<\/strong>, kurie gerai \u017einomi liaudies medicinoje ir yra turtingi fitonutrientais bei antioksidantais. <strong data-start=\"994\" data-end=\"1009\">Chia s\u0117klos<\/strong> gausios nepakei\u010diam\u0173j\u0173 Omega-3 riebal\u0173 r\u016bg\u0161\u010di\u0173, pasi\u017eymin\u010di\u0173 prie\u0161u\u017edegiminiu poveikiu. <strong data-start=\"1098\" data-end=\"1120\">Topinamb\u0173 inulinas<\/strong> yra palanki maistin\u0117 terp\u0117 naudingoms m\u016bs\u0173 \u017earnyno bakterijoms. <strong data-start=\"1185\" data-end=\"1198\">Kamu-kamu<\/strong> turi daug cinko ir vitamino C, tod\u0117l yra tikras supermaistas. Vitaminas C stiprina imunin\u0119 sistem\u0105 ir turi prie\u0161u\u017edegimini\u0173 savybi\u0173. <strong data-start=\"1332\" data-end=\"1343\">Citrina<\/strong> yra geras vitamino C ir antioksidant\u0173 \u0161altinis, taip pat padeda normalizuoti pH pusiausvyr\u0105.<\/p>\n<p data-start=\"1440\" data-end=\"1477\"><strong data-start=\"1440\" data-end=\"1475\">Be Healthy Superfood Mix tinka:<\/strong><\/p>\n<ul data-start=\"1478\" data-end=\"1733\">\n<li data-start=\"1478\" data-end=\"1569\">\n<p data-start=\"1480\" data-end=\"1569\">kiekvienam, norin\u010diam padidinti vitamin\u0173, mineral\u0173 ir antioksidant\u0173 kiek\u012f savo mityboje<\/p>\n<\/li>\n<li data-start=\"1570\" data-end=\"1582\">\n<p data-start=\"1572\" data-end=\"1582\">veganams<\/p>\n<\/li>\n<li data-start=\"1583\" data-end=\"1625\">\n<p data-start=\"1585\" data-end=\"1625\">vartoti n\u0117\u0161tumo ir \u017eindymo laikotarpiu<\/p>\n<\/li>\n<li data-start=\"1626\" data-end=\"1675\">\n<p data-start=\"1628\" data-end=\"1675\">vaikams, norintiems palaikyti imunin\u0119 sistem\u0105<\/p>\n<\/li>\n<li data-start=\"1676\" data-end=\"1733\">\n<p data-start=\"1678\" data-end=\"1733\">kaip geras skaidul\u0173 \u0161altinis norintiems ma\u017einti svor\u012f<\/p>\n<\/li>\n<\/ul>\n<p data-start=\"1735\" data-end=\"2026\"><strong data-start=\"1735\" data-end=\"1768\">I\u0161 ko susideda \u0161is produktas?<\/strong><br data-start=\"1768\" data-end=\"1771\" \/>Sud\u0117tis: liofilizuot\u0173 juod\u0173j\u0173 serbent\u0173 milteliai (54 %), \u010dagos gryb\u0173 milteliai (18 %), chia (<em data-start=\"1864\" data-end=\"1882\">Salvia hispanica<\/em>) s\u0117kl\u0173 milteliai (9 %), liofilizuot\u0173 topinamb\u0173 milteliai (9 %), liofilizuot\u0173 kamu-kamu milteliai (6 %), liofilizuot\u0173 citrin\u0173 milteliai (4 %).<\/p>\n<p data-start=\"2028\" data-end=\"2107\">Nor\u0117dami susipa\u017einti su produkto makroelementais, spauskite \u201eMaistin\u0117 vert\u0117\u201c.<\/p>\n<p data-start=\"2109\" data-end=\"2236\"><strong data-start=\"2109\" data-end=\"2126\">Kaip vartoti?<\/strong><br data-start=\"2126\" data-end=\"2129\" \/>\u012ed\u0117kite 1\u20133 valgomuosius \u0161auk\u0161tus supermaisto mi\u0161inio \u012f glotnut\u012f, jogurt\u0105, vanden\u012f, ko\u0161\u0119, desertus ir kt.<\/p>\n<p data-start=\"2238\" data-end=\"2361\"><strong data-start=\"2238\" data-end=\"2250\">Porcija:<\/strong><br data-start=\"2250\" data-end=\"2253\" \/>1 porcija = 1 valgomasis \u0161auk\u0161tas. \u012e maist\u0105 galite \u012fd\u0117ti po 1 \u0161auk\u0161t\u0105 <strong data-start=\"2323\" data-end=\"2337\">Be Healthy<\/strong> 1\u20133 kartus per dien\u0105.<\/p>\n<p data-start=\"2363\" data-end=\"2512\"><strong data-start=\"2363\" data-end=\"2394\">Porcij\u0173 skai\u010dius pakuot\u0117je:<\/strong><br data-start=\"2394\" data-end=\"2397\" \/>Kiekvienoje 150 g pakuot\u0117je yra apie 15 porcij\u0173, tikslus porcij\u0173 skai\u010dius priklauso nuo naudojamo \u0161auk\u0161to dyd\u017eio.<\/p>\n<p data-start=\"2514\" data-end=\"2658\"><strong data-start=\"2514\" data-end=\"2534\">Laikymo s\u0105lygos:<\/strong><br data-start=\"2534\" data-end=\"2537\" \/>Laikyti kambario temperat\u016broje, vengti tiesiogini\u0173 saul\u0117s spinduli\u0173. Po kiekvieno naudojimo pakuot\u0119 sandariai u\u017edaryti.<\/p>\n<p data-start=\"2660\" data-end=\"2835\" data-is-last-node=\"\" data-is-only-node=\"\"><strong data-start=\"2660\" data-end=\"2711\">Koks yra Be Healthy supermaisto mi\u0161inio skonis?<\/strong><br data-start=\"2711\" data-end=\"2714\" \/><strong data-start=\"2714\" data-end=\"2728\">Be Healthy<\/strong> turi malon\u0173 uog\u0173 skon\u012f, kuriame juodieji serbentai suteikia malonaus r\u016bg\u0161tumo ir gaivumo visam mi\u0161iniui.<\/p>\n","protected":false},"excerpt":{"rendered":"<article class=\"text-token-text-primary w-full focus:outline-none scroll-mt-[calc(var(--header-height)+min(200px,max(70px,20svh)))]\" dir=\"auto\" tabindex=\"-1\" data-turn-id=\"request-68d22b49-5054-8326-92e3-b8fb075ba3e3-111\" data-testid=\"conversation-turn-188\" data-scroll-anchor=\"true\" data-turn=\"assistant\">\n<div class=\"text-base my-auto mx-auto pb-10 [--thread-content-margin:--spacing(4)] thread-sm:[--thread-content-margin:--spacing(6)] thread-lg:[--thread-content-margin:--spacing(16)] px-(--thread-content-margin)\">\n<div class=\"[--thread-content-max-width:40rem] thread-lg:[--thread-content-max-width:48rem] mx-auto max-w-(--thread-content-max-width) flex-1 group\/turn-messages focus-visible:outline-hidden relative flex w-full min-w-0 flex-col agent-turn\" tabindex=\"-1\">\n<div class=\"flex max-w-full flex-col grow\">\n<div class=\"min-h-8 text-message relative flex w-full flex-col items-end gap-2 text-start break-words whitespace-normal [.text-message+&amp;]:mt-5\" dir=\"auto\" data-message-author-role=\"assistant\" data-message-id=\"f5fac8db-f6d1-4634-9a7c-23a26f64b282\" data-message-model-slug=\"gpt-5\">\n<div class=\"flex w-full flex-col gap-1 empty:hidden first:pt-[3px]\">\n<div class=\"markdown prose dark:prose-invert w-full break-words light markdown-new-styling\">\n<p data-start=\"0\" data-end=\"74\"><strong data-start=\"0\" data-end=\"14\">Be Healthy<\/strong> palaiko imunin\u0119 sistem\u0105 ir skatina gele\u017eies pasisavinim\u0105.<\/p>\n<ul data-start=\"75\" data-end=\"724\" data-is-last-node=\"\" data-is-only-node=\"\">\n<li data-start=\"75\" data-end=\"94\">\n<p data-start=\"77\" data-end=\"94\">100 % nat\u016bralus<\/p>\n<\/li>\n<li data-start=\"95\" data-end=\"130\">\n<p data-start=\"97\" data-end=\"130\">Be prid\u0117tinio cukraus ir pried\u0173<\/p>\n<\/li>\n<li data-start=\"131\" data-end=\"204\">\n<p data-start=\"133\" data-end=\"204\">Papildo organizm\u0105 \u012fvairiais vitaminais, mineralais ir antioksidantais<\/p>\n<\/li>\n<li data-start=\"205\" data-end=\"266\">\n<p data-start=\"207\" data-end=\"266\">1 valgomasis \u0161auk\u0161tas patenkina dienos vitamino C poreik\u012f<\/p>\n<\/li>\n<li data-start=\"267\" data-end=\"412\">\n<p data-start=\"269\" data-end=\"412\">Vitaminas C palaiko imunin\u0119 sistem\u0105, energijos apykait\u0105, nerv\u0173 sistemos veikl\u0105, gele\u017eies pasisavinim\u0105 ir padeda ma\u017einti nuovarg\u012f bei i\u0161sekim\u0105<\/p>\n<\/li>\n<li data-start=\"413\" data-end=\"593\">\n<p data-start=\"415\" data-end=\"593\">Gele\u017eis b\u016btina biomolekuli\u0173 sud\u0117tyje, kurios dalyvauja ATP gamyboje ir padeda neutralizuoti \u012f organizm\u0105 patekusias svetimas med\u017eiagas, taip didinant atsparum\u0105 stresui ir ligoms<\/p>\n<\/li>\n<li data-start=\"594\" data-end=\"663\">\n<p data-start=\"596\" data-end=\"663\">Vitaminas E, manganas, cinkas ir varis veikia kaip antioksidantai<\/p>\n<\/li>\n<li data-start=\"664\" data-end=\"724\" data-is-last-node=\"\">\n<p data-start=\"666\" data-end=\"724\" data-is-last-node=\"\">Sud\u0117tyje yra fitonutrient\u0173 turin\u010di\u0173 \u010dagos gryb\u0173 milteli\u0173<\/p>\n<\/li>\n<\/ul>\n<\/div>\n<\/div>\n<\/div>\n<\/div>\n<\/div>\n<\/div>\n<\/article>\n","protected":false},"featured_media":142100,"comment_status":"open","ping_status":"closed","template":"","meta":{"_acf_changed":false},"product_brand":[],"product_cat":[607,594],"product_tag":[627,637,638],"class_list":{"0":"post-142099","1":"product","2":"type-product","3":"status-publish","4":"has-post-thumbnail","6":"product_cat-supermaisto-misiniai","7":"product_cat-ole-terve-lt","8":"product_tag-supertoidusegu-lt","9":"product_tag-toetaomaainevahetust-lt","10":"product_tag-imuunsusteem-lt","12":"first","13":"outofstock","14":"taxable","15":"shipping-taxable","16":"purchasable","17":"product-type-simple"},"bundle_layout":"","bundled_by":["143242"],"bundled_items":[],"acf":[],"_links":{"self":[{"href":"https:\/\/bemore.ee\/lt\/wp-json\/wp\/v2\/product\/142099","targetHints":{"allow":["GET"]}}],"collection":[{"href":"https:\/\/bemore.ee\/lt\/wp-json\/wp\/v2\/product"}],"about":[{"href":"https:\/\/bemore.ee\/lt\/wp-json\/wp\/v2\/types\/product"}],"replies":[{"embeddable":true,"href":"https:\/\/bemore.ee\/lt\/wp-json\/wp\/v2\/comments?post=142099"}],"wp:featuredmedia":[{"embeddable":true,"href":"https:\/\/bemore.ee\/lt\/wp-json\/wp\/v2\/media\/142100"}],"wp:attachment":[{"href":"https:\/\/bemore.ee\/lt\/wp-json\/wp\/v2\/media?parent=142099"}],"wp:term":[{"taxonomy":"product_brand","embeddable":true,"href":"https:\/\/bemore.ee\/lt\/wp-json\/wp\/v2\/product_brand?post=142099"},{"taxonomy":"product_cat","embeddable":true,"href":"https:\/\/bemore.ee\/lt\/wp-json\/wp\/v2\/product_cat?post=142099"},{"taxonomy":"product_tag","embeddable":true,"href":"https:\/\/bemore.ee\/lt\/wp-json\/wp\/v2\/product_tag?post=142099"}],"curies":[{"name":"wp","href":"https:\/\/api.w.org\/{rel}","templated":true}]}}