{"id":142094,"date":"2019-09-20T09:37:22","date_gmt":"2019-09-20T06:37:22","guid":{"rendered":"https:\/\/bemore.ee\/?post_type=product&#038;p=142094"},"modified":"2025-10-22T14:13:04","modified_gmt":"2025-10-22T11:13:04","slug":"be-fit-beautiful-active-zalieji-batoneliai-222-vnt","status":"publish","type":"product","link":"https:\/\/bemore.ee\/lt\/toode\/be-fit-beautiful-active-zalieji-batoneliai-222-vnt\/","title":{"rendered":"Be Fit, Beautiful &#038; Active \u017ealieji baton\u0117liai \u2013 2+2+2 vnt"},"content":{"rendered":"<p data-start=\"0\" data-end=\"80\"><strong data-start=\"0\" data-end=\"78\">100 % nat\u016bral\u016bs supermaistu praturtinti \u017ealieji baton\u0117liai J\u016bs\u0173 kasdienai!<\/strong><\/p>\n<p data-start=\"82\" data-end=\"375\"><strong data-start=\"82\" data-end=\"92\">Be Fit<\/strong> baltyminis \u017ealias baton\u0117lis su \u017eem\u0117s rie\u0161ut\u0173 sviestu turi m\u016bs\u0173 <strong data-start=\"156\" data-end=\"180\">Be Fit Superfood Mix<\/strong>, kuris padidina baltym\u0173 kiek\u012f ir papildomai praturtina baton\u0117l\u012f vitaminais bei mineralais. Sukurtas \u017emogui, kuris i\u0161 ties\u0173 r\u016bpinasi savo k\u016bno forma ir nori grei\u010diau atsistatyti po treniruot\u0117s.<\/p>\n<p data-start=\"377\" data-end=\"589\"><strong data-start=\"377\" data-end=\"393\">Be Beautiful<\/strong> kokos\u0173\u2013avie\u010di\u0173 \u017ealias baton\u0117lis turi m\u016bs\u0173 <strong data-start=\"436\" data-end=\"466\">Be Beautiful Superfood Mix<\/strong>, kuris praturtina baton\u0117l\u012f vitaminais ir mineralais. Sukurtas \u017emogui, kuris r\u016bpinasi savo odos, plauk\u0173 ir nag\u0173 sveikata.<\/p>\n<p data-start=\"591\" data-end=\"813\"><strong data-start=\"591\" data-end=\"604\">Be Active<\/strong> raudonojo velvetinio skonio juod\u0173j\u0173 serbent\u0173\u2013migdol\u0173 \u017ealias baton\u0117lis turi m\u016bs\u0173 <strong data-start=\"685\" data-end=\"712\">Be Active Superfood Mix<\/strong>, kuris praturtina baton\u0117l\u012f daugybe vitamin\u0173 ir mineral\u0173. Sukurtas \u017emogui, kuris nori b\u016bti aktyvus.<\/p>\n<p data-start=\"815\" data-end=\"846\"><strong data-start=\"815\" data-end=\"844\">\u017dalieji baton\u0117liai tinka:<\/strong><\/p>\n<ul data-start=\"847\" data-end=\"1062\">\n<li data-start=\"847\" data-end=\"938\">\n<p data-start=\"849\" data-end=\"938\">kiekvienam, norin\u010diam padidinti vitamin\u0173, mineral\u0173 ir antioksidant\u0173 kiek\u012f savo mityboje<\/p>\n<\/li>\n<li data-start=\"939\" data-end=\"951\">\n<p data-start=\"941\" data-end=\"951\">veganams<\/p>\n<\/li>\n<li data-start=\"952\" data-end=\"994\">\n<p data-start=\"954\" data-end=\"994\">vartoti n\u0117\u0161tumo ir \u017eindymo laikotarpiu<\/p>\n<\/li>\n<li data-start=\"995\" data-end=\"1006\">\n<p data-start=\"997\" data-end=\"1006\">vaikams<\/p>\n<\/li>\n<li data-start=\"1007\" data-end=\"1062\">\n<p data-start=\"1009\" data-end=\"1062\">kaip geras skaidul\u0173 \u0161altinis norintiems mesti svor\u012f<\/p>\n<\/li>\n<\/ul>\n<hr data-start=\"1064\" data-end=\"1067\" \/>\n<p data-start=\"1069\" data-end=\"1104\"><strong data-start=\"1069\" data-end=\"1102\">I\u0161 ko susideda \u0161ie produktai?<\/strong><\/p>\n<p data-start=\"1106\" data-end=\"1456\"><strong data-start=\"1106\" data-end=\"1125\">Be Fit sud\u0117tis:<\/strong> datul\u0117s, avi\u017e\u0173 miltai be gliuteno, <strong data-start=\"1161\" data-end=\"1198\">Be Fit supermaisto mi\u0161inys (18 %)<\/strong> (\u017eirni\u0173 baltym\u0173 milteliai, \u017ealiosios kakavos milteliai, kanapi\u0173 baltym\u0173 milteliai, goji uog\u0173 milteliai, luk\u0161tentos kanapi\u0173 s\u0117klos), agavos sirupas, <strong data-start=\"1347\" data-end=\"1371\">\u017eem\u0117s rie\u0161utai (9 %)<\/strong>, <strong data-start=\"1373\" data-end=\"1405\">\u017eem\u0117s rie\u0161ut\u0173 sviestas (7 %)<\/strong>, \u0161alto spaudimo kokos\u0173 aliejus, Himalaj\u0173 druska.<\/p>\n<p data-start=\"1458\" data-end=\"1869\"><strong data-start=\"1458\" data-end=\"1483\">Be Beautiful sud\u0117tis:<\/strong> datul\u0117s, avi\u017einiai dribsniai be gliuteno, kokos\u0173 dro\u017el\u0117s (15 %), agavos sirupas, anakard\u017ei\u0173 rie\u0161utai, <strong data-start=\"1586\" data-end=\"1628\">Be Beautiful supermaisto mi\u0161inys (6 %)<\/strong> (er\u0161k\u0117tuogi\u0173 milteliai, baobabo milteliai, liofilizuot\u0173 avie\u010di\u0173 milteliai, \u017eirni\u0173 baltym\u0173 milteliai, ispaninio \u0161alavijo (Salvia hispanica) s\u0117klos, acai uog\u0173 milteliai), liofilizuot\u0173 avie\u010di\u0173 gabal\u0117liai (5 %), \u0161alto spaudimo kokos\u0173 aliejus.<\/p>\n<p data-start=\"1871\" data-end=\"2287\"><strong data-start=\"1871\" data-end=\"1893\">Be Active sud\u0117tis:<\/strong> datul\u0117s, avi\u017einiai dribsniai be gliuteno, agavos sirupas, <strong data-start=\"1952\" data-end=\"1971\">migdolai (10 %)<\/strong>, <strong data-start=\"1973\" data-end=\"1998\">migdol\u0173 miltai (10 %)<\/strong>, <strong data-start=\"2000\" data-end=\"2040\">Be Active supermaisto mi\u0161inys (10 %)<\/strong> (burok\u0117li\u0173 milteliai, liofilizuot\u0173 juod\u0173j\u0173 serbent\u0173 milteliai, liofilizuot\u0173 goji uog\u0173 milteliai, chia s\u0117klos, liofilizuot\u0173 kamu-kamu milteliai), liofilizuoti juodieji serbentai (5 %), \u0161alto spaudimo kokos\u0173 aliejus, \u017ealiosios kakavos gabaliukai.<\/p>\n<hr data-start=\"2289\" data-end=\"2292\" \/>\n<p data-start=\"2294\" data-end=\"2413\"><strong data-start=\"2294\" data-end=\"2317\">Porcijos pakuot\u0117je:<\/strong><br data-start=\"2317\" data-end=\"2320\" \/>\u0160i pakuot\u0117 apima 2 <strong data-start=\"2339\" data-end=\"2349\">Be Fit<\/strong>, 2 <strong data-start=\"2353\" data-end=\"2369\">Be Beautiful<\/strong> ir 2 <strong data-start=\"2375\" data-end=\"2388\">Be Active<\/strong> \u017ealiuosius baton\u0117lius.<\/p>\n<p data-start=\"2415\" data-end=\"2527\"><strong data-start=\"2415\" data-end=\"2435\">Laikymo s\u0105lygos:<\/strong><br data-start=\"2435\" data-end=\"2438\" \/>Laikyti kambario temperat\u016broje, jei \u012fmanoma \u2013 atokiau nuo tiesiogini\u0173 saul\u0117s spinduli\u0173.<\/p>\n<hr data-start=\"2529\" data-end=\"2532\" \/>\n<p data-start=\"2534\" data-end=\"2576\"><strong data-start=\"2534\" data-end=\"2574\">Kokio skonio yra \u017ealieji baton\u0117liai?<\/strong><\/p>\n<p data-start=\"2578\" data-end=\"2862\"><strong data-start=\"2578\" data-end=\"2588\">Be Fit<\/strong> baton\u0117lis turi malon\u0173 \u017ealiosios kakavos ir s\u016braus \u017eem\u0117s rie\u0161ut\u0173 sviesto skon\u012f \u2013 tarsi tobulas derinys. I\u0161 prad\u017ei\u0173 patenkina saldumyn\u0173 poreik\u012f, ta\u010diau tuo pa\u010diu suteikia sotumo. Galiausiai atrodo, kad suvalg\u0117te tobul\u0105 \u0161okoladin\u012f u\u017ekand\u012f be \u0161okolado ir perteklinio cukraus.<\/p>\n<p data-start=\"2864\" data-end=\"3120\"><strong data-start=\"2864\" data-end=\"2880\">Be Beautiful<\/strong> baton\u0117lis turi \u0161iek tiek r\u016bg\u0161t\u0173, bet malon\u0173 skon\u012f, kur\u012f suteikia aviet\u0117s, kokosai ir <strong data-start=\"2966\" data-end=\"2996\">Be Beautiful Superfood Mix<\/strong>. Kokosas taip pat prideda malonios tekst\u016bros ir subalansuoja r\u016bg\u0161t\u0173 avie\u010di\u0173 skon\u012f savo \u0161velniu, lengvai sald\u017eiu poskoniu.<\/p>\n<p data-start=\"3122\" data-end=\"3407\" data-is-last-node=\"\" data-is-only-node=\"\"><strong data-start=\"3122\" data-end=\"3135\">Be Active<\/strong> baton\u0117lis pasi\u017eymi maloniu r\u016bg\u0161\u010diu juod\u0173j\u0173 serbent\u0173 skoniu, kur\u012f papildo kreminis ir \u0161iek tiek saldus migdolas. Tobulum\u0105 suteikia \u017ealiosios kakavos gabaliukai, kurie prideda \u0161velniai kartaus skonio, subalansuoja sald\u0173 poskon\u012f ir suteikia tra\u0161kumo aksominiam baton\u0117liui.<\/p>\n","protected":false},"excerpt":{"rendered":"<p>I\u0161bandykite juos visus \u2013 <strong data-start=\"25\" data-end=\"62\">Be Fit, Be Beautiful ir Be Active<\/strong> \u017eali\u0173j\u0173 baton\u0117li\u0173 rinkinys \u010dia tam, kad numal\u0161int\u0173 J\u016bs\u0173 alk\u012f.<\/p>\n<ul>\n<li>100 % nat\u016bral\u016bs<\/li>\n<li>Be gliuteno<\/li>\n<li>Veganams tinkami<\/li>\n<li>Be konservant\u0173<\/li>\n<li data-start=\"196\" data-end=\"268\">Vienoje d\u0117\u017eut\u0117je yra 6 \u017ealieji baton\u0117liai \u2013 po 2 i\u0161 kiekvienos r\u016b\u0161ies.<\/li>\n<li data-start=\"270\" data-end=\"405\">M\u016bs\u0173 baton\u0117liai taip pat praturtinti <strong data-start=\"307\" data-end=\"366\">Be Fit, Be Beautiful ir Be Active supermaisto mi\u0161iniais<\/strong>, kurie suteikia dar malonesn\u012f skon\u012f.<\/li>\n<li data-start=\"407\" data-end=\"497\">Be to, jie papildo organizm\u0105 dideliu kiekiu \u012fvairi\u0173 vitamin\u0173, mineral\u0173 ir antioksidant\u0173.<\/li>\n<\/ul>\n","protected":false},"featured_media":142095,"comment_status":"open","ping_status":"closed","template":"","meta":{"_acf_changed":false},"product_brand":[],"product_cat":[601,603,604,608],"product_tag":[614,617],"class_list":{"0":"post-142094","1":"product","2":"type-product","3":"status-publish","4":"has-post-thumbnail","6":"product_cat-rinkinys","7":"product_cat-bukite-aktyvus","8":"product_cat-buk-grazi","9":"product_cat-zali-batoneliai-su-supermaistu","10":"product_tag-be-fit-lt","11":"product_tag-be-beautiful-lt","13":"first","14":"instock","15":"sale","16":"taxable","17":"shipping-taxable","18":"purchasable","19":"product-type-bundle"},"bundle_layout":"default","bundled_by":[],"bundled_items":[{"bundled_item_id":2110,"product_id":142960,"menu_order":0,"quantity_min":2,"quantity_max":2,"priced_individually":false,"shipped_individually":false,"override_title":false,"title":"1 Gra\u017ei lazdel\u0117","override_description":false,"description":"1 Gra\u017ei lazdel\u0117","optional":false,"hide_thumbnail":false,"discount":"","override_variations":false,"allowed_variations":[""],"override_default_variation_attributes":false,"default_variation_attributes":[],"single_product_visibility":"visible","cart_visibility":"visible","order_visibility":"visible","single_product_price_visibility":"visible","cart_price_visibility":"visible","order_price_visibility":"visible","stock_status":"in_stock"},{"bundled_item_id":2198,"product_id":143056,"menu_order":1,"quantity_min":2,"quantity_max":2,"priced_individually":false,"shipped_individually":false,"override_title":false,"title":"1 aktyvi juosta","override_description":false,"description":"1 aktyvi juosta","optional":false,"hide_thumbnail":false,"discount":"","override_variations":false,"allowed_variations":[""],"override_default_variation_attributes":false,"default_variation_attributes":[],"single_product_visibility":"visible","cart_visibility":"visible","order_visibility":"visible","single_product_price_visibility":"visible","cart_price_visibility":"visible","order_price_visibility":"visible","stock_status":"in_stock"},{"bundled_item_id":2111,"product_id":142957,"menu_order":2,"quantity_min":2,"quantity_max":2,"priced_individually":false,"shipped_individually":false,"override_title":false,"title":"1 Fit batoon","override_description":false,"description":"1 Fit batoon","optional":false,"hide_thumbnail":false,"discount":"","override_variations":false,"allowed_variations":[""],"override_default_variation_attributes":false,"default_variation_attributes":[],"single_product_visibility":"visible","cart_visibility":"visible","order_visibility":"visible","single_product_price_visibility":"visible","cart_price_visibility":"visible","order_price_visibility":"visible","stock_status":"in_stock"}],"acf":[],"_links":{"self":[{"href":"https:\/\/bemore.ee\/lt\/wp-json\/wp\/v2\/product\/142094","targetHints":{"allow":["GET"]}}],"collection":[{"href":"https:\/\/bemore.ee\/lt\/wp-json\/wp\/v2\/product"}],"about":[{"href":"https:\/\/bemore.ee\/lt\/wp-json\/wp\/v2\/types\/product"}],"replies":[{"embeddable":true,"href":"https:\/\/bemore.ee\/lt\/wp-json\/wp\/v2\/comments?post=142094"}],"wp:featuredmedia":[{"embeddable":true,"href":"https:\/\/bemore.ee\/lt\/wp-json\/wp\/v2\/media\/142095"}],"wp:attachment":[{"href":"https:\/\/bemore.ee\/lt\/wp-json\/wp\/v2\/media?parent=142094"}],"wp:term":[{"taxonomy":"product_brand","embeddable":true,"href":"https:\/\/bemore.ee\/lt\/wp-json\/wp\/v2\/product_brand?post=142094"},{"taxonomy":"product_cat","embeddable":true,"href":"https:\/\/bemore.ee\/lt\/wp-json\/wp\/v2\/product_cat?post=142094"},{"taxonomy":"product_tag","embeddable":true,"href":"https:\/\/bemore.ee\/lt\/wp-json\/wp\/v2\/product_tag?post=142094"}],"curies":[{"name":"wp","href":"https:\/\/api.w.org\/{rel}","templated":true}]}}