{"id":142081,"date":"2020-08-24T06:41:52","date_gmt":"2020-08-24T03:41:52","guid":{"rendered":"https:\/\/bemore.ee\/?post_type=product&#038;p=142081"},"modified":"2025-10-22T14:34:37","modified_gmt":"2025-10-22T11:34:37","slug":"lions-mane-grybo-ekstraktas","status":"publish","type":"product","link":"https:\/\/bemore.ee\/lt\/toode\/lions-mane-grybo-ekstraktas\/","title":{"rendered":"Lion\u00b4s Mane grybo ekstraktas"},"content":{"rendered":"<p data-start=\"161\" data-end=\"615\"><strong data-start=\"161\" data-end=\"176\">Lion\u2019s Mane<\/strong> (lot. <em data-start=\"183\" data-end=\"203\">Hericium erinaceus<\/em>) turi \u012fvairi\u0173 bioaktyvi\u0173 komponent\u0173, tod\u0117l jau \u0161imtme\u010dius naudojamas kin\u0173 medicinoje \u012fvairiems negalavimams gydyti. \u0160is grybas yra turtingas antioksidantais, pasi\u017eymi prie\u0161u\u017edegiminiu ir antimikrobiniu poveikiu, palaiko imunin\u0119 sistem\u0105 bei stimuliuoja smegen\u0173 veiklai svarbius baltymus, kurie skatina nervini\u0173 l\u0105steli\u0173 augim\u0105 ir vystym\u0105si. Taip pat <strong data-start=\"553\" data-end=\"568\">Lion\u2019s Mane<\/strong> naudojamas lengvai nervinei \u012ftampai ma\u017einti.<\/p>\n<p data-start=\"617\" data-end=\"670\"><strong data-start=\"617\" data-end=\"632\">Lion\u2019s Mane<\/strong> grybo ekstrakto kapsul\u0117s naudingos:<\/p>\n<ul data-start=\"671\" data-end=\"778\">\n<li data-start=\"671\" data-end=\"698\">\n<p data-start=\"673\" data-end=\"698\">gerinant smegen\u0173 veikl\u0105<\/p>\n<\/li>\n<li data-start=\"699\" data-end=\"733\">\n<p data-start=\"701\" data-end=\"733\">stiprinant geb\u0117jim\u0105 susikaupti<\/p>\n<\/li>\n<li data-start=\"734\" data-end=\"759\">\n<p data-start=\"736\" data-end=\"759\">gerinant miego kokyb\u0119<\/p>\n<\/li>\n<li data-start=\"760\" data-end=\"778\">\n<p data-start=\"762\" data-end=\"778\">raminant prot\u0105<\/p>\n<\/li>\n<\/ul>\n<p data-start=\"0\" data-end=\"13\"><strong data-start=\"0\" data-end=\"11\">Sud\u0117tis<\/strong><\/p>\n<p data-start=\"15\" data-end=\"139\" data-is-last-node=\"\" data-is-only-node=\"\">Li\u016bto kar\u010di\u0173 (Hericium erinaceus) ekstraktas, hidroksipropilmetilceliulioz\u0117 (kapsul\u0117s med\u017eiaga), magnio stearatas (nuo sukibimo apsauganti med\u017eiaga).<\/p>\n<p data-start=\"0\" data-end=\"158\"><strong data-start=\"0\" data-end=\"21\">Produktas neturi:<\/strong><br data-start=\"21\" data-end=\"24\" \/>dirbtini\u0173 kvapi\u0173j\u0173 med\u017eiag\u0173, kvapikli\u0173 ar konservant\u0173, maistini\u0173 da\u017eikli\u0173, saldikli\u0173, cukraus ar geneti\u0161kai modifikuot\u0173 ingredient\u0173.<\/p>\n<p data-start=\"160\" data-end=\"483\"><strong data-start=\"160\" data-end=\"173\">\u012esp\u0117jimai<\/strong><br data-start=\"173\" data-end=\"176\" \/>Diabetikams prie\u0161 vartojant <strong data-start=\"204\" data-end=\"219\">Lion\u2019s Mane<\/strong> gryb\u0173 ekstrakto papild\u0105 rekomenduojama pasitarti su gydytoju ir vartoti atsargiai. Rekomenduojama nutraukti kapsuli\u0173 vartojim\u0105 likus dviem savait\u0117ms iki planuojamos operacijos ar bet kokios kitos invazin\u0117s medicinin\u0117s proced\u016bros, d\u0117l galimos kraujavimo rizikos.<\/p>\n<p data-start=\"485\" data-end=\"573\">N\u0117\u0161tumo ir \u017eindymo laikotarpiu d\u0117l \u0161io papildo vartojimo b\u016btina pasitarti su gydytoju.<\/p>\n<p data-start=\"575\" data-end=\"666\"><strong data-start=\"575\" data-end=\"589\">Vartojimas<\/strong><br data-start=\"589\" data-end=\"592\" \/>Suaugusiesiems (nuo 18 met\u0173): vartoti po 2 kapsules per dien\u0105 po valgio.<\/p>\n<p data-start=\"668\" data-end=\"726\">Nerekomenduojama vartoti n\u0117\u0161tumo ir \u017eindymo laikotarpiu.<\/p>\n<p data-start=\"728\" data-end=\"899\">\u0160is maisto papildas n\u0117ra \u012fvairios mitybos pakaitalas. Svarbu laikytis \u012fvairios ir subalansuotos mitybos bei sveiko gyvenimo b\u016bdo. Nevir\u0161yti rekomenduojamos dienos doz\u0117s.<\/p>\n<p data-start=\"901\" data-end=\"1072\"><strong data-start=\"901\" data-end=\"920\">Laikymo s\u0105lygos<\/strong><br data-start=\"920\" data-end=\"923\" \/>Laikyti originalioje pakuot\u0117je kambario temperat\u016broje, saugoti nuo dr\u0117gm\u0117s ir tiesiogini\u0173 saul\u0117s spinduli\u0173. Laikyti vaikams nepasiekiamoje vietoje!<\/p>\n<p data-start=\"1074\" data-end=\"1202\" data-is-last-node=\"\" data-is-only-node=\"\">Tinkamos laikymo s\u0105lygos padeda i\u0161vengti gryb\u0173 ekstrakto poky\u010di\u0173, tod\u0117l \u012f tai verta atsi\u017evelgti u\u017esisakant \u012f lauko pa\u0161tomatus.<\/p>\n","protected":false},"excerpt":{"rendered":"<p data-start=\"0\" data-end=\"81\"><strong data-start=\"0\" data-end=\"79\">Maisto papildas, padedantis pagerinti susikaupim\u0105 ir d\u0117mesio koncentracij\u0105.<\/strong><\/p>\n<ul data-start=\"83\" data-end=\"447\" data-is-last-node=\"\" data-is-only-node=\"\">\n<li data-start=\"83\" data-end=\"127\">\n<p data-start=\"85\" data-end=\"127\">Prisideda prie geb\u0117jimo susikoncentruoti<\/p>\n<\/li>\n<li data-start=\"128\" data-end=\"172\">\n<p data-start=\"130\" data-end=\"172\">Palaiko smegen\u0173 ir nerv\u0173 sistemos veikl\u0105<\/p>\n<\/li>\n<li data-start=\"173\" data-end=\"201\">\n<p data-start=\"175\" data-end=\"201\">Skatina smegen\u0173 aktyvum\u0105<\/p>\n<\/li>\n<li data-start=\"202\" data-end=\"271\">\n<p data-start=\"204\" data-end=\"271\">Gryb\u0173 ekstrakte esantys polisacharidai padeda kovoti su nuovargiu<\/p>\n<\/li>\n<li data-start=\"272\" data-end=\"354\">\n<p data-start=\"274\" data-end=\"354\">Gerina miego kokyb\u0119 ir taip padeda palaikyti kasdien\u012f miego bei pabudimo ritm\u0105<\/p>\n<\/li>\n<li data-start=\"355\" data-end=\"371\">\n<p data-start=\"357\" data-end=\"371\">Ramina prot\u0105<\/p>\n<\/li>\n<li data-start=\"372\" data-end=\"410\">\n<p data-start=\"374\" data-end=\"410\">Pasi\u017eymi prie\u0161u\u017edegiminiu poveikiu<\/p>\n<\/li>\n<li data-start=\"411\" data-end=\"447\" data-is-last-node=\"\">\n<p data-start=\"413\" data-end=\"447\" data-is-last-node=\"\">Vienos pakuot\u0117s u\u017etenka 30 dien\u0173<\/p>\n<\/li>\n<\/ul>\n","protected":false},"featured_media":142093,"comment_status":"open","ping_status":"closed","template":"","meta":{"_acf_changed":false},"product_brand":[],"product_cat":[593,594],"product_tag":[],"class_list":{"0":"post-142081","1":"product","2":"type-product","3":"status-publish","4":"has-post-thumbnail","6":"product_cat-toidulisandid-lt","7":"product_cat-ole-terve-lt","9":"first","10":"instock","11":"taxable","12":"shipping-taxable","13":"purchasable","14":"product-type-simple"},"bundle_layout":"","bundled_by":[],"bundled_items":[],"acf":[],"_links":{"self":[{"href":"https:\/\/bemore.ee\/lt\/wp-json\/wp\/v2\/product\/142081","targetHints":{"allow":["GET"]}}],"collection":[{"href":"https:\/\/bemore.ee\/lt\/wp-json\/wp\/v2\/product"}],"about":[{"href":"https:\/\/bemore.ee\/lt\/wp-json\/wp\/v2\/types\/product"}],"replies":[{"embeddable":true,"href":"https:\/\/bemore.ee\/lt\/wp-json\/wp\/v2\/comments?post=142081"}],"wp:featuredmedia":[{"embeddable":true,"href":"https:\/\/bemore.ee\/lt\/wp-json\/wp\/v2\/media\/142093"}],"wp:attachment":[{"href":"https:\/\/bemore.ee\/lt\/wp-json\/wp\/v2\/media?parent=142081"}],"wp:term":[{"taxonomy":"product_brand","embeddable":true,"href":"https:\/\/bemore.ee\/lt\/wp-json\/wp\/v2\/product_brand?post=142081"},{"taxonomy":"product_cat","embeddable":true,"href":"https:\/\/bemore.ee\/lt\/wp-json\/wp\/v2\/product_cat?post=142081"},{"taxonomy":"product_tag","embeddable":true,"href":"https:\/\/bemore.ee\/lt\/wp-json\/wp\/v2\/product_tag?post=142081"}],"curies":[{"name":"wp","href":"https:\/\/api.w.org\/{rel}","templated":true}]}}