{"id":141914,"date":"2022-03-30T16:38:04","date_gmt":"2022-03-30T13:38:04","guid":{"rendered":"https:\/\/bemore.ee\/toode\/relax-kapsules\/"},"modified":"2025-09-25T11:52:34","modified_gmt":"2025-09-25T08:52:34","slug":"relax-kapsules","status":"publish","type":"product","link":"https:\/\/bemore.ee\/lt\/toode\/relax-kapsules\/","title":{"rendered":"Relax kapsul\u0117s"},"content":{"rendered":"<p data-start=\"0\" data-end=\"108\"><strong data-start=\"0\" data-end=\"106\">Maisto papildas su valerijon\u0173, liep\u017eied\u017ei\u0173, gudobeli\u0173 ir pasiflor\u0173 ekstraktais J\u016bs\u0173 ramybei palaikyti!<\/strong><\/p>\n<p data-start=\"110\" data-end=\"250\"><strong data-start=\"110\" data-end=\"149\">Valerijonas (Valeriana officinalis)<\/strong> \u2013 gerai i\u0161tirtas vaistinis augalas, kurio \u0161akn\u0173 ekstraktas padeda suma\u017einti lengv\u0105 nervin\u0119 \u012ftamp\u0105.<\/p>\n<p data-start=\"252\" data-end=\"421\"><strong data-start=\"252\" data-end=\"282\">Liepa (Tilia platyphyllos)<\/strong> \u2013 da\u017eniausiai naudojama per\u0161alimo atvejais. Be to, rekomenduojama kaip \u017eoleli\u0173 priemon\u0117, padedanti palengvinti lengvus streso simptomus.<\/p>\n<p data-start=\"423\" data-end=\"734\"><strong data-start=\"423\" data-end=\"458\">Gudobel\u0117 (Crataegus oxyacantha)<\/strong> \u2013 paprastai vartojama esant \u0161irdies sutrikimams, pavyzd\u017eiui, nereguliariam \u0161irdies plakimui. Europos vaist\u0173 agent\u016bra rekomenduoja gudobel\u0119 naudoti ne tik laikinam simptom\u0173 (pvz., \u0161irdies plakimo) palengvinimui, bet ir lengviems streso simptomams ma\u017einti bei miegui gerinti.<\/p>\n<p data-start=\"736\" data-end=\"937\"><strong data-start=\"736\" data-end=\"782\">Raudonoji pasiflora (Passiflora incarnata)<\/strong> \u2013 raminantis augalas, kur\u012f Europos vaist\u0173 agent\u016bra rekomenduoja kaip tradicin\u012f augalin\u012f vaist\u0105 lengviems streso simptomams ir miego sutrikimams ma\u017einti.<\/p>\n<p data-start=\"939\" data-end=\"1079\"><strong data-start=\"939\" data-end=\"956\">Vitaminas B12<\/strong> padeda palaikyti normali\u0105 nerv\u0173 sistemos ir psichologini\u0173 funkcij\u0173 veikl\u0105. Taip pat padeda ma\u017einti nuovarg\u012f ir i\u0161sekim\u0105.<\/p>\n<p data-start=\"1081\" data-end=\"1151\"><strong data-start=\"1081\" data-end=\"1097\">Vitaminas D3<\/strong> padeda palaikyti normali\u0105 imunin\u0117s sistemos veikl\u0105.<\/p>\n<p data-start=\"1153\" data-end=\"1180\"><strong data-start=\"1153\" data-end=\"1162\">Relax<\/strong> kapsul\u0117s tinka:<\/p>\n<ul data-start=\"1181\" data-end=\"1384\" data-is-last-node=\"\" data-is-only-node=\"\">\n<li data-start=\"1181\" data-end=\"1284\">\n<p data-start=\"1183\" data-end=\"1284\">\u017emon\u0117ms, norintiems suma\u017einti \u012ftamp\u0105 prie\u0161 ar per stresin\u012f laikotarp\u012f (pvz., egzamin\u0173 sesijos metu)<\/p>\n<\/li>\n<li data-start=\"1285\" data-end=\"1384\" data-is-last-node=\"\">\n<p data-start=\"1287\" data-end=\"1384\" data-is-last-node=\"\">\u017emon\u0117ms, norintiems suma\u017einti laikinus lengvus nerv\u0173 sistemos simptomus (pvz., \u0161irdies plakim\u0105)<\/p>\n<\/li>\n<\/ul>\n<p data-start=\"0\" data-end=\"13\"><strong data-start=\"0\" data-end=\"11\">Sud\u0117tis:<\/strong><\/p>\n<p data-start=\"0\" data-end=\"13\">Vaistini\u0173 valerijon\u0173 (Valeriana officinalis) \u0161akn\u0173 sausasis ekstraktas, did\u017eialapi\u0173 liep\u0173 (Tilia platyphyllos) \u017eied\u0173 sausasis ekstraktas, grau\u017eelini\u0173 gudobeli\u0173 (Crataegus oxyacantha) lap\u0173 ir \u017eied\u0173 sausasis ekstraktas, hidroksipropilmetilceliulioz\u0117 (kapsul\u0117s apvalkalas), raudon\u0173j\u0173 pasiflor\u0173 (Passiflora incarnata) \u017eied\u0173 sausasis ekstraktas, cianokobalaminas, cholekalciferolis.<\/p>\n<p data-start=\"0\" data-end=\"158\"><strong data-start=\"0\" data-end=\"21\">Produktas neturi:<\/strong><br data-start=\"21\" data-end=\"24\" \/>dirbtini\u0173 kvapi\u0173j\u0173 med\u017eiag\u0173, kvapikli\u0173 ar konservant\u0173, maistini\u0173 da\u017eikli\u0173, saldikli\u0173, cukraus ar geneti\u0161kai modifikuot\u0173 ingredient\u0173.<\/p>\n<p data-start=\"160\" data-end=\"494\"><strong data-start=\"160\" data-end=\"173\">\u012esp\u0117jimai<\/strong><br data-start=\"173\" data-end=\"176\" \/>Nutraukite vartojim\u0105, jei pasirei\u0161kia padid\u0117jusio jautrumo reakcijos, susijusios su kapsuli\u0173 vartojimu. Maisto papildas n\u0117ra \u012fvairios mitybos pakaitalas. Svarbu laikytis \u012fvairios ir subalansuotos mitybos bei sveiko gyvenimo b\u016bdo. Negalima vir\u0161yti rekomenduojamos dienos doz\u0117s. Laikyti vaikams nepasiekiamoje vietoje.<\/p>\n<p data-start=\"496\" data-end=\"614\">Esant alergijai \u017eiedadulk\u0117ms, prie\u0161 vartojant produkt\u0105 rekomenduojama pasitarti su sveikatos prie\u017ei\u016bros specialistu.<\/p>\n<p data-start=\"616\" data-end=\"921\"><strong data-start=\"616\" data-end=\"630\">Vartojimas<\/strong><br data-start=\"630\" data-end=\"633\" \/>Suaugusiesiems (nuo 18 met\u0173): vartoti po dvi kietas kapsules, u\u017egeriant puse stiklin\u0117s vandens, ryte ir vakare, 20\u201330 minu\u010di\u0173 prie\u0161 valg\u012f. Rekomenduojamas <strong data-start=\"788\" data-end=\"797\">Relax<\/strong> kapsuli\u0173 vartojimo kursas \u2013 2\u20133 m\u0117nesiai. N\u0117\u0161tumo ir \u017eindymo laikotarpiu vartoti nerekomenduojama d\u0117l nepakankam\u0173 tyrim\u0173.<\/p>\n<p data-start=\"923\" data-end=\"1053\" data-is-last-node=\"\" data-is-only-node=\"\"><strong data-start=\"923\" data-end=\"942\">Laikymo s\u0105lygos<\/strong><br data-start=\"942\" data-end=\"945\" \/>Laikyti originalioje pakuot\u0117je, 5\u201325 \u2103 temperat\u016broje, saugoti nuo dr\u0117gm\u0117s ir tiesiogini\u0173 saul\u0117s spinduli\u0173.<\/p>\n<p data-start=\"15\" data-end=\"397\" data-is-last-node=\"\" data-is-only-node=\"\">\n","protected":false},"excerpt":{"rendered":"<p data-start=\"0\" data-end=\"116\"><strong data-start=\"0\" data-end=\"114\">Maisto papildas su valerijon\u0173, liep\u017eied\u017ei\u0173, gudobeli\u0173 ir pasiflor\u0173 ekstraktais J\u016bs\u0173 vidinei ramybei palaikyti!<\/strong><\/p>\n<ul data-start=\"118\" data-end=\"498\" data-is-last-node=\"\" data-is-only-node=\"\">\n<li data-start=\"118\" data-end=\"210\">\n<p data-start=\"120\" data-end=\"210\">Sud\u0117tyje yra raminan\u010di\u0173 vaistini\u0173 augal\u0173 ekstrakt\u0173 ir nerv\u0173 sistem\u0105 palaikan\u010di\u0173 vitamin\u0173<\/p>\n<\/li>\n<li data-start=\"211\" data-end=\"294\">\n<p data-start=\"213\" data-end=\"294\">Produktas sukurtas bendradarbiaujant su Tartu universiteto Farmacijos institutu<\/p>\n<\/li>\n<li data-start=\"295\" data-end=\"314\">\n<p data-start=\"297\" data-end=\"314\">100 % nat\u016bralus<\/p>\n<\/li>\n<li data-start=\"315\" data-end=\"364\">\n<p data-start=\"317\" data-end=\"364\">Gali pad\u0117ti suma\u017einti lengv\u0105 nerim\u0105 ir stres\u0105<\/p>\n<\/li>\n<li data-start=\"365\" data-end=\"392\">\n<p data-start=\"367\" data-end=\"392\">Ma\u017eina protin\u012f nuovarg\u012f<\/p>\n<\/li>\n<li data-start=\"393\" data-end=\"440\">\n<p data-start=\"395\" data-end=\"440\">Didina organizmo atsparum\u0105 nervinei \u012ftampai<\/p>\n<\/li>\n<li data-start=\"441\" data-end=\"477\">\n<p data-start=\"443\" data-end=\"477\">Vienos pakuot\u0117s u\u017etenka 15 dien\u0173<\/p>\n<\/li>\n<li data-start=\"478\" data-end=\"498\" data-is-last-node=\"\">\n<p data-start=\"480\" data-end=\"498\" data-is-last-node=\"\">Tinka vegetarams<\/p>\n<\/li>\n<\/ul>\n","protected":false},"featured_media":141567,"comment_status":"open","ping_status":"closed","template":"","meta":{"_acf_changed":false},"product_brand":[],"product_cat":[593,594],"product_tag":[],"class_list":{"0":"post-141914","1":"product","2":"type-product","3":"status-publish","4":"has-post-thumbnail","6":"product_cat-toidulisandid-lt","7":"product_cat-ole-terve-lt","9":"first","10":"instock","11":"taxable","12":"shipping-taxable","13":"purchasable","14":"product-type-simple"},"bundle_layout":"","bundled_by":[],"bundled_items":[],"acf":[],"_links":{"self":[{"href":"https:\/\/bemore.ee\/lt\/wp-json\/wp\/v2\/product\/141914","targetHints":{"allow":["GET"]}}],"collection":[{"href":"https:\/\/bemore.ee\/lt\/wp-json\/wp\/v2\/product"}],"about":[{"href":"https:\/\/bemore.ee\/lt\/wp-json\/wp\/v2\/types\/product"}],"replies":[{"embeddable":true,"href":"https:\/\/bemore.ee\/lt\/wp-json\/wp\/v2\/comments?post=141914"}],"wp:featuredmedia":[{"embeddable":true,"href":"https:\/\/bemore.ee\/lt\/wp-json\/wp\/v2\/media\/141567"}],"wp:attachment":[{"href":"https:\/\/bemore.ee\/lt\/wp-json\/wp\/v2\/media?parent=141914"}],"wp:term":[{"taxonomy":"product_brand","embeddable":true,"href":"https:\/\/bemore.ee\/lt\/wp-json\/wp\/v2\/product_brand?post=141914"},{"taxonomy":"product_cat","embeddable":true,"href":"https:\/\/bemore.ee\/lt\/wp-json\/wp\/v2\/product_cat?post=141914"},{"taxonomy":"product_tag","embeddable":true,"href":"https:\/\/bemore.ee\/lt\/wp-json\/wp\/v2\/product_tag?post=141914"}],"curies":[{"name":"wp","href":"https:\/\/api.w.org\/{rel}","templated":true}]}}