{"id":141909,"date":"2024-10-07T07:00:20","date_gmt":"2024-10-07T04:00:20","guid":{"rendered":"https:\/\/bemore.ee\/?post_type=product&#038;p=141909"},"modified":"2025-09-25T11:41:30","modified_gmt":"2025-09-25T08:41:30","slug":"detox-support-kapsules","status":"publish","type":"product","link":"https:\/\/bemore.ee\/lt\/toode\/detox-support-kapsules\/","title":{"rendered":"Detox Support kapsul\u0117s"},"content":{"rendered":"<p data-start=\"0\" data-end=\"306\"><strong data-start=\"0\" data-end=\"17\">Detox Support<\/strong> kapsul\u0117s padeda kepenims pa\u0161alinti toksinus i\u0161 organizmo ir palaiko vir\u0161kinim\u0105. <strong data-start=\"98\" data-end=\"115\">Detox Support<\/strong> maisto papilde yra didel\u0117 augal\u0173 ekstrakt\u0173 koncentracija, tod\u0117l tai patogus ir veiksmingas pasirinkimas, palyginti su daugeliu kit\u0173 maisto papild\u0173. Vienos pakuot\u0117s u\u017etenka dviem m\u0117nesiams.<\/p>\n<p data-start=\"308\" data-end=\"442\"><strong data-start=\"308\" data-end=\"339\">Kiaulpieni\u0173 \u0161akn\u0173 milteliai<\/strong> palaiko \u017earnyno veikl\u0105, padeda palaikyti fiziologin\u0119 skrand\u017eio pH pusiausvyr\u0105 ir skatina vir\u0161kinim\u0105.<\/p>\n<p data-start=\"444\" data-end=\"623\"><strong data-start=\"444\" data-end=\"474\">Ciber\u017eol\u0117s \u0161akn\u0173 milteliai<\/strong> turi stipri\u0173 antioksidacini\u0173 savybi\u0173. Be to, ciber\u017eol\u0117 padeda i\u0161vengti riebal\u0173 kaupimosi ir skatina j\u0173 skaidym\u0105, taip palaikydama kepen\u0173 funkcij\u0105.<\/p>\n<p data-start=\"625\" data-end=\"839\"><strong data-start=\"625\" data-end=\"653\">Arti\u0161ok\u0173 lap\u0173 ekstraktas<\/strong> palaiko kepen\u0173 funkcij\u0105 ir skatina vir\u0161kinim\u0105. Gali pad\u0117ti ma\u017einant svor\u012f. Taip pat padeda reguliuoti kraujo lipid\u0173 kiek\u012f ir prisideda prie geresn\u0117s \u0161irdies ir kraujagysli\u0173 sveikatos.<\/p>\n<p data-start=\"841\" data-end=\"920\"><strong data-start=\"841\" data-end=\"871\">Margaini\u0173 s\u0117kl\u0173 ekstraktas<\/strong> padeda valyti organizm\u0105 ir palaiko vir\u0161kinim\u0105.<\/p>\n<p data-start=\"922\" data-end=\"1055\"><strong data-start=\"922\" data-end=\"951\">Juod\u0173j\u0173 pipir\u0173 ekstraktas<\/strong> padeda stiprinti imunin\u0119 sistem\u0105, padeda kontroliuoti apetit\u0105, palaiko vir\u0161kinim\u0105 ir kepen\u0173 funkcij\u0105.<\/p>\n<p data-start=\"1057\" data-end=\"1092\"><strong data-start=\"1057\" data-end=\"1074\">Detox Support<\/strong> kapsul\u0117s tinka:<\/p>\n<ul data-start=\"1093\" data-end=\"1272\" data-is-last-node=\"\" data-is-only-node=\"\">\n<li data-start=\"1093\" data-end=\"1151\">\n<p data-start=\"1095\" data-end=\"1151\">kiekvienam, norin\u010diam palaikyti ir skatinti vir\u0161kinim\u0105<\/p>\n<\/li>\n<li data-start=\"1152\" data-end=\"1218\">\n<p data-start=\"1154\" data-end=\"1218\">kiekvienam, norin\u010diam palaikyti kepen\u0173 detoksikacijos procesus<\/p>\n<\/li>\n<li data-start=\"1219\" data-end=\"1272\" data-is-last-node=\"\">\n<p data-start=\"1221\" data-end=\"1272\" data-is-last-node=\"\">kiekvienam, norin\u010diam sustiprinti imunin\u0119 sistem\u0105<\/p>\n<\/li>\n<\/ul>\n<p data-start=\"0\" data-end=\"13\"><strong data-start=\"0\" data-end=\"11\">Sud\u0117tis<\/strong><\/p>\n<p data-start=\"15\" data-end=\"234\" data-is-last-node=\"\" data-is-only-node=\"\">Paprast\u0173j\u0173 kiaulpieni\u0173 (Taraxacum officinale) \u0161akn\u0173 milteliai, da\u017ein\u0117s ciber\u017eol\u0117s arba kurkumino (Curcuma longa) \u0161akn\u0173 milteliai, hidroksipropilmetilceliulioz\u0117 (kapsul\u0117s apvalkalas), tikr\u0173j\u0173 arti\u0161ok\u0173 (Cynara scolymus) lap\u0173 ekstraktas 10:1, mikrokristalin\u0117 celiulioz\u0117 (u\u017epildas), tikr\u0173j\u0173 margaini\u0173 (Silybum marianum) s\u0117kl\u0173 ekstraktas 50:1 (i\u0161 kurio 80 % sudaro silimarinas), juod\u0173j\u0173 pipir\u0173 (Piper nigrum) vaisi\u0173 ekstraktas 2:1, magnio stearatas (nuo sukibimo apsauganti med\u017eiaga), silicio dioksidas (nuo sukibimo apsauganti med\u017eiaga).<\/p>\n<p data-start=\"0\" data-end=\"219\"><strong data-start=\"0\" data-end=\"21\">Produktas neturi:<\/strong> dirbtini\u0173 kvapi\u0173j\u0173 med\u017eiag\u0173, kvapikli\u0173 ar konservant\u0173, maistini\u0173 da\u017eikli\u0173, saldikli\u0173, cukraus, gliuteno, \u017euvies, soj\u0173, kiau\u0161ini\u0173, laktoz\u0117s, rie\u0161ut\u0173, sulfit\u0173 ar geneti\u0161kai modifikuot\u0173 ingredient\u0173.<\/p>\n<p data-start=\"221\" data-end=\"438\"><strong data-start=\"221\" data-end=\"250\">Vartojimo rekomendacijos:<\/strong> suaugusiesiems nuo 18 met\u0173 \u2013 vartoti po 1 kapsul\u0119 per dien\u0105, u\u017egeriant vandeniu ir maistu. Jei esate n\u0117\u0161\u010dia ar \u017eindote, nevartokite \u0161io papildo, prie\u0161 vartojim\u0105 pasitarkite su gydytoju.<\/p>\n<p data-start=\"440\" data-end=\"650\"><strong data-start=\"440\" data-end=\"453\">\u012esp\u0117jimai<\/strong><br data-start=\"453\" data-end=\"456\" \/>Maisto papildas n\u0117ra \u012fvairios mitybos pakaitalas. Svarbu laikytis subalansuotos mitybos ir sveiko gyvenimo b\u016bdo. Nevir\u0161yti rekomenduojamos dienos doz\u0117s. Laikyti vaikams nepasiekiamoje vietoje.<\/p>\n<p data-start=\"652\" data-end=\"820\" data-is-last-node=\"\" data-is-only-node=\"\"><strong data-start=\"652\" data-end=\"672\">Laikymo s\u0105lygos:<\/strong> laikyti originalioje pakuot\u0117je kambario temperat\u016broje, saugoti nuo dr\u0117gm\u0117s ir tiesiogini\u0173 saul\u0117s spinduli\u0173. Laikyti vaikams nepasiekiamoje vietoje!<\/p>\n","protected":false},"excerpt":{"rendered":"<p data-start=\"0\" data-end=\"105\"><strong data-start=\"0\" data-end=\"103\">Maisto papildas su margainu, kiaulpien\u0117mis ir juodaisiais pipirais kepen\u0173 bei vir\u0161kinimo palaikymui<\/strong><\/p>\n<ul data-start=\"107\" data-end=\"632\" data-is-last-node=\"\" data-is-only-node=\"\">\n<li data-start=\"107\" data-end=\"161\">\n<p data-start=\"109\" data-end=\"161\">Sud\u0117tyje yra didel\u0117 augal\u0173 ekstrakt\u0173 koncentracija<\/p>\n<\/li>\n<li data-start=\"162\" data-end=\"247\">\n<p data-start=\"164\" data-end=\"247\">Padeda palaikyti kepen\u0173 veikl\u0105 ir prisideda prie organizmo detoksikacijos proces\u0173<\/p>\n<\/li>\n<li data-start=\"248\" data-end=\"323\">\n<p data-start=\"250\" data-end=\"323\">Skatina vir\u0161kinim\u0105 d\u0117l kiaulpieni\u0173 \u0161akn\u0173 milteli\u0173 ir arti\u0161ok\u0173 ekstrakto<\/p>\n<\/li>\n<li data-start=\"324\" data-end=\"402\">\n<p data-start=\"326\" data-end=\"402\">D\u0117l juod\u0173j\u0173 pipir\u0173 ekstrakto padeda geriau pasisavinti maistines med\u017eiagas<\/p>\n<\/li>\n<li data-start=\"403\" data-end=\"586\">\n<p data-start=\"405\" data-end=\"586\">Sud\u0117tyje yra didel\u0117 koncentracija (50:1) margaini\u0173 ekstrakto, atitinkan\u010dio 200 mg margaini\u0173 s\u0117kl\u0173 milteli\u0173 (i\u0161 kuri\u0173 80 % sudaro antioksidantas silimarinas, ypa\u010d svarbus kepenims)<\/p>\n<\/li>\n<li data-start=\"587\" data-end=\"632\" data-is-last-node=\"\">\n<p data-start=\"589\" data-end=\"632\" data-is-last-node=\"\">Pakuot\u0117je yra 60 vegani\u0161k\u0173 kiet\u0173 kapsuli\u0173<\/p>\n<\/li>\n<\/ul>\n","protected":false},"featured_media":141910,"comment_status":"open","ping_status":"closed","template":"","meta":{"_acf_changed":false},"product_brand":[],"product_cat":[593],"product_tag":[],"class_list":{"0":"post-141909","1":"product","2":"type-product","3":"status-publish","4":"has-post-thumbnail","6":"product_cat-toidulisandid-lt","8":"first","9":"outofstock","10":"taxable","11":"shipping-taxable","12":"purchasable","13":"product-type-simple"},"bundle_layout":"","bundled_by":[],"bundled_items":[],"acf":[],"_links":{"self":[{"href":"https:\/\/bemore.ee\/lt\/wp-json\/wp\/v2\/product\/141909","targetHints":{"allow":["GET"]}}],"collection":[{"href":"https:\/\/bemore.ee\/lt\/wp-json\/wp\/v2\/product"}],"about":[{"href":"https:\/\/bemore.ee\/lt\/wp-json\/wp\/v2\/types\/product"}],"replies":[{"embeddable":true,"href":"https:\/\/bemore.ee\/lt\/wp-json\/wp\/v2\/comments?post=141909"}],"wp:featuredmedia":[{"embeddable":true,"href":"https:\/\/bemore.ee\/lt\/wp-json\/wp\/v2\/media\/141910"}],"wp:attachment":[{"href":"https:\/\/bemore.ee\/lt\/wp-json\/wp\/v2\/media?parent=141909"}],"wp:term":[{"taxonomy":"product_brand","embeddable":true,"href":"https:\/\/bemore.ee\/lt\/wp-json\/wp\/v2\/product_brand?post=141909"},{"taxonomy":"product_cat","embeddable":true,"href":"https:\/\/bemore.ee\/lt\/wp-json\/wp\/v2\/product_cat?post=141909"},{"taxonomy":"product_tag","embeddable":true,"href":"https:\/\/bemore.ee\/lt\/wp-json\/wp\/v2\/product_tag?post=141909"}],"curies":[{"name":"wp","href":"https:\/\/api.w.org\/{rel}","templated":true}]}}