{"id":141904,"date":"2024-09-23T07:05:28","date_gmt":"2024-09-23T04:05:28","guid":{"rendered":"https:\/\/bemore.ee\/?post_type=product&#038;p=141904"},"modified":"2025-09-25T11:26:08","modified_gmt":"2025-09-25T08:26:08","slug":"female-balance-kapsules","status":"publish","type":"product","link":"https:\/\/bemore.ee\/lt\/toode\/female-balance-kapsules\/","title":{"rendered":"Female Balance kapsul\u0117s"},"content":{"rendered":"<p data-start=\"0\" data-end=\"283\"><strong data-start=\"0\" data-end=\"18\">Female Balance<\/strong> kapsul\u0117s sukurtos \u012fvairaus am\u017eiaus moter\u0173 sveikatai palaikyti ir hormon\u0173 sistemai subalansuoti. Maisto papilde <strong data-start=\"130\" data-end=\"148\">Female Balance<\/strong> yra didel\u0117 augal\u0173 ekstrakt\u0173 koncentracija, tod\u0117l tai patogus ir veiksmingas pasirinkimas, palyginti su daugeliu kit\u0173 maisto papild\u0173.<\/p>\n<p data-start=\"285\" data-end=\"939\"><strong data-start=\"285\" data-end=\"337\">Dong Quai \u0161aknies ekstraktas (Angelica sinensis)<\/strong> \u2013 augalas, kil\u0119s i\u0161 Azijos kaln\u0173, priklauso tai pa\u010diai botanikos \u0161eimai kaip morkos ir salierai. Jau daugiau nei 2000 met\u0173 naudojamas kin\u0173 medicinoje. Pagrindin\u0117s jo vartojimo sritys: imunin\u0117s sistemos stiprinimas, skausmo mal\u0161inimas ir kraujo kokyb\u0117s gerinimas. Daugel\u012f met\u0173 kin\u0173 medicinos specialistai rekomendavo Dong Quai moterims, kurioms reikia \u201epraturtinti\u201c krauj\u0105. Did\u017eiausia nauda pastebima po gimdymo, menstruacij\u0173 metu ir po j\u0173 \u2013 esant PMS, menopauzei ar spazmams. D\u0117l to Dong Quai da\u017enai vadinamas \u201emoteri\u0161ku \u017een\u0161eniu\u201c. Taip pat \u017einoma, kad jis organizme veikia pana\u0161iai kaip estrogenas.<\/p>\n<p data-start=\"941\" data-end=\"1325\">Papilde <strong data-start=\"949\" data-end=\"967\">Female Balance<\/strong> taip pat yra <strong data-start=\"981\" data-end=\"1005\">soj\u0173 s\u0117kl\u0173 ekstrakto<\/strong> ir <strong>tikr\u0173j\u0173 skaistmin\u0173\u00a0ekstrakto<\/strong> \u2013 abu jie veikia kaip moter\u0173 hormon\u0173 sistemos palaikytojai ir subalansuotojai. Tyrimais patvirtinta, kad jie padeda palengvinti PMS ir menopauz\u0117s simptomus. Be to, <strong data-start=\"1204\" data-end=\"1234\">apelsin\u0173 vaisi\u0173 ekstraktas<\/strong> veikia kaip stiprus antioksidantas ir apsaugo organizmo l\u0105steles nuo oksidacinio streso.<\/p>\n<p data-start=\"1327\" data-end=\"1363\"><strong data-start=\"1327\" data-end=\"1345\">Female Balance<\/strong> kapsul\u0117s tinka:<\/p>\n<ul data-start=\"1364\" data-end=\"1562\">\n<li data-start=\"1364\" data-end=\"1415\">\n<p data-start=\"1366\" data-end=\"1415\">visiems, norintiems sustiprinti imunin\u0119 sistem\u0105<\/p>\n<\/li>\n<li data-start=\"1416\" data-end=\"1507\">\n<p data-start=\"1418\" data-end=\"1507\">moterims, norin\u010dioms suma\u017einti PMS simptomus ir menstruacij\u0173 metu patiriam\u0105 diskomfort\u0105<\/p>\n<\/li>\n<li data-start=\"1508\" data-end=\"1562\">\n<p data-start=\"1510\" data-end=\"1562\">menopauz\u0117s metu, norint palengvinti kar\u0161\u010dio bangas<\/p>\n<\/li>\n<\/ul>\n<p data-start=\"0\" data-end=\"13\"><strong data-start=\"0\" data-end=\"11\">Sud\u0117tis:<\/strong><\/p>\n<p data-start=\"15\" data-end=\"234\" data-is-last-node=\"\" data-is-only-node=\"\">Kinini\u0173 skudu\u010di\u0173 (Angelica sinensis) arba Dong Quai \u0161akn\u0173 ekstraktas 4:1, hidroksipropilmetilceliulioz\u0117 (kapsul\u0117s apvalkalas), apelsinmed\u017eio (Citrus aurantium ssp. sinensis) neprinokusi\u0173 vaisi\u0173 ekstraktas 5\u20136:1, soj\u0173 pupeli\u0173 (Glycine max) s\u0117kl\u0173 ekstraktas 80\u2013100:1, mikrokristalin\u0117 celiulioz\u0117 (u\u017epildas), tikr\u0173j\u0173 skaistmin\u0173 (Vitex agnus-castus) vaisi\u0173 ekstraktas 4:1, silicio dioksidas (nuo sukibimo apsauganti med\u017eiaga), magnio stearatas (nuo sukibimo apsauganti med\u017eiaga).<\/p>\n<p data-start=\"0\" data-end=\"213\"><strong data-start=\"0\" data-end=\"21\">Produktas neturi:<\/strong> dirbtini\u0173 kvapi\u0173j\u0173 med\u017eiag\u0173, kvapikli\u0173 ar konservant\u0173, maistini\u0173 da\u017eikli\u0173, saldikli\u0173, cukraus, gliuteno, \u017euvies, kiau\u0161ini\u0173, laktoz\u0117s, rie\u0161ut\u0173, sulfit\u0173 ar geneti\u0161kai modifikuot\u0173 ingredient\u0173.<\/p>\n<p data-start=\"215\" data-end=\"244\"><strong data-start=\"215\" data-end=\"233\">Kapsul\u0117se yra:<\/strong> <strong data-start=\"234\" data-end=\"242\">SOJ\u0172<\/strong><\/p>\n<p data-start=\"246\" data-end=\"363\"><strong data-start=\"246\" data-end=\"275\">Vartojimo rekomendacijos:<\/strong> suaugusiesiems nuo 18 met\u0173 \u2013 nuryti 1 kapsul\u0119 per dien\u0105 u\u017egeriant maistu ir vandeniu.<\/p>\n<p data-start=\"365\" data-end=\"412\"><strong data-start=\"365\" data-end=\"410\">Nevartoti n\u0117\u0161tumo ir \u017eindymo laikotarpiu.<\/strong><\/p>\n<p data-start=\"414\" data-end=\"624\"><strong data-start=\"414\" data-end=\"427\">\u012esp\u0117jimai<\/strong><br data-start=\"427\" data-end=\"430\" \/>Maisto papildas n\u0117ra \u012fvairios mitybos pakaitalas. Svarbu laikytis subalansuotos mitybos ir sveiko gyvenimo b\u016bdo. Nevir\u0161yti rekomenduojamos dienos doz\u0117s. Laikyti vaikams nepasiekiamoje vietoje.<\/p>\n<p data-start=\"626\" data-end=\"794\" data-is-last-node=\"\" data-is-only-node=\"\"><strong data-start=\"626\" data-end=\"646\">Laikymo s\u0105lygos:<\/strong> laikyti originalioje pakuot\u0117je kambario temperat\u016broje, saugoti nuo dr\u0117gm\u0117s ir tiesiogini\u0173 saul\u0117s spinduli\u0173. Laikyti vaikams nepasiekiamoje vietoje!<\/p>\n","protected":false},"excerpt":{"rendered":"<p data-start=\"0\" data-end=\"48\">Maisto papildas moter\u0173 sveikatai subalansuoti!<\/p>\n<ul>\n<li data-start=\"50\" data-end=\"561\">Sud\u0117tyje yra didel\u0117 augal\u0173 ekstrakt\u0173 koncentracija<\/li>\n<li data-start=\"50\" data-end=\"561\">Padeda suma\u017einti diskomfort\u0105 menstruacij\u0173 ciklo metu<\/li>\n<li data-start=\"50\" data-end=\"561\">D\u0117ka tikr\u0173j\u0173 skaistmin\u0173 vaisi\u0173 ekstrakto, gali pad\u0117ti palengvinti menopauz\u0117s simptomus<\/li>\n<li data-start=\"50\" data-end=\"561\">Sud\u0117tyje yra didel\u0117 koncentracija (4:1) Dong Quai \u0161aknies ekstrakto, kuris atitinka 1100 mg Dong Quai \u0161aknies milteli\u0173. Dong Quai yra stiprus antioksidantas, padedantis palaikyti moter\u0173 sveikat\u0105 ir naudingas esant hormon\u0173 pusiausvyros sutrikimams<\/li>\n<li data-start=\"50\" data-end=\"561\">Pakuot\u0117je yra 60 vegani\u0161k\u0173 kiet\u0173 kapsuli\u0173<\/li>\n<\/ul>\n","protected":false},"featured_media":141905,"comment_status":"open","ping_status":"closed","template":"","meta":{"_acf_changed":false},"product_brand":[],"product_cat":[593],"product_tag":[],"class_list":{"0":"post-141904","1":"product","2":"type-product","3":"status-publish","4":"has-post-thumbnail","6":"product_cat-toidulisandid-lt","8":"first","9":"instock","10":"taxable","11":"shipping-taxable","12":"purchasable","13":"product-type-simple"},"bundle_layout":"","bundled_by":[],"bundled_items":[],"acf":[],"_links":{"self":[{"href":"https:\/\/bemore.ee\/lt\/wp-json\/wp\/v2\/product\/141904","targetHints":{"allow":["GET"]}}],"collection":[{"href":"https:\/\/bemore.ee\/lt\/wp-json\/wp\/v2\/product"}],"about":[{"href":"https:\/\/bemore.ee\/lt\/wp-json\/wp\/v2\/types\/product"}],"replies":[{"embeddable":true,"href":"https:\/\/bemore.ee\/lt\/wp-json\/wp\/v2\/comments?post=141904"}],"wp:featuredmedia":[{"embeddable":true,"href":"https:\/\/bemore.ee\/lt\/wp-json\/wp\/v2\/media\/141905"}],"wp:attachment":[{"href":"https:\/\/bemore.ee\/lt\/wp-json\/wp\/v2\/media?parent=141904"}],"wp:term":[{"taxonomy":"product_brand","embeddable":true,"href":"https:\/\/bemore.ee\/lt\/wp-json\/wp\/v2\/product_brand?post=141904"},{"taxonomy":"product_cat","embeddable":true,"href":"https:\/\/bemore.ee\/lt\/wp-json\/wp\/v2\/product_cat?post=141904"},{"taxonomy":"product_tag","embeddable":true,"href":"https:\/\/bemore.ee\/lt\/wp-json\/wp\/v2\/product_tag?post=141904"}],"curies":[{"name":"wp","href":"https:\/\/api.w.org\/{rel}","templated":true}]}}