{"id":141827,"date":"2020-05-15T09:34:58","date_gmt":"2020-05-15T09:34:58","guid":{"rendered":"https:\/\/bemore.ee\/?post_type=product&#038;p=141827"},"modified":"2025-10-22T14:32:04","modified_gmt":"2025-10-22T11:32:04","slug":"collagen-edition-buckthornnlemon-150g","status":"publish","type":"product","link":"https:\/\/bemore.ee\/lt\/toode\/collagen-edition-buckthornnlemon-150g\/","title":{"rendered":"COLLAGEN EDITION Buckthorn\u2019n\u2019Lemon, 150g"},"content":{"rendered":"<p data-start=\"0\" data-end=\"379\"><strong data-start=\"0\" data-end=\"65\">100 % nat\u016bralus uog\u0173 kolageno mi\u0161inys j\u016bs\u0173 gro\u017eiui palaikyti!<\/strong><br data-start=\"65\" data-end=\"68\" \/><strong data-start=\"68\" data-end=\"106\">COLLAGEN EDITION Buckthorn\u2019n\u2019Lemon<\/strong> sukurtas \u017emon\u0117ms, norintiems palaikyti nat\u016bral\u0173 gro\u017e\u012f, od\u0105, s\u0105narius ir raumenis.<br data-start=\"188\" data-end=\"191\" \/>\u0160is gro\u017eio mi\u0161inys yra puikus kolageno \u0161altinis, papildytas vitaminu C ir manganu kartu su hidrolizuotu kolagenu. Vitaminas E veikia kaip antioksidantas, palaikantis nat\u016bral\u0173 odos gro\u017e\u012f.<\/p>\n<p data-start=\"381\" data-end=\"988\">Kolagenas yra gausiausias baltymas m\u016bs\u0173 organizme. Jis randamas raumenyse, odoje, kraujyje, kauluose, s\u0105nariuose ir sausgysl\u0117se. Organizmas gali pats gaminti kolagen\u0105, ta\u010diau tam reikalingos tinkamos \u201estatybin\u0117s med\u017eiagos\u201c \u2013 \u012fvairios maistin\u0117s med\u017eiagos, dalyvaujan\u010dios kolageno sintez\u0117je. Nuo 25 met\u0173 am\u017eiaus kolageno gamyba pradeda ma\u017e\u0117ti. Kolageno gamyb\u0105 taip pat slopina tokie \u012fpro\u010diai kaip r\u016bkymas, per didelis buvimas saul\u0117je ir nesveika mityba. Ma\u017e\u0117jant kolageno kiekiui, atsiranda rauk\u0161l\u0117s, oda praranda stangrum\u0105, gali pasireik\u0161ti s\u0105nari\u0173 skausmai. Tod\u0117l kolageno miltelius verta vartoti kasdien.<\/p>\n<p data-start=\"990\" data-end=\"1553\">\u0160altalankis yra vertingas vaistinis augalas. Jis gausus vitamin\u0173 ir bioaktyvi\u0173 jungini\u0173, padeda atsinaujinti odai. Citrina padeda kovoti su laisvaisiais radikalais, kurie skatina odos sen\u0117jim\u0105, ir saugo nuo rauk\u0161li\u0173 susidarymo. Citrinos yra turtingos vitaminu C, kuris svarbus kolageno sintezei, palaikan\u010diai jaun\u0105 od\u0105. Camu-Camu vaisiai turi did\u017eiausi\u0105 nat\u016bral\u0173 vitamino C kiek\u012f. D\u0117l gausaus antioksidant\u0173, mineral\u0173 ir vitamin\u0173 kiekio jie naudojami kosmetikoje kaip prie\u0161rauk\u0161lin\u0117 priemon\u0117. Agrastai taip pat turi antioksidant\u0173, kurie l\u0117tina sen\u0117jimo procesus.<\/p>\n<p data-start=\"1555\" data-end=\"1602\"><strong data-start=\"1555\" data-end=\"1600\">COLLAGEN EDITION Buckthorn\u2019n\u2019Lemon tinka:<\/strong><\/p>\n<ul data-start=\"1603\" data-end=\"1783\">\n<li data-start=\"1603\" data-end=\"1686\">\n<p data-start=\"1605\" data-end=\"1686\">visiems, norintiems padidinti vitamin\u0173, mineral\u0173 ir antioksidant\u0173 kiek\u012f racione<\/p>\n<\/li>\n<li data-start=\"1687\" data-end=\"1735\">\n<p data-start=\"1689\" data-end=\"1735\">tiems, kurie nori pagerinti odos elastingum\u0105<\/p>\n<\/li>\n<li data-start=\"1736\" data-end=\"1771\">\n<p data-start=\"1738\" data-end=\"1771\">vartoti n\u0117\u0161tumo ir \u017eindymo metu<\/p>\n<\/li>\n<li data-start=\"1772\" data-end=\"1783\">\n<p data-start=\"1774\" data-end=\"1783\">vaikams<\/p>\n<\/li>\n<\/ul>\n<p data-start=\"1785\" data-end=\"1986\"><strong data-start=\"1785\" data-end=\"1797\">Sud\u0117tis:<\/strong> hidrolizuotas galvij\u0173 kolagenas (74 %), liofilizuoti \u0161altalanki\u0173 milteliai (15 %), liofilizuoti citrin\u0173 milteliai (4 %), liofilizuoti camu-camu milteliai, liofilizuoti agrast\u0173 milteliai.<\/p>\n<p data-start=\"1988\" data-end=\"2081\"><strong data-start=\"1988\" data-end=\"2003\">Vartojimas:<\/strong> \u012fd\u0117kite kolageno mi\u0161in\u012f \u012f glotnut\u012f, jogurt\u0105, vanden\u012f, ko\u0161\u0119, desertus ir kt.<\/p>\n<p data-start=\"2083\" data-end=\"2185\"><strong data-start=\"2083\" data-end=\"2095\">Porcija:<\/strong> viena porcija \u2013 1 valgomasis \u0161auk\u0161tas. Rekomenduojamas kiekis per dien\u0105 \u2013 1\u20132 \u0161auk\u0161tai.<\/p>\n<p data-start=\"2187\" data-end=\"2276\"><strong data-start=\"2187\" data-end=\"2201\">Pakuot\u0117je:<\/strong> 150 g pakuot\u0117je yra apie 15 porcij\u0173 (priklausomai nuo naudojamo kiekio).<\/p>\n<p data-start=\"2278\" data-end=\"2410\"><strong data-start=\"2278\" data-end=\"2291\">Laikymas:<\/strong> laikyti kambario temperat\u016broje, atokiau nuo tiesiogini\u0173 saul\u0117s spinduli\u0173. Po kiekvieno naudojimo sandariai u\u017edaryti.<\/p>\n<p data-start=\"2412\" data-end=\"2566\"><strong data-start=\"2412\" data-end=\"2428\">Koks skonis?<\/strong><br data-start=\"2428\" data-end=\"2431\" \/>Buckthorn\u2019n\u2019Lemon turi gaiv\u0173 citrusin\u012f skon\u012f \u2013 r\u016bg\u0161tus \u0161altalanki\u0173 ir citrin\u0173 derinys maloniai pa\u017eadina gomur\u012f ir skonio receptorius.<\/p>\n","protected":false},"excerpt":{"rendered":"<p><strong data-start=\"0\" data-end=\"38\" data-is-only-node=\"\">COLLAGEN EDITION Buckthorn\u2019n\u2019Lemon<\/strong> kombinacija palaiko j\u016bs\u0173 gro\u017e\u012f, raumenis ir s\u0105narius.<\/p>\n<ul>\n<li>1 valgomasis \u0161auk\u0161tas turi apie 7400 mg gryno galvij\u0173 kolageno.<\/li>\n<li>100 % nat\u016bralus.<\/li>\n<li>Be prid\u0117tinio cukraus ar pried\u0173.<\/li>\n<li>Kolagenas yra gausiausias baltymas organizme.<\/li>\n<li>Hidrolizuoti kolageno peptidai lengvai pasisavinami organizme.<\/li>\n<li>Vitaminas C padeda normaliai formuotis kolagenui odoje, kauluose, kremzl\u0117se, dantenose, dantyse ir kraujagysl\u0117se.<\/li>\n<li>Manganas reikalingas normaliai smegen\u0173 ir nerv\u0173 sistemos veiklai bei kolageno gamybai.<\/li>\n<li>Vitaminas E yra antioksidantas.<\/li>\n<\/ul>\n","protected":false},"featured_media":141719,"comment_status":"open","ping_status":"closed","template":"","meta":{"_acf_changed":false},"product_brand":[],"product_cat":[604,600],"product_tag":[627,636],"class_list":{"0":"post-141827","1":"product","2":"type-product","3":"status-publish","4":"has-post-thumbnail","6":"product_cat-buk-grazi","7":"product_cat-kolageno-misiniai","8":"product_tag-supertoidusegu-lt","9":"product_tag-iluheaks-lt","11":"first","12":"instock","13":"taxable","14":"shipping-taxable","15":"purchasable","16":"product-type-simple"},"bundle_layout":"","bundled_by":["142626","143191","143235"],"bundled_items":[],"acf":[],"_links":{"self":[{"href":"https:\/\/bemore.ee\/lt\/wp-json\/wp\/v2\/product\/141827","targetHints":{"allow":["GET"]}}],"collection":[{"href":"https:\/\/bemore.ee\/lt\/wp-json\/wp\/v2\/product"}],"about":[{"href":"https:\/\/bemore.ee\/lt\/wp-json\/wp\/v2\/types\/product"}],"replies":[{"embeddable":true,"href":"https:\/\/bemore.ee\/lt\/wp-json\/wp\/v2\/comments?post=141827"}],"wp:featuredmedia":[{"embeddable":true,"href":"https:\/\/bemore.ee\/lt\/wp-json\/wp\/v2\/media\/141719"}],"wp:attachment":[{"href":"https:\/\/bemore.ee\/lt\/wp-json\/wp\/v2\/media?parent=141827"}],"wp:term":[{"taxonomy":"product_brand","embeddable":true,"href":"https:\/\/bemore.ee\/lt\/wp-json\/wp\/v2\/product_brand?post=141827"},{"taxonomy":"product_cat","embeddable":true,"href":"https:\/\/bemore.ee\/lt\/wp-json\/wp\/v2\/product_cat?post=141827"},{"taxonomy":"product_tag","embeddable":true,"href":"https:\/\/bemore.ee\/lt\/wp-json\/wp\/v2\/product_tag?post=141827"}],"curies":[{"name":"wp","href":"https:\/\/api.w.org\/{rel}","templated":true}]}}