{"id":141759,"date":"2021-11-17T06:55:39","date_gmt":"2021-11-17T06:55:39","guid":{"rendered":"https:\/\/bemore.ee\/?post_type=product&#038;p=141759"},"modified":"2026-03-31T11:49:15","modified_gmt":"2026-03-31T08:49:15","slug":"be-sporty-veganisku-baltymu-milteliai-300-g","status":"publish","type":"product","link":"https:\/\/bemore.ee\/lt\/toode\/be-sporty-veganisku-baltymu-milteliai-300-g\/","title":{"rendered":"Be Sporty vegani\u0161k\u0173 baltym\u0173 milteliai, 300 g"},"content":{"rendered":"<p data-start=\"0\" data-end=\"372\"><strong data-start=\"0\" data-end=\"86\">100% nat\u016bralus supermaisto mi\u0161inys, kuris palaiko tave treniruot\u0117s metu ir po jos!<\/strong> Nesvarbu, ar esi m\u0117g\u0117jas, ar profesionalus sportininkas \u2013 Be Sporty suteikia tavo organizmui auk\u0161tos kokyb\u0117s augalini\u0173 baltym\u0173 ir vitamin\u0173. Produktas skanus ir lengvai naudojamas kasdien \u2013 tiesiog \u012fmai\u0161yk \u012f m\u0117gstam\u0105 g\u0117rim\u0105, vanden\u012f ar kokteil\u012f. Tavo geriausias treniruo\u010di\u0173 partneris!<\/p>\n<p data-start=\"374\" data-end=\"965\">Be Sporty yra milteliai, turintys daug baltym\u0173 bei vitamin\u0173 K ir C. Tai geras kalio \u0161altinis. Baltymai padeda palaikyti, atkurti ir auginti raumen\u0173 mas\u0119. Pagrindin\u0117 baltym\u0173 funkcija \u2013 u\u017etikrinti k\u016bno augim\u0105, statyb\u0105 ir vystym\u0105si. Beveik visi fermentai ir kai kurie hormonai yra baltymin\u0117s prigimties. Baltymai aktyviai dalyvauja antik\u016bn\u0173 gamyboje ir suteikia organizmui stipri\u0105 bei veikian\u010di\u0105 imunin\u0119 sistem\u0105. Vitaminas K padeda palaikyti normali\u0105 kaul\u0173 b\u016bkl\u0119. Vitaminas C padeda ma\u017einti nuovarg\u012f ir i\u0161sekim\u0105 bei prisideda prie normalios kolageno formacijos, svarbios kaulams ir kremzl\u0117ms.<\/p>\n<p data-start=\"967\" data-end=\"1007\"><strong data-start=\"967\" data-end=\"1005\">Be Sporty baltym\u0173 milteliai tinka:<\/strong><\/p>\n<ul data-start=\"1008\" data-end=\"1131\">\n<li data-start=\"1008\" data-end=\"1054\">\n<p data-start=\"1010\" data-end=\"1054\">\u017emon\u0117ms, turintiems didel\u012f fizin\u012f aktyvum\u0105<\/p>\n<\/li>\n<li data-start=\"1055\" data-end=\"1095\">\n<p data-start=\"1057\" data-end=\"1095\">kaip geras baltym\u0173 \u0161altinis veganams<\/p>\n<\/li>\n<li data-start=\"1096\" data-end=\"1131\">\n<p data-start=\"1098\" data-end=\"1131\">vartoti n\u0117\u0161tumo ir \u017eindymo metu<\/p>\n<\/li>\n<\/ul>\n<p data-start=\"1133\" data-end=\"1334\"><strong data-start=\"1133\" data-end=\"1167\">I\u0161 ko sudarytas \u0161is produktas?<\/strong><br data-start=\"1167\" data-end=\"1170\" \/>Sud\u0117tis: \u017eirni\u0173 baltym\u0173 milteliai (77%), \u0161altyje d\u017eiovint\u0173 juod\u0173j\u0173 serbent\u0173 milteliai, \u0161altyje d\u017eiovint\u0173 pasiflor\u0173 milteliai, \u0161altyje d\u017eiovint\u0173 citrin\u0173 milteliai.<\/p>\n<p data-start=\"1336\" data-end=\"1550\"><strong data-start=\"1336\" data-end=\"1353\">Kaip vartoti?<\/strong><br data-start=\"1353\" data-end=\"1356\" \/>Rekomenduojama vartoti: 1 valgomasis \u0161auk\u0161tas \u012f vanden\u012f, kokteil\u012f, jogurt\u0105 ar ko\u0161\u0119. Esant dideliam fiziniam kr\u016bviui \u2013 2\u20133 \u0161auk\u0161tai. Be Sporty puikiai tinka po treniruot\u0117s, raumen\u0173 atsigavimui.<\/p>\n<p data-start=\"1552\" data-end=\"1662\"><strong data-start=\"1552\" data-end=\"1568\">Koks skonis?<\/strong><br data-start=\"1568\" data-end=\"1571\" \/>Skonis maloniai tropinis ir uoginis \u2013 su juod\u0173j\u0173 serbent\u0173, pasiflor\u0173 ir citrinos natomis.<\/p>\n<p data-start=\"1664\" data-end=\"1892\" data-is-last-node=\"\" data-is-only-node=\"\"><strong data-start=\"1664\" data-end=\"1683\">Laikymo s\u0105lygos<\/strong><br data-start=\"1683\" data-end=\"1686\" \/>Laikyti v\u0117sioje ir sausoje vietoje, be tiesiogini\u0173 saul\u0117s spinduli\u0173. Po kiekvieno naudojimo pakuot\u0119 sandariai u\u017edaryti. \u0160is produktas nepakei\u010dia \u012fvairios ir subalansuotos mitybos bei sveiko gyvenimo b\u016bdo.<\/p>\n","protected":false},"excerpt":{"rendered":"<p>Tavo geriausias treniruo\u010di\u0173 partneris! 100% nat\u016bralus produktas. Nesvarbu, ar esi m\u0117g\u0117jas sportininkas, ar profesionalas \u2013 BE SPORTY baltym\u0173 ir vitamin\u0173 mi\u0161inys pad\u0117s tau treniruo\u010di\u0173 metu!<\/p>\n<ul>\n<li>Daug baltym\u0173<\/li>\n<li>Padeda raumen\u0173 augimui ir atsigavimui po treniruot\u0117s<\/li>\n<li>Daug vitamino K ir C<\/li>\n<li>Geras kalio \u0161altinis<\/li>\n<li>100% nat\u016bralus<\/li>\n<li>Be prid\u0117tinio cukraus ar pried\u0173<\/li>\n<li>Tinka veganams<\/li>\n<li>Lengva \u012fmai\u0161yti \u012f vanden\u012f ar kokteilius<\/li>\n<li>Puikus vaisi\u0173 skonis<\/li>\n<\/ul>\n","protected":false},"featured_media":141778,"comment_status":"open","ping_status":"closed","template":"","meta":{"_acf_changed":false},"product_brand":[],"product_cat":[603,607],"product_tag":[],"class_list":{"0":"post-141759","1":"product","2":"type-product","3":"status-publish","4":"has-post-thumbnail","6":"product_cat-bukite-aktyvus","7":"product_cat-supermaisto-misiniai","9":"first","10":"instock","11":"taxable","12":"shipping-taxable","13":"purchasable","14":"product-type-simple"},"bundle_layout":"","bundled_by":["142962"],"bundled_items":[],"acf":[],"_links":{"self":[{"href":"https:\/\/bemore.ee\/lt\/wp-json\/wp\/v2\/product\/141759","targetHints":{"allow":["GET"]}}],"collection":[{"href":"https:\/\/bemore.ee\/lt\/wp-json\/wp\/v2\/product"}],"about":[{"href":"https:\/\/bemore.ee\/lt\/wp-json\/wp\/v2\/types\/product"}],"replies":[{"embeddable":true,"href":"https:\/\/bemore.ee\/lt\/wp-json\/wp\/v2\/comments?post=141759"}],"wp:featuredmedia":[{"embeddable":true,"href":"https:\/\/bemore.ee\/lt\/wp-json\/wp\/v2\/media\/141778"}],"wp:attachment":[{"href":"https:\/\/bemore.ee\/lt\/wp-json\/wp\/v2\/media?parent=141759"}],"wp:term":[{"taxonomy":"product_brand","embeddable":true,"href":"https:\/\/bemore.ee\/lt\/wp-json\/wp\/v2\/product_brand?post=141759"},{"taxonomy":"product_cat","embeddable":true,"href":"https:\/\/bemore.ee\/lt\/wp-json\/wp\/v2\/product_cat?post=141759"},{"taxonomy":"product_tag","embeddable":true,"href":"https:\/\/bemore.ee\/lt\/wp-json\/wp\/v2\/product_tag?post=141759"}],"curies":[{"name":"wp","href":"https:\/\/api.w.org\/{rel}","templated":true}]}}