{"id":141709,"date":"2020-05-13T12:04:36","date_gmt":"2020-05-13T12:04:36","guid":{"rendered":"https:\/\/bemore.ee\/?post_type=product&#038;p=141709"},"modified":"2025-10-22T14:31:35","modified_gmt":"2025-10-22T11:31:35","slug":"collagen-edition-raspberryncherry-150g","status":"publish","type":"product","link":"https:\/\/bemore.ee\/lt\/toode\/collagen-edition-raspberryncherry-150g\/","title":{"rendered":"COLLAGEN EDITION Raspberry\u2019n\u2019Cherry, 150g"},"content":{"rendered":"<p data-start=\"151\" data-end=\"723\"><strong data-start=\"151\" data-end=\"221\">100% Nat\u016bralus Kolageno Mi\u0161inys su uogomis j\u016bs\u0173 gro\u017eiui palaikyti!<\/strong><br data-start=\"221\" data-end=\"224\" \/>COLLAGEN EDITION Raspberry\u2019n\u2019Cherry mi\u0161inys sukurtas \u017emon\u0117ms, kurie nori r\u016bpintis savo nat\u016braliu gro\u017eiu, oda, s\u0105nariais ir raumenimis.<br data-start=\"358\" data-end=\"361\" \/>COLLAGEN EDITION Raspberry\u2019n\u2019Cherry yra puikus kolageno \u0161altinis. \u0160is gro\u017eio mi\u0161inys palaiko nat\u016bralius organizmo kolageno formavimosi procesus, be hidrolizuoto kolageno jame taip pat yra vitamino C, mangano, folio r\u016bg\u0161ties ir vario. Mi\u0161inyje esantis kalis palaiko nerv\u0173 sistemos veikl\u0105. Vitaminas E veikia kaip antioksidantas, palaikantis nat\u016bral\u0173 odos gro\u017e\u012f.<\/p>\n<p data-start=\"725\" data-end=\"1355\">Kolagenas yra gausiausias baltymas m\u016bs\u0173 organizme. Jis randamas raumenyse, odoje, kraujyje, kauluose, s\u0105nariuose ir sausgysl\u0117se. Organizmas pats gali gaminti kolagen\u0105, ta\u010diau tam reikia tinkam\u0173 \u201estatybini\u0173 med\u017eiag\u0173\u201c \u2013 \u012fvairi\u0173 maistini\u0173 med\u017eiag\u0173, dalyvaujan\u010di\u0173 kolageno sintez\u0117je. Nuo 25 met\u0173 am\u017eiaus kolageno gamyba ima ma\u017e\u0117ti. J\u0105 taip pat slopina tokie gyvenimo b\u016bdo veiksniai kaip r\u016bkymas, per didelis saul\u0117s poveikis ar nesubalansuota mityba. Ma\u017e\u0117jant kolageno kiekiui, pradeda atsirasti rauk\u0161li\u0173, oda praranda stangrum\u0105, gali pasireik\u0161ti s\u0105nari\u0173 skausmai. D\u0117l \u0161i\u0173 prie\u017eas\u010di\u0173 kolageno milteliai tur\u0117t\u0173 b\u016bti vartojami kasdien.<\/p>\n<p data-start=\"1357\" data-end=\"1816\">Aviet\u0117se ir tre\u0161n\u0117se yra antioksidant\u0173, l\u0117tinan\u010di\u0173 sen\u0117jimo proces\u0105. Citrina padeda kovoti su laisvaisiais radikalais, kurie spartina odos sen\u0117jim\u0105 ir rauk\u0161li\u0173 formavim\u0105si. Citrinos yra turtingos vitaminu C, kuris svarbus kolageno sintezei, palaikan\u010diai jaun\u0105 od\u0105. Camu-Camu vaisiai turi did\u017eiausi\u0105 nat\u016bralaus vitamino C kiek\u012f. D\u0117l savo gausaus antioksidant\u0173, mineral\u0173 ir vitamin\u0173 kiekio Camu-Camu naudojamas ir kosmetikoje kaip prie\u0161rauk\u0161linis komponentas.<\/p>\n<p data-start=\"1818\" data-end=\"2048\"><strong data-start=\"1818\" data-end=\"1864\">COLLAGEN EDITION Raspberry\u2019n\u2019Cherry tinka:<\/strong><br data-start=\"1864\" data-end=\"1867\" \/>\u2022 visiems, norintiems padidinti vitamin\u0173, mineral\u0173 ir antioksidant\u0173 kiek\u012f mityboje<br data-start=\"1949\" data-end=\"1952\" \/>\u2022 tiems, kurie nori pagerinti odos elastingum\u0105<br data-start=\"1998\" data-end=\"2001\" \/>\u2022 vartoti n\u0117\u0161tumo ir \u017eindymo metu<br data-start=\"2034\" data-end=\"2037\" \/>\u2022 vaikams<\/p>\n<p data-start=\"2050\" data-end=\"2297\"><strong data-start=\"2050\" data-end=\"2084\">I\u0161 ko sudarytas \u0161is produktas?<\/strong><br data-start=\"2084\" data-end=\"2087\" \/>Sud\u0117tis: hidrolizuotas galvij\u0173 kolagenas (66%), \u0161altyje d\u017eiovint\u0173 avie\u010di\u0173 milteliai (20%), \u0161altyje d\u017eiovint\u0173 tre\u0161ni\u0173 milteliai (7%), \u0161altyje d\u017eiovinti Camu-Camu milteliai, \u0161altyje d\u017eiovinti citrin\u0173 milteliai.<\/p>\n<p data-start=\"2299\" data-end=\"2413\"><strong data-start=\"2299\" data-end=\"2316\">Kaip vartoti?<\/strong><br data-start=\"2316\" data-end=\"2319\" \/>\u012ed\u0117kite supermaisto mi\u0161in\u012f \u012f glotnut\u012f, jogurt\u0105, vanden\u012f, ko\u0161\u0119, desertus ar kitus patiekalus.<\/p>\n<p data-start=\"2415\" data-end=\"2523\"><strong data-start=\"2415\" data-end=\"2434\">Porcijos dydis:<\/strong><br data-start=\"2434\" data-end=\"2437\" \/>Viena porcija \u2013 1 valgomasis \u0161auk\u0161tas. Rekomenduojamas dienos kiekis \u2013 1\u20132 \u0161auk\u0161tai.<\/p>\n<p data-start=\"2525\" data-end=\"2652\"><strong data-start=\"2525\" data-end=\"2556\">Porcij\u0173 skai\u010dius pakuot\u0117je:<\/strong><br data-start=\"2556\" data-end=\"2559\" \/>150 g pakuot\u0117je yra apie 15 porcij\u0173, tikslus kiekis priklauso nuo naudojamo \u0161auk\u0161to dyd\u017eio.<\/p>\n<p data-start=\"2654\" data-end=\"2802\"><strong data-start=\"2654\" data-end=\"2673\">Laikymo s\u0105lygos<\/strong><br data-start=\"2673\" data-end=\"2676\" \/>Laikyti kambario temperat\u016broje, atokiau nuo tiesiogini\u0173 saul\u0117s spinduli\u0173. Po kiekvieno naudojimo pakuot\u0119 sandariai u\u017edaryti.<\/p>\n<p data-start=\"2804\" data-end=\"2970\"><strong data-start=\"2804\" data-end=\"2856\">Koks COLLAGEN EDITION Raspberry\u2019n\u2019Cherry skonis?<\/strong><br data-start=\"2856\" data-end=\"2859\" \/>Raspberry\u2019n\u2019Cherry turi malon\u0173 uog\u0173 skon\u012f \u2013 dievi\u0161k\u0105 tre\u0161ni\u0173 ir avie\u010di\u0173 derin\u012f, glostant\u012f skonio receptorius.<\/p>\n","protected":false},"excerpt":{"rendered":"<p><strong data-start=\"82\" data-end=\"171\">COLLAGEN EDITION Raspberry\u2019n\u2019Cherry derinys palaiko j\u016bs\u0173 gro\u017e\u012f, raumenis ir s\u0105narius.<\/strong><\/p>\n<ul>\n<li>1 valgomasis \u0161auk\u0161tas turi apie 6600 mg gryno galvij\u0173 kolageno.<\/li>\n<li>100% nat\u016bralus.<\/li>\n<li>Be prid\u0117tinio cukraus ir pried\u0173.<\/li>\n<li>Kolagenas yra gausiausias baltymas organizme.<\/li>\n<li>Hidrolizuoti kolageno peptidai lengvai \u012fsisavinami organizme.<\/li>\n<li>Vitaminas C padeda normaliai formuotis kolagenui odoje, kauluose, kremzl\u0117se, dantyse, dantenose ir kraujagysl\u0117se.<\/li>\n<li>Manganas reikalingas normaliam smegen\u0173 ir nerv\u0173 sistemos darbui bei kolageno gamybai.<\/li>\n<li>Folio r\u016bg\u0161tis atlieka svarb\u0173 vaidmen\u012f nauj\u0173 l\u0105steli\u0173 formavime.<\/li>\n<li>Varis b\u016btinas fermentams, dalyvaujantiems kolageno gamyboje.<\/li>\n<li>Vitaminas E yra antioksidantas.<\/li>\n<\/ul>\n","protected":false},"featured_media":141710,"comment_status":"open","ping_status":"closed","template":"","meta":{"_acf_changed":false},"product_brand":[],"product_cat":[604,600],"product_tag":[627,636],"class_list":{"0":"post-141709","1":"product","2":"type-product","3":"status-publish","4":"has-post-thumbnail","6":"product_cat-buk-grazi","7":"product_cat-kolageno-misiniai","8":"product_tag-supertoidusegu-lt","9":"product_tag-iluheaks-lt","11":"first","12":"instock","13":"taxable","14":"shipping-taxable","15":"purchasable","16":"product-type-simple"},"bundle_layout":"","bundled_by":["142626","143191","143235"],"bundled_items":[],"acf":[],"_links":{"self":[{"href":"https:\/\/bemore.ee\/lt\/wp-json\/wp\/v2\/product\/141709","targetHints":{"allow":["GET"]}}],"collection":[{"href":"https:\/\/bemore.ee\/lt\/wp-json\/wp\/v2\/product"}],"about":[{"href":"https:\/\/bemore.ee\/lt\/wp-json\/wp\/v2\/types\/product"}],"replies":[{"embeddable":true,"href":"https:\/\/bemore.ee\/lt\/wp-json\/wp\/v2\/comments?post=141709"}],"wp:featuredmedia":[{"embeddable":true,"href":"https:\/\/bemore.ee\/lt\/wp-json\/wp\/v2\/media\/141710"}],"wp:attachment":[{"href":"https:\/\/bemore.ee\/lt\/wp-json\/wp\/v2\/media?parent=141709"}],"wp:term":[{"taxonomy":"product_brand","embeddable":true,"href":"https:\/\/bemore.ee\/lt\/wp-json\/wp\/v2\/product_brand?post=141709"},{"taxonomy":"product_cat","embeddable":true,"href":"https:\/\/bemore.ee\/lt\/wp-json\/wp\/v2\/product_cat?post=141709"},{"taxonomy":"product_tag","embeddable":true,"href":"https:\/\/bemore.ee\/lt\/wp-json\/wp\/v2\/product_tag?post=141709"}],"curies":[{"name":"wp","href":"https:\/\/api.w.org\/{rel}","templated":true}]}}