{"id":141675,"date":"2021-05-31T09:31:38","date_gmt":"2021-05-31T06:31:38","guid":{"rendered":"https:\/\/bemore.ee\/?post_type=product&#038;p=141675"},"modified":"2026-05-10T10:23:18","modified_gmt":"2026-05-10T07:23:18","slug":"collagen-edition-citrusiniu-vaisiu-kolageno-zalias-batonelis-16-vnt","status":"publish","type":"product","link":"https:\/\/bemore.ee\/lt\/toode\/collagen-edition-citrusiniu-vaisiu-kolageno-zalias-batonelis-16-vnt\/","title":{"rendered":"COLLAGEN EDITION citrusini\u0173 vaisi\u0173\u2013kolageno \u017ealias baton\u0117lis \u2013 16 vnt."},"content":{"rendered":"<p data-start=\"134\" data-end=\"562\"><strong data-start=\"134\" data-end=\"145\">Be More<\/strong> nauji 100% nat\u016bral\u016bs citrusini\u0173 vaisi\u0173 ir kolageno supermaistais praturtinti \u017ealieji baton\u0117liai j\u016bs\u0173 kasdienybei!<br data-start=\"259\" data-end=\"262\" \/><strong data-start=\"262\" data-end=\"325\">Collagen Edition Citrus-Collagen Superfood \u017ealias baton\u0117lis<\/strong> sud\u0117tyje turi m\u016bs\u0173 <strong data-start=\"345\" data-end=\"405\">Collagen Edition \u0160altalankio ir Citrinos kolageno mi\u0161in\u012f<\/strong>, kuris padidina baton\u0117lio vitamin\u0173 ir mineral\u0173 kiek\u012f. Jis sukurtas \u017emogui, kuris nuo\u0161ird\u017eiai r\u016bpinasi savo odos, plauk\u0173 ir nag\u0173 gro\u017eiu bei gera savijauta.<\/p>\n<p data-start=\"564\" data-end=\"638\"><strong data-start=\"564\" data-end=\"636\">Collagen Edition Citrus-Collagen Superfood \u017ealieji baton\u0117liai tinka:<\/strong><\/p>\n<ul data-start=\"639\" data-end=\"783\">\n<li data-start=\"639\" data-end=\"728\">\n<p data-start=\"641\" data-end=\"728\">visiems, kurie nori padidinti vitamin\u0173, mineral\u0173 ir antioksidant\u0173 kiek\u012f savo mityboje<\/p>\n<\/li>\n<li data-start=\"729\" data-end=\"771\">\n<p data-start=\"731\" data-end=\"771\">vartoti n\u0117\u0161tumo ir \u017eindymo laikotarpiu<\/p>\n<\/li>\n<li data-start=\"772\" data-end=\"783\">\n<p data-start=\"774\" data-end=\"783\">vaikams<\/p>\n<\/li>\n<\/ul>\n<p data-start=\"785\" data-end=\"1294\"><strong data-start=\"785\" data-end=\"819\">I\u0161 ko sudarytas \u0161is produktas?<\/strong><br data-start=\"819\" data-end=\"822\" \/>Sud\u0117tis: datul\u0117s, be gliuteno avi\u017einiai dribsniai, agavos sirupas, <strong data-start=\"889\" data-end=\"955\">Be More COLLAGEN EDITION \u0160altalankio ir Citrinos mi\u0161inys (12%)<\/strong> (hidrolizuotas kolagenas, liofilizuoti \u0161altalanki\u0173 milteliai, liofilizuoti citrin\u0173 milteliai, liofilizuoti kam\u0173 kam\u0173 milteliai, liofilizuoti agrast\u0173 milteliai), migdol\u0173 miltai, \u0161alto spaudimo kokos\u0173 aliejus, liofilizuotos apelsin\u0173 skiltel\u0117s (5%), lazdyno rie\u0161utai, hidrolizuoto kolageno milteliai (2%), liofilizuota citrin\u0173 tyr\u0117 (0,5%).<\/p>\n<p data-start=\"1296\" data-end=\"1376\"><strong data-start=\"1296\" data-end=\"1325\">Porcij\u0173 kiekis pakuot\u0117je:<\/strong><br data-start=\"1325\" data-end=\"1328\" \/>Kiekvienoje d\u0117\u017eut\u0117je yra 16 \u017eali\u0173j\u0173 baton\u0117li\u0173.<\/p>\n<p data-start=\"1378\" data-end=\"1489\"><strong data-start=\"1378\" data-end=\"1398\">Laikymo s\u0105lygos:<\/strong><br data-start=\"1398\" data-end=\"1401\" \/>Laikyti kambario temperat\u016broje, saugoti nuo tiesiogini\u0173 saul\u0117s spinduli\u0173, jei \u012fmanoma.<\/p>\n<p data-start=\"1491\" data-end=\"1842\"><strong data-start=\"1491\" data-end=\"1566\">Koks Collagen Edition Citrus-Collagen Superfood \u017ealio baton\u0117lio skonis?<\/strong><br data-start=\"1566\" data-end=\"1569\" \/><strong data-start=\"1569\" data-end=\"1632\">Collagen Edition Citrus-Collagen Superfood \u017ealias baton\u0117lis<\/strong> turi \u0161iek tiek r\u016bg\u0161tok\u0105, bet malon\u0173 skon\u012f, kur\u012f suteikia <strong data-start=\"1690\" data-end=\"1751\">Collagen Edition \u0160altalankio ir Citrinos kolageno mi\u0161inys<\/strong>. Migdol\u0173 miltai prideda maloni\u0105 marcipanin\u0119 tekst\u016br\u0105 ir subalansuoja r\u016bg\u0161\u010di\u0173 uog\u0173 skon\u012f.<\/p>\n","protected":false},"excerpt":{"rendered":"<p>M\u016bs\u0173 <strong data-start=\"95\" data-end=\"131\">Collagen Edition Citrus-Collagen<\/strong> skonio \u017ealias baton\u0117lis yra puikus ir sveikas u\u017ekandis j\u016bs\u0173 kasdienybei!<\/p>\n<ul>\n<li>Viename baton\u0117lyje yra 5000 mg galvij\u0173 kolageno!<\/li>\n<li>100% nat\u016bralus<\/li>\n<li>Be prid\u0117tinio cukraus ar pried\u0173<\/li>\n<li>Be glitimo<\/li>\n<li>Be konservant\u0173<\/li>\n<li>Vienoje d\u0117\u017eut\u0117je yra 16 baton\u0117li\u0173<\/li>\n<li>M\u016bs\u0173 \u017eali baton\u0117liai taip pat praturtinti <strong data-start=\"417\" data-end=\"481\">COLLAGEN EDITION \u0160altalankio ir Citrinos supermaist\u0173 mi\u0161iniu<\/strong>, kuris suteikia dar malonesn\u012f skon\u012f<\/li>\n<li>Jis taip pat apr\u016bpina j\u016bs\u0173 organizm\u0105 dideliu kiekiu \u012fvairi\u0173 vitamin\u0173, mineral\u0173 ir antioksidant\u0173<\/li>\n<\/ul>\n","protected":false},"featured_media":141676,"comment_status":"open","ping_status":"closed","template":"","meta":{"_acf_changed":false},"product_brand":[],"product_cat":[604,608],"product_tag":[],"class_list":{"0":"post-141675","1":"product","2":"type-product","3":"status-publish","4":"has-post-thumbnail","6":"product_cat-buk-grazi","7":"product_cat-zali-batoneliai-su-supermaistu","9":"first","10":"instock","11":"taxable","12":"shipping-taxable","13":"purchasable","14":"product-type-bundle"},"bundle_layout":"default","bundled_by":[],"bundled_items":[{"bundled_item_id":2078,"product_id":141852,"menu_order":0,"quantity_min":16,"quantity_max":16,"priced_individually":false,"shipped_individually":false,"override_title":false,"title":"COLLAGEN EDITION citrus-collagen \u017ealias baton\u0117lis \u2013 16 vnt","override_description":false,"description":"COLLAGEN EDITION citrus-collagen \u017ealias baton\u0117lis \u2013 16 vnt","optional":false,"hide_thumbnail":false,"discount":"","override_variations":false,"allowed_variations":[""],"override_default_variation_attributes":false,"default_variation_attributes":[],"single_product_visibility":"visible","cart_visibility":"visible","order_visibility":"visible","single_product_price_visibility":"visible","cart_price_visibility":"visible","order_price_visibility":"visible","stock_status":"in_stock"}],"acf":[],"yoast_head":"<!-- This site is optimized with the Yoast SEO plugin v27.5 - https:\/\/yoast.com\/product\/yoast-seo-wordpress\/ -->\n<title>COLLAGEN EDITION citrusini\u0173 vaisi\u0173\u2013kolageno \u017ealias baton\u0117lis \u2013 16 vnt. - Be More<\/title>\n<meta name=\"description\" content=\"Collagen Edition Citrus-Collagen Superfood \u017ealias baton\u0117lis sud\u0117tyje turi m\u016bs\u0173 Collagen Edition \u0160altalankio ir Citrinos kolageno mi\u0161in\u012f, kuris padidina baton\u0117lio vitamin\u0173 ir mineral\u0173 kiek\u012f.\" \/>\n<meta name=\"robots\" content=\"index, follow, max-snippet:-1, max-image-preview:large, max-video-preview:-1\" \/>\n<link rel=\"canonical\" href=\"https:\/\/bemore.ee\/lt\/toode\/collagen-edition-citrusiniu-vaisiu-kolageno-zalias-batonelis-16-vnt\/\" \/>\n<meta property=\"og:locale\" content=\"lt_LT\" \/>\n<meta property=\"og:type\" content=\"article\" \/>\n<meta property=\"og:title\" content=\"COLLAGEN EDITION citrusini\u0173 vaisi\u0173\u2013kolageno \u017ealias baton\u0117lis \u2013 16 vnt. - Be More\" \/>\n<meta property=\"og:description\" content=\"Collagen Edition Citrus-Collagen Superfood \u017ealias baton\u0117lis sud\u0117tyje turi m\u016bs\u0173 Collagen Edition \u0160altalankio ir Citrinos kolageno mi\u0161in\u012f, kuris padidina baton\u0117lio vitamin\u0173 ir mineral\u0173 kiek\u012f.\" \/>\n<meta property=\"og:url\" content=\"https:\/\/bemore.ee\/lt\/toode\/collagen-edition-citrusiniu-vaisiu-kolageno-zalias-batonelis-16-vnt\/\" \/>\n<meta property=\"og:site_name\" content=\"Be More\" \/>\n<meta property=\"article:modified_time\" content=\"2026-05-10T07:23:18+00:00\" \/>\n<meta property=\"og:image\" content=\"https:\/\/bemore.ee\/wp-content\/uploads\/2021\/08\/Untitled-design-15.png\" \/>\n\t<meta property=\"og:image:width\" content=\"1500\" \/>\n\t<meta property=\"og:image:height\" content=\"1500\" \/>\n\t<meta property=\"og:image:type\" content=\"image\/png\" \/>\n<meta name=\"twitter:card\" content=\"summary_large_image\" \/>\n<meta name=\"twitter:label1\" content=\"Est. reading time\" \/>\n\t<meta name=\"twitter:data1\" content=\"2 minut\u0117\" \/>\n<script type=\"application\/ld+json\" class=\"yoast-schema-graph\">{\"@context\":\"https:\\\/\\\/schema.org\",\"@graph\":[{\"@type\":\"WebPage\",\"@id\":\"https:\\\/\\\/bemore.ee\\\/lt\\\/toode\\\/collagen-edition-citrusiniu-vaisiu-kolageno-zalias-batonelis-16-vnt\\\/\",\"url\":\"https:\\\/\\\/bemore.ee\\\/lt\\\/toode\\\/collagen-edition-citrusiniu-vaisiu-kolageno-zalias-batonelis-16-vnt\\\/\",\"name\":\"COLLAGEN EDITION citrusini\u0173 vaisi\u0173\u2013kolageno \u017ealias baton\u0117lis \u2013 16 vnt. - Be More\",\"isPartOf\":{\"@id\":\"https:\\\/\\\/bemore.ee\\\/#website\"},\"primaryImageOfPage\":{\"@id\":\"https:\\\/\\\/bemore.ee\\\/lt\\\/toode\\\/collagen-edition-citrusiniu-vaisiu-kolageno-zalias-batonelis-16-vnt\\\/#primaryimage\"},\"image\":{\"@id\":\"https:\\\/\\\/bemore.ee\\\/lt\\\/toode\\\/collagen-edition-citrusiniu-vaisiu-kolageno-zalias-batonelis-16-vnt\\\/#primaryimage\"},\"thumbnailUrl\":\"https:\\\/\\\/bemore.ee\\\/wp-content\\\/uploads\\\/2021\\\/08\\\/Untitled-design-15.png\",\"datePublished\":\"2021-05-31T06:31:38+00:00\",\"dateModified\":\"2026-05-10T07:23:18+00:00\",\"description\":\"Collagen Edition Citrus-Collagen Superfood \u017ealias baton\u0117lis sud\u0117tyje turi m\u016bs\u0173 Collagen Edition \u0160altalankio ir Citrinos kolageno mi\u0161in\u012f, kuris padidina baton\u0117lio vitamin\u0173 ir mineral\u0173 kiek\u012f.\",\"breadcrumb\":{\"@id\":\"https:\\\/\\\/bemore.ee\\\/lt\\\/toode\\\/collagen-edition-citrusiniu-vaisiu-kolageno-zalias-batonelis-16-vnt\\\/#breadcrumb\"},\"inLanguage\":\"lt-LT\",\"potentialAction\":[{\"@type\":\"ReadAction\",\"target\":[\"https:\\\/\\\/bemore.ee\\\/lt\\\/toode\\\/collagen-edition-citrusiniu-vaisiu-kolageno-zalias-batonelis-16-vnt\\\/\"]}]},{\"@type\":\"ImageObject\",\"inLanguage\":\"lt-LT\",\"@id\":\"https:\\\/\\\/bemore.ee\\\/lt\\\/toode\\\/collagen-edition-citrusiniu-vaisiu-kolageno-zalias-batonelis-16-vnt\\\/#primaryimage\",\"url\":\"https:\\\/\\\/bemore.ee\\\/wp-content\\\/uploads\\\/2021\\\/08\\\/Untitled-design-15.png\",\"contentUrl\":\"https:\\\/\\\/bemore.ee\\\/wp-content\\\/uploads\\\/2021\\\/08\\\/Untitled-design-15.png\",\"width\":1500,\"height\":1500},{\"@type\":\"BreadcrumbList\",\"@id\":\"https:\\\/\\\/bemore.ee\\\/lt\\\/toode\\\/collagen-edition-citrusiniu-vaisiu-kolageno-zalias-batonelis-16-vnt\\\/#breadcrumb\",\"itemListElement\":[{\"@type\":\"ListItem\",\"position\":1,\"name\":\"El. parduotuv\u0117\",\"item\":\"https:\\\/\\\/bemore.ee\\\/lt\\\/el-parduotuve\\\/\"},{\"@type\":\"ListItem\",\"position\":2,\"name\":\"COLLAGEN EDITION citrusini\u0173 vaisi\u0173\u2013kolageno \u017ealias baton\u0117lis \u2013 16 vnt.\"}]},{\"@type\":\"WebSite\",\"@id\":\"https:\\\/\\\/bemore.ee\\\/#website\",\"url\":\"https:\\\/\\\/bemore.ee\\\/\",\"name\":\"Be More\",\"description\":\"Supertoidud Sinu igap&auml;evaellu!\",\"potentialAction\":[{\"@type\":\"SearchAction\",\"target\":{\"@type\":\"EntryPoint\",\"urlTemplate\":\"https:\\\/\\\/bemore.ee\\\/?s={search_term_string}\"},\"query-input\":{\"@type\":\"PropertyValueSpecification\",\"valueRequired\":true,\"valueName\":\"search_term_string\"}}],\"inLanguage\":\"lt-LT\"}]}<\/script>\n<!-- \/ Yoast SEO plugin. -->","yoast_head_json":{"title":"COLLAGEN EDITION citrusini\u0173 vaisi\u0173\u2013kolageno \u017ealias baton\u0117lis \u2013 16 vnt. - Be More","description":"Collagen Edition Citrus-Collagen Superfood \u017ealias baton\u0117lis sud\u0117tyje turi m\u016bs\u0173 Collagen Edition \u0160altalankio ir Citrinos kolageno mi\u0161in\u012f, kuris padidina baton\u0117lio vitamin\u0173 ir mineral\u0173 kiek\u012f.","robots":{"index":"index","follow":"follow","max-snippet":"max-snippet:-1","max-image-preview":"max-image-preview:large","max-video-preview":"max-video-preview:-1"},"canonical":"https:\/\/bemore.ee\/lt\/toode\/collagen-edition-citrusiniu-vaisiu-kolageno-zalias-batonelis-16-vnt\/","og_locale":"lt_LT","og_type":"article","og_title":"COLLAGEN EDITION citrusini\u0173 vaisi\u0173\u2013kolageno \u017ealias baton\u0117lis \u2013 16 vnt. - Be More","og_description":"Collagen Edition Citrus-Collagen Superfood \u017ealias baton\u0117lis sud\u0117tyje turi m\u016bs\u0173 Collagen Edition \u0160altalankio ir Citrinos kolageno mi\u0161in\u012f, kuris padidina baton\u0117lio vitamin\u0173 ir mineral\u0173 kiek\u012f.","og_url":"https:\/\/bemore.ee\/lt\/toode\/collagen-edition-citrusiniu-vaisiu-kolageno-zalias-batonelis-16-vnt\/","og_site_name":"Be More","article_modified_time":"2026-05-10T07:23:18+00:00","og_image":[{"width":1500,"height":1500,"url":"https:\/\/bemore.ee\/wp-content\/uploads\/2021\/08\/Untitled-design-15.png","type":"image\/png"}],"twitter_card":"summary_large_image","twitter_misc":{"Est. reading time":"2 minut\u0117"},"schema":{"@context":"https:\/\/schema.org","@graph":[{"@type":"WebPage","@id":"https:\/\/bemore.ee\/lt\/toode\/collagen-edition-citrusiniu-vaisiu-kolageno-zalias-batonelis-16-vnt\/","url":"https:\/\/bemore.ee\/lt\/toode\/collagen-edition-citrusiniu-vaisiu-kolageno-zalias-batonelis-16-vnt\/","name":"COLLAGEN EDITION citrusini\u0173 vaisi\u0173\u2013kolageno \u017ealias baton\u0117lis \u2013 16 vnt. - Be More","isPartOf":{"@id":"https:\/\/bemore.ee\/#website"},"primaryImageOfPage":{"@id":"https:\/\/bemore.ee\/lt\/toode\/collagen-edition-citrusiniu-vaisiu-kolageno-zalias-batonelis-16-vnt\/#primaryimage"},"image":{"@id":"https:\/\/bemore.ee\/lt\/toode\/collagen-edition-citrusiniu-vaisiu-kolageno-zalias-batonelis-16-vnt\/#primaryimage"},"thumbnailUrl":"https:\/\/bemore.ee\/wp-content\/uploads\/2021\/08\/Untitled-design-15.png","datePublished":"2021-05-31T06:31:38+00:00","dateModified":"2026-05-10T07:23:18+00:00","description":"Collagen Edition Citrus-Collagen Superfood \u017ealias baton\u0117lis sud\u0117tyje turi m\u016bs\u0173 Collagen Edition \u0160altalankio ir Citrinos kolageno mi\u0161in\u012f, kuris padidina baton\u0117lio vitamin\u0173 ir mineral\u0173 kiek\u012f.","breadcrumb":{"@id":"https:\/\/bemore.ee\/lt\/toode\/collagen-edition-citrusiniu-vaisiu-kolageno-zalias-batonelis-16-vnt\/#breadcrumb"},"inLanguage":"lt-LT","potentialAction":[{"@type":"ReadAction","target":["https:\/\/bemore.ee\/lt\/toode\/collagen-edition-citrusiniu-vaisiu-kolageno-zalias-batonelis-16-vnt\/"]}]},{"@type":"ImageObject","inLanguage":"lt-LT","@id":"https:\/\/bemore.ee\/lt\/toode\/collagen-edition-citrusiniu-vaisiu-kolageno-zalias-batonelis-16-vnt\/#primaryimage","url":"https:\/\/bemore.ee\/wp-content\/uploads\/2021\/08\/Untitled-design-15.png","contentUrl":"https:\/\/bemore.ee\/wp-content\/uploads\/2021\/08\/Untitled-design-15.png","width":1500,"height":1500},{"@type":"BreadcrumbList","@id":"https:\/\/bemore.ee\/lt\/toode\/collagen-edition-citrusiniu-vaisiu-kolageno-zalias-batonelis-16-vnt\/#breadcrumb","itemListElement":[{"@type":"ListItem","position":1,"name":"El. parduotuv\u0117","item":"https:\/\/bemore.ee\/lt\/el-parduotuve\/"},{"@type":"ListItem","position":2,"name":"COLLAGEN EDITION citrusini\u0173 vaisi\u0173\u2013kolageno \u017ealias baton\u0117lis \u2013 16 vnt."}]},{"@type":"WebSite","@id":"https:\/\/bemore.ee\/#website","url":"https:\/\/bemore.ee\/","name":"Be More","description":"Supertoidud Sinu igap&auml;evaellu!","potentialAction":[{"@type":"SearchAction","target":{"@type":"EntryPoint","urlTemplate":"https:\/\/bemore.ee\/?s={search_term_string}"},"query-input":{"@type":"PropertyValueSpecification","valueRequired":true,"valueName":"search_term_string"}}],"inLanguage":"lt-LT"}]}},"_links":{"self":[{"href":"https:\/\/bemore.ee\/lt\/wp-json\/wp\/v2\/product\/141675","targetHints":{"allow":["GET"]}}],"collection":[{"href":"https:\/\/bemore.ee\/lt\/wp-json\/wp\/v2\/product"}],"about":[{"href":"https:\/\/bemore.ee\/lt\/wp-json\/wp\/v2\/types\/product"}],"replies":[{"embeddable":true,"href":"https:\/\/bemore.ee\/lt\/wp-json\/wp\/v2\/comments?post=141675"}],"wp:featuredmedia":[{"embeddable":true,"href":"https:\/\/bemore.ee\/lt\/wp-json\/wp\/v2\/media\/141676"}],"wp:attachment":[{"href":"https:\/\/bemore.ee\/lt\/wp-json\/wp\/v2\/media?parent=141675"}],"wp:term":[{"taxonomy":"product_brand","embeddable":true,"href":"https:\/\/bemore.ee\/lt\/wp-json\/wp\/v2\/product_brand?post=141675"},{"taxonomy":"product_cat","embeddable":true,"href":"https:\/\/bemore.ee\/lt\/wp-json\/wp\/v2\/product_cat?post=141675"},{"taxonomy":"product_tag","embeddable":true,"href":"https:\/\/bemore.ee\/lt\/wp-json\/wp\/v2\/product_tag?post=141675"}],"curies":[{"name":"wp","href":"https:\/\/api.w.org\/{rel}","templated":true}]}}