{"id":141647,"date":"2021-11-17T12:09:40","date_gmt":"2021-11-17T12:09:40","guid":{"rendered":"https:\/\/bemore.ee\/?post_type=product&#038;p=141647"},"modified":"2025-10-29T15:48:00","modified_gmt":"2025-10-29T13:48:00","slug":"marine-collagen-strawberrynblackcurrant","status":"publish","type":"product","link":"https:\/\/bemore.ee\/lt\/toode\/marine-collagen-strawberrynblackcurrant\/","title":{"rendered":"MARINE COLLAGEN Strawberry\u2019n\u2019Blackcurrant, 120 g"},"content":{"rendered":"<p data-start=\"0\" data-end=\"149\"><strong data-start=\"0\" data-end=\"60\">100 % nat\u016bralus MARINE COLLAGEN bra\u0161ki\u0173\u2013juod\u0173j\u0173 serbent\u0173<\/strong> sukurtas \u017emon\u0117ms, norintiems palaikyti savo nat\u016bral\u0173 gro\u017e\u012f, od\u0105, s\u0105narius ir raumenis.<\/p>\n<p data-start=\"151\" data-end=\"840\"><strong data-start=\"151\" data-end=\"195\">MARINE COLLAGEN bra\u0161ki\u0173\u2013juod\u0173j\u0173 serbent\u0173<\/strong> yra puikus kolageno \u0161altinis. \u0160is mi\u0161inys palaiko nat\u016bralius organizmo kolageno formavimosi procesus, nes be hidrolizuoto j\u016brinio kolageno jame yra ir vitamino C. Kolagenas \u2013 tai svarbus baltymas m\u016bs\u0173 organizme, daugiausia randamas odoje, kauluose ir sausgysl\u0117se. Senstant organizmo kolageno gamyba pradeda ma\u017e\u0117ti, o tai gali lemti s\u0105nari\u0173 problemas ir odos elastingumo suma\u017e\u0117jim\u0105 (pvz., suglebusi oda ar rauk\u0161l\u0117s). Be to, r\u016bkymas, per didelis buvimas saul\u0117je ir nesveikas gyvenimo b\u016bdas taip pat slopina kolageno gamyb\u0105. Hidrolizuotas j\u016brinis kolagenas i\u0161gaunamas i\u0161 \u017euvies odos, lengvai pereina \u017earnyno sienel\u0119 ir greitai pasiekia audinius.<\/p>\n<p data-start=\"842\" data-end=\"1115\">Liofilizuoti juodieji serbentai, bra\u0161k\u0117s, citrina ir camu-camu yra geri vitamino C \u0161altiniai. Vitaminas C padeda normaliai formuotis kolagenui odoje, kauluose, kremzl\u0117se, dantenose, dantyse ir kraujagysl\u0117se. Be to, vitaminas C svarbus normaliai imunin\u0117s sistemos veiklai.<\/p>\n<p data-start=\"1117\" data-end=\"1811\"><strong data-start=\"1117\" data-end=\"1151\">Kod\u0117l \u017euv\u0173 kolagenas geresnis?<\/strong><br data-start=\"1151\" data-end=\"1154\" \/>Hidrolizuotas j\u016brinis kolagenas \u2013 tai mikrogranuli\u0173 milteliai, gaminami tik i\u0161 atrinktos \u017euvies odos. Moksliniai tyrimai parod\u0117, kad \u017euv\u0173 elementai yra ma\u017eesni, tod\u0117l juos lengviau suvir\u0161kinti ir \u012fsisavinti organizme. \u017duv\u0173 kolagen\u0105 daugiausia sudaro I tipo kolagenas, ta\u010diau tai nerei\u0161kia, kad jis kuo nors prastesnis u\u017e galvij\u0173 kolagen\u0105, kur\u012f sudaro tiek I, tiek III tipas. I tipo kolagenas yra beveik visur organizme, i\u0161skyrus kremzles. B\u016btent \u0161is tipas sudaro 70 % m\u016bs\u0173 odos ir yra gausiausias kolagenas organizme. I tipo kolagenas skatina daugyb\u0119 teigiam\u0173 proces\u0173 organizme \u2013 nuo rauk\u0161li\u0173 ir celiulito ma\u017einimo iki odos dr\u0117gm\u0117s bei stangrumo didinimo.<\/p>\n<p data-start=\"1813\" data-end=\"1866\"><strong data-start=\"1813\" data-end=\"1864\">MARINE COLLAGEN bra\u0161ki\u0173\u2013juod\u0173j\u0173 serbent\u0173 tinka:<\/strong><\/p>\n<ul data-start=\"1867\" data-end=\"2047\">\n<li data-start=\"1867\" data-end=\"1950\">\n<p data-start=\"1869\" data-end=\"1950\">visiems, norintiems padidinti vitamin\u0173, mineral\u0173 ir antioksidant\u0173 kiek\u012f racione<\/p>\n<\/li>\n<li data-start=\"1951\" data-end=\"1992\">\n<p data-start=\"1953\" data-end=\"1992\">norintiems pagerinti odos elastingum\u0105<\/p>\n<\/li>\n<li data-start=\"1993\" data-end=\"2035\">\n<p data-start=\"1995\" data-end=\"2035\">vartoti n\u0117\u0161tumo ir \u017eindymo laikotarpiu<\/p>\n<\/li>\n<li data-start=\"2036\" data-end=\"2047\">\n<p data-start=\"2038\" data-end=\"2047\">vaikams<\/p>\n<\/li>\n<\/ul>\n<p data-start=\"2049\" data-end=\"2304\"><strong data-start=\"2049\" data-end=\"2083\">I\u0161 ko sudarytas \u0161is produktas?<\/strong><br data-start=\"2083\" data-end=\"2086\" \/>Sud\u0117tis: hidrolizuotas j\u016brinis kolagenas (\u017euvies) (60 %), liofilizuoti bra\u0161ki\u0173 milteliai (20 %), liofilizuoti juod\u0173j\u0173 serbent\u0173 milteliai (12 %), liofilizuoti citrin\u0173 tyr\u0117s milteliai, liofilizuoti camu-camu milteliai.<\/p>\n<p data-start=\"2306\" data-end=\"2403\"><strong data-start=\"2306\" data-end=\"2323\">Kaip vartoti?<\/strong><br data-start=\"2323\" data-end=\"2326\" \/>\u012ed\u0117kite kolageno mi\u0161in\u012f \u012f glotnut\u012f, jogurt\u0105, vanden\u012f, ko\u0161\u0119, desertus ir kt.<\/p>\n<p data-start=\"2405\" data-end=\"2514\"><strong data-start=\"2405\" data-end=\"2423\">Porcijos dydis<\/strong><br data-start=\"2423\" data-end=\"2426\" \/>Viena porcija \u2013 1 valgomasis \u0161auk\u0161tas. Tinkamas dienos kiekis \u2013 1 valgomasis \u0161auk\u0161tas.<\/p>\n<p data-start=\"2516\" data-end=\"2686\"><strong data-start=\"2516\" data-end=\"2544\">Porcij\u0173 kiekis pakuot\u0117je<\/strong><br data-start=\"2544\" data-end=\"2547\" \/>Kiekvienoje 120 g pakuot\u0117je \u2013 apie 15 porcij\u0173, tikrasis skai\u010dius priklauso nuo naudojam\u0173 porcij\u0173 dyd\u017eio. Tai sudaro apie 10 dienos dozi\u0173.<\/p>\n<p data-start=\"2688\" data-end=\"2850\"><strong data-start=\"2688\" data-end=\"2707\">Laikymo s\u0105lygos<\/strong><br data-start=\"2707\" data-end=\"2710\" \/>Laikyti kambario temperat\u016broje, jei \u012fmanoma \u2013 atokiau nuo tiesiogini\u0173 saul\u0117s spinduli\u0173. Po kiekvieno naudojimo pakuot\u0119 sandariai u\u017edaryti.<\/p>\n<p data-start=\"2852\" data-end=\"3049\" data-is-last-node=\"\" data-is-only-node=\"\"><strong data-start=\"2852\" data-end=\"2913\">Koks yra MARINE COLLAGEN bra\u0161ki\u0173\u2013juod\u0173j\u0173 serbent\u0173 skonis?<\/strong><br data-start=\"2913\" data-end=\"2916\" \/><em data-start=\"2916\" data-end=\"2943\">Strawberry\u2019n\u2019Blackcurrant<\/em> turi malon\u0173 uog\u0173 skon\u012f \u2013 bra\u0161ki\u0173 ir juod\u0173j\u0173 serbent\u0173 derinys suteikia glotnu\u010diams gaiv\u0173 ir gard\u0173 skon\u012f.<\/p>\n","protected":false},"excerpt":{"rendered":"<p data-start=\"0\" data-end=\"96\"><strong data-start=\"0\" data-end=\"94\">MARINE COLLAGEN bra\u0161ki\u0173\u2013juod\u0173j\u0173 serbent\u0173 derinys palaiko j\u016bs\u0173 gro\u017e\u012f, raumenis ir s\u0105narius.<\/strong><\/p>\n<ul>\n<li data-start=\"100\" data-end=\"164\">1 valgomasis \u0161auk\u0161tas turi apie 6000 mg gryno j\u016brinio kolageno<\/li>\n<li data-start=\"167\" data-end=\"184\">100 % nat\u016bralus<\/li>\n<li data-start=\"187\" data-end=\"217\">Be prid\u0117to cukraus ar pried\u0173<\/li>\n<li data-start=\"220\" data-end=\"266\">Kolagenas yra gausiausias baltymas organizme<\/li>\n<li data-start=\"269\" data-end=\"331\">Hidrolizuoti kolageno peptidai lengvai \u012fsisavinami organizme<\/li>\n<li data-start=\"334\" data-end=\"448\">Vitaminas C padeda normaliai formuotis kolagenui odoje, kauluose, kremzl\u0117se, dantenose, dantyse ir kraujagysl\u0117se<\/li>\n<li data-start=\"451\" data-end=\"572\">Hidrolizuotas j\u016brinis kolagenas i\u0161gaunamas i\u0161 \u017euvies odos, lengvai pereina \u017earnyno sienel\u0119 ir greitai pasiekia audinius<\/li>\n<li data-start=\"575\" data-end=\"651\">Bra\u0161ki\u0173 ir juod\u0173j\u0173 serbent\u0173 derinys suteikia mi\u0161iniui gaiv\u0173 ir gard\u0173 skon\u012f<\/li>\n<\/ul>\n","protected":false},"featured_media":141662,"comment_status":"open","ping_status":"closed","template":"","meta":{"_acf_changed":false},"product_brand":[],"product_cat":[604,600],"product_tag":[627,636],"class_list":{"0":"post-141647","1":"product","2":"type-product","3":"status-publish","4":"has-post-thumbnail","6":"product_cat-buk-grazi","7":"product_cat-kolageno-misiniai","8":"product_tag-supertoidusegu-lt","9":"product_tag-iluheaks-lt","11":"first","12":"instock","13":"taxable","14":"shipping-taxable","15":"purchasable","16":"product-type-simple"},"bundle_layout":"","bundled_by":["141744","142626"],"bundled_items":[],"acf":[],"_links":{"self":[{"href":"https:\/\/bemore.ee\/lt\/wp-json\/wp\/v2\/product\/141647","targetHints":{"allow":["GET"]}}],"collection":[{"href":"https:\/\/bemore.ee\/lt\/wp-json\/wp\/v2\/product"}],"about":[{"href":"https:\/\/bemore.ee\/lt\/wp-json\/wp\/v2\/types\/product"}],"replies":[{"embeddable":true,"href":"https:\/\/bemore.ee\/lt\/wp-json\/wp\/v2\/comments?post=141647"}],"wp:featuredmedia":[{"embeddable":true,"href":"https:\/\/bemore.ee\/lt\/wp-json\/wp\/v2\/media\/141662"}],"wp:attachment":[{"href":"https:\/\/bemore.ee\/lt\/wp-json\/wp\/v2\/media?parent=141647"}],"wp:term":[{"taxonomy":"product_brand","embeddable":true,"href":"https:\/\/bemore.ee\/lt\/wp-json\/wp\/v2\/product_brand?post=141647"},{"taxonomy":"product_cat","embeddable":true,"href":"https:\/\/bemore.ee\/lt\/wp-json\/wp\/v2\/product_cat?post=141647"},{"taxonomy":"product_tag","embeddable":true,"href":"https:\/\/bemore.ee\/lt\/wp-json\/wp\/v2\/product_tag?post=141647"}],"curies":[{"name":"wp","href":"https:\/\/api.w.org\/{rel}","templated":true}]}}