{"id":141630,"date":"2020-05-18T08:55:40","date_gmt":"2020-05-18T08:55:40","guid":{"rendered":"https:\/\/bemore.ee\/?post_type=product&#038;p=141630"},"modified":"2025-10-22T14:33:49","modified_gmt":"2025-10-22T11:33:49","slug":"detox-supermaisto-misinys-120-g","status":"publish","type":"product","link":"https:\/\/bemore.ee\/lt\/toode\/detox-supermaisto-misinys-120-g\/","title":{"rendered":"Detox supermaisto mi\u0161inys, 120 g"},"content":{"rendered":"<p data-start=\"0\" data-end=\"133\"><strong data-start=\"0\" data-end=\"57\">100 % nat\u016bralus supermaisto mi\u0161inys j\u016bs\u0173 kasdienybei!<\/strong><br data-start=\"57\" data-end=\"60\" \/><em data-start=\"60\" data-end=\"67\">Detox<\/em> supermaisto mi\u0161inys \u2013 tobulas priedas j\u016bs\u0173 \u017ealiems kokteiliams!<\/p>\n<p data-start=\"135\" data-end=\"840\"><strong data-start=\"135\" data-end=\"164\">Detox supermaisto mi\u0161inys<\/strong> apr\u016bpina jus 7 skirtingais supermaisto produktais. M\u016bs\u0173 <em data-start=\"221\" data-end=\"228\">Detox<\/em> mi\u0161inyje yra gerai \u017einomos est\u0173 uogos \u2013 spanguol\u0117s ir brukn\u0117s, kurios yra gausus vitamino C \u0161altinis. Spanguoli\u0173 sultys \u0161imtme\u010dius buvo vartojamos \u0161lapimo tak\u0173 u\u017edegimams lengvinti, be to, vitaminas C padeda palaikyti normali\u0105 energijos apykait\u0105 ir imunin\u0119 sistem\u0105, veikdamas kaip stiprus antioksidantas. Taip pat \u012ftraukti \u017ealiojo kokteilio pagrindai \u2013 spirulina ir chlorel\u0117. Abi \u0161ios dumbliai turi puik\u0173 vitamin\u0173, mineral\u0173 ir antioksidant\u0173 lyg\u012f. Jie jau daugel\u012f met\u0173 naudojami med\u017eiag\u0173 apykaitai palaikyti. \u017dirni\u0173 baltym\u0173 milteliai, esantys <em data-start=\"771\" data-end=\"778\">Detox<\/em> mi\u0161inyje, apr\u016bpina beveik visomis b\u016btinomis aminor\u016bg\u0161timis.<\/p>\n<p data-start=\"842\" data-end=\"880\"><strong data-start=\"842\" data-end=\"878\">Detox supermaisto mi\u0161inys tinka:<\/strong><\/p>\n<ul data-start=\"881\" data-end=\"1033\">\n<li data-start=\"881\" data-end=\"901\">\n<p data-start=\"883\" data-end=\"901\">svorio ma\u017einimui<\/p>\n<\/li>\n<li data-start=\"902\" data-end=\"1033\">\n<p data-start=\"904\" data-end=\"1033\">med\u017eiag\u0173 apykaitai ir detoksikacijos procesams organizme palaikyti<br data-start=\"970\" data-end=\"973\" \/><em data-start=\"973\" data-end=\"1031\">Nerekomenduojama naudoti n\u0117\u0161tumo ir \u017eindymo laikotarpiu.<\/em><\/p>\n<\/li>\n<\/ul>\n<p data-start=\"1035\" data-end=\"1274\"><strong data-start=\"1035\" data-end=\"1069\">I\u0161 ko sudarytas \u0161is produktas?<\/strong><br data-start=\"1069\" data-end=\"1072\" \/>Sud\u0117tis: liofilizuoti brukni\u0173 milteliai (20 %), \u017eirni\u0173 baltym\u0173 milteliai (19 %), chlorel\u0117 (18 %), spirulina (16 %), kvie\u010di\u0173 \u017eelmenys (12 %), citrin\u017eol\u0117 (10 %), liofilizuoti spanguoli\u0173 milteliai (5 %).<\/p>\n<p data-start=\"1276\" data-end=\"1462\"><strong data-start=\"1276\" data-end=\"1293\">Kaip vartoti?<\/strong><br data-start=\"1293\" data-end=\"1296\" \/>\u012ed\u0117kite 1\u20133 arbatinius \u0161auk\u0161telius \u012f kiekvien\u0105 glotnut\u012f, priklausomai nuo poreiki\u0173. Taip pat galite d\u0117ti \u012f kitus g\u0117rimus ar patiekalus \u2013 vanden\u012f, sultis ar jogurt\u0105.<\/p>\n<p data-start=\"1464\" data-end=\"1575\"><strong data-start=\"1464\" data-end=\"1492\">Porcij\u0173 kiekis pakuot\u0117je<\/strong><br data-start=\"1492\" data-end=\"1495\" \/>Kiekvienoje 120 g pakuot\u0117je \u2013 iki 24 porcij\u0173, priklausomai nuo porcij\u0173 dyd\u017eio.<\/p>\n<p data-start=\"1577\" data-end=\"1739\"><strong data-start=\"1577\" data-end=\"1596\">Laikymo s\u0105lygos<\/strong><br data-start=\"1596\" data-end=\"1599\" \/>Laikyti kambario temperat\u016broje, jei \u012fmanoma \u2013 atokiau nuo tiesiogini\u0173 saul\u0117s spinduli\u0173. Po kiekvieno naudojimo pakuot\u0119 sandariai u\u017edaryti.<\/p>\n<p data-start=\"1741\" data-end=\"1982\" data-is-last-node=\"\" data-is-only-node=\"\"><strong data-start=\"1741\" data-end=\"1767\">Koks yra Detox skonis?<\/strong><br data-start=\"1767\" data-end=\"1770\" \/><em data-start=\"1770\" data-end=\"1777\">Detox<\/em> supermaisto mi\u0161inys yra daug \u0161velnesnio skonio ir kvapo nei dauguma detokso mi\u0161ini\u0173 \u2013 u\u017e tai reikia d\u0117koti brukn\u0117ms, spanguol\u0117ms ir citrin\u017eolei. Jis turi lengv\u0105 citrinos skon\u012f ir nuostabi\u0105 \u017eali\u0105 spalv\u0105.<\/p>\n","protected":false},"excerpt":{"rendered":"<article class=\"text-token-text-primary w-full focus:outline-none scroll-mt-[calc(var(--header-height)+min(200px,max(70px,20svh)))]\" dir=\"auto\" tabindex=\"-1\" data-turn-id=\"request-68ba6137-7448-832d-a7c9-8de854b5b88f-129\" data-testid=\"conversation-turn-280\" data-scroll-anchor=\"true\" data-turn=\"assistant\">\n<div class=\"text-base my-auto mx-auto pb-10 [--thread-content-margin:--spacing(4)] thread-sm:[--thread-content-margin:--spacing(6)] thread-lg:[--thread-content-margin:--spacing(16)] px-(--thread-content-margin)\">\n<div class=\"[--thread-content-max-width:40rem] thread-sm:[--thread-content-max-width:40rem] thread-lg:[--thread-content-max-width:48rem] mx-auto max-w-(--thread-content-max-width) flex-1 group\/turn-messages focus-visible:outline-hidden relative flex w-full min-w-0 flex-col agent-turn\" tabindex=\"-1\">\n<div class=\"flex max-w-full flex-col grow\">\n<div class=\"min-h-8 text-message relative flex w-full flex-col items-end gap-2 text-start break-words whitespace-normal [.text-message+&amp;]:mt-5\" dir=\"auto\" data-message-author-role=\"assistant\" data-message-id=\"8037e12a-9ec6-46cc-b4a7-ba18672a67d5\" data-message-model-slug=\"gpt-5\">\n<div class=\"flex w-full flex-col gap-1 empty:hidden first:pt-[3px]\">\n<div class=\"markdown prose dark:prose-invert w-full break-words light markdown-new-styling\">\n<p data-start=\"0\" data-end=\"75\"><strong data-start=\"0\" data-end=\"73\">Detox supermaisto mi\u0161inys \u2013 tobulas priedas j\u016bs\u0173 \u017ealiems kokteiliams!<\/strong><\/p>\n<ul>\n<li data-start=\"79\" data-end=\"96\">100 % nat\u016bralus<\/li>\n<li data-start=\"99\" data-end=\"129\">Be prid\u0117to cukraus ir pried\u0173<\/li>\n<li data-start=\"132\" data-end=\"390\">M\u016bs\u0173 <em data-start=\"137\" data-end=\"144\">Detox<\/em> supermaisto mi\u0161inys skoniu ir kvapu malonesnis nei dauguma detokso mi\u0161ini\u0173. U\u017e tai reikia d\u0117koti brukn\u0117ms, spanguol\u0117ms ir citrin\u017eolei! Visi trys ingredientai padeda pasl\u0117pti stipr\u0173 spirulinos ir chlorel\u0117s skon\u012f ir suteikia daug \u0161velnesn\u012f skon\u012f<\/li>\n<li data-start=\"393\" data-end=\"432\">40 g augalini\u0173 baltym\u0173 100 g produkto<\/li>\n<li data-start=\"435\" data-end=\"502\">Palaiko sveikat\u0105 ir med\u017eiag\u0173 apykait\u0105 su 7 supermaisto produktais<\/li>\n<li data-start=\"505\" data-end=\"580\">Gausus cinko \u0161altinis. Cinkas svarbus normaliai imunin\u0117s sistemos veiklai<\/li>\n<\/ul>\n<\/div>\n<\/div>\n<\/div>\n<\/div>\n<\/div>\n<\/div>\n<\/article>\n","protected":false},"featured_media":141631,"comment_status":"open","ping_status":"closed","template":"","meta":{"_acf_changed":false},"product_brand":[],"product_cat":[605,607],"product_tag":[622,626,627,628,637],"class_list":{"0":"post-141630","1":"product","2":"type-product","3":"status-publish","4":"has-post-thumbnail","6":"product_cat-buk-zalias","7":"product_cat-supermaisto-misiniai","8":"product_tag-detox-lt","9":"product_tag-supertoit-lt","10":"product_tag-supertoidusegu-lt","11":"product_tag-pulber-lt","12":"product_tag-toetaomaainevahetust-lt","14":"first","15":"instock","16":"taxable","17":"shipping-taxable","18":"purchasable","19":"product-type-simple"},"bundle_layout":"","bundled_by":["142979","143140","143180","143183"],"bundled_items":[],"acf":[],"_links":{"self":[{"href":"https:\/\/bemore.ee\/lt\/wp-json\/wp\/v2\/product\/141630","targetHints":{"allow":["GET"]}}],"collection":[{"href":"https:\/\/bemore.ee\/lt\/wp-json\/wp\/v2\/product"}],"about":[{"href":"https:\/\/bemore.ee\/lt\/wp-json\/wp\/v2\/types\/product"}],"replies":[{"embeddable":true,"href":"https:\/\/bemore.ee\/lt\/wp-json\/wp\/v2\/comments?post=141630"}],"wp:featuredmedia":[{"embeddable":true,"href":"https:\/\/bemore.ee\/lt\/wp-json\/wp\/v2\/media\/141631"}],"wp:attachment":[{"href":"https:\/\/bemore.ee\/lt\/wp-json\/wp\/v2\/media?parent=141630"}],"wp:term":[{"taxonomy":"product_brand","embeddable":true,"href":"https:\/\/bemore.ee\/lt\/wp-json\/wp\/v2\/product_brand?post=141630"},{"taxonomy":"product_cat","embeddable":true,"href":"https:\/\/bemore.ee\/lt\/wp-json\/wp\/v2\/product_cat?post=141630"},{"taxonomy":"product_tag","embeddable":true,"href":"https:\/\/bemore.ee\/lt\/wp-json\/wp\/v2\/product_tag?post=141630"}],"curies":[{"name":"wp","href":"https:\/\/api.w.org\/{rel}","templated":true}]}}