{"id":141611,"date":"2021-05-31T09:28:31","date_gmt":"2021-05-31T09:28:31","guid":{"rendered":"https:\/\/bemore.ee\/?post_type=product&#038;p=141611"},"modified":"2026-03-05T09:52:32","modified_gmt":"2026-03-05T07:52:32","slug":"collagen-edition-vysniu-kolageno-batonelis-16-vnt","status":"publish","type":"product","link":"https:\/\/bemore.ee\/lt\/toode\/collagen-edition-vysniu-kolageno-batonelis-16-vnt\/","title":{"rendered":"COLLAGEN EDITION vy\u0161ni\u0173\u2013kolageno baton\u0117lis \u2013 16 vnt."},"content":{"rendered":"<p data-start=\"0\" data-end=\"353\"><strong data-start=\"0\" data-end=\"102\">Nauji Be More 100 % nat\u016bral\u016bs kolagenu ir supermaistu praturtinti baton\u0117liai j\u016bs\u0173 kasdienybei!<\/strong><br data-start=\"102\" data-end=\"105\" \/><em data-start=\"105\" data-end=\"149\">Collagen Edition Cherry\u2013Collagen Superfood<\/em> \u017ealias baton\u0117lyje yra m\u016bs\u0173 <em data-start=\"174\" data-end=\"224\">Collagen Edition Raspberry\u2019n\u2019Cherry Collagen Mix<\/em>, kuris padidina baton\u0117lio vitamin\u0173 ir mineral\u0173 kiek\u012f. Jis sukurtas \u017emogui, kuriam i\u0161 ties\u0173 r\u016bpi odos, plauk\u0173 ir nag\u0173 sveikata.<\/p>\n<p data-start=\"355\" data-end=\"425\"><strong data-start=\"355\" data-end=\"423\">Collagen Edition Cherry\u2013Collagen Superfood baton\u0117liai tinka:<\/strong><\/p>\n<ul data-start=\"426\" data-end=\"569\">\n<li data-start=\"426\" data-end=\"514\">\n<p data-start=\"428\" data-end=\"514\">visiems, norintiems padidinti vitamin\u0173, mineral\u0173 ir antioksidant\u0173 kiek\u012f savo racione<\/p>\n<\/li>\n<li data-start=\"515\" data-end=\"557\">\n<p data-start=\"517\" data-end=\"557\">vartoti n\u0117\u0161tumo ir \u017eindymo laikotarpiu<\/p>\n<\/li>\n<li data-start=\"558\" data-end=\"569\">\n<p data-start=\"560\" data-end=\"569\">vaikams<\/p>\n<\/li>\n<\/ul>\n<p data-start=\"571\" data-end=\"1036\"><strong data-start=\"571\" data-end=\"605\">I\u0161 ko sudarytas \u0161is produktas?<\/strong><br data-start=\"605\" data-end=\"608\" \/>Sud\u0117tis: datul\u0117s, avi\u017eos be glitimo, agavos sirupas, <em data-start=\"661\" data-end=\"706\">Be More COLLAGEN EDITION Raspberry\u2019n\u2019Cherry<\/em> (13 %) (hidrolizuotas galvij\u0173 kolagenas, liofilizuoti avie\u010di\u0173 milteliai, liofilizuoti vy\u0161ni\u0173 milteliai, liofilizuoti camu-camu milteliai, liofilizuoti citrin\u0173 milteliai), anakard\u017ei\u0173 rie\u0161utai, \u0161alto spaudimo kokos\u0173 aliejus, liofilizuotos vy\u0161nios (6 %), hidrolizuoto galvij\u0173 kolageno milteliai (3 %), liofilizuotos vy\u0161nios (1 %).<\/p>\n<p data-start=\"1038\" data-end=\"1113\"><strong data-start=\"1038\" data-end=\"1066\">Porcij\u0173 kiekis pakuot\u0117je<\/strong><br data-start=\"1066\" data-end=\"1069\" \/>Kiekvienoje d\u0117\u017eut\u0117je yra 16 baton\u0117li\u0173.<\/p>\n<p data-start=\"1115\" data-end=\"1226\"><strong data-start=\"1115\" data-end=\"1134\">Laikymo s\u0105lygos<\/strong><br data-start=\"1134\" data-end=\"1137\" \/>Laikyti kambario temperat\u016broje, jei \u012fmanoma \u2013 atokiau nuo tiesiogini\u0173 saul\u0117s spinduli\u0173.<\/p>\n<p data-start=\"1228\" data-end=\"1582\" data-is-last-node=\"\" data-is-only-node=\"\"><strong data-start=\"1228\" data-end=\"1305\">Koks yra Collagen Edition Cherry\u2013Collagen Superfood baton\u0117lio skonis?<\/strong><br data-start=\"1305\" data-end=\"1308\" \/><em data-start=\"1308\" data-end=\"1352\">Collagen Edition Cherry\u2013Collagen Superfood<\/em> baton\u0117lis turi lengvai r\u016bg\u0161tok\u0105, bet malon\u0173 skon\u012f, gaunam\u0105 i\u0161 vy\u0161ni\u0173 ir <em data-start=\"1425\" data-end=\"1475\">Collagen Edition Raspberry\u2019n\u2019Cherry Collagen Mix<\/em> mi\u0161inio. Uogos puikiai dera tarpusavyje ir suteikia gaiv\u0173 skon\u012f, primenant\u012f \u0161vie\u017eias uogas i\u0161 nam\u0173 sodo.<\/p>\n","protected":false},"excerpt":{"rendered":"<p data-start=\"0\" data-end=\"115\"><strong data-start=\"0\" data-end=\"113\">M\u016bs\u0173 Collagen Edition vy\u0161ni\u0173\u2013kolageno skonio \u017ealias baton\u0117lis \u2013 tai puikus ir sveikas u\u017ekandis j\u016bs\u0173 kasdienybei!<\/strong><\/p>\n<ul>\n<li data-start=\"119\" data-end=\"168\">Viename baton\u0117lyje yra 5000 mg galvij\u0173 kolageno<\/li>\n<li data-start=\"171\" data-end=\"188\">100 % nat\u016bralus<\/li>\n<li data-start=\"191\" data-end=\"221\">Be prid\u0117to cukraus ar pried\u0173<\/li>\n<li data-start=\"224\" data-end=\"236\">Be glitimo<\/li>\n<li data-start=\"239\" data-end=\"255\">Be konservant\u0173<\/li>\n<li data-start=\"258\" data-end=\"299\">Vienoje d\u0117\u017eut\u0117je \u2013 16 porcij\u0173\/baton\u0117li\u0173<\/li>\n<li data-start=\"302\" data-end=\"438\">M\u016bs\u0173 baton\u0117liai taip pat praturtinti <em data-start=\"343\" data-end=\"380\">COLLAGEN EDITION Raspberry&#8217;n&#8217;Cherry<\/em> supermaisto mi\u0161iniu, kuris suteikia dar malonesn\u012f skon\u012f<\/li>\n<li data-start=\"441\" data-end=\"512\">Papildo organizm\u0105 daugybe \u012fvairi\u0173 vitamin\u0173, mineral\u0173 ir antioksidant\u0173<\/li>\n<\/ul>\n","protected":false},"featured_media":141612,"comment_status":"open","ping_status":"closed","template":"","meta":{"_acf_changed":false},"product_brand":[],"product_cat":[604,608],"product_tag":[],"class_list":{"0":"post-141611","1":"product","2":"type-product","3":"status-publish","4":"has-post-thumbnail","6":"product_cat-buk-grazi","7":"product_cat-zali-batoneliai-su-supermaistu","9":"first","10":"instock","11":"taxable","12":"shipping-taxable","13":"purchasable","14":"product-type-bundle"},"bundle_layout":"default","bundled_by":[],"bundled_items":[{"bundled_item_id":2077,"product_id":141871,"menu_order":0,"quantity_min":16,"quantity_max":16,"priced_individually":false,"shipped_individually":false,"override_title":false,"title":"COLLAGEN EDITION vy\u0161ni\u0173-kolageno \u017ealias baton\u0117lis \u2013 16 vnt","override_description":false,"description":"COLLAGEN EDITION vy\u0161ni\u0173-kolageno \u017ealias baton\u0117lis \u2013 16 vnt","optional":false,"hide_thumbnail":false,"discount":"","override_variations":false,"allowed_variations":[""],"override_default_variation_attributes":false,"default_variation_attributes":[],"single_product_visibility":"visible","cart_visibility":"visible","order_visibility":"visible","single_product_price_visibility":"visible","cart_price_visibility":"visible","order_price_visibility":"visible","stock_status":"in_stock"}],"acf":[],"_links":{"self":[{"href":"https:\/\/bemore.ee\/lt\/wp-json\/wp\/v2\/product\/141611","targetHints":{"allow":["GET"]}}],"collection":[{"href":"https:\/\/bemore.ee\/lt\/wp-json\/wp\/v2\/product"}],"about":[{"href":"https:\/\/bemore.ee\/lt\/wp-json\/wp\/v2\/types\/product"}],"replies":[{"embeddable":true,"href":"https:\/\/bemore.ee\/lt\/wp-json\/wp\/v2\/comments?post=141611"}],"wp:featuredmedia":[{"embeddable":true,"href":"https:\/\/bemore.ee\/lt\/wp-json\/wp\/v2\/media\/141612"}],"wp:attachment":[{"href":"https:\/\/bemore.ee\/lt\/wp-json\/wp\/v2\/media?parent=141611"}],"wp:term":[{"taxonomy":"product_brand","embeddable":true,"href":"https:\/\/bemore.ee\/lt\/wp-json\/wp\/v2\/product_brand?post=141611"},{"taxonomy":"product_cat","embeddable":true,"href":"https:\/\/bemore.ee\/lt\/wp-json\/wp\/v2\/product_cat?post=141611"},{"taxonomy":"product_tag","embeddable":true,"href":"https:\/\/bemore.ee\/lt\/wp-json\/wp\/v2\/product_tag?post=141611"}],"curies":[{"name":"wp","href":"https:\/\/api.w.org\/{rel}","templated":true}]}}