{"id":141602,"date":"2018-11-23T13:30:13","date_gmt":"2018-11-23T13:30:13","guid":{"rendered":"https:\/\/bemore.ee\/?post_type=product&#038;p=141602"},"modified":"2025-11-20T07:30:50","modified_gmt":"2025-11-20T05:30:50","slug":"be-fit-zemes-riesutu-sviesto-baltymu-batonelis-16-vnt","status":"publish","type":"product","link":"https:\/\/bemore.ee\/lt\/toode\/be-fit-zemes-riesutu-sviesto-baltymu-batonelis-16-vnt\/","title":{"rendered":"Be Fit \u017eem\u0117s rie\u0161ut\u0173 sviesto\u2013baltym\u0173 baton\u0117lis \u2013 16 vnt."},"content":{"rendered":"<article class=\"text-token-text-primary w-full focus:outline-none scroll-mt-[calc(var(--header-height)+min(200px,max(70px,20svh)))]\" dir=\"auto\" tabindex=\"-1\" data-turn-id=\"request-68ba6137-7448-832d-a7c9-8de854b5b88f-123\" data-testid=\"conversation-turn-268\" data-scroll-anchor=\"true\" data-turn=\"assistant\">\n<div class=\"text-base my-auto mx-auto pb-10 [--thread-content-margin:--spacing(4)] thread-sm:[--thread-content-margin:--spacing(6)] thread-lg:[--thread-content-margin:--spacing(16)] px-(--thread-content-margin)\">\n<div class=\"[--thread-content-max-width:40rem] thread-sm:[--thread-content-max-width:40rem] thread-lg:[--thread-content-max-width:48rem] mx-auto max-w-(--thread-content-max-width) flex-1 group\/turn-messages focus-visible:outline-hidden relative flex w-full min-w-0 flex-col agent-turn\" tabindex=\"-1\">\n<div class=\"flex max-w-full flex-col grow\">\n<div class=\"min-h-8 text-message relative flex w-full flex-col items-end gap-2 text-start break-words whitespace-normal [.text-message+&amp;]:mt-5\" dir=\"auto\" data-message-author-role=\"assistant\" data-message-id=\"63cfdc7e-1be5-4fdc-8137-6ed6c4af4428\" data-message-model-slug=\"gpt-5\">\n<div class=\"flex w-full flex-col gap-1 empty:hidden first:pt-[3px]\">\n<div class=\"markdown prose dark:prose-invert w-full break-words light markdown-new-styling\">\n<p data-start=\"0\" data-end=\"351\"><strong data-start=\"0\" data-end=\"76\">100 % nat\u016bral\u016bs supermaistu praturtinti \u017ealias baton\u0117liai j\u016bs\u0173 kasdienybei!<\/strong><br data-start=\"76\" data-end=\"79\" \/><em data-start=\"79\" data-end=\"87\">Be Fit<\/em> baltym\u0173\u2013\u017eem\u0117s rie\u0161ut\u0173 sviesto \u017ealias baton\u0117lyje yra m\u016bs\u0173 <em data-start=\"142\" data-end=\"150\">Be Fit<\/em> supermaisto mi\u0161inys, kuris padidina baton\u0117lio baltym\u0173 kiek\u012f ir taip pat praturtina j\u012f vitaminais bei mineralais. Jis sukurtas \u017emogui, kuriam i\u0161 ties\u0173 r\u016bpi fizin\u0117 forma ir atsigavimas po treniruot\u0117s.<\/p>\n<p data-start=\"353\" data-end=\"417\"><strong data-start=\"353\" data-end=\"415\">Be Fit baltym\u0173\u2013\u017eem\u0117s rie\u0161ut\u0173 sviesto \u017ealias baton\u0117liai tinka:<\/strong><\/p>\n<ul data-start=\"418\" data-end=\"666\">\n<li data-start=\"418\" data-end=\"506\">\n<p data-start=\"420\" data-end=\"506\">visiems, norintiems padidinti vitamin\u0173, mineral\u0173 ir antioksidant\u0173 kiek\u012f savo racione<\/p>\n<\/li>\n<li data-start=\"507\" data-end=\"548\">\n<p data-start=\"509\" data-end=\"548\">\u017emon\u0117ms, gyvenantiems aktyv\u0173 gyvenim\u0105<\/p>\n<\/li>\n<li data-start=\"549\" data-end=\"561\">\n<p data-start=\"551\" data-end=\"561\">veganams<\/p>\n<\/li>\n<li data-start=\"562\" data-end=\"604\">\n<p data-start=\"564\" data-end=\"604\">vartoti n\u0117\u0161tumo ir \u017eindymo laikotarpiu<\/p>\n<\/li>\n<li data-start=\"605\" data-end=\"616\">\n<p data-start=\"607\" data-end=\"616\">vaikams<\/p>\n<\/li>\n<li data-start=\"617\" data-end=\"666\">\n<p data-start=\"619\" data-end=\"666\">kaip geras skaidul\u0173 \u0161altinis svorio ma\u017einimui<\/p>\n<\/li>\n<\/ul>\n<p data-start=\"668\" data-end=\"1046\"><strong data-start=\"668\" data-end=\"702\">I\u0161 ko sudarytas \u0161is produktas?<\/strong><br data-start=\"702\" data-end=\"705\" \/>Sud\u0117tis: datul\u0117s, avi\u017e\u0173 miltai be glitimo, <em data-start=\"748\" data-end=\"756\">Be Fit<\/em> supermaisto mi\u0161inys (18 %) (\u017eirni\u0173 baltym\u0173 milteliai, \u017ealiosios kakavos milteliai, kanapi\u0173 baltym\u0173 milteliai, liofilizuoti goji uog\u0173 milteliai, luk\u0161tentos kanapi\u0173 s\u0117klos), agavos sirupas, \u017eem\u0117s rie\u0161utai (9 %), \u017eem\u0117s rie\u0161ut\u0173 sviestas (7 %), \u0161alto spaudimo kokos\u0173 aliejus, Himalaj\u0173 druska.<\/p>\n<p data-start=\"1048\" data-end=\"1123\"><strong data-start=\"1048\" data-end=\"1076\">Porcij\u0173 kiekis pakuot\u0117je<\/strong><br data-start=\"1076\" data-end=\"1079\" \/>Kiekvienoje d\u0117\u017eut\u0117je yra 16 \u017ealias baton\u0117li\u0173.<\/p>\n<p data-start=\"1125\" data-end=\"1236\"><strong data-start=\"1125\" data-end=\"1144\">Laikymo s\u0105lygos<\/strong><br data-start=\"1144\" data-end=\"1147\" \/>Laikyti kambario temperat\u016broje, jei \u012fmanoma \u2013 atokiau nuo tiesiogini\u0173 saul\u0117s spinduli\u0173.<\/p>\n<p data-start=\"1238\" data-end=\"1583\" data-is-last-node=\"\" data-is-only-node=\"\"><strong data-start=\"1238\" data-end=\"1279\">Koks yra Be Fit \u017ealias baton\u0117lio skonis?<\/strong><br data-start=\"1279\" data-end=\"1282\" \/><em data-start=\"1282\" data-end=\"1290\">Be Fit<\/em> \u017ealias baton\u0117lis turi malon\u0173 \u017ealiosios kakavos ir s\u016braus \u017eem\u0117s rie\u0161ut\u0173 sviesto skon\u012f \u2013 tarsi tobula santuoka. I\u0161 prad\u017ei\u0173 jis patenkina saldumyn\u0173 poreik\u012f, bet tuo pa\u010diu suteikia sotumo jausm\u0105. Galiausiai atrodo, lyg b\u016btum\u0117te suvalg\u0119 tobul\u0105 \u0161okoladin\u012f u\u017ekand\u012f be \u0161okolado ir perteklinio cukraus.<\/p>\n<\/div>\n<\/div>\n<\/div>\n<\/div>\n<\/div>\n<\/div>\n<\/article>\n","protected":false},"excerpt":{"rendered":"<p data-start=\"0\" data-end=\"132\"><strong data-start=\"0\" data-end=\"130\">M\u016bs\u0173 \u017ealiosios kakavos ir \u017eem\u0117s rie\u0161ut\u0173 sviesto skonio Be Fit \u017ealias baton\u0117lis \u2013 tai puikus ir sveikas u\u017ekandis j\u016bs\u0173 kasdienybei!<\/strong><\/p>\n<ul>\n<li data-start=\"136\" data-end=\"153\">100 % nat\u016bralus<\/li>\n<li data-start=\"156\" data-end=\"198\">Puikus u\u017ekandis atsigauti po treniruot\u0117s<\/li>\n<li data-start=\"201\" data-end=\"212\">Be pried\u0173<\/li>\n<li data-start=\"215\" data-end=\"227\">Be glitimo<\/li>\n<li data-start=\"230\" data-end=\"249\">Veganams tinkamas<\/li>\n<li data-start=\"252\" data-end=\"268\">Be konservant\u0173<\/li>\n<li data-start=\"271\" data-end=\"312\">Vienoje d\u0117\u017eut\u0117je \u2013 16 porcij\u0173\/baton\u0117li\u0173<\/li>\n<li data-start=\"315\" data-end=\"434\">M\u016bs\u0173 baton\u0117liai taip pat praturtinti <em data-start=\"352\" data-end=\"360\">Be Fit<\/em> supermaisto mi\u0161iniu, kuris suteikia dar daugiau baltym\u0173 ir malon\u0173 skon\u012f<\/li>\n<\/ul>\n","protected":false},"featured_media":141603,"comment_status":"open","ping_status":"closed","template":"","meta":{"_acf_changed":false},"product_brand":[],"product_cat":[603,608],"product_tag":[617,614],"class_list":{"0":"post-141602","1":"product","2":"type-product","3":"status-publish","4":"has-post-thumbnail","6":"product_cat-bukite-aktyvus","7":"product_cat-zali-batoneliai-su-supermaistu","8":"product_tag-be-beautiful-lt","9":"product_tag-be-fit-lt","11":"first","12":"instock","13":"taxable","14":"shipping-taxable","15":"purchasable","16":"product-type-bundle"},"bundle_layout":"default","bundled_by":[],"bundled_items":[{"bundled_item_id":2188,"product_id":142957,"menu_order":0,"quantity_min":16,"quantity_max":16,"priced_individually":false,"shipped_individually":false,"override_title":false,"title":"1 Fit batoon","override_description":false,"description":"1 Fit batoon","optional":false,"hide_thumbnail":false,"discount":"","override_variations":false,"allowed_variations":[""],"override_default_variation_attributes":false,"default_variation_attributes":[],"single_product_visibility":"visible","cart_visibility":"visible","order_visibility":"visible","single_product_price_visibility":"visible","cart_price_visibility":"visible","order_price_visibility":"visible","stock_status":"in_stock"}],"acf":[],"_links":{"self":[{"href":"https:\/\/bemore.ee\/lt\/wp-json\/wp\/v2\/product\/141602","targetHints":{"allow":["GET"]}}],"collection":[{"href":"https:\/\/bemore.ee\/lt\/wp-json\/wp\/v2\/product"}],"about":[{"href":"https:\/\/bemore.ee\/lt\/wp-json\/wp\/v2\/types\/product"}],"replies":[{"embeddable":true,"href":"https:\/\/bemore.ee\/lt\/wp-json\/wp\/v2\/comments?post=141602"}],"wp:featuredmedia":[{"embeddable":true,"href":"https:\/\/bemore.ee\/lt\/wp-json\/wp\/v2\/media\/141603"}],"wp:attachment":[{"href":"https:\/\/bemore.ee\/lt\/wp-json\/wp\/v2\/media?parent=141602"}],"wp:term":[{"taxonomy":"product_brand","embeddable":true,"href":"https:\/\/bemore.ee\/lt\/wp-json\/wp\/v2\/product_brand?post=141602"},{"taxonomy":"product_cat","embeddable":true,"href":"https:\/\/bemore.ee\/lt\/wp-json\/wp\/v2\/product_cat?post=141602"},{"taxonomy":"product_tag","embeddable":true,"href":"https:\/\/bemore.ee\/lt\/wp-json\/wp\/v2\/product_tag?post=141602"}],"curies":[{"name":"wp","href":"https:\/\/api.w.org\/{rel}","templated":true}]}}