{"id":141579,"date":"2021-11-17T08:52:34","date_gmt":"2021-11-17T08:52:34","guid":{"rendered":"https:\/\/bemore.ee\/?post_type=product&#038;p=141579"},"modified":"2026-02-23T13:01:05","modified_gmt":"2026-02-23T11:01:05","slug":"mineralu-kompleksas","status":"publish","type":"product","link":"https:\/\/bemore.ee\/lt\/toode\/mineralu-kompleksas\/","title":{"rendered":"Mineral\u0173 kompleksas"},"content":{"rendered":"<p data-start=\"0\" data-end=\"300\"><strong data-start=\"0\" data-end=\"23\">Mineral\u0173 kompleksas<\/strong> sudarytas i\u0161 keturi\u0173 komponent\u0173 ir turi daug kalio bei magnio. Kalis ir magnis padeda palaikyti normali\u0105 nerv\u0173 sistemos ir raumen\u0173 veikl\u0105. Be to, magnis padeda ma\u017einti nuovarg\u012f ir i\u0161sekim\u0105, palaikyti normali\u0105 kaul\u0173 b\u016bkl\u0119, normali\u0105 elektrolit\u0173 pusiausvyr\u0105 ir baltym\u0173 sintez\u0119.<\/p>\n<p data-start=\"302\" data-end=\"912\"><strong data-start=\"302\" data-end=\"325\">Mineral\u0173 kompleksas<\/strong> sudarytas i\u0161 keturi\u0173 komponent\u0173, kuriuose gausu kalcio ir magnio. Kalcis ir magnis padeda palaikyti normali\u0105 energijos apykait\u0105, normali\u0105 nerv\u0173 sistemos veikl\u0105, normali\u0105 raumen\u0173 funkcij\u0105 ir normali\u0105 kaul\u0173 b\u016bkl\u0119. Be to, magnis padeda ma\u017einti nuovarg\u012f ir i\u0161sekim\u0105, palaikyti elektrolit\u0173 pusiausvyr\u0105 ir normali\u0105 baltym\u0173 sintez\u0119. <strong data-start=\"652\" data-end=\"671\">Himalaj\u0173 druska<\/strong>, kurioje yra daug nauding\u0173 mineral\u0173, yra labai reikalinga m\u016bs\u0173 sveikatai, nes k\u016bno skys\u010diai \u2013 limfa, kraujas ir tarpl\u0105stelinis skystis \u2013 yra s\u016br\u016bs ir \u0161arminiai, o mineralizuotas \u0161arminis vanduo padeda i\u0161laikyti organizmo l\u0105steles sveikas.<\/p>\n<p data-start=\"914\" data-end=\"946\"><strong data-start=\"914\" data-end=\"944\">Mineral\u0173 kompleksas tinka:<\/strong><\/p>\n<ul data-start=\"947\" data-end=\"1082\">\n<li data-start=\"947\" data-end=\"992\">\n<p data-start=\"949\" data-end=\"992\">\u017dmon\u0117ms, kurie nori gerti \u0161armin\u012f vanden\u012f<\/p>\n<\/li>\n<li data-start=\"993\" data-end=\"1082\">\n<p data-start=\"995\" data-end=\"1082\">\u017dmon\u0117ms, kurie nori papildomai gauti mineral\u0173 kartu su \u012fvairia ir subalansuota mityba<\/p>\n<\/li>\n<\/ul>\n<p data-start=\"1084\" data-end=\"1207\"><strong data-start=\"1084\" data-end=\"1117\">I\u0161 ko susideda \u0161is produktas?<\/strong><br data-start=\"1117\" data-end=\"1120\" \/>Sud\u0117tis: magnio citratas, kalio bikarbonatas, Himalaj\u0173 druska ir natrio bikarbonatas.<\/p>\n<p data-start=\"1209\" data-end=\"1270\"><strong data-start=\"1209\" data-end=\"1227\">Produkte n\u0117ra:<\/strong> dirbtini\u0173 kvap\u0173, aromat\u0173 ar konservant\u0173.<\/p>\n<p data-start=\"1272\" data-end=\"1455\"><strong data-start=\"1272\" data-end=\"1289\">Kaip vartoti?<\/strong><br data-start=\"1289\" data-end=\"1292\" \/>Vartojimo rekomendacijos: suaugusiesiems (nuo 18 met\u0173) pus\u0119 arbatinio \u0161auk\u0161telio (2,5 g) mineral\u0173 mi\u0161inio i\u0161tirpinti 2 litruose vandens ir suvartoti dienos metu.<\/p>\n<p data-start=\"1457\" data-end=\"1640\"><strong data-start=\"1457\" data-end=\"1510\">Maisto papildas n\u0117ra \u012fvairios mitybos pakaitalas!<\/strong><br data-start=\"1510\" data-end=\"1513\" \/>Svarbu valgyti \u012fvair\u0173 ir subalansuot\u0105 maist\u0105 bei gyventi sveik\u0105 gyvenimo b\u016bd\u0105! Rekomenduojamos paros normos vir\u0161yti negalima!<\/p>\n<p data-start=\"1642\" data-end=\"1843\"><strong data-start=\"1642\" data-end=\"1655\">\u012esp\u0117jimai<\/strong><br data-start=\"1655\" data-end=\"1658\" \/>Tai n\u0117ra \u012fvairios mitybos pakaitalas. Svarbu valgyti \u012fvair\u0173 ir subalansuot\u0105 maist\u0105 bei gyventi sveikai. Nevir\u0161yti rekomenduojamos paros normos. Laikyti vaikams nepasiekiamoje vietoje.<\/p>\n<p data-start=\"1845\" data-end=\"1976\"><strong data-start=\"1845\" data-end=\"1864\">Laikymo s\u0105lygos<\/strong><br data-start=\"1864\" data-end=\"1867\" \/>Laikyti originalioje pakuot\u0117je 5\u201325 \u2103 temperat\u016broje, apsaugot\u0105 nuo dr\u0117gm\u0117s ir tiesiogini\u0173 saul\u0117s spinduli\u0173.<\/p>\n<p data-start=\"1978\" data-end=\"2023\" data-is-last-node=\"\" data-is-only-node=\"\">Laikyti vaikams nepasiekiamoje vietoje!<\/p>\n","protected":false},"excerpt":{"rendered":"<ul>\n<li>Padaro vanden\u012f \u0161armin\u012f<\/li>\n<li>Ma\u017eina nuovarg\u012f ir i\u0161sekim\u0105<\/li>\n<li>Padeda suma\u017einti perteklin\u012f r\u016bg\u0161tingum\u0105 organizme<\/li>\n<li>\u0160armin\u0117je aplinkoje organizmas yra ma\u017eiau jautrus patogenams<\/li>\n<li>\u0160arminis vanduo padeda i\u0161laikyti organizmo l\u0105steles sveikas<\/li>\n<li>Padeda atkurti mineral\u0173 pusiausvyr\u0105 organizme<\/li>\n<li>Tinka veganams<\/li>\n<\/ul>\n","protected":false},"featured_media":141564,"comment_status":"open","ping_status":"closed","template":"","meta":{"_acf_changed":false},"product_brand":[],"product_cat":[593,594],"product_tag":[],"class_list":{"0":"post-141579","1":"product","2":"type-product","3":"status-publish","4":"has-post-thumbnail","6":"product_cat-toidulisandid-lt","7":"product_cat-ole-terve-lt","9":"first","10":"instock","11":"taxable","12":"shipping-taxable","13":"purchasable","14":"product-type-simple"},"bundle_layout":"","bundled_by":[],"bundled_items":[],"acf":[],"_links":{"self":[{"href":"https:\/\/bemore.ee\/lt\/wp-json\/wp\/v2\/product\/141579","targetHints":{"allow":["GET"]}}],"collection":[{"href":"https:\/\/bemore.ee\/lt\/wp-json\/wp\/v2\/product"}],"about":[{"href":"https:\/\/bemore.ee\/lt\/wp-json\/wp\/v2\/types\/product"}],"replies":[{"embeddable":true,"href":"https:\/\/bemore.ee\/lt\/wp-json\/wp\/v2\/comments?post=141579"}],"wp:featuredmedia":[{"embeddable":true,"href":"https:\/\/bemore.ee\/lt\/wp-json\/wp\/v2\/media\/141564"}],"wp:attachment":[{"href":"https:\/\/bemore.ee\/lt\/wp-json\/wp\/v2\/media?parent=141579"}],"wp:term":[{"taxonomy":"product_brand","embeddable":true,"href":"https:\/\/bemore.ee\/lt\/wp-json\/wp\/v2\/product_brand?post=141579"},{"taxonomy":"product_cat","embeddable":true,"href":"https:\/\/bemore.ee\/lt\/wp-json\/wp\/v2\/product_cat?post=141579"},{"taxonomy":"product_tag","embeddable":true,"href":"https:\/\/bemore.ee\/lt\/wp-json\/wp\/v2\/product_tag?post=141579"}],"curies":[{"name":"wp","href":"https:\/\/api.w.org\/{rel}","templated":true}]}}