{"id":141568,"date":"2018-11-23T14:21:59","date_gmt":"2018-11-23T14:21:59","guid":{"rendered":"https:\/\/bemore.ee\/?post_type=product&#038;p=141568"},"modified":"2025-11-20T07:10:22","modified_gmt":"2025-11-20T05:10:22","slug":"be-beautiful-kokosu-avieciu-batonelis-16-vnt","status":"publish","type":"product","link":"https:\/\/bemore.ee\/lt\/toode\/be-beautiful-kokosu-avieciu-batonelis-16-vnt\/","title":{"rendered":"Be Beautiful kokos\u0173-avie\u010di\u0173 baton\u0117lis \u2013 16 vnt."},"content":{"rendered":"<p data-start=\"0\" data-end=\"296\"><strong data-start=\"0\" data-end=\"76\">100 % nat\u016bral\u016bs supermaistu praturtinti \u017ealias baton\u0117liai j\u016bs\u0173 kasdienybei!<\/strong><br data-start=\"76\" data-end=\"79\" \/><em data-start=\"79\" data-end=\"93\">Be Beautiful<\/em> kokos\u0173\u2013avie\u010di\u0173 \u017ealias baton\u0117lyje yra m\u016bs\u0173 <em data-start=\"133\" data-end=\"147\">Be Beautiful<\/em> supermaisto mi\u0161inys, kuris padidina baton\u0117lio vitamin\u0173 ir mineral\u0173 kiek\u012f. Jis sukurtas \u017emogui, kuriam i\u0161 ties\u0173 r\u016bpi odos, plauk\u0173 ir nag\u0173 sveikata.<\/p>\n<p data-start=\"298\" data-end=\"353\"><strong data-start=\"298\" data-end=\"351\">Be Beautiful kokos\u0173\u2013avie\u010di\u0173 \u017ealias baton\u0117liai tinka:<\/strong><\/p>\n<ul data-start=\"354\" data-end=\"560\">\n<li data-start=\"354\" data-end=\"442\">\n<p data-start=\"356\" data-end=\"442\">visiems, norintiems padidinti vitamin\u0173, mineral\u0173 ir antioksidant\u0173 kiek\u012f savo racione<\/p>\n<\/li>\n<li data-start=\"443\" data-end=\"455\">\n<p data-start=\"445\" data-end=\"455\">veganams<\/p>\n<\/li>\n<li data-start=\"456\" data-end=\"498\">\n<p data-start=\"458\" data-end=\"498\">vartoti n\u0117\u0161tumo ir \u017eindymo laikotarpiu<\/p>\n<\/li>\n<li data-start=\"499\" data-end=\"510\">\n<p data-start=\"501\" data-end=\"510\">vaikams<\/p>\n<\/li>\n<li data-start=\"511\" data-end=\"560\">\n<p data-start=\"513\" data-end=\"560\">kaip geras skaidul\u0173 \u0161altinis svorio ma\u017einimui<\/p>\n<\/li>\n<\/ul>\n<p data-start=\"562\" data-end=\"936\"><strong data-start=\"562\" data-end=\"596\">I\u0161 ko sudarytas \u0161is produktas?<\/strong><br data-start=\"596\" data-end=\"599\" \/>Sud\u0117tis: datul\u0117s, avi\u017eos be glitimo, kokoso dro\u017el\u0117s (15 %), agavos sirupas, anakard\u017eiai, <em data-start=\"688\" data-end=\"702\">Be Beautiful<\/em> supermaisto mi\u0161inys (6 %) (er\u0161k\u0117tuogi\u0173 milteliai, baobab\u0173 milteliai, liofilizuoti avie\u010di\u0173 milteliai, \u017eirni\u0173 baltym\u0173 milteliai, chia s\u0117klos, acai uog\u0173 milteliai), liofilizuoti avie\u010di\u0173 gabaliukai (5 %), \u0161alto spaudimo kokos\u0173 aliejus.<\/p>\n<p data-start=\"938\" data-end=\"1013\"><strong data-start=\"938\" data-end=\"966\">Porcij\u0173 kiekis pakuot\u0117je<\/strong><br data-start=\"966\" data-end=\"969\" \/>Kiekvienoje d\u0117\u017eut\u0117je yra 16 \u017ealias baton\u0117li\u0173.<\/p>\n<p data-start=\"1015\" data-end=\"1126\"><strong data-start=\"1015\" data-end=\"1034\">Laikymo s\u0105lygos<\/strong><br data-start=\"1034\" data-end=\"1037\" \/>Laikyti kambario temperat\u016broje, jei \u012fmanoma \u2013 atokiau nuo tiesiogini\u0173 saul\u0117s spinduli\u0173.<\/p>\n<p data-start=\"1128\" data-end=\"1448\" data-is-last-node=\"\" data-is-only-node=\"\"><strong data-start=\"1128\" data-end=\"1175\">Koks yra Be Beautiful \u017ealias baton\u0117lio skonis?<\/strong><br data-start=\"1175\" data-end=\"1178\" \/><em data-start=\"1178\" data-end=\"1192\">Be Beautiful<\/em> \u017ealias baton\u0117lis turi lengvai r\u016bg\u0161t\u0173, bet malon\u0173 skon\u012f, gaunam\u0105 i\u0161 avie\u010di\u0173, kokoso ir <em data-start=\"1276\" data-end=\"1290\">Be Beautiful<\/em> supermaisto mi\u0161inio. Kokosas taip pat suteikia baton\u0117liui maloni\u0105 tekst\u016br\u0105 ir subalansuoja r\u016bg\u0161tok\u0105 avie\u010di\u0173 skon\u012f savo \u0161velniu ir lengvai sald\u017eiu poskoniu.<\/p>\n","protected":false},"excerpt":{"rendered":"<p data-start=\"0\" data-end=\"103\"><strong data-start=\"0\" data-end=\"101\">M\u016bs\u0173 avie\u010di\u0173 skonio Be Beautiful \u017ealias baton\u0117lis \u2013 tai puikus ir sveikas u\u017ekandis j\u016bs\u0173 kasdienybei!<\/strong><\/p>\n<ul>\n<li data-start=\"107\" data-end=\"124\">100 % nat\u016bralus<\/li>\n<li data-start=\"127\" data-end=\"157\">Be prid\u0117to cukraus ir pried\u0173<\/li>\n<li data-start=\"160\" data-end=\"172\">Be glitimo<\/li>\n<li data-start=\"175\" data-end=\"194\">Veganams tinkamas<\/li>\n<li data-start=\"197\" data-end=\"213\">Be konservant\u0173<\/li>\n<li data-start=\"216\" data-end=\"257\">Vienoje d\u0117\u017eut\u0117je \u2013 16 porcij\u0173\/baton\u0117li\u0173<\/li>\n<li data-start=\"260\" data-end=\"369\">M\u016bs\u0173 baton\u0117liai taip pat praturtinti <em data-start=\"297\" data-end=\"311\">Be Beautiful<\/em> supermaisto mi\u0161iniu, kuris suteikia dar malonesn\u012f skon\u012f<\/li>\n<li data-start=\"372\" data-end=\"443\">Papildo organizm\u0105 daugybe \u012fvairi\u0173 vitamin\u0173, mineral\u0173 ir antioksidant\u0173<\/li>\n<\/ul>\n","protected":false},"featured_media":141578,"comment_status":"open","ping_status":"closed","template":"","meta":{"_acf_changed":false},"product_brand":[],"product_cat":[604,608],"product_tag":[],"class_list":{"0":"post-141568","1":"product","2":"type-product","3":"status-publish","4":"has-post-thumbnail","6":"product_cat-buk-grazi","7":"product_cat-zali-batoneliai-su-supermaistu","9":"first","10":"instock","11":"taxable","12":"shipping-taxable","13":"purchasable","14":"product-type-bundle"},"bundle_layout":"default","bundled_by":[],"bundled_items":[{"bundled_item_id":2182,"product_id":142960,"menu_order":0,"quantity_min":16,"quantity_max":16,"priced_individually":false,"shipped_individually":false,"override_title":false,"title":"1 Gra\u017ei lazdel\u0117","override_description":false,"description":"1 Gra\u017ei lazdel\u0117","optional":false,"hide_thumbnail":false,"discount":"","override_variations":false,"allowed_variations":[""],"override_default_variation_attributes":false,"default_variation_attributes":[],"single_product_visibility":"visible","cart_visibility":"visible","order_visibility":"visible","single_product_price_visibility":"visible","cart_price_visibility":"visible","order_price_visibility":"visible","stock_status":"in_stock"}],"acf":[],"_links":{"self":[{"href":"https:\/\/bemore.ee\/lt\/wp-json\/wp\/v2\/product\/141568","targetHints":{"allow":["GET"]}}],"collection":[{"href":"https:\/\/bemore.ee\/lt\/wp-json\/wp\/v2\/product"}],"about":[{"href":"https:\/\/bemore.ee\/lt\/wp-json\/wp\/v2\/types\/product"}],"replies":[{"embeddable":true,"href":"https:\/\/bemore.ee\/lt\/wp-json\/wp\/v2\/comments?post=141568"}],"wp:featuredmedia":[{"embeddable":true,"href":"https:\/\/bemore.ee\/lt\/wp-json\/wp\/v2\/media\/141578"}],"wp:attachment":[{"href":"https:\/\/bemore.ee\/lt\/wp-json\/wp\/v2\/media?parent=141568"}],"wp:term":[{"taxonomy":"product_brand","embeddable":true,"href":"https:\/\/bemore.ee\/lt\/wp-json\/wp\/v2\/product_brand?post=141568"},{"taxonomy":"product_cat","embeddable":true,"href":"https:\/\/bemore.ee\/lt\/wp-json\/wp\/v2\/product_cat?post=141568"},{"taxonomy":"product_tag","embeddable":true,"href":"https:\/\/bemore.ee\/lt\/wp-json\/wp\/v2\/product_tag?post=141568"}],"curies":[{"name":"wp","href":"https:\/\/api.w.org\/{rel}","templated":true}]}}