{"id":141539,"date":"2019-10-01T07:11:52","date_gmt":"2019-10-01T07:11:52","guid":{"rendered":"https:\/\/bemore.ee\/?post_type=product&#038;p=141539"},"modified":"2026-03-25T06:57:51","modified_gmt":"2026-03-25T04:57:51","slug":"be-active-red-velvet-juoduju-serbentu-ir-migdolu-batonelis-16-vnt","status":"publish","type":"product","link":"https:\/\/bemore.ee\/lt\/toode\/be-active-red-velvet-juoduju-serbentu-ir-migdolu-batonelis-16-vnt\/","title":{"rendered":"Be Active Red Velvet juod\u0173j\u0173 serbent\u0173 ir migdol\u0173 baton\u0117lis \u2013 16 vnt."},"content":{"rendered":"<p data-start=\"0\" data-end=\"290\"><strong data-start=\"0\" data-end=\"76\">100 % nat\u016bral\u016bs supermaistu praturtinti \u017ealias baton\u0117liai j\u016bs\u0173 kasdienybei!<\/strong><br data-start=\"76\" data-end=\"79\" \/><em data-start=\"79\" data-end=\"90\">Be Active<\/em> red velvet juod\u0173j\u0173 serbent\u0173 ir migdol\u0173 \u017ealias baton\u0117lyje yra m\u016bs\u0173 <em data-start=\"154\" data-end=\"165\">Be Active<\/em> supermaisto mi\u0161inys, kuris praturtina baton\u0117l\u012f daugybe vitamin\u0173 ir mineral\u0173. Jis sukurtas \u017emogui, norin\u010diam b\u016bti aktyviam.<\/p>\n<p data-start=\"292\" data-end=\"368\"><strong data-start=\"292\" data-end=\"366\">Be Active red velvet juod\u0173j\u0173 serbent\u0173 ir migdol\u0173 \u017ealias baton\u0117liai tinka:<\/strong><\/p>\n<ul data-start=\"369\" data-end=\"575\">\n<li data-start=\"369\" data-end=\"457\">\n<p data-start=\"371\" data-end=\"457\">visiems, norintiems padidinti vitamin\u0173, mineral\u0173 ir antioksidant\u0173 kiek\u012f savo racione<\/p>\n<\/li>\n<li data-start=\"458\" data-end=\"470\">\n<p data-start=\"460\" data-end=\"470\">veganams<\/p>\n<\/li>\n<li data-start=\"471\" data-end=\"513\">\n<p data-start=\"473\" data-end=\"513\">vartoti n\u0117\u0161tumo ir \u017eindymo laikotarpiu<\/p>\n<\/li>\n<li data-start=\"514\" data-end=\"525\">\n<p data-start=\"516\" data-end=\"525\">vaikams<\/p>\n<\/li>\n<li data-start=\"526\" data-end=\"575\">\n<p data-start=\"528\" data-end=\"575\">kaip geras skaidul\u0173 \u0161altinis svorio ma\u017einimui<\/p>\n<\/li>\n<\/ul>\n<p data-start=\"577\" data-end=\"992\"><strong data-start=\"577\" data-end=\"611\">I\u0161 ko sudarytas \u0161is produktas?<\/strong><br data-start=\"611\" data-end=\"614\" \/>Sud\u0117tis: datul\u0117s, avi\u017eos be glitimo, agavos sirupas, migdolai (10 %), migdol\u0173 miltai (10 %), <em data-start=\"707\" data-end=\"718\">Be Active<\/em> supermaisto mi\u0161inys (10 %) (burok\u0117li\u0173 milteliai, liofilizuoti juod\u0173j\u0173 serbent\u0173 milteliai, liofilizuoti goji uog\u0173 milteliai, chia s\u0117klos, liofilizuoti camu-camu milteliai), liofilizuoti juodieji serbentai (5 %), \u0161alto spaudimo kokos\u0173 aliejus, \u017ealiosios kakavos gabaliukai.<\/p>\n<p data-start=\"994\" data-end=\"1069\"><strong data-start=\"994\" data-end=\"1022\">Porcij\u0173 kiekis pakuot\u0117je<\/strong><br data-start=\"1022\" data-end=\"1025\" \/>Kiekvienoje d\u0117\u017eut\u0117je yra 16 \u017ealias baton\u0117li\u0173.<\/p>\n<p data-start=\"1071\" data-end=\"1182\"><strong data-start=\"1071\" data-end=\"1090\">Laikymo s\u0105lygos<\/strong><br data-start=\"1090\" data-end=\"1093\" \/>Laikyti kambario temperat\u016broje, jei \u012fmanoma \u2013 atokiau nuo tiesiogini\u0173 saul\u0117s spinduli\u0173.<\/p>\n<p data-start=\"1184\" data-end=\"1524\" data-is-last-node=\"\" data-is-only-node=\"\"><strong data-start=\"1184\" data-end=\"1228\">Koks yra Be Active \u017ealias baton\u0117lio skonis?<\/strong><br data-start=\"1228\" data-end=\"1231\" \/><em data-start=\"1231\" data-end=\"1242\">Be Active<\/em> \u017ealias baton\u0117lis turi malon\u0173 r\u016bg\u0161tok\u0105 juod\u0173j\u0173 serbent\u0173 skon\u012f, kur\u012f papildo kreminis ir lengvai saldus migdol\u0173 skonis. Produkt\u0105 u\u017ebaigia \u017ealiosios kakavos gabaliukai, kurie suteikia \u0161iek tiek kartumo, subalansuoja skon\u012f ir prideda lengvai tra\u0161kios tekst\u016bros prie aksominio baton\u0117lio.<\/p>\n","protected":false},"excerpt":{"rendered":"<p data-start=\"0\" data-end=\"120\"><strong data-start=\"0\" data-end=\"118\">M\u016bs\u0173 juod\u0173j\u0173 serbent\u0173 ir migdol\u0173 skonio Be Active \u017ealias baton\u0117lis \u2013 tai puikus ir sveikas u\u017ekandis j\u016bs\u0173 kasdienybei!<\/strong><\/p>\n<ul>\n<li data-start=\"124\" data-end=\"141\">100 % nat\u016bralus<\/li>\n<li data-start=\"144\" data-end=\"161\">Puikus u\u017ekandis<\/li>\n<li data-start=\"164\" data-end=\"176\">Be glitimo<\/li>\n<li data-start=\"179\" data-end=\"198\">Veganams tinkamas<\/li>\n<li data-start=\"201\" data-end=\"217\">Be konservant\u0173<\/li>\n<li data-start=\"220\" data-end=\"261\">Vienoje d\u0117\u017eut\u0117je \u2013 16 porcij\u0173\/baton\u0117li\u0173<\/li>\n<li data-start=\"264\" data-end=\"372\">M\u016bs\u0173 \u017ealias baton\u0117liai taip pat praturtinti <em data-start=\"305\" data-end=\"316\">Be Active<\/em> supermaisto mi\u0161iniu, kuris suteikia malon\u0173 uog\u0173 skon\u012f<\/li>\n<li data-start=\"375\" data-end=\"446\">Papildo organizm\u0105 daugybe \u012fvairi\u0173 vitamin\u0173, mineral\u0173 ir antioksidant\u0173<\/li>\n<\/ul>\n","protected":false},"featured_media":141540,"comment_status":"open","ping_status":"closed","template":"","meta":{"_acf_changed":false},"product_brand":[],"product_cat":[603,608],"product_tag":[],"class_list":{"0":"post-141539","1":"product","2":"type-product","3":"status-publish","4":"has-post-thumbnail","6":"product_cat-bukite-aktyvus","7":"product_cat-zali-batoneliai-su-supermaistu","9":"first","10":"instock","11":"taxable","12":"shipping-taxable","13":"purchasable","14":"product-type-bundle"},"bundle_layout":"default","bundled_by":[],"bundled_items":[{"bundled_item_id":2113,"product_id":143056,"menu_order":0,"quantity_min":16,"quantity_max":16,"priced_individually":false,"shipped_individually":false,"override_title":false,"title":"1 aktyvi juosta","override_description":false,"description":"1 aktyvi juosta","optional":false,"hide_thumbnail":false,"discount":"","override_variations":false,"allowed_variations":[""],"override_default_variation_attributes":false,"default_variation_attributes":[],"single_product_visibility":"visible","cart_visibility":"visible","order_visibility":"visible","single_product_price_visibility":"visible","cart_price_visibility":"visible","order_price_visibility":"visible","stock_status":"in_stock"}],"acf":[],"_links":{"self":[{"href":"https:\/\/bemore.ee\/lt\/wp-json\/wp\/v2\/product\/141539","targetHints":{"allow":["GET"]}}],"collection":[{"href":"https:\/\/bemore.ee\/lt\/wp-json\/wp\/v2\/product"}],"about":[{"href":"https:\/\/bemore.ee\/lt\/wp-json\/wp\/v2\/types\/product"}],"replies":[{"embeddable":true,"href":"https:\/\/bemore.ee\/lt\/wp-json\/wp\/v2\/comments?post=141539"}],"wp:featuredmedia":[{"embeddable":true,"href":"https:\/\/bemore.ee\/lt\/wp-json\/wp\/v2\/media\/141540"}],"wp:attachment":[{"href":"https:\/\/bemore.ee\/lt\/wp-json\/wp\/v2\/media?parent=141539"}],"wp:term":[{"taxonomy":"product_brand","embeddable":true,"href":"https:\/\/bemore.ee\/lt\/wp-json\/wp\/v2\/product_brand?post=141539"},{"taxonomy":"product_cat","embeddable":true,"href":"https:\/\/bemore.ee\/lt\/wp-json\/wp\/v2\/product_cat?post=141539"},{"taxonomy":"product_tag","embeddable":true,"href":"https:\/\/bemore.ee\/lt\/wp-json\/wp\/v2\/product_tag?post=141539"}],"curies":[{"name":"wp","href":"https:\/\/api.w.org\/{rel}","templated":true}]}}