{"id":141508,"date":"2021-10-27T09:01:03","date_gmt":"2021-10-27T09:01:03","guid":{"rendered":"https:\/\/bemore.ee\/?post_type=product&#038;p=141508"},"modified":"2026-05-11T14:27:01","modified_gmt":"2026-05-11T11:27:01","slug":"be-fit-supermaisto-misinys-150-g","status":"publish","type":"product","link":"https:\/\/bemore.ee\/lt\/toode\/be-fit-supermaisto-misinys-150-g\/","title":{"rendered":"Be Fit supermaisto mi\u0161inys, 150 g"},"content":{"rendered":"<p data-start=\"0\" data-end=\"187\"><strong data-start=\"0\" data-end=\"79\">100 % nat\u016bralus supermaisto mi\u0161inys, padedantis atsistatyti po treniruo\u010di\u0173.<\/strong><br data-start=\"79\" data-end=\"82\" \/><em data-start=\"82\" data-end=\"90\">Be Fit<\/em> \u2013 tai supermaisto mi\u0161inys, sukurtas apr\u016bpinti organizm\u0105 auk\u0161tos kokyb\u0117s augaliniais baltymais.<\/p>\n<p data-start=\"189\" data-end=\"694\">5 supermaisto produktai su 3 baltym\u0173 \u0161altiniais padeda organizmui atsigauti po fizinio kr\u016bvio. \u017dirni\u0173 ir kanapi\u0173 baltymai apr\u016bpina organizm\u0105 visomis b\u016btinomis aminor\u016bg\u0161timis. Aminor\u016bg\u0161tys yra audini\u0173, raumen\u0173 ir ferment\u0173 statybiniai blokai. Goji uogos turi vitamin\u0173 A ir C, kalio, fenolio r\u016bg\u0161\u010di\u0173 ir flavonoid\u0173, kurie veikia kaip stipr\u016bs antioksidantai ir padeda palaikyti normali\u0105 energijos apykait\u0105 bei normali\u0105 imunin\u0117s sistemos veikl\u0105. Kanapi\u0173 s\u0117klos turi tiek omega-3, tiek omega-6 riebal\u0173 r\u016bg\u0161\u010di\u0173.<\/p>\n<p data-start=\"696\" data-end=\"735\"><strong data-start=\"696\" data-end=\"733\">Be Fit supermaisto mi\u0161inys tinka:<\/strong><\/p>\n<ul data-start=\"736\" data-end=\"966\">\n<li data-start=\"736\" data-end=\"777\">\n<p data-start=\"738\" data-end=\"777\">\u017emon\u0117ms, gyvenantiems aktyv\u0173 gyvenim\u0105<\/p>\n<\/li>\n<li data-start=\"778\" data-end=\"822\">\n<p data-start=\"780\" data-end=\"822\">kaip augalini\u0173 baltym\u0173 \u0161altinis veganams<\/p>\n<\/li>\n<li data-start=\"823\" data-end=\"902\">\n<p data-start=\"825\" data-end=\"902\">visiems, norintiems praturtinti maist\u0105 baltymais ir subtiliu kakavos skoniu<\/p>\n<\/li>\n<li data-start=\"903\" data-end=\"923\">\n<p data-start=\"905\" data-end=\"923\">svorio ma\u017einimui<\/p>\n<\/li>\n<li data-start=\"924\" data-end=\"966\">\n<p data-start=\"926\" data-end=\"966\">vartoti n\u0117\u0161tumo ir \u017eindymo laikotarpiu<\/p>\n<\/li>\n<\/ul>\n<p data-start=\"968\" data-end=\"1181\"><strong data-start=\"968\" data-end=\"1002\">I\u0161 ko sudarytas \u0161is produktas?<\/strong><br data-start=\"1002\" data-end=\"1005\" \/>Sud\u0117tis: \u017eirni\u0173 baltym\u0173 milteliai (30 %), \u017ealiosios kakavos milteliai (25 %), kanapi\u0173 baltym\u0173 milteliai (20 %), liofilizuoti goji uog\u0173 milteliai (20 %), kanapi\u0173 s\u0117klos (5 %).<\/p>\n<p data-start=\"1183\" data-end=\"1374\"><strong data-start=\"1183\" data-end=\"1200\">Kaip vartoti?<\/strong><br data-start=\"1200\" data-end=\"1203\" \/>\u012ed\u0117kite 1\u20133 valgomuosius \u0161auk\u0161tus \u012f kiekvien\u0105 glotnut\u012f, priklausomai nuo poreiki\u0173. Taip pat galite d\u0117ti \u012f kitus g\u0117rimus ar patiekalus \u2013 vanden\u012f, sultis, ko\u0161\u0119 ar jogurt\u0105.<\/p>\n<p data-start=\"1376\" data-end=\"1487\"><strong data-start=\"1376\" data-end=\"1404\">Porcij\u0173 kiekis pakuot\u0117je<\/strong><br data-start=\"1404\" data-end=\"1407\" \/>Kiekvienoje 150 g pakuot\u0117je \u2013 iki 15 porcij\u0173, priklausomai nuo porcij\u0173 dyd\u017eio.<\/p>\n<p data-start=\"1489\" data-end=\"1651\"><strong data-start=\"1489\" data-end=\"1508\">Laikymo s\u0105lygos<\/strong><br data-start=\"1508\" data-end=\"1511\" \/>Laikyti kambario temperat\u016broje, jei \u012fmanoma \u2013 atokiau nuo tiesiogini\u0173 saul\u0117s spinduli\u0173. Po kiekvieno naudojimo pakuot\u0119 sandariai u\u017edaryti.<\/p>\n<p data-start=\"1653\" data-end=\"1802\" data-is-last-node=\"\" data-is-only-node=\"\"><strong data-start=\"1653\" data-end=\"1680\">Koks yra Be Fit skonis?<\/strong><br data-start=\"1680\" data-end=\"1683\" \/><em data-start=\"1683\" data-end=\"1691\">Be Fit<\/em> turi lengv\u0105 kakavos skon\u012f i\u0161 \u017ealiosios kakavos, suteikiant\u012f glotnu\u010diams malon\u0173 rud\u0105 atspalv\u012f ir sald\u0173 skon\u012f.<\/p>\n","protected":false},"excerpt":{"rendered":"<p data-start=\"0\" data-end=\"105\"><strong data-start=\"0\" data-end=\"103\">Be Fit supermaisto mi\u0161inys padeda atsistatyti po treniruot\u0117s ir padidina baltym\u0173 kiek\u012f j\u016bs\u0173 maiste.<\/strong><\/p>\n<ul>\n<li data-start=\"109\" data-end=\"126\">100 % nat\u016bralus<\/li>\n<li data-start=\"129\" data-end=\"159\">Be prid\u0117to cukraus ir pried\u0173<\/li>\n<li data-start=\"162\" data-end=\"206\">Daug baltym\u0173 \u2013 46 g baltym\u0173 100 g produkto<\/li>\n<li data-start=\"209\" data-end=\"312\">Papildo organizm\u0105 dideliu kiekiu \u012fvairi\u0173 B grup\u0117s vitamin\u0173, kalio, magnio, fosforo, gele\u017eies ir cinko<\/li>\n<li data-start=\"315\" data-end=\"387\">Didelis baltym\u0173 kiekis padeda palaikyti, atstatyti ir auginti raumenis<\/li>\n<li data-start=\"390\" data-end=\"454\">Magnis padeda atsistatyti po treniruot\u0117s ir suma\u017einti nuovarg\u012f<\/li>\n<li data-start=\"457\" data-end=\"507\">Cinkas padeda palaikyti normali\u0105 baltym\u0173 sintez\u0119<\/li>\n<\/ul>\n","protected":false},"featured_media":141531,"comment_status":"open","ping_status":"closed","template":"","meta":{"_acf_changed":false},"product_brand":[],"product_cat":[603,607],"product_tag":[626,627,628],"class_list":{"0":"post-141508","1":"product","2":"type-product","3":"status-publish","4":"has-post-thumbnail","6":"product_cat-bukite-aktyvus","7":"product_cat-supermaisto-misiniai","8":"product_tag-supertoit-lt","9":"product_tag-supertoidusegu-lt","10":"product_tag-pulber-lt","12":"first","13":"instock","14":"taxable","15":"shipping-taxable","16":"purchasable","17":"product-type-simple"},"bundle_layout":"","bundled_by":["143140","143167","143180"],"bundled_items":[],"acf":[],"yoast_head":"<!-- This site is optimized with the Yoast SEO plugin v27.5 - https:\/\/yoast.com\/product\/yoast-seo-wordpress\/ -->\n<title>Be Fit supermaisto mi\u0161inys, 150 g - Be More<\/title>\n<meta name=\"description\" content=\"Be Fit \u2013 tai supermaisto mi\u0161inys, sukurtas apr\u016bpinti organizm\u0105 auk\u0161tos kokyb\u0117s augaliniais baltymais.5 supermaisto produktai su 3 baltym\u0173 \u0161altiniais padeda organizmui atsigauti po fizinio kr\u016bvio.\" \/>\n<meta name=\"robots\" content=\"index, follow, max-snippet:-1, max-image-preview:large, max-video-preview:-1\" \/>\n<link rel=\"canonical\" href=\"https:\/\/bemore.ee\/lt\/toode\/be-fit-supermaisto-misinys-150-g\/\" \/>\n<meta property=\"og:locale\" content=\"lt_LT\" \/>\n<meta property=\"og:type\" content=\"article\" \/>\n<meta property=\"og:title\" content=\"Be Fit supermaisto mi\u0161inys, 150 g - Be More\" \/>\n<meta property=\"og:description\" content=\"Be Fit \u2013 tai supermaisto mi\u0161inys, sukurtas apr\u016bpinti organizm\u0105 auk\u0161tos kokyb\u0117s augaliniais baltymais.5 supermaisto produktai su 3 baltym\u0173 \u0161altiniais padeda organizmui atsigauti po fizinio kr\u016bvio.\" \/>\n<meta property=\"og:url\" content=\"https:\/\/bemore.ee\/lt\/toode\/be-fit-supermaisto-misinys-150-g\/\" \/>\n<meta property=\"og:site_name\" content=\"Be More\" \/>\n<meta property=\"article:modified_time\" content=\"2026-05-11T11:27:01+00:00\" \/>\n<meta property=\"og:image\" content=\"https:\/\/bemore.ee\/wp-content\/uploads\/2021\/08\/BeFit_Front.jpg\" \/>\n\t<meta property=\"og:image:width\" content=\"1500\" \/>\n\t<meta property=\"og:image:height\" content=\"1500\" \/>\n\t<meta property=\"og:image:type\" content=\"image\/jpeg\" \/>\n<meta name=\"twitter:card\" content=\"summary_large_image\" \/>\n<meta name=\"twitter:label1\" content=\"Est. reading time\" \/>\n\t<meta name=\"twitter:data1\" content=\"2 minut\u0117\" \/>\n<script type=\"application\/ld+json\" class=\"yoast-schema-graph\">{\"@context\":\"https:\\\/\\\/schema.org\",\"@graph\":[{\"@type\":\"WebPage\",\"@id\":\"https:\\\/\\\/bemore.ee\\\/lt\\\/toode\\\/be-fit-supermaisto-misinys-150-g\\\/\",\"url\":\"https:\\\/\\\/bemore.ee\\\/lt\\\/toode\\\/be-fit-supermaisto-misinys-150-g\\\/\",\"name\":\"Be Fit supermaisto mi\u0161inys, 150 g - Be More\",\"isPartOf\":{\"@id\":\"https:\\\/\\\/bemore.ee\\\/#website\"},\"primaryImageOfPage\":{\"@id\":\"https:\\\/\\\/bemore.ee\\\/lt\\\/toode\\\/be-fit-supermaisto-misinys-150-g\\\/#primaryimage\"},\"image\":{\"@id\":\"https:\\\/\\\/bemore.ee\\\/lt\\\/toode\\\/be-fit-supermaisto-misinys-150-g\\\/#primaryimage\"},\"thumbnailUrl\":\"https:\\\/\\\/bemore.ee\\\/wp-content\\\/uploads\\\/2021\\\/08\\\/BeFit_Front.jpg\",\"datePublished\":\"2021-10-27T09:01:03+00:00\",\"dateModified\":\"2026-05-11T11:27:01+00:00\",\"description\":\"Be Fit \u2013 tai supermaisto mi\u0161inys, sukurtas apr\u016bpinti organizm\u0105 auk\u0161tos kokyb\u0117s augaliniais baltymais.5 supermaisto produktai su 3 baltym\u0173 \u0161altiniais padeda organizmui atsigauti po fizinio kr\u016bvio.\",\"breadcrumb\":{\"@id\":\"https:\\\/\\\/bemore.ee\\\/lt\\\/toode\\\/be-fit-supermaisto-misinys-150-g\\\/#breadcrumb\"},\"inLanguage\":\"lt-LT\",\"potentialAction\":[{\"@type\":\"ReadAction\",\"target\":[\"https:\\\/\\\/bemore.ee\\\/lt\\\/toode\\\/be-fit-supermaisto-misinys-150-g\\\/\"]}]},{\"@type\":\"ImageObject\",\"inLanguage\":\"lt-LT\",\"@id\":\"https:\\\/\\\/bemore.ee\\\/lt\\\/toode\\\/be-fit-supermaisto-misinys-150-g\\\/#primaryimage\",\"url\":\"https:\\\/\\\/bemore.ee\\\/wp-content\\\/uploads\\\/2021\\\/08\\\/BeFit_Front.jpg\",\"contentUrl\":\"https:\\\/\\\/bemore.ee\\\/wp-content\\\/uploads\\\/2021\\\/08\\\/BeFit_Front.jpg\",\"width\":1500,\"height\":1500},{\"@type\":\"BreadcrumbList\",\"@id\":\"https:\\\/\\\/bemore.ee\\\/lt\\\/toode\\\/be-fit-supermaisto-misinys-150-g\\\/#breadcrumb\",\"itemListElement\":[{\"@type\":\"ListItem\",\"position\":1,\"name\":\"El. parduotuv\u0117\",\"item\":\"https:\\\/\\\/bemore.ee\\\/lt\\\/el-parduotuve\\\/\"},{\"@type\":\"ListItem\",\"position\":2,\"name\":\"Be Fit supermaisto mi\u0161inys, 150 g\"}]},{\"@type\":\"WebSite\",\"@id\":\"https:\\\/\\\/bemore.ee\\\/#website\",\"url\":\"https:\\\/\\\/bemore.ee\\\/\",\"name\":\"Be More\",\"description\":\"Supertoidud Sinu igap&auml;evaellu!\",\"potentialAction\":[{\"@type\":\"SearchAction\",\"target\":{\"@type\":\"EntryPoint\",\"urlTemplate\":\"https:\\\/\\\/bemore.ee\\\/?s={search_term_string}\"},\"query-input\":{\"@type\":\"PropertyValueSpecification\",\"valueRequired\":true,\"valueName\":\"search_term_string\"}}],\"inLanguage\":\"lt-LT\"}]}<\/script>\n<!-- \/ Yoast SEO plugin. -->","yoast_head_json":{"title":"Be Fit supermaisto mi\u0161inys, 150 g - Be More","description":"Be Fit \u2013 tai supermaisto mi\u0161inys, sukurtas apr\u016bpinti organizm\u0105 auk\u0161tos kokyb\u0117s augaliniais baltymais.5 supermaisto produktai su 3 baltym\u0173 \u0161altiniais padeda organizmui atsigauti po fizinio kr\u016bvio.","robots":{"index":"index","follow":"follow","max-snippet":"max-snippet:-1","max-image-preview":"max-image-preview:large","max-video-preview":"max-video-preview:-1"},"canonical":"https:\/\/bemore.ee\/lt\/toode\/be-fit-supermaisto-misinys-150-g\/","og_locale":"lt_LT","og_type":"article","og_title":"Be Fit supermaisto mi\u0161inys, 150 g - Be More","og_description":"Be Fit \u2013 tai supermaisto mi\u0161inys, sukurtas apr\u016bpinti organizm\u0105 auk\u0161tos kokyb\u0117s augaliniais baltymais.5 supermaisto produktai su 3 baltym\u0173 \u0161altiniais padeda organizmui atsigauti po fizinio kr\u016bvio.","og_url":"https:\/\/bemore.ee\/lt\/toode\/be-fit-supermaisto-misinys-150-g\/","og_site_name":"Be More","article_modified_time":"2026-05-11T11:27:01+00:00","og_image":[{"width":1500,"height":1500,"url":"https:\/\/bemore.ee\/wp-content\/uploads\/2021\/08\/BeFit_Front.jpg","type":"image\/jpeg"}],"twitter_card":"summary_large_image","twitter_misc":{"Est. reading time":"2 minut\u0117"},"schema":{"@context":"https:\/\/schema.org","@graph":[{"@type":"WebPage","@id":"https:\/\/bemore.ee\/lt\/toode\/be-fit-supermaisto-misinys-150-g\/","url":"https:\/\/bemore.ee\/lt\/toode\/be-fit-supermaisto-misinys-150-g\/","name":"Be Fit supermaisto mi\u0161inys, 150 g - Be More","isPartOf":{"@id":"https:\/\/bemore.ee\/#website"},"primaryImageOfPage":{"@id":"https:\/\/bemore.ee\/lt\/toode\/be-fit-supermaisto-misinys-150-g\/#primaryimage"},"image":{"@id":"https:\/\/bemore.ee\/lt\/toode\/be-fit-supermaisto-misinys-150-g\/#primaryimage"},"thumbnailUrl":"https:\/\/bemore.ee\/wp-content\/uploads\/2021\/08\/BeFit_Front.jpg","datePublished":"2021-10-27T09:01:03+00:00","dateModified":"2026-05-11T11:27:01+00:00","description":"Be Fit \u2013 tai supermaisto mi\u0161inys, sukurtas apr\u016bpinti organizm\u0105 auk\u0161tos kokyb\u0117s augaliniais baltymais.5 supermaisto produktai su 3 baltym\u0173 \u0161altiniais padeda organizmui atsigauti po fizinio kr\u016bvio.","breadcrumb":{"@id":"https:\/\/bemore.ee\/lt\/toode\/be-fit-supermaisto-misinys-150-g\/#breadcrumb"},"inLanguage":"lt-LT","potentialAction":[{"@type":"ReadAction","target":["https:\/\/bemore.ee\/lt\/toode\/be-fit-supermaisto-misinys-150-g\/"]}]},{"@type":"ImageObject","inLanguage":"lt-LT","@id":"https:\/\/bemore.ee\/lt\/toode\/be-fit-supermaisto-misinys-150-g\/#primaryimage","url":"https:\/\/bemore.ee\/wp-content\/uploads\/2021\/08\/BeFit_Front.jpg","contentUrl":"https:\/\/bemore.ee\/wp-content\/uploads\/2021\/08\/BeFit_Front.jpg","width":1500,"height":1500},{"@type":"BreadcrumbList","@id":"https:\/\/bemore.ee\/lt\/toode\/be-fit-supermaisto-misinys-150-g\/#breadcrumb","itemListElement":[{"@type":"ListItem","position":1,"name":"El. parduotuv\u0117","item":"https:\/\/bemore.ee\/lt\/el-parduotuve\/"},{"@type":"ListItem","position":2,"name":"Be Fit supermaisto mi\u0161inys, 150 g"}]},{"@type":"WebSite","@id":"https:\/\/bemore.ee\/#website","url":"https:\/\/bemore.ee\/","name":"Be More","description":"Supertoidud Sinu igap&auml;evaellu!","potentialAction":[{"@type":"SearchAction","target":{"@type":"EntryPoint","urlTemplate":"https:\/\/bemore.ee\/?s={search_term_string}"},"query-input":{"@type":"PropertyValueSpecification","valueRequired":true,"valueName":"search_term_string"}}],"inLanguage":"lt-LT"}]}},"_links":{"self":[{"href":"https:\/\/bemore.ee\/lt\/wp-json\/wp\/v2\/product\/141508","targetHints":{"allow":["GET"]}}],"collection":[{"href":"https:\/\/bemore.ee\/lt\/wp-json\/wp\/v2\/product"}],"about":[{"href":"https:\/\/bemore.ee\/lt\/wp-json\/wp\/v2\/types\/product"}],"replies":[{"embeddable":true,"href":"https:\/\/bemore.ee\/lt\/wp-json\/wp\/v2\/comments?post=141508"}],"wp:featuredmedia":[{"embeddable":true,"href":"https:\/\/bemore.ee\/lt\/wp-json\/wp\/v2\/media\/141531"}],"wp:attachment":[{"href":"https:\/\/bemore.ee\/lt\/wp-json\/wp\/v2\/media?parent=141508"}],"wp:term":[{"taxonomy":"product_brand","embeddable":true,"href":"https:\/\/bemore.ee\/lt\/wp-json\/wp\/v2\/product_brand?post=141508"},{"taxonomy":"product_cat","embeddable":true,"href":"https:\/\/bemore.ee\/lt\/wp-json\/wp\/v2\/product_cat?post=141508"},{"taxonomy":"product_tag","embeddable":true,"href":"https:\/\/bemore.ee\/lt\/wp-json\/wp\/v2\/product_tag?post=141508"}],"curies":[{"name":"wp","href":"https:\/\/api.w.org\/{rel}","templated":true}]}}