{"id":141492,"date":"2020-03-27T09:04:17","date_gmt":"2020-03-27T07:04:17","guid":{"rendered":"https:\/\/bemore.ee\/?post_type=product&#038;p=141492"},"modified":"2025-10-22T14:29:41","modified_gmt":"2025-10-22T11:29:41","slug":"be-active-supermaisto-misinys-150-g","status":"publish","type":"product","link":"https:\/\/bemore.ee\/lt\/toode\/be-active-supermaisto-misinys-150-g\/","title":{"rendered":"Be Active supermaisto mi\u0161inys, 150 g"},"content":{"rendered":"<p data-start=\"0\" data-end=\"151\"><strong data-start=\"0\" data-end=\"80\">100 % nat\u016bralus supermaisto mi\u0161inys j\u016bs\u0173 kasdieniam aktyviam gyvenimo b\u016bdui!<\/strong><br data-start=\"80\" data-end=\"83\" \/>Supermaisto mi\u0161inys <em data-start=\"103\" data-end=\"114\">Be Active<\/em> sukurtas tiems, kurie nuolat juda.<\/p>\n<p data-start=\"153\" data-end=\"830\">Jis apr\u016bpina organizm\u0105 5 skirtingais supermaisto produktais, padedan\u010diais patenkinti kasdienius poreikius. Pagrindinis ingredientas \u2013 burok\u0117lis \u2013 suteikia organizmui daug energijos, valo ir stiprina j\u012f. Burok\u0117liuose gausu maistini\u0173 nitrat\u0173, kuriuos organizmas gali paversti azoto oksidu \u2013 jis atpalaiduoja kraujagysles (naudingas kraujosp\u016bd\u017eiui) ir didina fizin\u012f paj\u0117gum\u0105, suteikdamas daugiau energijos raumenims. Tokie ingredientai kaip juodieji serbentai ir goji uogos apr\u016bpina daugybe vitamin\u0173, antioksidant\u0173 ir mineral\u0173. Paskutinis ingredientas \u2013 camu-camu \u2013 yra koncentruo\u010diausias nat\u016bralus vitamino C \u0161altinis. Tod\u0117l jis stiprina sveikat\u0105 ir padeda kasdien\u0117je veikloje.<\/p>\n<p data-start=\"832\" data-end=\"976\"><strong data-start=\"832\" data-end=\"846\">Vartojimas<\/strong><br data-start=\"846\" data-end=\"849\" \/>Supermaisto mi\u0161in\u012f naudokite greitam kokteiliui, kur\u012f patogu i\u0161sine\u0161ti, arba prad\u0117kite ryt\u0105 tikrai energizuojan\u010diu glotnu\u010diu!<\/p>\n<p data-start=\"978\" data-end=\"1020\"><strong data-start=\"978\" data-end=\"1018\">Be Active supermaisto mi\u0161inys tinka:<\/strong><\/p>\n<ul data-start=\"1021\" data-end=\"1222\">\n<li data-start=\"1021\" data-end=\"1104\">\n<p data-start=\"1023\" data-end=\"1104\">visiems, norintiems padidinti vitamin\u0173, mineral\u0173 ir antioksidant\u0173 kiek\u012f racione<\/p>\n<\/li>\n<li data-start=\"1105\" data-end=\"1117\">\n<p data-start=\"1107\" data-end=\"1117\">veganams<\/p>\n<\/li>\n<li data-start=\"1118\" data-end=\"1160\">\n<p data-start=\"1120\" data-end=\"1160\">vartoti n\u0117\u0161tumo ir \u017eindymo laikotarpiu<\/p>\n<\/li>\n<li data-start=\"1161\" data-end=\"1172\">\n<p data-start=\"1163\" data-end=\"1172\">vaikams<\/p>\n<\/li>\n<li data-start=\"1173\" data-end=\"1222\">\n<p data-start=\"1175\" data-end=\"1222\">kaip geras skaidul\u0173 \u0161altinis svorio ma\u017einimui<\/p>\n<\/li>\n<\/ul>\n<p data-start=\"1224\" data-end=\"1448\"><strong data-start=\"1224\" data-end=\"1258\">I\u0161 ko sudarytas \u0161is produktas?<\/strong><br data-start=\"1258\" data-end=\"1261\" \/>Sud\u0117tis: burok\u0117li\u0173 milteliai (35 %), liofilizuoti juod\u0173j\u0173 serbent\u0173 milteliai (25 %), liofilizuoti goji uog\u0173 milteliai (23 %), chia s\u0117klos (15 %), liofilizuoti camu-camu milteliai (2 %).<\/p>\n<p data-start=\"1450\" data-end=\"1577\"><strong data-start=\"1450\" data-end=\"1467\">Kaip vartoti?<\/strong><br data-start=\"1467\" data-end=\"1470\" \/>\u012ed\u0117kite 1\u20133 valgomuosius \u0161auk\u0161tus supermaisto mi\u0161inio \u012f kokteil\u012f, jogurt\u0105, vanden\u012f, ko\u0161\u0119, desertus ir kt.<\/p>\n<p data-start=\"1579\" data-end=\"1697\"><strong data-start=\"1579\" data-end=\"1607\">Porcij\u0173 kiekis pakuot\u0117je<\/strong><br data-start=\"1607\" data-end=\"1610\" \/>Kiekvienoje 150 g pakuot\u0117je \u2013 iki 15 porcij\u0173, priklausomai nuo individuali\u0173 poreiki\u0173.<\/p>\n<p data-start=\"1699\" data-end=\"1861\"><strong data-start=\"1699\" data-end=\"1718\">Laikymo s\u0105lygos<\/strong><br data-start=\"1718\" data-end=\"1721\" \/>Laikyti kambario temperat\u016broje, jei \u012fmanoma \u2013 atokiau nuo tiesiogini\u0173 saul\u0117s spinduli\u0173. Po kiekvieno naudojimo pakuot\u0119 sandariai u\u017edaryti.<\/p>\n<p data-start=\"1863\" data-end=\"2000\" data-is-last-node=\"\" data-is-only-node=\"\"><strong data-start=\"1863\" data-end=\"1893\">Koks yra Be Active skonis?<\/strong><br data-start=\"1893\" data-end=\"1896\" \/>Jis turi lengv\u0105 uog\u0173 skon\u012f, bet yra pakankamai saldus, kad tikt\u0173 ir prie klasikinio graiki\u0161ko jogurto!<\/p>\n","protected":false},"excerpt":{"rendered":"<p data-start=\"0\" data-end=\"113\"><strong data-start=\"0\" data-end=\"111\">Be Active supermaisto mi\u0161inys palaiko j\u016bs\u0173 aktyv\u0173 gyvenimo b\u016bd\u0105 vitaminais ir mineralais tiesiai i\u0161 gamtos.<\/strong><\/p>\n<ul>\n<li data-start=\"117\" data-end=\"134\">100 % nat\u016bralus<\/li>\n<li data-start=\"137\" data-end=\"167\">Be prid\u0117to cukraus ir pried\u0173<\/li>\n<li data-start=\"170\" data-end=\"286\">Papildo organizm\u0105 dideliu kiekiu \u012fvairi\u0173 B grup\u0117s vitamin\u0173, vitamino C, folio r\u016bg\u0161ties, kalio, fosforo ir gele\u017eies<\/li>\n<li data-start=\"289\" data-end=\"340\">Folio r\u016bg\u0161tis padeda ma\u017einti nuovarg\u012f ir i\u0161sekim\u0105<\/li>\n<li data-start=\"343\" data-end=\"396\">Fosforas padeda i\u0161laikyti stiprius dantis ir kaulus<\/li>\n<li data-start=\"399\" data-end=\"454\">Kalis padeda palaikyti normali\u0105 nerv\u0173 sistemos veikl\u0105<\/li>\n<li data-start=\"457\" data-end=\"526\">24 g skaidul\u0173 100 g produkto \u2013 puikus pasirinkimas svorio ma\u017einimui<\/li>\n<\/ul>\n","protected":false},"featured_media":141493,"comment_status":"open","ping_status":"closed","template":"","meta":{"_acf_changed":false},"product_brand":[],"product_cat":[603,607],"product_tag":[626,627,634,635],"class_list":{"0":"post-141492","1":"product","2":"type-product","3":"status-publish","4":"has-post-thumbnail","6":"product_cat-bukite-aktyvus","7":"product_cat-supermaisto-misiniai","8":"product_tag-supertoit-lt","9":"product_tag-supertoidusegu-lt","10":"product_tag-toetaaktiivseteluviisi-lt","11":"product_tag-beactive-lt","13":"first","14":"instock","15":"taxable","16":"shipping-taxable","17":"purchasable","18":"product-type-simple"},"bundle_layout":"","bundled_by":["143140","143180"],"bundled_items":[],"acf":[],"_links":{"self":[{"href":"https:\/\/bemore.ee\/lt\/wp-json\/wp\/v2\/product\/141492","targetHints":{"allow":["GET"]}}],"collection":[{"href":"https:\/\/bemore.ee\/lt\/wp-json\/wp\/v2\/product"}],"about":[{"href":"https:\/\/bemore.ee\/lt\/wp-json\/wp\/v2\/types\/product"}],"replies":[{"embeddable":true,"href":"https:\/\/bemore.ee\/lt\/wp-json\/wp\/v2\/comments?post=141492"}],"wp:featuredmedia":[{"embeddable":true,"href":"https:\/\/bemore.ee\/lt\/wp-json\/wp\/v2\/media\/141493"}],"wp:attachment":[{"href":"https:\/\/bemore.ee\/lt\/wp-json\/wp\/v2\/media?parent=141492"}],"wp:term":[{"taxonomy":"product_brand","embeddable":true,"href":"https:\/\/bemore.ee\/lt\/wp-json\/wp\/v2\/product_brand?post=141492"},{"taxonomy":"product_cat","embeddable":true,"href":"https:\/\/bemore.ee\/lt\/wp-json\/wp\/v2\/product_cat?post=141492"},{"taxonomy":"product_tag","embeddable":true,"href":"https:\/\/bemore.ee\/lt\/wp-json\/wp\/v2\/product_tag?post=141492"}],"curies":[{"name":"wp","href":"https:\/\/api.w.org\/{rel}","templated":true}]}}