{"id":141475,"date":"2020-03-27T08:56:35","date_gmt":"2020-03-27T06:56:35","guid":{"rendered":"https:\/\/bemore.ee\/?post_type=product&#038;p=141475"},"modified":"2025-10-22T14:27:57","modified_gmt":"2025-10-22T11:27:57","slug":"be-beautiful-supermaisto-misinys-150-g","status":"publish","type":"product","link":"https:\/\/bemore.ee\/lt\/toode\/be-beautiful-supermaisto-misinys-150-g\/","title":{"rendered":"Be Beautiful supermaisto mi\u0161inys, 150 g"},"content":{"rendered":"<p data-start=\"0\" data-end=\"183\"><strong data-start=\"0\" data-end=\"72\">100 % nat\u016bralus supermaisto mi\u0161inys, palaikantis j\u016bs\u0173 i\u0161orin\u012f gro\u017e\u012f!<\/strong><br data-start=\"72\" data-end=\"75\" \/>Be Beautiful \u2013 tai supermaisto mi\u0161inys, sukurtas \u017emogui, kuriam tikrai r\u016bpi odos, plauk\u0173 ir nag\u0173 sveikata.<\/p>\n<p data-start=\"185\" data-end=\"609\"><strong data-start=\"185\" data-end=\"360\">Be Beautiful jus papildo 6 skirtingais supermaisto ingredientais, kurie visi atlieka skirtingas funkcijas, padedan\u010dias i\u0161laikyti ger\u0105 odos, plauk\u0173 ir nag\u0173 b\u016bkl\u0119 bei gro\u017e\u012f.<\/strong><br data-start=\"360\" data-end=\"363\" \/>Er\u0161k\u0117tuog\u0117s \u2013 pagrindinis ingredientas \u2013 gausios antioksidantais, padeda regeneruoti ir dr\u0117kinti naujas odos l\u0105steles, palaiko odos elastingum\u0105.<br data-start=\"507\" data-end=\"510\" \/>Baobabas \u2013 antras pagal kiek\u012f ingredientas \u2013 gali pad\u0117ti ma\u017einti rauk\u0161les, randus ir net strijas.<\/p>\n<p data-start=\"611\" data-end=\"1077\">Kiti ingredientai, tokie kaip aviet\u0117s ir acai uogos, yra tikros maistini\u0173 med\u017eiag\u0173 \u201ebombos\u201c, veikian\u010dios kaip prie\u0161rauk\u0161liniai komponentai, padedan\u010dios kovoti su sen\u0117jimo po\u017eymiais, palaikan\u010dios plauk\u0173 blizges\u012f ir nag\u0173 sveikat\u0105 suteikdamos vitamin\u0173 ir mineral\u0173. \u017dirni\u0173 baltym\u0173 milteliai ir chia s\u0117klos papildomai suteikia organizmui sveik\u0173 riebal\u0173 ir baltym\u0173. Chia s\u0117klos \u017einomos kaip geras omega-3 riebal\u0173 r\u016bg\u0161\u010di\u0173 \u0161altinis, palaikantis prie\u0161u\u017edegiminius procesus.<\/p>\n<p data-start=\"1079\" data-end=\"1170\"><strong data-start=\"1079\" data-end=\"1168\">Naudokite \u0161\u012f supermaisto mi\u0161in\u012f ryto kokteilyje arba pasiimkite su savimi keliaudami!<\/strong><\/p>\n<p data-start=\"1172\" data-end=\"1217\"><strong data-start=\"1172\" data-end=\"1215\">Be Beautiful supermaisto mi\u0161inys tinka:<\/strong><\/p>\n<ul data-start=\"1218\" data-end=\"1424\">\n<li data-start=\"1218\" data-end=\"1306\">\n<p data-start=\"1220\" data-end=\"1306\">visiems, norintiems padidinti vitamin\u0173, mineral\u0173 ir antioksidant\u0173 kiek\u012f savo racione<\/p>\n<\/li>\n<li data-start=\"1307\" data-end=\"1319\">\n<p data-start=\"1309\" data-end=\"1319\">veganams<\/p>\n<\/li>\n<li data-start=\"1320\" data-end=\"1362\">\n<p data-start=\"1322\" data-end=\"1362\">vartoti n\u0117\u0161tumo ir \u017eindymo laikotarpiu<\/p>\n<\/li>\n<li data-start=\"1363\" data-end=\"1374\">\n<p data-start=\"1365\" data-end=\"1374\">vaikams<\/p>\n<\/li>\n<li data-start=\"1375\" data-end=\"1424\">\n<p data-start=\"1377\" data-end=\"1424\">kaip geras skaidul\u0173 \u0161altinis svorio ma\u017einimui<\/p>\n<\/li>\n<\/ul>\n<p data-start=\"1426\" data-end=\"1654\"><strong data-start=\"1426\" data-end=\"1460\">I\u0161 ko sudarytas \u0161is produktas?<\/strong><br data-start=\"1460\" data-end=\"1463\" \/>Ingredientai: er\u0161k\u0117tuogi\u0173 milteliai (25 %), baobabo milteliai (20 %), liofilizuot\u0173 avie\u010di\u0173 milteliai (15 %), \u017eirni\u0173 baltym\u0173 milteliai (15 %), chia s\u0117klos (15 %), acai uog\u0173 milteliai (10 %).<\/p>\n<p data-start=\"1656\" data-end=\"1735\">Nor\u0117dami susipa\u017einti su produkto makroelementais, spauskite \u201emaistin\u0117 vert\u0117\u201c.<\/p>\n<p data-start=\"1737\" data-end=\"1933\"><strong data-start=\"1737\" data-end=\"1754\">Kaip vartoti?<\/strong><br data-start=\"1754\" data-end=\"1757\" \/>\u012e kiekvien\u0105 kokteil\u012f \u012fd\u0117kite 1\u20133 valgomuosius \u0161auk\u0161tus pagal savo poreikius. Taip pat galite \u012fmai\u0161yti \u012f kitus g\u0117rimus ar maist\u0105, pavyzd\u017eiui, vanden\u012f, sultis, ko\u0161\u0119 ar jogurt\u0105.<\/p>\n<p data-start=\"1935\" data-end=\"2058\"><strong data-start=\"1935\" data-end=\"1966\">Porcij\u0173 skai\u010dius pakuot\u0117je:<\/strong><br data-start=\"1966\" data-end=\"1969\" \/>Kiekvienoje 150 g pakuot\u0117je yra iki 15 porcij\u0173, priklausomai nuo individuali\u0173 poreiki\u0173.<\/p>\n<p data-start=\"2060\" data-end=\"2222\"><strong data-start=\"2060\" data-end=\"2079\">Laikymo s\u0105lygos<\/strong><br data-start=\"2079\" data-end=\"2082\" \/>Laikyti kambario temperat\u016broje, jei \u012fmanoma \u2013 atokiau nuo tiesiogini\u0173 saul\u0117s spinduli\u0173. Po kiekvieno naudojimo pakuot\u0119 sandariai u\u017edaryti.<\/p>\n<p data-start=\"2224\" data-end=\"2380\" data-is-last-node=\"\" data-is-only-node=\"\"><strong data-start=\"2224\" data-end=\"2257\">Koks yra Be Beautiful skonis?<\/strong><br data-start=\"2257\" data-end=\"2260\" \/>Be Beautiful pasi\u017eymi lengvai r\u016bg\u0161\u010diu, bet maloniu avie\u010di\u0173 skoniu. Jis suteikia j\u016bs\u0173 kokteiliams gra\u017ei\u0105 ro\u017ein\u0119 spalv\u0105.<\/p>\n","protected":false},"excerpt":{"rendered":"<p data-start=\"0\" data-end=\"108\"><strong data-start=\"0\" data-end=\"106\">Be Beautiful supermaisto mi\u0161inys padeda i\u0161laikyti sveik\u0105 od\u0105, plaukus ir nagus, palaikyti j\u0173 spindes\u012f.<\/strong><\/p>\n<ul>\n<li data-start=\"112\" data-end=\"129\">100 % nat\u016bralus<\/li>\n<li data-start=\"132\" data-end=\"162\">Be prid\u0117to cukraus ir pried\u0173<\/li>\n<li data-start=\"165\" data-end=\"265\">Papildo organizm\u0105 dideliu kiekiu \u012fvairi\u0173 vitamin\u0173: A, E, C, B6, taip pat variu, manganu ir tiaminu<\/li>\n<li data-start=\"268\" data-end=\"329\">Cinkas padeda palaikyti normali\u0105 nag\u0173, plauk\u0173 ir odos b\u016bkl\u0119<\/li>\n<li data-start=\"332\" data-end=\"408\">Tiaminas padeda gerinti galvos odos kraujotak\u0105, kas spartina plauk\u0173 augim\u0105<\/li>\n<li data-start=\"411\" data-end=\"526\">Varis padeda gerinti odos stangrum\u0105, \u0161velnum\u0105 ir elastingum\u0105, skatindamas naujo kolageno ir elastino regeneracij\u0105<\/li>\n<\/ul>\n","protected":false},"featured_media":141476,"comment_status":"open","ping_status":"closed","template":"","meta":{"_acf_changed":false},"product_brand":[],"product_cat":[604,607],"product_tag":[626,627,628,629,630],"class_list":{"0":"post-141475","1":"product","2":"type-product","3":"status-publish","4":"has-post-thumbnail","6":"product_cat-buk-grazi","7":"product_cat-supermaisto-misiniai","8":"product_tag-supertoit-lt","9":"product_tag-supertoidusegu-lt","10":"product_tag-pulber-lt","11":"product_tag-bebeautiful-lt","12":"product_tag-sinuiluheaks-lt","14":"first","15":"instock","16":"taxable","17":"shipping-taxable","18":"purchasable","19":"product-type-simple"},"bundle_layout":"","bundled_by":["143140","143155","143167","143180"],"bundled_items":[],"acf":[],"_links":{"self":[{"href":"https:\/\/bemore.ee\/lt\/wp-json\/wp\/v2\/product\/141475","targetHints":{"allow":["GET"]}}],"collection":[{"href":"https:\/\/bemore.ee\/lt\/wp-json\/wp\/v2\/product"}],"about":[{"href":"https:\/\/bemore.ee\/lt\/wp-json\/wp\/v2\/types\/product"}],"replies":[{"embeddable":true,"href":"https:\/\/bemore.ee\/lt\/wp-json\/wp\/v2\/comments?post=141475"}],"wp:featuredmedia":[{"embeddable":true,"href":"https:\/\/bemore.ee\/lt\/wp-json\/wp\/v2\/media\/141476"}],"wp:attachment":[{"href":"https:\/\/bemore.ee\/lt\/wp-json\/wp\/v2\/media?parent=141475"}],"wp:term":[{"taxonomy":"product_brand","embeddable":true,"href":"https:\/\/bemore.ee\/lt\/wp-json\/wp\/v2\/product_brand?post=141475"},{"taxonomy":"product_cat","embeddable":true,"href":"https:\/\/bemore.ee\/lt\/wp-json\/wp\/v2\/product_cat?post=141475"},{"taxonomy":"product_tag","embeddable":true,"href":"https:\/\/bemore.ee\/lt\/wp-json\/wp\/v2\/product_tag?post=141475"}],"curies":[{"name":"wp","href":"https:\/\/api.w.org\/{rel}","templated":true}]}}