{"id":141450,"date":"2022-09-19T12:44:58","date_gmt":"2022-09-19T09:44:58","guid":{"rendered":"https:\/\/bemore.ee\/?post_type=product&#038;p=141450"},"modified":"2026-01-09T06:46:19","modified_gmt":"2026-01-09T04:46:19","slug":"liver-detox-supermaisto-misinys-120-g","status":"publish","type":"product","link":"https:\/\/bemore.ee\/lt\/toode\/liver-detox-supermaisto-misinys-120-g\/","title":{"rendered":"Liver Detox supermaisto mi\u0161inys, 120 g"},"content":{"rendered":"<p data-start=\"0\" data-end=\"176\"><strong data-start=\"0\" data-end=\"174\">100 % nat\u016bralus supermaisto mi\u0161inys j\u016bs\u0173 kasdienybei! Liver Detox supermaisto mi\u0161inys sudarytas i\u0161 geriausi\u0173 komponent\u0173, padedan\u010di\u0173 palaikyti organizmo valymosi procesus.<\/strong><\/p>\n<p data-start=\"178\" data-end=\"790\"><strong data-start=\"178\" data-end=\"326\">Liver Detox supermaisto mi\u0161inyje yra margaini\u0173 s\u0117kl\u0173 milteliai ir arti\u0161ok\u0173 ekstraktas, kurie \u017einomi d\u0117l kepenis apsaugan\u010di\u0173 ir valan\u010di\u0173 savybi\u0173.<\/strong> Margainiai turi flavonoidin\u012f jungin\u012f silimarin\u0105. Kai kurie tyrimai parod\u0117, kad silimarinas veikia kaip antioksidantas ir padeda i\u0161vengti riebal\u0173 oksidacijos bei toksin\u0173 prisijungimo prie kepen\u0173 l\u0105steli\u0173 membran\u0173 receptori\u0173. Skland\u017eiam detoksikacijos procesui organizmui reikia baltym\u0173. Nustatyta, kad didesnis augalini\u0173 baltym\u0173 kiekis pagerina organizmo geb\u0117jim\u0105 susidoroti su toksinais. Tod\u0117l Liver Detox supermaisto mi\u0161inyje yra 33,9 g baltym\u0173 100 g produkto.<\/p>\n<p data-start=\"792\" data-end=\"1375\"><strong data-start=\"792\" data-end=\"805\">Spirulina<\/strong> \u2013 tai g\u0117lavandeniuose telkiniuose randami dumbliai, kurie pasi\u017eymi stipriomis antioksidacin\u0117mis ir prie\u0161u\u017edegimin\u0117mis savyb\u0117mis.<br data-start=\"934\" data-end=\"937\" \/><strong data-start=\"937\" data-end=\"956\">Mie\u017ei\u0173 \u017eelmenys<\/strong> taip pat \u017einomi d\u0117l imunitet\u0105 stiprinan\u010dio poveikio, o kai kurie tyrimai rodo, kad jie gali pad\u0117ti reguliuoti kraujosp\u016bd\u012f.<br data-start=\"1079\" data-end=\"1082\" \/><strong data-start=\"1082\" data-end=\"1093\">Obuolys<\/strong> \u012ftrauktas \u012f Liver Detox mi\u0161in\u012f d\u0117l pektino, kuris veikia kaip prebiotikas ir gali skatinti ger\u0173j\u0173 bakterij\u0173 augim\u0105 \u017earnyne. Tinkama \u017earnyno mikroflora yra stipraus imuniteto ir geros sveikatos pagrindas.<br data-start=\"1297\" data-end=\"1300\" \/><strong data-start=\"1300\" data-end=\"1313\">Spanguol\u0117<\/strong> suteikia mi\u0161iniui daug vitamino C, kuris palaiko imunitet\u0105.<\/p>\n<p data-start=\"1377\" data-end=\"1421\"><strong data-start=\"1377\" data-end=\"1419\">Liver Detox supermaisto mi\u0161inys tinka:<\/strong><\/p>\n<ul data-start=\"1422\" data-end=\"1540\">\n<li data-start=\"1422\" data-end=\"1442\">\n<p data-start=\"1424\" data-end=\"1442\">svorio ma\u017einimui<\/p>\n<\/li>\n<li data-start=\"1443\" data-end=\"1455\">\n<p data-start=\"1445\" data-end=\"1455\">veganams<\/p>\n<\/li>\n<li data-start=\"1456\" data-end=\"1479\">\n<p data-start=\"1458\" data-end=\"1479\">k\u016bno atsinaujinimui<\/p>\n<\/li>\n<li data-start=\"1480\" data-end=\"1540\">\n<p data-start=\"1482\" data-end=\"1540\">med\u017eiag\u0173 apykaitos ir detoksikacijos procesams palaikyti<\/p>\n<\/li>\n<\/ul>\n<p data-start=\"1542\" data-end=\"1884\"><strong data-start=\"1542\" data-end=\"1564\">Kontraindikacijos:<\/strong> Liver Detox mi\u0161inys nerekomenduojamas n\u0117\u0161tumo ir \u017eindymo laikotarpiu, taip pat netinka vaikams. Alergi\u0161kiems \u017emon\u0117ms (ypa\u010d \u017eiedadulk\u0117ms) reikia atsargiai vartoti d\u0117l margaini\u0173 ir arti\u0161ok\u0173 sud\u0117ties. Esant \u0161ioms b\u016bkl\u0117ms rekomenduojame pasitarti su gydytoju prie\u0161 vartojant: autoimunin\u0117s ligos, tul\u017eies latak\u0173 problemos.<\/p>\n<p data-start=\"1886\" data-end=\"2186\"><strong data-start=\"1886\" data-end=\"1919\">I\u0161 ko susideda \u0161is produktas?<\/strong><br data-start=\"1919\" data-end=\"1922\" \/>Sud\u0117tis: \u017eirni\u0173 baltym\u0173 milteliai, mie\u017ei\u0173 \u017eelmen\u0173 milteliai, spirulina, liofilizuot\u0173 obuoli\u0173 milteliai, liofilizuot\u0173 banan\u0173 milteliai, margaini\u0173 (silimarino) s\u0117kl\u0173 milteliai, liofilizuot\u0173 spanguoli\u0173 milteliai, liofilizuot\u0173 citrin\u0173 milteliai, arti\u0161ok\u0173 ekstraktas.<\/p>\n<p data-start=\"2188\" data-end=\"2293\"><strong data-start=\"2188\" data-end=\"2205\">Kaip vartoti?<\/strong><br data-start=\"2205\" data-end=\"2208\" \/>Rekomenduojama dienos norma \u2013 1 arbatinis \u0161auk\u0161telis \u012f kokteil\u012f, vanden\u012f arba ko\u0161\u0119.<\/p>\n<p data-start=\"2295\" data-end=\"2413\"><strong data-start=\"2295\" data-end=\"2326\">Porcij\u0173 skai\u010dius pakuot\u0117je:<\/strong><br data-start=\"2326\" data-end=\"2329\" \/>Kiekvienoje 120 g pakuot\u0117je yra iki 24 porcij\u0173 (priklausomai nuo porcijos dyd\u017eio).<\/p>\n<p data-start=\"2415\" data-end=\"2576\"><strong data-start=\"2415\" data-end=\"2434\">Laikymo s\u0105lygos<\/strong><br data-start=\"2434\" data-end=\"2437\" \/>Laikyti kambario temperat\u016broje, kiek \u012fmanoma atokiau nuo tiesiogini\u0173 saul\u0117s spinduli\u0173. Po kiekvieno naudojimo sandariai u\u017edaryti pakuot\u0119.<\/p>\n<p data-start=\"2578\" data-end=\"2784\" data-is-last-node=\"\" data-is-only-node=\"\"><strong data-start=\"2578\" data-end=\"2606\">Koks Liver Detox skonis?<\/strong><br data-start=\"2606\" data-end=\"2609\" \/>Skonis \u0161velnesnis nei daugumos detokso mi\u0161ini\u0173. Spirulinos ir margaini\u0173 stipr\u0173 skon\u012f su\u0161velnina spanguol\u0117s, obuolys ir bananas, o citrina suteikia gaiv\u0173 citrinin\u012f prieskon\u012f.<\/p>\n","protected":false},"excerpt":{"rendered":"<article class=\"text-token-text-primary w-full focus:outline-none scroll-mt-[calc(var(--header-height)+min(200px,max(70px,20svh)))]\" dir=\"auto\" tabindex=\"-1\" data-turn-id=\"request-68ba6137-7448-832d-a7c9-8de854b5b88f-90\" data-testid=\"conversation-turn-216\" data-scroll-anchor=\"true\" data-turn=\"assistant\">\n<div class=\"text-base my-auto mx-auto pb-10 [--thread-content-margin:--spacing(4)] thread-sm:[--thread-content-margin:--spacing(6)] thread-lg:[--thread-content-margin:--spacing(16)] px-(--thread-content-margin)\">\n<div class=\"[--thread-content-max-width:40rem] thread-sm:[--thread-content-max-width:40rem] thread-lg:[--thread-content-max-width:48rem] mx-auto max-w-(--thread-content-max-width) flex-1 group\/turn-messages focus-visible:outline-hidden relative flex w-full min-w-0 flex-col agent-turn\" tabindex=\"-1\">\n<div class=\"flex max-w-full flex-col grow\">\n<div class=\"min-h-8 text-message relative flex w-full flex-col items-end gap-2 text-start break-words whitespace-normal [.text-message+&amp;]:mt-5\" dir=\"auto\" data-message-author-role=\"assistant\" data-message-id=\"b644c45b-9f83-408a-8320-25dcb22baced\" data-message-model-slug=\"gpt-5\">\n<div class=\"flex w-full flex-col gap-1 empty:hidden first:pt-[3px]\">\n<div class=\"markdown prose dark:prose-invert w-full break-words light markdown-new-styling\">\n<p data-start=\"0\" data-end=\"101\"><strong data-start=\"0\" data-end=\"99\">Liver Detox supermaisto mi\u0161inys padeda palaikyti organizmo valymosi ir detoksikacijos procesus.<\/strong><\/p>\n<ul>\n<li>100 % nat\u016bralus<\/li>\n<li>Be prid\u0117to cukraus ir saldikli\u0173<\/li>\n<li>Palaiko kepen\u0173 veikl\u0105<\/li>\n<li>Skonis ir kvapas \u0161velnesni nei daugumos detokso mi\u0161ini\u0173<\/li>\n<li>Gausus skaidul\u0173 \u0161altinis<\/li>\n<li>33,9 g augalini\u0173 baltym\u0173 100 g produkto<\/li>\n<li>Sud\u0117tyje yra verting\u0173 supermaisto produkt\u0173: margaini\u0173 ir arti\u0161ok\u0173<\/li>\n<li>Daug vitamino C, E, B1, B12, kalio, gele\u017eies ir mangano<\/li>\n<li>Produktas sukurtas bendradarbiaujant su Beautiful Me<\/li>\n<li>Tinka svorio ma\u017einimui<\/li>\n<\/ul>\n<\/div>\n<\/div>\n<\/div>\n<\/div>\n<\/div>\n<\/div>\n<\/article>\n","protected":false},"featured_media":141461,"comment_status":"open","ping_status":"closed","template":"","meta":{"_acf_changed":false},"product_brand":[],"product_cat":[605,607],"product_tag":[],"class_list":{"0":"post-141450","1":"product","2":"type-product","3":"status-publish","4":"has-post-thumbnail","6":"product_cat-buk-zalias","7":"product_cat-supermaisto-misiniai","9":"first","10":"instock","11":"taxable","12":"shipping-taxable","13":"purchasable","14":"product-type-simple"},"bundle_layout":"","bundled_by":[],"bundled_items":[],"acf":[],"_links":{"self":[{"href":"https:\/\/bemore.ee\/lt\/wp-json\/wp\/v2\/product\/141450","targetHints":{"allow":["GET"]}}],"collection":[{"href":"https:\/\/bemore.ee\/lt\/wp-json\/wp\/v2\/product"}],"about":[{"href":"https:\/\/bemore.ee\/lt\/wp-json\/wp\/v2\/types\/product"}],"replies":[{"embeddable":true,"href":"https:\/\/bemore.ee\/lt\/wp-json\/wp\/v2\/comments?post=141450"}],"wp:featuredmedia":[{"embeddable":true,"href":"https:\/\/bemore.ee\/lt\/wp-json\/wp\/v2\/media\/141461"}],"wp:attachment":[{"href":"https:\/\/bemore.ee\/lt\/wp-json\/wp\/v2\/media?parent=141450"}],"wp:term":[{"taxonomy":"product_brand","embeddable":true,"href":"https:\/\/bemore.ee\/lt\/wp-json\/wp\/v2\/product_brand?post=141450"},{"taxonomy":"product_cat","embeddable":true,"href":"https:\/\/bemore.ee\/lt\/wp-json\/wp\/v2\/product_cat?post=141450"},{"taxonomy":"product_tag","embeddable":true,"href":"https:\/\/bemore.ee\/lt\/wp-json\/wp\/v2\/product_tag?post=141450"}],"curies":[{"name":"wp","href":"https:\/\/api.w.org\/{rel}","templated":true}]}}