{"id":141430,"date":"2022-09-21T09:56:31","date_gmt":"2022-09-21T06:56:31","guid":{"rendered":"https:\/\/bemore.ee\/?post_type=product&#038;p=141430"},"modified":"2026-02-09T08:54:33","modified_gmt":"2026-02-09T06:54:33","slug":"be-slim-supermaisto-misinys-150-g","status":"publish","type":"product","link":"https:\/\/bemore.ee\/lt\/toode\/be-slim-supermaisto-misinys-150-g\/","title":{"rendered":"Be Slim supermaisto mi\u0161inys, 150 g"},"content":{"rendered":"<p data-start=\"0\" data-end=\"102\"><strong data-start=\"0\" data-end=\"100\">Be Slim supermaisto mi\u0161inys padeda svorio ma\u017einimo procesuose d\u0117l skaidul\u0173 ir augalini\u0173 baltym\u0173.<\/strong><\/p>\n<p data-start=\"104\" data-end=\"953\">Be Slim palaiko j\u016bs\u0173 med\u017eiag\u0173 apykait\u0105 su 7 skirtingais supermaisto ingredientais. \u017daliojoje kakavoje esantis chromas padeda reguliuoti cukraus kiek\u012f kraujyje ir cholesterolio lyg\u012f, nes dalyvauja angliavandeni\u0173 ir riebal\u0173 skaidyme. Kakava suteikia maistui \u0161okolado skon\u012f, o be chromo joje yra ir augalin\u0117s kilm\u0117s gele\u017eies bei magnio. \u017dirni\u0173 baltymai prisideda prie sotumo jausmo. Be Slim mi\u0161inyje esantis psiliumas \u2013 tai tirpios skaidulos, kurios gali pad\u0117ti i\u0161vengti viduri\u0173 u\u017ekiet\u0117jimo ir pagreitinti vir\u0161kinim\u0105. \u012erodyta, kad pakankamas skaidul\u0173 kiekis padeda geriau kontroliuoti ir subalansuoti cukraus kiek\u012f kraujyje. Topinambuose esantis inulinas taip pat yra puikus skaidul\u0173 \u0161altinis, veikiantis kaip prebiotikas \u017earnyne ir maistas gerosioms \u017earnyno bakterijoms. Ananasuose esantis unikalus fermentas bromelainas padeda spartinti vir\u0161kinim\u0105.<\/p>\n<p data-start=\"955\" data-end=\"995\"><strong data-start=\"955\" data-end=\"993\">Be Slim supermaisto mi\u0161inys tinka:<\/strong><\/p>\n<ul data-start=\"996\" data-end=\"1204\">\n<li data-start=\"996\" data-end=\"1074\">\n<p data-start=\"998\" data-end=\"1074\">visiems, norintiems praturtinti maist\u0105 baltymais ir \u0161velniu kakavos skoniu<\/p>\n<\/li>\n<li data-start=\"1075\" data-end=\"1095\">\n<p data-start=\"1077\" data-end=\"1095\">svorio ma\u017einimui<\/p>\n<\/li>\n<li data-start=\"1096\" data-end=\"1108\">\n<p data-start=\"1098\" data-end=\"1108\">veganams<\/p>\n<\/li>\n<li data-start=\"1109\" data-end=\"1161\">\n<p data-start=\"1111\" data-end=\"1161\">kaip geras vitamin\u0173 ir mineral\u0173 \u0161altinis vaikams<\/p>\n<\/li>\n<li data-start=\"1162\" data-end=\"1204\">\n<p data-start=\"1164\" data-end=\"1204\">vartoti n\u0117\u0161tumo ir \u017eindymo laikotarpiu<\/p>\n<\/li>\n<\/ul>\n<p data-start=\"1206\" data-end=\"1485\"><strong data-start=\"1206\" data-end=\"1240\">I\u0161 ko sudarytas \u0161is produktas?<\/strong><br data-start=\"1240\" data-end=\"1243\" \/>Sud\u0117tis: \u017eirni\u0173 baltym\u0173 milteliai (25 %), liofilizuoti ananas\u0173 milteliai, liofilizuoti slyv\u0173 milteliai, \u017ealiosios kakavos milteliai (14 %), liofilizuoti topinamb\u0173 milteliai, psiliumo s\u0117kl\u0173 luk\u0161t\u0173 milteliai, liofilizuoti pasiflor\u0173 milteliai.<\/p>\n<p data-start=\"1487\" data-end=\"1667\"><strong data-start=\"1487\" data-end=\"1504\">Kaip vartoti?<\/strong><br data-start=\"1504\" data-end=\"1507\" \/>\u012ed\u0117kite 1\u20133 valgomuosius \u0161auk\u0161tus \u012f kokteil\u012f, priklausomai nuo savo poreiki\u0173. Taip pat galite \u012fmai\u0161yti \u012f kitus g\u0117rimus ar maist\u0105 \u2013 vanden\u012f, sultis ar jogurt\u0105.<\/p>\n<p data-start=\"1669\" data-end=\"1778\"><strong data-start=\"1669\" data-end=\"1700\">Porcij\u0173 skai\u010dius pakuot\u0117je:<\/strong><br data-start=\"1700\" data-end=\"1703\" \/>150 g pakuot\u0117je yra apie 15\u201320 porcij\u0173, priklausomai nuo porcijos dyd\u017eio.<\/p>\n<p data-start=\"1780\" data-end=\"1942\"><strong data-start=\"1780\" data-end=\"1799\">Laikymo s\u0105lygos<\/strong><br data-start=\"1799\" data-end=\"1802\" \/>Laikyti kambario temperat\u016broje, jei \u012fmanoma \u2013 atokiau nuo tiesiogini\u0173 saul\u0117s spinduli\u0173. Po kiekvieno naudojimo pakuot\u0119 sandariai u\u017edaryti.<\/p>\n<p data-start=\"1944\" data-end=\"2094\"><strong data-start=\"1944\" data-end=\"1968\">Koks Be Slim skonis?<\/strong><br data-start=\"1968\" data-end=\"1971\" \/>Jis turi lengv\u0105 kakavos skon\u012f i\u0161 \u017ealiosios kakavos, suteikiant\u012f kokteiliams malon\u0173 rud\u0105 atspalv\u012f ir salstel\u0117jus\u012f poskon\u012f.<\/p>\n<p data-start=\"2096\" data-end=\"2346\" data-is-last-node=\"\" data-is-only-node=\"\"><strong data-start=\"2096\" data-end=\"2132\">Ar turite recept\u0173 rekomendacij\u0173?<\/strong><br data-start=\"2132\" data-end=\"2135\" \/>\u012ekv\u0117pimo id\u0117j\u0173 kokteiliams rasite m\u016bs\u0173 tinklalapyje, kur nuolat pildome recept\u0173 skilt\u012f naujomis id\u0117jomis ir patarimais savo bendruomenei. Be to, puiki\u0173 recept\u0173 pasi\u016blym\u0173 rasite ir m\u016bs\u0173 socialiniuose tinkluose!<\/p>\n","protected":false},"excerpt":{"rendered":"<p data-start=\"0\" data-end=\"130\"><strong data-start=\"0\" data-end=\"128\">Be Slim padeda ma\u017einti svor\u012f ir turi verting\u0173 skaidul\u0173, kurios padeda sukelti sotumo jausm\u0105 ir pagreitina med\u017eiag\u0173 apykait\u0105.<\/strong><\/p>\n<ul>\n<li data-start=\"134\" data-end=\"151\">100 % nat\u016bralus<\/li>\n<li data-start=\"154\" data-end=\"187\">Be prid\u0117to cukraus ir saldikli\u0173<\/li>\n<li data-start=\"190\" data-end=\"212\">Padeda ma\u017einti svor\u012f<\/li>\n<li data-start=\"215\" data-end=\"294\">Sud\u0117tyje yra \u017ealiosios kakavos milteli\u0173, suteikian\u010di\u0173 malon\u0173 \u0161okoladin\u012f skon\u012f<\/li>\n<li data-start=\"297\" data-end=\"345\">Daug skaidul\u0173 \u2013 19,5 g skaidul\u0173 100 g produkto<\/li>\n<li data-start=\"348\" data-end=\"423\">Papildo organizm\u0105 B grup\u0117s vitaminais, vitaminu C, chromu, variu ir kaliu<\/li>\n<li data-start=\"426\" data-end=\"559\">Topinambai turi skaidul\u0105 inulin\u0105, kuris padeda ma\u017einti saldumyn\u0173 tro\u0161kim\u0105, pagreitina vir\u0161kinim\u0105 ir veikia kaip prebiotikas \u017earnyne<\/li>\n<li data-start=\"562\" data-end=\"643\">Ananasai turi vertingo fermento bromelaino, kuris padeda pagreitinti vir\u0161kinim\u0105<\/li>\n<\/ul>\n","protected":false},"featured_media":141449,"comment_status":"open","ping_status":"closed","template":"","meta":{"_acf_changed":false},"product_brand":[],"product_cat":[603,607],"product_tag":[],"class_list":{"0":"post-141430","1":"product","2":"type-product","3":"status-publish","4":"has-post-thumbnail","6":"product_cat-bukite-aktyvus","7":"product_cat-supermaisto-misiniai","9":"first","10":"instock","11":"taxable","12":"shipping-taxable","13":"purchasable","14":"product-type-simple"},"bundle_layout":"","bundled_by":[],"bundled_items":[],"acf":[],"_links":{"self":[{"href":"https:\/\/bemore.ee\/lt\/wp-json\/wp\/v2\/product\/141430","targetHints":{"allow":["GET"]}}],"collection":[{"href":"https:\/\/bemore.ee\/lt\/wp-json\/wp\/v2\/product"}],"about":[{"href":"https:\/\/bemore.ee\/lt\/wp-json\/wp\/v2\/types\/product"}],"replies":[{"embeddable":true,"href":"https:\/\/bemore.ee\/lt\/wp-json\/wp\/v2\/comments?post=141430"}],"wp:featuredmedia":[{"embeddable":true,"href":"https:\/\/bemore.ee\/lt\/wp-json\/wp\/v2\/media\/141449"}],"wp:attachment":[{"href":"https:\/\/bemore.ee\/lt\/wp-json\/wp\/v2\/media?parent=141430"}],"wp:term":[{"taxonomy":"product_brand","embeddable":true,"href":"https:\/\/bemore.ee\/lt\/wp-json\/wp\/v2\/product_brand?post=141430"},{"taxonomy":"product_cat","embeddable":true,"href":"https:\/\/bemore.ee\/lt\/wp-json\/wp\/v2\/product_cat?post=141430"},{"taxonomy":"product_tag","embeddable":true,"href":"https:\/\/bemore.ee\/lt\/wp-json\/wp\/v2\/product_tag?post=141430"}],"curies":[{"name":"wp","href":"https:\/\/api.w.org\/{rel}","templated":true}]}}