{"id":141424,"date":"2023-05-08T17:19:58","date_gmt":"2023-05-08T14:19:58","guid":{"rendered":"https:\/\/bemore.ee\/?post_type=product&#038;p=141424"},"modified":"2025-09-14T21:49:16","modified_gmt":"2025-09-14T18:49:16","slug":"ledu-forma","status":"publish","type":"product","link":"https:\/\/bemore.ee\/lt\/toode\/ledu-forma\/","title":{"rendered":"Led\u0173 forma"},"content":{"rendered":"<p data-start=\"0\" data-end=\"307\">Mink\u0161to silikono led\u0173 formos daro led\u0173 gaminim\u0105 ypa\u010d malon\u0173! Jos yra malonios ir patogios naudoti, leid\u017eia lengvai i\u0161imti paruo\u0161tus ledus i\u0161 formos ir sukurti gra\u017eius skan\u0117stus. Rinkinyje yra \u0161e\u0161i led\u0173 pagaliukai ir dangtelis. Su \u0161iomis formomis vienu metu galite pasigaminti tris specialios formos ledus.<\/p>\n<p data-start=\"309\" data-end=\"601\" data-is-last-node=\"\" data-is-only-node=\"\">Led\u0173 forma su linksmomis vaisi\u0173 fig\u016bromis tinka tiek suaugusiesiems, tiek vaikams. B\u016btinai i\u0161bandykite Be Active ir Be Fit led\u0173 miltelius \u2013 jie pasi\u017eymi burnoje tirpstan\u010diais skoniais, linksmomis spalvomis ir sveikais ingredientais. Su jais led\u0173 gaminimo procesas namuose taps dar malonesnis!<\/p>\n","protected":false},"excerpt":{"rendered":"<article class=\"text-token-text-primary w-full focus:outline-none scroll-mt-[calc(var(--header-height)+min(200px,max(70px,20svh)))]\" dir=\"auto\" tabindex=\"-1\" data-turn-id=\"request-68ba6137-7448-832d-a7c9-8de854b5b88f-83\" data-testid=\"conversation-turn-202\" data-scroll-anchor=\"true\" data-turn=\"assistant\">\n<div class=\"text-base my-auto mx-auto pb-10 [--thread-content-margin:--spacing(4)] thread-sm:[--thread-content-margin:--spacing(6)] thread-lg:[--thread-content-margin:--spacing(16)] px-(--thread-content-margin)\">\n<div class=\"[--thread-content-max-width:40rem] thread-sm:[--thread-content-max-width:40rem] thread-lg:[--thread-content-max-width:48rem] mx-auto max-w-(--thread-content-max-width) flex-1 group\/turn-messages focus-visible:outline-hidden relative flex w-full min-w-0 flex-col agent-turn\" tabindex=\"-1\">\n<div class=\"flex max-w-full flex-col grow\">\n<div class=\"min-h-8 text-message relative flex w-full flex-col items-end gap-2 text-start break-words whitespace-normal [.text-message+&amp;]:mt-5\" dir=\"auto\" data-message-author-role=\"assistant\" data-message-id=\"55505da8-0b9b-46b0-8d9f-6351e27d7f0a\" data-message-model-slug=\"gpt-5\">\n<div class=\"flex w-full flex-col gap-1 empty:hidden first:pt-[3px]\">\n<div class=\"markdown prose dark:prose-invert w-full break-words light markdown-new-styling\">\n<p data-start=\"0\" data-end=\"81\">Mink\u0161to silikono led\u0173 formos leid\u017eia itin lengvai sukurti gra\u017eios formos ledus.<\/p>\n<ul>\n<li data-start=\"85\" data-end=\"125\">Pagamintos i\u0161 auk\u0161tos kokyb\u0117s silikono<\/li>\n<li data-start=\"128\" data-end=\"155\">Galima plauti indaplov\u0117je<\/li>\n<li data-start=\"158\" data-end=\"209\">Galima naudoti mikrobang\u0173 krosnel\u0117je ir orkait\u0117je<\/li>\n<li data-start=\"212\" data-end=\"261\">Atsparios temperat\u016brai nuo -40 iki 230 laipsni\u0173<\/li>\n<li data-start=\"264\" data-end=\"293\">Be BPA, BPS, PVC ir ftalat\u0173<\/li>\n<li data-start=\"296\" data-end=\"325\">Atitinka Europos standartus<\/li>\n<li data-start=\"328\" data-end=\"360\">Formos matmenys: 19,5 \u00d7 11 \u00d7 3<\/li>\n<\/ul>\n<\/div>\n<\/div>\n<\/div>\n<\/div>\n<\/div>\n<\/div>\n<\/article>\n","protected":false},"featured_media":141425,"comment_status":"open","ping_status":"closed","template":"","meta":{"_acf_changed":false},"product_brand":[],"product_cat":[609,597],"product_tag":[],"class_list":{"0":"post-141424","1":"product","2":"type-product","3":"status-publish","4":"has-post-thumbnail","6":"product_cat-kitos-prekes","7":"product_cat-ledu-milteliai","9":"first","10":"instock","11":"taxable","12":"shipping-taxable","13":"purchasable","14":"product-type-simple"},"bundle_layout":"","bundled_by":[],"bundled_items":[],"acf":[],"_links":{"self":[{"href":"https:\/\/bemore.ee\/lt\/wp-json\/wp\/v2\/product\/141424","targetHints":{"allow":["GET"]}}],"collection":[{"href":"https:\/\/bemore.ee\/lt\/wp-json\/wp\/v2\/product"}],"about":[{"href":"https:\/\/bemore.ee\/lt\/wp-json\/wp\/v2\/types\/product"}],"replies":[{"embeddable":true,"href":"https:\/\/bemore.ee\/lt\/wp-json\/wp\/v2\/comments?post=141424"}],"wp:featuredmedia":[{"embeddable":true,"href":"https:\/\/bemore.ee\/lt\/wp-json\/wp\/v2\/media\/141425"}],"wp:attachment":[{"href":"https:\/\/bemore.ee\/lt\/wp-json\/wp\/v2\/media?parent=141424"}],"wp:term":[{"taxonomy":"product_brand","embeddable":true,"href":"https:\/\/bemore.ee\/lt\/wp-json\/wp\/v2\/product_brand?post=141424"},{"taxonomy":"product_cat","embeddable":true,"href":"https:\/\/bemore.ee\/lt\/wp-json\/wp\/v2\/product_cat?post=141424"},{"taxonomy":"product_tag","embeddable":true,"href":"https:\/\/bemore.ee\/lt\/wp-json\/wp\/v2\/product_tag?post=141424"}],"curies":[{"name":"wp","href":"https:\/\/api.w.org\/{rel}","templated":true}]}}