{"id":141421,"date":"2022-10-17T15:05:58","date_gmt":"2022-10-17T12:05:58","guid":{"rendered":"https:\/\/bemore.ee\/?post_type=product&#038;p=141421"},"modified":"2025-09-14T21:42:38","modified_gmt":"2025-09-14T18:42:38","slug":"ledu-milteliu-rinkinys","status":"publish","type":"product","link":"https:\/\/bemore.ee\/lt\/toode\/ledu-milteliu-rinkinys\/","title":{"rendered":"Led\u0173 milteli\u0173 rinkinys"},"content":{"rendered":"<p data-start=\"0\" data-end=\"155\"><strong data-start=\"0\" data-end=\"153\">Vegani\u0161k\u0173 led\u0173 milteli\u0173 rinkinys, praturtintas Be More supermaisto mi\u0161iniu. Sveikas ir lengvai pagaminamas desertas, kuriuo gali m\u0117gautis kiekvienas!<\/strong><\/p>\n<p data-start=\"157\" data-end=\"587\">Unikali vegani\u0161k\u0173 led\u0173 milteli\u0173 sud\u0117tis \u2013 100 % augalin\u0117s kilm\u0117s ingredientai, praturtinti Be More supermaisto mi\u0161iniu.<br data-start=\"276\" data-end=\"279\" \/><a href=\"https:\/\/bemore.ee\/lt\/toode\/veganu-ledu-milt\u2026-be-active-200-g\/\">Be Active led\u0173 milteliai<\/a> praturtinti juod\u0173j\u0173 serbent\u0173 milteliais, liofilizuotais juod\u0173j\u0173 serbent\u0173 gabaliukais, Be Active supermaisto mi\u0161iniu ir skaidula inulinu.<br data-start=\"440\" data-end=\"443\" \/><a href=\"https:\/\/bemore.ee\/lt\/toode\/veganiski-ledu-m\u2026iai-be-fit-200-g\/ \u200e\">Be Fit led\u0173 milteliai<\/a> praturtinti \u017ealiosios kakavos milteliais, \u017ealiosios kakavos gabaliukais, Be Fit supermaisto mi\u0161iniu ir skaidula inulinu.<\/p>\n<p data-start=\"589\" data-end=\"741\"><strong data-start=\"589\" data-end=\"679\">Viso, ko reikia skaniems ledams, \u2013 tai skys\u010dio, indo ar puodelio ir rankinio plaktuvo.<\/strong><br data-start=\"679\" data-end=\"682\" \/>Rekomenduojame naudoti cilindro formos ind\u0105 arba puodel\u012f.<\/p>\n<p data-start=\"743\" data-end=\"771\"><strong data-start=\"743\" data-end=\"769\">Vartojimo instrukcija:<\/strong><\/p>\n<ul data-start=\"772\" data-end=\"1116\">\n<li data-start=\"772\" data-end=\"833\">\n<p data-start=\"774\" data-end=\"833\">200 g vegani\u0161k\u0173 led\u0173 milteli\u0173 (viena pakuot\u0117) = 1 l led\u0173.<\/p>\n<\/li>\n<li data-start=\"834\" data-end=\"939\">\n<p data-start=\"836\" data-end=\"939\">I\u0161tirpinkite 200 g milteli\u0173 300 ml \u0161alto vandens arba 350 ml augalinio g\u0117rimo (pvz., migdol\u0173 g\u0117rimo).<\/p>\n<\/li>\n<li data-start=\"940\" data-end=\"987\">\n<p data-start=\"942\" data-end=\"987\">Mi\u0161in\u012f d\u0117kite \u012f \u0161aldikl\u012f bent 1,5 valandos.<\/p>\n<\/li>\n<li data-start=\"988\" data-end=\"1048\">\n<p data-start=\"990\" data-end=\"1048\">Plakite elektriniu plaktuvu 2\u20135 minutes, kol taps purus.<\/p>\n<\/li>\n<li data-start=\"1049\" data-end=\"1116\">\n<p data-start=\"1051\" data-end=\"1116\">V\u0117l d\u0117kite \u012f \u0161aldikl\u012f bent 6 valandoms arba palikite per nakt\u012f.<\/p>\n<\/li>\n<\/ul>\n<p data-start=\"1118\" data-end=\"1257\"><strong data-start=\"1118\" data-end=\"1130\">Pastaba!<\/strong><br data-start=\"1130\" data-end=\"1133\" \/>\u0160aldymo laik\u0105 reikia sutrumpinti, jei norite paruo\u0161ti ma\u017eesn\u012f kiek\u012f led\u0173, ir pailginti, jei norite paruo\u0161ti didesn\u012f kiek\u012f.<\/p>\n<p data-start=\"1259\" data-end=\"1296\"><strong data-start=\"1259\" data-end=\"1294\">Vegani\u0161ki led\u0173 milteliai tinka:<\/strong><\/p>\n<ul data-start=\"1297\" data-end=\"1426\">\n<li data-start=\"1297\" data-end=\"1309\">\n<p data-start=\"1299\" data-end=\"1309\">veganams<\/p>\n<\/li>\n<li data-start=\"1310\" data-end=\"1349\">\n<p data-start=\"1312\" data-end=\"1349\">\u017emon\u0117ms, netoleruojantiems laktoz\u0117s<\/p>\n<\/li>\n<li data-start=\"1350\" data-end=\"1361\">\n<p data-start=\"1352\" data-end=\"1361\">vaikams<\/p>\n<\/li>\n<li data-start=\"1362\" data-end=\"1401\">\n<p data-start=\"1364\" data-end=\"1401\">n\u0117\u0161\u010diosioms ir \u017eindan\u010dioms motinoms<\/p>\n<\/li>\n<li data-start=\"1402\" data-end=\"1426\">\n<p data-start=\"1404\" data-end=\"1426\">sveik\u0173 led\u0173 m\u0117g\u0117jams<\/p>\n<\/li>\n<\/ul>\n<p data-start=\"1428\" data-end=\"2088\"><strong data-start=\"1428\" data-end=\"1462\">I\u0161 ko sudarytas \u0161is produktas?<\/strong><br data-start=\"1462\" data-end=\"1465\" \/>Be Active ingredientai: agavos cukrus, kokos\u0173 riebalai, liofilizuoti juod\u0173j\u0173 serbent\u0173 milteliai (11 %), maltodekstrinas, liofilizuoti juod\u0173j\u0173 serbent\u0173 gabaliukai (7 %), Be Active supermaisto mi\u0161inys (burok\u0117li\u0173 milteliai, liofilizuoti juod\u0173j\u0173 serbent\u0173 milteliai (25 %), liofilizuoti goji uog\u0173 milteliai, \u010dija s\u0117klos, liofilizuoti kamu-kamu milteliai), inulinas, inaktyvuotos Lalmin\u00ae Vita D miel\u0117s (nat\u016bralios vitamino D ir B12 miel\u0117s), liofilizuoti banan\u0173 milteliai, \u017eirni\u0173 baltymai, stabilizatoriai (trifosfatai, natrio alginatas, kalio fosfatas; emulgatoriai \u2013 riebal\u0173 r\u016bg\u0161\u010di\u0173 mono- ir digliceridai, guaro guma), druska.<\/p>\n<p data-start=\"2090\" data-end=\"2672\">Be Fit ingredientai: agavos cukrus, kokos\u0173 riebalai, \u017ealiosios kakavos milteliai (14 %), maltodekstrinas, \u017ealiosios kakavos gabaliukai (6 %), inulinas, Be Fit supermaisto mi\u0161inys (\u017eirni\u0173 baltym\u0173 milteliai, \u017ealiosios kakavos milteliai (25 %), kanapi\u0173 baltym\u0173 milteliai, liofilizuoti goji uog\u0173 milteliai, kanapi\u0173 s\u0117klos), inaktyvuotos Lalmin\u00ae Vita D miel\u0117s (nat\u016bralios vitamino D ir B12 miel\u0117s), liofilizuoti banan\u0173 milteliai, \u017eirni\u0173 baltymai, stabilizatoriai (trifosfatai, natrio alginatas, kalio fosfatas; emulgatoriai \u2013 riebal\u0173 r\u016bg\u0161\u010di\u0173 mono- ir digliceridai, guaro guma), druska.<\/p>\n<p data-start=\"2674\" data-end=\"2768\"><strong data-start=\"2674\" data-end=\"2686\">Laikymas<\/strong><br data-start=\"2686\" data-end=\"2689\" \/>Laikyti v\u0117sioje ir sausoje vietoje, atokiau nuo tiesiogini\u0173 saul\u0117s spinduli\u0173.<\/p>\n<p data-start=\"2770\" data-end=\"2997\" data-is-last-node=\"\" data-is-only-node=\"\"><strong data-start=\"2770\" data-end=\"2786\">Koks skonis?<\/strong><br data-start=\"2786\" data-end=\"2789\" \/>I\u0161 Be Active led\u0173 milteli\u0173 gausite juod\u0173j\u0173 serbent\u0173 skonio ledus su tra\u0161kiais juod\u0173j\u0173 serbent\u0173 gabaliukais.<br data-start=\"2896\" data-end=\"2899\" \/>I\u0161 Be Fit led\u0173 milteli\u0173 gausite kakavos skonio ledus su tra\u0161kiais \u017ealiosios kakavos gabaliukais.<\/p>\n","protected":false},"excerpt":{"rendered":"<article class=\"text-token-text-primary w-full focus:outline-none scroll-mt-[calc(var(--header-height)+min(200px,max(70px,20svh)))]\" dir=\"auto\" tabindex=\"-1\" data-turn-id=\"request-68ba6137-7448-832d-a7c9-8de854b5b88f-80\" data-testid=\"conversation-turn-196\" data-scroll-anchor=\"true\" data-turn=\"assistant\">\n<div class=\"text-base my-auto mx-auto pb-10 [--thread-content-margin:--spacing(4)] thread-sm:[--thread-content-margin:--spacing(6)] thread-lg:[--thread-content-margin:--spacing(16)] px-(--thread-content-margin)\">\n<div class=\"[--thread-content-max-width:40rem] thread-sm:[--thread-content-max-width:40rem] thread-lg:[--thread-content-max-width:48rem] mx-auto max-w-(--thread-content-max-width) flex-1 group\/turn-messages focus-visible:outline-hidden relative flex w-full min-w-0 flex-col agent-turn\" tabindex=\"-1\">\n<div class=\"flex max-w-full flex-col grow\">\n<div class=\"min-h-8 text-message relative flex w-full flex-col items-end gap-2 text-start break-words whitespace-normal [.text-message+&amp;]:mt-5\" dir=\"auto\" data-message-author-role=\"assistant\" data-message-id=\"63f8a609-07b2-4407-8c18-b9ff7836c294\" data-message-model-slug=\"gpt-5\">\n<div class=\"flex w-full flex-col gap-1 empty:hidden first:pt-[3px]\">\n<div class=\"markdown prose dark:prose-invert w-full break-words light markdown-new-styling\">\n<p data-start=\"0\" data-end=\"104\"><strong data-start=\"0\" data-end=\"102\">Lengvai paruo\u0161iami ir nuostab\u016bs vegani\u0161ki led\u0173 milteliai, praturtinti Be More supermaisto mi\u0161iniu.<\/strong><\/p>\n<ul>\n<li data-start=\"108\" data-end=\"132\">100 % augalin\u0117s kilm\u0117s<\/li>\n<li data-start=\"135\" data-end=\"153\">Veganams tinkami<\/li>\n<li data-start=\"156\" data-end=\"181\">Saldinti agavos cukrumi<\/li>\n<li data-start=\"184\" data-end=\"241\">Rinkin\u012f sudaro du skoniai \u2013 kakavos ir juod\u0173j\u0173 serbent\u0173<\/li>\n<li data-start=\"244\" data-end=\"293\">Lengvai pagaminami namuose su rankiniu plaktuvu<\/li>\n<li data-start=\"296\" data-end=\"339\">200 g milteli\u0173 (viena pakuot\u0117) = 1 L led\u0173<\/li>\n<li data-start=\"342\" data-end=\"370\">Daug baltym\u0173 ir vitamino C<\/li>\n<li data-start=\"373\" data-end=\"416\">Tinka \u017emon\u0117ms, netoleruojantiems laktoz\u0117s<\/li>\n<li data-start=\"419\" data-end=\"452\">Rinkinio pakuot\u0117 visada pigesn\u0117<\/li>\n<\/ul>\n<\/div>\n<\/div>\n<\/div>\n<\/div>\n<\/div>\n<\/div>\n<\/article>\n","protected":false},"featured_media":141422,"comment_status":"open","ping_status":"closed","template":"","meta":{"_acf_changed":false},"product_brand":[],"product_cat":[601,597],"product_tag":[],"class_list":{"0":"post-141421","1":"product","2":"type-product","3":"status-publish","4":"has-post-thumbnail","6":"product_cat-rinkinys","7":"product_cat-ledu-milteliai","9":"first","10":"instock","11":"sale","12":"taxable","13":"shipping-taxable","14":"purchasable","15":"product-type-bundle"},"bundle_layout":"default","bundled_by":[],"bundled_items":[{"bundled_item_id":2072,"product_id":141414,"menu_order":0,"quantity_min":1,"quantity_max":1,"priced_individually":false,"shipped_individually":false,"override_title":false,"title":"Vegani\u0161ki led\u0173 milteliai Be Fit, 200 g","override_description":false,"description":"Vegani\u0161ki led\u0173 milteliai Be Fit, 200 g","optional":false,"hide_thumbnail":false,"discount":"","override_variations":false,"allowed_variations":[""],"override_default_variation_attributes":false,"default_variation_attributes":[],"single_product_visibility":"visible","cart_visibility":"visible","order_visibility":"visible","single_product_price_visibility":"visible","cart_price_visibility":"visible","order_price_visibility":"visible","stock_status":"in_stock"},{"bundled_item_id":2073,"product_id":141366,"menu_order":1,"quantity_min":1,"quantity_max":1,"priced_individually":false,"shipped_individually":false,"override_title":false,"title":"Vegan\u0173 led\u0173 milteliai Be Active, 200 g","override_description":false,"description":"Vegan\u0173 led\u0173 milteliai Be Active, 200 g","optional":false,"hide_thumbnail":false,"discount":"","override_variations":false,"allowed_variations":[""],"override_default_variation_attributes":false,"default_variation_attributes":[],"single_product_visibility":"visible","cart_visibility":"visible","order_visibility":"visible","single_product_price_visibility":"visible","cart_price_visibility":"visible","order_price_visibility":"visible","stock_status":"in_stock"}],"acf":[],"_links":{"self":[{"href":"https:\/\/bemore.ee\/lt\/wp-json\/wp\/v2\/product\/141421","targetHints":{"allow":["GET"]}}],"collection":[{"href":"https:\/\/bemore.ee\/lt\/wp-json\/wp\/v2\/product"}],"about":[{"href":"https:\/\/bemore.ee\/lt\/wp-json\/wp\/v2\/types\/product"}],"replies":[{"embeddable":true,"href":"https:\/\/bemore.ee\/lt\/wp-json\/wp\/v2\/comments?post=141421"}],"wp:featuredmedia":[{"embeddable":true,"href":"https:\/\/bemore.ee\/lt\/wp-json\/wp\/v2\/media\/141422"}],"wp:attachment":[{"href":"https:\/\/bemore.ee\/lt\/wp-json\/wp\/v2\/media?parent=141421"}],"wp:term":[{"taxonomy":"product_brand","embeddable":true,"href":"https:\/\/bemore.ee\/lt\/wp-json\/wp\/v2\/product_brand?post=141421"},{"taxonomy":"product_cat","embeddable":true,"href":"https:\/\/bemore.ee\/lt\/wp-json\/wp\/v2\/product_cat?post=141421"},{"taxonomy":"product_tag","embeddable":true,"href":"https:\/\/bemore.ee\/lt\/wp-json\/wp\/v2\/product_tag?post=141421"}],"curies":[{"name":"wp","href":"https:\/\/api.w.org\/{rel}","templated":true}]}}