{"id":141414,"date":"2022-10-03T09:56:55","date_gmt":"2022-10-03T06:56:55","guid":{"rendered":"https:\/\/bemore.ee\/?post_type=product&#038;p=141414"},"modified":"2025-09-20T07:52:14","modified_gmt":"2025-09-20T04:52:14","slug":"veganiski-ledu-milteliai-be-fit-200-g","status":"publish","type":"product","link":"https:\/\/bemore.ee\/lt\/toode\/veganiski-ledu-milteliai-be-fit-200-g\/","title":{"rendered":"Vegani\u0161ki led\u0173 milteliai Be Fit, 200 g"},"content":{"rendered":"<p data-start=\"0\" data-end=\"145\"><strong data-start=\"0\" data-end=\"143\">Vegani\u0161ki led\u0173 milteliai, praturtinti Be Fit supermaisto mi\u0161iniu. Sveikas ir lengvai paruo\u0161iamas desertas, kuriuo gali m\u0117gautis kiekvienas!<\/strong><\/p>\n<p data-start=\"147\" data-end=\"469\">Unikali Be Fit led\u0173 milteli\u0173 sud\u0117tis \u2013 tai 100 % augalin\u0117s kilm\u0117s ingredientai, praturtinti \u017eali\u0105ja kakava, kakavos gabaliukais, Be Fit supermaisto mi\u0161iniu ir skaidula inulinu. Norint pasigaminti led\u0173, tereikia m\u0117gstamo skys\u010dio, indo ar puodelio ir rankinio plaktuvo. Rekomenduojame naudoti cilindrin\u012f ind\u0105 arba puodel\u012f!<\/p>\n<p data-start=\"471\" data-end=\"499\"><strong data-start=\"471\" data-end=\"497\">Naudojimo instrukcija:<\/strong><\/p>\n<p data-start=\"501\" data-end=\"560\">I\u0161 200 g vegani\u0161k\u0173 Be Fit led\u0173 milteli\u0173 gausite 1 l led\u0173.<\/p>\n<ul data-start=\"562\" data-end=\"866\">\n<li data-start=\"562\" data-end=\"667\">\n<p data-start=\"564\" data-end=\"667\">I\u0161tirpinkite 200 g milteli\u0173 300 ml \u0161alto vandens arba 350 ml augalinio g\u0117rimo (pvz., migdol\u0173 g\u0117rimo).<\/p>\n<\/li>\n<li data-start=\"668\" data-end=\"722\">\n<p data-start=\"670\" data-end=\"722\">Mi\u0161in\u012f \u012fd\u0117kite \u012f \u0161aldikl\u012f ma\u017eiausiai 1,5 valandos.<\/p>\n<\/li>\n<li data-start=\"723\" data-end=\"798\">\n<p data-start=\"725\" data-end=\"798\">Plakite elektriniu plaktuvu 2\u20135 minutes, kol mas\u0117 taps pakankamai puri.<\/p>\n<\/li>\n<li data-start=\"799\" data-end=\"866\">\n<p data-start=\"801\" data-end=\"866\">V\u0117l d\u0117kite \u012f \u0161aldikl\u012f bent 6 valandoms arba palikite per nakt\u012f.<\/p>\n<\/li>\n<\/ul>\n<p data-start=\"868\" data-end=\"997\"><strong data-start=\"868\" data-end=\"880\">Pastaba!<\/strong> \u0160aldymo laikas turi b\u016bti sutrumpintas, jei gaminate ma\u017eesn\u012f kiek\u012f led\u0173, ir pailgintas, jei gaminate didesn\u012f kiek\u012f.<\/p>\n<p data-start=\"999\" data-end=\"1043\"><strong data-start=\"999\" data-end=\"1041\">Vegani\u0161ki Be Fit led\u0173 milteliai tinka:<\/strong><\/p>\n<ul data-start=\"1044\" data-end=\"1173\">\n<li data-start=\"1044\" data-end=\"1056\">\n<p data-start=\"1046\" data-end=\"1056\">veganams<\/p>\n<\/li>\n<li data-start=\"1057\" data-end=\"1096\">\n<p data-start=\"1059\" data-end=\"1096\">\u017emon\u0117ms, netoleruojantiems laktoz\u0117s<\/p>\n<\/li>\n<li data-start=\"1097\" data-end=\"1108\">\n<p data-start=\"1099\" data-end=\"1108\">vaikams<\/p>\n<\/li>\n<li data-start=\"1109\" data-end=\"1148\">\n<p data-start=\"1111\" data-end=\"1148\">n\u0117\u0161\u010diosioms ir \u017eindan\u010dioms motinoms<\/p>\n<\/li>\n<li data-start=\"1149\" data-end=\"1173\">\n<p data-start=\"1151\" data-end=\"1173\">sveik\u0173 led\u0173 m\u0117g\u0117jams<\/p>\n<\/li>\n<\/ul>\n<p data-start=\"1175\" data-end=\"1776\"><strong data-start=\"1175\" data-end=\"1209\">I\u0161 ko sudarytas \u0161is produktas?<\/strong><br data-start=\"1209\" data-end=\"1212\" \/>Sud\u0117tis: agavos cukrus, kokos\u0173 riebalai, \u017ealiosios kakavos milteliai (14 %), maltodekstrinas, \u017ealiosios kakavos gabaliukai (6 %), inulinas, Be Fit supermaisto mi\u0161inys (\u017eirni\u0173 baltym\u0173 milteliai, \u017ealiosios kakavos milteliai (25 %), kanapi\u0173 baltym\u0173 milteliai, liofilizuot\u0173 goji uog\u0173 milteliai, kanapi\u0173 s\u0117klos), neaktyvios Lalmin\u00ae Vita D miel\u0117s (nat\u016bralios vitamino D ir B12 miel\u0117s), liofilizuot\u0173 banan\u0173 milteliai, \u017eirni\u0173 baltymai, stabilizatoriai (trifosfatai, natrio alginatas, kalio fosfatas; emulsiklis riebal\u0173 r\u016bg\u0161\u010di\u0173 mono- ir digliceridai, guaro guma), druska.<\/p>\n<p data-start=\"1778\" data-end=\"1872\"><strong data-start=\"1778\" data-end=\"1790\">Laikymas<\/strong><br data-start=\"1790\" data-end=\"1793\" \/>Laikyti v\u0117sioje ir sausoje vietoje, atokiau nuo tiesiogini\u0173 saul\u0117s spinduli\u0173.<\/p>\n<p data-start=\"1874\" data-end=\"1948\" data-is-last-node=\"\" data-is-only-node=\"\"><strong data-start=\"1874\" data-end=\"1890\">Koks skonis?<\/strong><br data-start=\"1890\" data-end=\"1893\" \/>I\u0161 Be Fit led\u0173 milteli\u0173 gausite kakavos skonio ledus.<\/p>\n","protected":false},"excerpt":{"rendered":"<p data-start=\"0\" data-end=\"96\"><strong data-start=\"0\" data-end=\"94\">Skaniausi kakavos skonio vegani\u0161ki led\u0173 milteliai, praturtinti Be Fit supermaisto mi\u0161iniu.<\/strong><\/p>\n<ul>\n<li data-start=\"100\" data-end=\"124\">100 % augalin\u0117s kilm\u0117s<\/li>\n<li data-start=\"127\" data-end=\"145\">Veganams tinkami<\/li>\n<li data-start=\"148\" data-end=\"173\">Saldinti agavos cukrumi<\/li>\n<li data-start=\"176\" data-end=\"196\">Lengvai paruo\u0161iami<\/li>\n<li data-start=\"199\" data-end=\"244\">Skirti gaminti namuose su rankiniu plaktuvu<\/li>\n<li data-start=\"247\" data-end=\"274\">200 g milteli\u0173 = 1 L led\u0173<\/li>\n<li data-start=\"277\" data-end=\"305\">Daug baltym\u0173 ir vitamino C<\/li>\n<li data-start=\"308\" data-end=\"351\">Tinka \u017emon\u0117ms, netoleruojantiems laktoz\u0117s<\/li>\n<\/ul>\n","protected":false},"featured_media":141415,"comment_status":"open","ping_status":"closed","template":"","meta":{"_acf_changed":false},"product_brand":[],"product_cat":[597],"product_tag":[],"class_list":{"0":"post-141414","1":"product","2":"type-product","3":"status-publish","4":"has-post-thumbnail","6":"product_cat-ledu-milteliai","8":"first","9":"instock","10":"taxable","11":"shipping-taxable","12":"purchasable","13":"product-type-simple"},"bundle_layout":"","bundled_by":["141421","142614"],"bundled_items":[],"acf":[],"_links":{"self":[{"href":"https:\/\/bemore.ee\/lt\/wp-json\/wp\/v2\/product\/141414","targetHints":{"allow":["GET"]}}],"collection":[{"href":"https:\/\/bemore.ee\/lt\/wp-json\/wp\/v2\/product"}],"about":[{"href":"https:\/\/bemore.ee\/lt\/wp-json\/wp\/v2\/types\/product"}],"replies":[{"embeddable":true,"href":"https:\/\/bemore.ee\/lt\/wp-json\/wp\/v2\/comments?post=141414"}],"wp:featuredmedia":[{"embeddable":true,"href":"https:\/\/bemore.ee\/lt\/wp-json\/wp\/v2\/media\/141415"}],"wp:attachment":[{"href":"https:\/\/bemore.ee\/lt\/wp-json\/wp\/v2\/media?parent=141414"}],"wp:term":[{"taxonomy":"product_brand","embeddable":true,"href":"https:\/\/bemore.ee\/lt\/wp-json\/wp\/v2\/product_brand?post=141414"},{"taxonomy":"product_cat","embeddable":true,"href":"https:\/\/bemore.ee\/lt\/wp-json\/wp\/v2\/product_cat?post=141414"},{"taxonomy":"product_tag","embeddable":true,"href":"https:\/\/bemore.ee\/lt\/wp-json\/wp\/v2\/product_tag?post=141414"}],"curies":[{"name":"wp","href":"https:\/\/api.w.org\/{rel}","templated":true}]}}