{"id":141395,"date":"2021-11-17T11:12:35","date_gmt":"2021-11-17T11:12:35","guid":{"rendered":"https:\/\/bemore.ee\/?post_type=product&#038;p=141395"},"modified":"2025-10-15T14:38:47","modified_gmt":"2025-10-15T11:38:47","slug":"marine-collagen-mangonlemon-120g","status":"publish","type":"product","link":"https:\/\/bemore.ee\/lt\/toode\/marine-collagen-mangonlemon-120g\/","title":{"rendered":"MARINE COLLAGEN Mango\u2019n\u2019Lemon, 120g"},"content":{"rendered":"<p data-start=\"0\" data-end=\"210\"><strong data-start=\"0\" data-end=\"90\">100 % nat\u016bralus j\u016brinio kolageno mi\u0161inys su mango ir citrina \u2013 j\u016bs\u0173 gro\u017eiui palaikyti!<\/strong><br data-start=\"90\" data-end=\"93\" \/><strong data-start=\"93\" data-end=\"208\">MARINE COLLAGEN Mango\u2019n\u2019Lemon sukurtas \u017emon\u0117ms, norintiems palaikyti nat\u016bral\u0173 gro\u017e\u012f, od\u0105, s\u0105narius ir raumenis.<\/strong><\/p>\n<p data-start=\"212\" data-end=\"416\">MARINE COLLAGEN Mango\u2019n\u2019Lemon yra puikus kolageno \u0161altinis. \u0160is mi\u0161inys palaiko nat\u016bralius organizmo kolageno formavimosi procesus, nes be hidrolizuoto j\u016brinio kolageno sud\u0117tyje taip pat yra vitamino C.<\/p>\n<p data-start=\"418\" data-end=\"899\"><strong data-start=\"418\" data-end=\"431\">Kolagenas<\/strong> yra svarbus baltymas m\u016bs\u0173 organizme, daugiausia randamas odoje, kauluose ir sausgysl\u0117se. Senstant organizmo kolageno gamyba pradeda ma\u017e\u0117ti, o tai gali lemti s\u0105nari\u0173 problemas bei odos elastingumo suma\u017e\u0117jim\u0105 (pvz., suglebusi oda ar rauk\u0161l\u0117s). Be to, kolageno gamyb\u0105 slopina r\u016bkymas, per didelis saul\u0117s poveikis ir nesveikas gyvenimo b\u016bdas. Hidrolizuotas j\u016brinis kolagenas gaunamas i\u0161 \u017euvies odos, jis lengvai pereina per \u017earnyno sienel\u0119 ir greitai pasiekia audinius.<\/p>\n<p data-start=\"901\" data-end=\"1261\"><strong data-start=\"901\" data-end=\"950\">Liofilizuota citrina, camu-camu ir svarainiai<\/strong> yra geri vitamino C \u0161altiniai. Vitaminas C padeda palaikyti normali\u0105 kolageno formavimosi funkcij\u0105 odoje, kauluose, kremzl\u0117se, dantenose, dantyse ir kraujagysl\u0117se. Be to, vitaminas C svarbus normaliai imunin\u0117s sistemos veiklai. <strong data-start=\"1179\" data-end=\"1189\">Mangas<\/strong> yra geras vitamino A \u0161altinis, kuris svarbus geram reg\u0117jimui tamsoje.<\/p>\n<p data-start=\"1263\" data-end=\"1964\"><strong data-start=\"1263\" data-end=\"1301\">Kod\u0117l \u017euv\u0173 kolagenas yra geresnis?<\/strong><br data-start=\"1301\" data-end=\"1304\" \/>Hidrolizuotas j\u016brinis kolagenas yra mikrogra\u00adnuli\u0173 milteliai, gaminami tik i\u0161 atrinktos \u017euv\u0173 odos. Moksliniai tyrimai parod\u0117, kad \u017euv\u0173 kolageno elementai yra ma\u017eesni, tod\u0117l jie geriau vir\u0161kinami ir lengviau \u012fsisavinami organizme. \u017duv\u0173 kolagen\u0105 daugiausia sudaro I tipo kolagenas, ta\u010diau tai nerei\u0161kia, kad jis kuo nors prastesnis u\u017e galvij\u0173 kolagen\u0105, kur\u012f sudaro I ir III tipai. I tipo kolagenas randamas beveik visur organizme, i\u0161skyrus kremzles. B\u016btent \u0161is kolageno tipas sudaro 70 % m\u016bs\u0173 odos ir yra gausiausias organizme. I tipo kolagenas skatina daug teigiam\u0173 proces\u0173 organizme \u2013 nuo rauk\u0161li\u0173 ir celiulito ma\u017einimo iki odos dr\u0117gm\u0117s ir tvirtumo didinimo.<\/p>\n<p data-start=\"1966\" data-end=\"2008\"><strong data-start=\"1966\" data-end=\"2006\">MARINE COLLAGEN Mango\u2019n\u2019Lemon tinka:<\/strong><\/p>\n<ul data-start=\"2009\" data-end=\"2194\">\n<li data-start=\"2009\" data-end=\"2097\">\n<p data-start=\"2011\" data-end=\"2097\">visiems, norintiems padidinti vitamin\u0173, mineral\u0173 ir antioksidant\u0173 kiek\u012f savo racione<\/p>\n<\/li>\n<li data-start=\"2098\" data-end=\"2139\">\n<p data-start=\"2100\" data-end=\"2139\">norintiems pagerinti odos elastingum\u0105<\/p>\n<\/li>\n<li data-start=\"2140\" data-end=\"2182\">\n<p data-start=\"2142\" data-end=\"2182\">vartoti n\u0117\u0161tumo ir \u017eindymo laikotarpiu<\/p>\n<\/li>\n<li data-start=\"2183\" data-end=\"2194\">\n<p data-start=\"2185\" data-end=\"2194\">vaikams<\/p>\n<\/li>\n<\/ul>\n<p data-start=\"2196\" data-end=\"2455\"><strong data-start=\"2196\" data-end=\"2223\">Kas sudaro \u0161\u012f produkt\u0105?<\/strong><br data-start=\"2223\" data-end=\"2226\" \/>Sud\u0117tis: hidrolizuotas j\u016brinis kolagenas (\u017dUVYS) (60 %), liofilizuota mango tyr\u0117s milteliai (30 %), liofilizuoti svarainiai (Cydonia oblonga) (5 %), liofilizuoti citrinos tyr\u0117s milteliai (2 %), liofilizuoti camu-camu milteliai.<\/p>\n<p data-start=\"2457\" data-end=\"2554\"><strong data-start=\"2457\" data-end=\"2474\">Kaip vartoti?<\/strong><br data-start=\"2474\" data-end=\"2477\" \/>\u012ed\u0117kite kolageno mi\u0161in\u012f \u012f kokteil\u012f, jogurt\u0105, vanden\u012f, ko\u0161\u0119, desertus ir kt.<\/p>\n<p data-start=\"2556\" data-end=\"2673\"><strong data-start=\"2556\" data-end=\"2575\">Porcijos dydis:<\/strong><br data-start=\"2575\" data-end=\"2578\" \/>Viena porcija \u2013 1 valgomasis \u0161auk\u0161tas. Rekomenduojamas dienos kiekis \u2013 1 valgomasis \u0161auk\u0161tas.<\/p>\n<p data-start=\"2675\" data-end=\"2809\"><strong data-start=\"2675\" data-end=\"2698\">Porcijos pakuot\u0117je:<\/strong><br data-start=\"2698\" data-end=\"2701\" \/>Kiekvienoje 120 g pakuot\u0117je yra apie 15 porcij\u0173. Tikrasis porcij\u0173 skai\u010dius priklauso nuo naudojamo kiekio.<\/p>\n<p data-start=\"2811\" data-end=\"2973\"><strong data-start=\"2811\" data-end=\"2830\">Laikymo s\u0105lygos<\/strong><br data-start=\"2830\" data-end=\"2833\" \/>Laikyti kambario temperat\u016broje, jei \u012fmanoma \u2013 atokiau nuo tiesiogini\u0173 saul\u0117s spinduli\u0173. Po kiekvieno naudojimo pakuot\u0119 sandariai u\u017edaryti.<\/p>\n<p data-start=\"2975\" data-end=\"3167\" data-is-last-node=\"\" data-is-only-node=\"\"><strong data-start=\"2975\" data-end=\"3025\">Koks yra MARINE COLLAGEN Mango\u2019n\u2019Lemon skonis?<\/strong><br data-start=\"3025\" data-end=\"3028\" \/>Mango\u2019n\u2019Lemon pasi\u017eymi gaiviu citrusiniu skoniu \u2013 saldus ir r\u016bg\u0161tus mango bei citrinos derinys suteikia kokteiliams gaiv\u0173 ir gard\u0173 skon\u012f.<\/p>\n","protected":false},"excerpt":{"rendered":"<article class=\"text-token-text-primary w-full focus:outline-none scroll-mt-[calc(var(--header-height)+min(200px,max(70px,20svh)))]\" dir=\"auto\" tabindex=\"-1\" data-turn-id=\"request-68ba6137-7448-832d-a7c9-8de854b5b88f-73\" data-testid=\"conversation-turn-182\" data-scroll-anchor=\"true\" data-turn=\"assistant\">\n<div class=\"text-base my-auto mx-auto pb-10 [--thread-content-margin:--spacing(4)] thread-sm:[--thread-content-margin:--spacing(6)] thread-lg:[--thread-content-margin:--spacing(16)] px-(--thread-content-margin)\">\n<div class=\"[--thread-content-max-width:40rem] thread-sm:[--thread-content-max-width:40rem] thread-lg:[--thread-content-max-width:48rem] mx-auto max-w-(--thread-content-max-width) flex-1 group\/turn-messages focus-visible:outline-hidden relative flex w-full min-w-0 flex-col agent-turn\" tabindex=\"-1\">\n<div class=\"flex max-w-full flex-col grow\">\n<div class=\"min-h-8 text-message relative flex w-full flex-col items-end gap-2 text-start break-words whitespace-normal [.text-message+&amp;]:mt-5\" dir=\"auto\" data-message-author-role=\"assistant\" data-message-id=\"ca48a6ab-8c14-484b-9cb8-c258f7066e05\" data-message-model-slug=\"gpt-5\">\n<div class=\"flex w-full flex-col gap-1 empty:hidden first:pt-[3px]\">\n<div class=\"markdown prose dark:prose-invert w-full break-words light markdown-new-styling\">\n<p data-start=\"0\" data-end=\"85\"><strong data-start=\"0\" data-end=\"83\">MARINE COLLAGEN Mango\u2019n\u2019Lemon derinys palaiko j\u016bs\u0173 gro\u017e\u012f, raumenis ir s\u0105narius.<\/strong><\/p>\n<ul>\n<li data-start=\"89\" data-end=\"153\">1 valgomasis \u0161auk\u0161tas turi apie 6000 mg gryno j\u016brinio kolageno<\/li>\n<li data-start=\"156\" data-end=\"173\">100 % nat\u016bralus<\/li>\n<li data-start=\"176\" data-end=\"206\">Be prid\u0117to cukraus ir pried\u0173<\/li>\n<li data-start=\"209\" data-end=\"263\">Kolagenas yra gausiausias baltymas \u017emogaus organizme<\/li>\n<li data-start=\"266\" data-end=\"329\">Hidrolizuoti kolageno peptidai lengvai pasisavinami organizme<\/li>\n<li data-start=\"332\" data-end=\"465\">Vitaminas C padeda palaikyti normali\u0105 kolageno formavimosi funkcij\u0105 odoje, kauluose, kremzl\u0117se, dantenose, dantyse ir kraujagysl\u0117se<\/li>\n<li data-start=\"468\" data-end=\"593\">Hidrolizuotas j\u016brinis kolagenas i\u0161gaunamas i\u0161 \u017euvies odos, lengvai pereina per \u017earnyno sienel\u0119 ir greitai pasiekia audinius<\/li>\n<li data-start=\"596\" data-end=\"662\">Mango ir citrinos derinys suteikia mi\u0161iniui gaiv\u0173 ir skan\u0173 skon\u012f<\/li>\n<\/ul>\n<\/div>\n<\/div>\n<\/div>\n<\/div>\n<\/div>\n<\/div>\n<\/article>\n","protected":false},"featured_media":141410,"comment_status":"open","ping_status":"closed","template":"","meta":{"_acf_changed":false},"product_brand":[],"product_cat":[604,600],"product_tag":[627,636],"class_list":{"0":"post-141395","1":"product","2":"type-product","3":"status-publish","4":"has-post-thumbnail","6":"product_cat-buk-grazi","7":"product_cat-kolageno-misiniai","8":"product_tag-supertoidusegu-lt","9":"product_tag-iluheaks-lt","11":"first","12":"instock","13":"taxable","14":"shipping-taxable","15":"purchasable","16":"product-type-simple"},"bundle_layout":"","bundled_by":["141744","142626"],"bundled_items":[],"acf":[],"_links":{"self":[{"href":"https:\/\/bemore.ee\/lt\/wp-json\/wp\/v2\/product\/141395","targetHints":{"allow":["GET"]}}],"collection":[{"href":"https:\/\/bemore.ee\/lt\/wp-json\/wp\/v2\/product"}],"about":[{"href":"https:\/\/bemore.ee\/lt\/wp-json\/wp\/v2\/types\/product"}],"replies":[{"embeddable":true,"href":"https:\/\/bemore.ee\/lt\/wp-json\/wp\/v2\/comments?post=141395"}],"wp:featuredmedia":[{"embeddable":true,"href":"https:\/\/bemore.ee\/lt\/wp-json\/wp\/v2\/media\/141410"}],"wp:attachment":[{"href":"https:\/\/bemore.ee\/lt\/wp-json\/wp\/v2\/media?parent=141395"}],"wp:term":[{"taxonomy":"product_brand","embeddable":true,"href":"https:\/\/bemore.ee\/lt\/wp-json\/wp\/v2\/product_brand?post=141395"},{"taxonomy":"product_cat","embeddable":true,"href":"https:\/\/bemore.ee\/lt\/wp-json\/wp\/v2\/product_cat?post=141395"},{"taxonomy":"product_tag","embeddable":true,"href":"https:\/\/bemore.ee\/lt\/wp-json\/wp\/v2\/product_tag?post=141395"}],"curies":[{"name":"wp","href":"https:\/\/api.w.org\/{rel}","templated":true}]}}