{"id":141382,"date":"2022-11-07T08:41:12","date_gmt":"2022-11-07T06:41:12","guid":{"rendered":"https:\/\/bemore.ee\/?post_type=product&#038;p=141382"},"modified":"2025-09-14T21:21:43","modified_gmt":"2025-09-14T18:21:43","slug":"be-beautiful-arbata","status":"publish","type":"product","link":"https:\/\/bemore.ee\/lt\/toode\/be-beautiful-arbata\/","title":{"rendered":"Be Beautiful arbata"},"content":{"rendered":"<p data-start=\"0\" data-end=\"567\"><strong data-start=\"0\" data-end=\"88\">Be Beautiful birioji arbata \u2013 tai 100 % nat\u016brali arbata, padedanti Tau b\u016bti daugiau.<\/strong><br data-start=\"88\" data-end=\"91\" \/>Rank\u0173 darbo arbata sukurta \u017emogui, kuriam r\u016bpi k\u016bno ir odos gerov\u0117.<br data-start=\"158\" data-end=\"161\" \/>Be Beautiful \u2013 tai skani avie\u010di\u0173 arbata, sudaryta i\u0161 septyni\u0173 nat\u016brali\u0173 ingredient\u0173. Esti\u0161ka aviet\u0117 yra puikus vitamino C \u0161altinis, kuris padeda palaikyti normali\u0105 kolageno formavimosi funkcij\u0105 normaliai odos b\u016bklei ir saugo l\u0105steles nuo oksidacinio streso. Rooibos turi 50 % daugiau antioksidant\u0173 nei \u017ealioji arbata. Antioksidantai \u0161alina kenksmingus laisvuosius radikalus, kurie gali pa\u017eeisti l\u0105steles.<\/p>\n<p data-start=\"569\" data-end=\"723\"><strong data-start=\"569\" data-end=\"596\">Kas sudaro \u0161\u012f produkt\u0105?<\/strong><br data-start=\"596\" data-end=\"599\" \/>Sud\u0117tis: liofilizuotos aviet\u0117s, avie\u010di\u0173 lapai, liofilizuoti obuoliai, melisa, moringa, \u017ealioji rooibos arbata, m\u0117t\u0173 lapai.<\/p>\n<p data-start=\"725\" data-end=\"869\"><strong data-start=\"725\" data-end=\"742\">Kaip vartoti?<\/strong><br data-start=\"742\" data-end=\"745\" \/>Kar\u0161tai arbatai: \u012f puodel\u012f \u012fd\u0117kite 2 arbatinius \u0161auk\u0161telius, u\u017epilkite 200 ml ~80\u201385 \u02daC vandens ir palaikykite ~5 minutes.<\/p>\n<p data-start=\"871\" data-end=\"1019\">\u0160altai arbatai: \u012f puodel\u012f \u012fd\u0117kite 3 arbatinius \u0161auk\u0161telius, u\u017epilkite 250 ml ~80\u201385 \u02daC vandens ir palaikykite ~30 minu\u010di\u0173. Patiekite su daug ledo!<\/p>\n<p data-start=\"1021\" data-end=\"1140\"><strong data-start=\"1021\" data-end=\"1039\">Porcijos dydis<\/strong><br data-start=\"1039\" data-end=\"1042\" \/>Kar\u0161tai arbatai: 2 arbatiniai \u0161auk\u0161teliai ~2 g.<br data-start=\"1089\" data-end=\"1092\" \/>\u0160altai arbatai: 3 arbatiniai \u0161auk\u0161teliai ~3 g.<\/p>\n<p data-start=\"1142\" data-end=\"1256\"><strong data-start=\"1142\" data-end=\"1164\">Porcijos pakuot\u0117je<\/strong><br data-start=\"1164\" data-end=\"1167\" \/>Viename 65 g stiklainiuke yra iki 33 porcij\u0173 arbatos, priklausomai nuo porcijos dyd\u017eio.<\/p>\n<p data-start=\"1258\" data-end=\"1359\"><strong data-start=\"1258\" data-end=\"1277\">Laikymo s\u0105lygos<\/strong><br data-start=\"1277\" data-end=\"1280\" \/>Laikyti sausoje ir v\u0117sioje vietoje, atokiau nuo tiesiogini\u0173 saul\u0117s spinduli\u0173.<\/p>\n<p data-start=\"1361\" data-end=\"1553\" data-is-last-node=\"\" data-is-only-node=\"\"><strong data-start=\"1361\" data-end=\"1409\">Koks yra Be Beautiful birios arbatos skonis?<\/strong><br data-start=\"1409\" data-end=\"1412\" \/>Be Beautiful arbata pasi\u017eymi maloniu avie\u010di\u0173 skoniu, kur\u012f papildo melisa, rooibos ir gaivi m\u0117ta. Arbata turi gra\u017ei\u0105 \u0161viesiai rausv\u0105 spalv\u0105.<\/p>\n","protected":false},"excerpt":{"rendered":"<article class=\"text-token-text-primary w-full focus:outline-none scroll-mt-[calc(var(--header-height)+min(200px,max(70px,20svh)))]\" dir=\"auto\" tabindex=\"-1\" data-turn-id=\"request-68ba6137-7448-832d-a7c9-8de854b5b88f-71\" data-testid=\"conversation-turn-178\" data-scroll-anchor=\"true\" data-turn=\"assistant\">\n<div class=\"text-base my-auto mx-auto pb-10 [--thread-content-margin:--spacing(4)] thread-sm:[--thread-content-margin:--spacing(6)] thread-lg:[--thread-content-margin:--spacing(16)] px-(--thread-content-margin)\">\n<div class=\"[--thread-content-max-width:40rem] thread-sm:[--thread-content-max-width:40rem] thread-lg:[--thread-content-max-width:48rem] mx-auto max-w-(--thread-content-max-width) flex-1 group\/turn-messages focus-visible:outline-hidden relative flex w-full min-w-0 flex-col agent-turn\" tabindex=\"-1\">\n<div class=\"flex max-w-full flex-col grow\">\n<div class=\"min-h-8 text-message relative flex w-full flex-col items-end gap-2 text-start break-words whitespace-normal [.text-message+&amp;]:mt-5\" dir=\"auto\" data-message-author-role=\"assistant\" data-message-id=\"caa59b93-86b5-4ecd-bdd3-1b1c8cd84cc4\" data-message-model-slug=\"gpt-5\">\n<div class=\"flex w-full flex-col gap-1 empty:hidden first:pt-[3px]\">\n<div class=\"markdown prose dark:prose-invert w-full break-words light markdown-new-styling\">\n<p data-start=\"0\" data-end=\"80\"><strong data-start=\"0\" data-end=\"78\">Be Beautiful birioji arbata \u2013 tai 100 % nat\u016brali arbata, palaikanti gro\u017e\u012f.<\/strong><\/p>\n<ul>\n<li data-start=\"84\" data-end=\"111\">Nuostabaus avie\u010di\u0173 skonio<\/li>\n<li data-start=\"114\" data-end=\"130\">100 % nat\u016brali<\/li>\n<li data-start=\"133\" data-end=\"166\">Be prid\u0117to cukraus ir saldikli\u0173<\/li>\n<li data-start=\"169\" data-end=\"182\">Rank\u0173 darbo<\/li>\n<li data-start=\"185\" data-end=\"229\">Viename stiklainiuke \u2013 33 arbatos porcijos<\/li>\n<li data-start=\"232\" data-end=\"293\">Puiki dovanos id\u0117ja \u2013 moteri\u0161kas stiklainis su biria arbata<\/li>\n<li data-start=\"296\" data-end=\"316\">Pagaminta Estijoje<\/li>\n<\/ul>\n<\/div>\n<\/div>\n<\/div>\n<\/div>\n<\/div>\n<\/div>\n<\/article>\n","protected":false},"featured_media":141383,"comment_status":"open","ping_status":"closed","template":"","meta":{"_acf_changed":false},"product_brand":[],"product_cat":[604,610],"product_tag":[],"class_list":{"0":"post-141382","1":"product","2":"type-product","3":"status-publish","4":"has-post-thumbnail","6":"product_cat-buk-grazi","7":"product_cat-arbatos","9":"first","10":"instock","11":"taxable","12":"shipping-taxable","13":"purchasable","14":"product-type-simple"},"bundle_layout":"","bundled_by":[],"bundled_items":[],"acf":[],"yoast_head":"<!-- This site is optimized with the Yoast SEO plugin v27.5 - https:\/\/yoast.com\/product\/yoast-seo-wordpress\/ -->\n<title>Be Beautiful arbata - Be More<\/title>\n<meta name=\"description\" content=\"Be Beautiful birioji arbata \u2013 tai 100 % nat\u016brali arbata, padedanti Tau b\u016bti daugiau.Rank\u0173 darbo arbata sukurta \u017emogui, kuriam r\u016bpi k\u016bno ir odos gerov\u0117.\" \/>\n<meta name=\"robots\" content=\"index, follow, max-snippet:-1, max-image-preview:large, max-video-preview:-1\" \/>\n<link rel=\"canonical\" href=\"https:\/\/bemore.ee\/lt\/toode\/be-beautiful-arbata\/\" \/>\n<meta property=\"og:locale\" content=\"lt_LT\" \/>\n<meta property=\"og:type\" content=\"article\" \/>\n<meta property=\"og:title\" content=\"Be Beautiful arbata - Be More\" \/>\n<meta property=\"og:description\" content=\"Be Beautiful birioji arbata \u2013 tai 100 % nat\u016brali arbata, padedanti Tau b\u016bti daugiau.Rank\u0173 darbo arbata sukurta \u017emogui, kuriam r\u016bpi k\u016bno ir odos gerov\u0117.\" \/>\n<meta property=\"og:url\" content=\"https:\/\/bemore.ee\/lt\/toode\/be-beautiful-arbata\/\" \/>\n<meta property=\"og:site_name\" content=\"Be More\" \/>\n<meta property=\"article:modified_time\" content=\"2025-09-14T18:21:43+00:00\" \/>\n<meta property=\"og:image\" content=\"https:\/\/bemore.ee\/wp-content\/uploads\/2022\/11\/1080x1080-px-6.png\" \/>\n\t<meta property=\"og:image:width\" content=\"1080\" \/>\n\t<meta property=\"og:image:height\" content=\"1080\" \/>\n\t<meta property=\"og:image:type\" content=\"image\/png\" \/>\n<meta name=\"twitter:card\" content=\"summary_large_image\" \/>\n<meta name=\"twitter:label1\" content=\"Est. reading time\" \/>\n\t<meta name=\"twitter:data1\" content=\"2 minut\u0117\" \/>\n<script type=\"application\/ld+json\" class=\"yoast-schema-graph\">{\"@context\":\"https:\\\/\\\/schema.org\",\"@graph\":[{\"@type\":\"WebPage\",\"@id\":\"https:\\\/\\\/bemore.ee\\\/lt\\\/toode\\\/be-beautiful-arbata\\\/\",\"url\":\"https:\\\/\\\/bemore.ee\\\/lt\\\/toode\\\/be-beautiful-arbata\\\/\",\"name\":\"Be Beautiful arbata - Be More\",\"isPartOf\":{\"@id\":\"https:\\\/\\\/bemore.ee\\\/#website\"},\"primaryImageOfPage\":{\"@id\":\"https:\\\/\\\/bemore.ee\\\/lt\\\/toode\\\/be-beautiful-arbata\\\/#primaryimage\"},\"image\":{\"@id\":\"https:\\\/\\\/bemore.ee\\\/lt\\\/toode\\\/be-beautiful-arbata\\\/#primaryimage\"},\"thumbnailUrl\":\"https:\\\/\\\/bemore.ee\\\/wp-content\\\/uploads\\\/2022\\\/11\\\/1080x1080-px-6.png\",\"datePublished\":\"2022-11-07T06:41:12+00:00\",\"dateModified\":\"2025-09-14T18:21:43+00:00\",\"description\":\"Be Beautiful birioji arbata \u2013 tai 100 % nat\u016brali arbata, padedanti Tau b\u016bti daugiau.Rank\u0173 darbo arbata sukurta \u017emogui, kuriam r\u016bpi k\u016bno ir odos gerov\u0117.\",\"breadcrumb\":{\"@id\":\"https:\\\/\\\/bemore.ee\\\/lt\\\/toode\\\/be-beautiful-arbata\\\/#breadcrumb\"},\"inLanguage\":\"lt-LT\",\"potentialAction\":[{\"@type\":\"ReadAction\",\"target\":[\"https:\\\/\\\/bemore.ee\\\/lt\\\/toode\\\/be-beautiful-arbata\\\/\"]}]},{\"@type\":\"ImageObject\",\"inLanguage\":\"lt-LT\",\"@id\":\"https:\\\/\\\/bemore.ee\\\/lt\\\/toode\\\/be-beautiful-arbata\\\/#primaryimage\",\"url\":\"https:\\\/\\\/bemore.ee\\\/wp-content\\\/uploads\\\/2022\\\/11\\\/1080x1080-px-6.png\",\"contentUrl\":\"https:\\\/\\\/bemore.ee\\\/wp-content\\\/uploads\\\/2022\\\/11\\\/1080x1080-px-6.png\",\"width\":1080,\"height\":1080},{\"@type\":\"BreadcrumbList\",\"@id\":\"https:\\\/\\\/bemore.ee\\\/lt\\\/toode\\\/be-beautiful-arbata\\\/#breadcrumb\",\"itemListElement\":[{\"@type\":\"ListItem\",\"position\":1,\"name\":\"El. parduotuv\u0117\",\"item\":\"https:\\\/\\\/bemore.ee\\\/lt\\\/el-parduotuve\\\/\"},{\"@type\":\"ListItem\",\"position\":2,\"name\":\"Be Beautiful arbata\"}]},{\"@type\":\"WebSite\",\"@id\":\"https:\\\/\\\/bemore.ee\\\/#website\",\"url\":\"https:\\\/\\\/bemore.ee\\\/\",\"name\":\"Be More\",\"description\":\"Supertoidud Sinu igap&auml;evaellu!\",\"potentialAction\":[{\"@type\":\"SearchAction\",\"target\":{\"@type\":\"EntryPoint\",\"urlTemplate\":\"https:\\\/\\\/bemore.ee\\\/?s={search_term_string}\"},\"query-input\":{\"@type\":\"PropertyValueSpecification\",\"valueRequired\":true,\"valueName\":\"search_term_string\"}}],\"inLanguage\":\"lt-LT\"}]}<\/script>\n<!-- \/ Yoast SEO plugin. -->","yoast_head_json":{"title":"Be Beautiful arbata - Be More","description":"Be Beautiful birioji arbata \u2013 tai 100 % nat\u016brali arbata, padedanti Tau b\u016bti daugiau.Rank\u0173 darbo arbata sukurta \u017emogui, kuriam r\u016bpi k\u016bno ir odos gerov\u0117.","robots":{"index":"index","follow":"follow","max-snippet":"max-snippet:-1","max-image-preview":"max-image-preview:large","max-video-preview":"max-video-preview:-1"},"canonical":"https:\/\/bemore.ee\/lt\/toode\/be-beautiful-arbata\/","og_locale":"lt_LT","og_type":"article","og_title":"Be Beautiful arbata - Be More","og_description":"Be Beautiful birioji arbata \u2013 tai 100 % nat\u016brali arbata, padedanti Tau b\u016bti daugiau.Rank\u0173 darbo arbata sukurta \u017emogui, kuriam r\u016bpi k\u016bno ir odos gerov\u0117.","og_url":"https:\/\/bemore.ee\/lt\/toode\/be-beautiful-arbata\/","og_site_name":"Be More","article_modified_time":"2025-09-14T18:21:43+00:00","og_image":[{"width":1080,"height":1080,"url":"https:\/\/bemore.ee\/wp-content\/uploads\/2022\/11\/1080x1080-px-6.png","type":"image\/png"}],"twitter_card":"summary_large_image","twitter_misc":{"Est. reading time":"2 minut\u0117"},"schema":{"@context":"https:\/\/schema.org","@graph":[{"@type":"WebPage","@id":"https:\/\/bemore.ee\/lt\/toode\/be-beautiful-arbata\/","url":"https:\/\/bemore.ee\/lt\/toode\/be-beautiful-arbata\/","name":"Be Beautiful arbata - Be More","isPartOf":{"@id":"https:\/\/bemore.ee\/#website"},"primaryImageOfPage":{"@id":"https:\/\/bemore.ee\/lt\/toode\/be-beautiful-arbata\/#primaryimage"},"image":{"@id":"https:\/\/bemore.ee\/lt\/toode\/be-beautiful-arbata\/#primaryimage"},"thumbnailUrl":"https:\/\/bemore.ee\/wp-content\/uploads\/2022\/11\/1080x1080-px-6.png","datePublished":"2022-11-07T06:41:12+00:00","dateModified":"2025-09-14T18:21:43+00:00","description":"Be Beautiful birioji arbata \u2013 tai 100 % nat\u016brali arbata, padedanti Tau b\u016bti daugiau.Rank\u0173 darbo arbata sukurta \u017emogui, kuriam r\u016bpi k\u016bno ir odos gerov\u0117.","breadcrumb":{"@id":"https:\/\/bemore.ee\/lt\/toode\/be-beautiful-arbata\/#breadcrumb"},"inLanguage":"lt-LT","potentialAction":[{"@type":"ReadAction","target":["https:\/\/bemore.ee\/lt\/toode\/be-beautiful-arbata\/"]}]},{"@type":"ImageObject","inLanguage":"lt-LT","@id":"https:\/\/bemore.ee\/lt\/toode\/be-beautiful-arbata\/#primaryimage","url":"https:\/\/bemore.ee\/wp-content\/uploads\/2022\/11\/1080x1080-px-6.png","contentUrl":"https:\/\/bemore.ee\/wp-content\/uploads\/2022\/11\/1080x1080-px-6.png","width":1080,"height":1080},{"@type":"BreadcrumbList","@id":"https:\/\/bemore.ee\/lt\/toode\/be-beautiful-arbata\/#breadcrumb","itemListElement":[{"@type":"ListItem","position":1,"name":"El. parduotuv\u0117","item":"https:\/\/bemore.ee\/lt\/el-parduotuve\/"},{"@type":"ListItem","position":2,"name":"Be Beautiful arbata"}]},{"@type":"WebSite","@id":"https:\/\/bemore.ee\/#website","url":"https:\/\/bemore.ee\/","name":"Be More","description":"Supertoidud Sinu igap&auml;evaellu!","potentialAction":[{"@type":"SearchAction","target":{"@type":"EntryPoint","urlTemplate":"https:\/\/bemore.ee\/?s={search_term_string}"},"query-input":{"@type":"PropertyValueSpecification","valueRequired":true,"valueName":"search_term_string"}}],"inLanguage":"lt-LT"}]}},"_links":{"self":[{"href":"https:\/\/bemore.ee\/lt\/wp-json\/wp\/v2\/product\/141382","targetHints":{"allow":["GET"]}}],"collection":[{"href":"https:\/\/bemore.ee\/lt\/wp-json\/wp\/v2\/product"}],"about":[{"href":"https:\/\/bemore.ee\/lt\/wp-json\/wp\/v2\/types\/product"}],"replies":[{"embeddable":true,"href":"https:\/\/bemore.ee\/lt\/wp-json\/wp\/v2\/comments?post=141382"}],"wp:featuredmedia":[{"embeddable":true,"href":"https:\/\/bemore.ee\/lt\/wp-json\/wp\/v2\/media\/141383"}],"wp:attachment":[{"href":"https:\/\/bemore.ee\/lt\/wp-json\/wp\/v2\/media?parent=141382"}],"wp:term":[{"taxonomy":"product_brand","embeddable":true,"href":"https:\/\/bemore.ee\/lt\/wp-json\/wp\/v2\/product_brand?post=141382"},{"taxonomy":"product_cat","embeddable":true,"href":"https:\/\/bemore.ee\/lt\/wp-json\/wp\/v2\/product_cat?post=141382"},{"taxonomy":"product_tag","embeddable":true,"href":"https:\/\/bemore.ee\/lt\/wp-json\/wp\/v2\/product_tag?post=141382"}],"curies":[{"name":"wp","href":"https:\/\/api.w.org\/{rel}","templated":true}]}}