{"id":141372,"date":"2022-11-07T08:41:03","date_gmt":"2022-11-07T06:41:03","guid":{"rendered":"https:\/\/bemore.ee\/?post_type=product&#038;p=141372"},"modified":"2025-09-14T21:15:27","modified_gmt":"2025-09-14T18:15:27","slug":"ziemos-arbata","status":"publish","type":"product","link":"https:\/\/bemore.ee\/lt\/toode\/ziemos-arbata\/","title":{"rendered":"\u017diemos arbata"},"content":{"rendered":"<p data-start=\"0\" data-end=\"266\"><strong data-start=\"0\" data-end=\"103\">Be More \u017eiemos arbata \u2013 tai 100 % nat\u016brali \u017eiemi\u0161k\u0173 prieskoni\u0173 arbata, kuri su\u0161ildo k\u016bn\u0105 ir mintis!<\/strong><br data-start=\"103\" data-end=\"106\" \/>Maloniai a\u0161tri juodoji arbata, idealiai tinkanti su\u0161ildyti \u017eiemi\u0161kais ir \u0161altais vakarais. 85 g stiklainis taip pat yra puiki dovanos id\u0117ja, ypa\u010d per Kal\u0117das.<\/p>\n<p data-start=\"268\" data-end=\"508\"><strong data-start=\"268\" data-end=\"295\">Kas sudaro \u0161\u012f produkt\u0105?<\/strong><br data-start=\"295\" data-end=\"298\" \/>Sud\u0117tis: juodoji Assam arbata, citrin\u017eol\u0117, juod\u0173j\u0173 laukini\u0173 uog\u0173 lapai, imbieras, medetk\u0173 \u017eiedai, saldymed\u017eio \u0161aknis, cikorij\u0173 \u0161aknis, ro\u017ei\u0173 \u017eiedai, gvazdik\u0117liai, kardamonas, cinamono \u017eiev\u0117, apelsino \u017eievel\u0117.<\/p>\n<p data-start=\"510\" data-end=\"652\"><strong data-start=\"510\" data-end=\"527\">Kaip vartoti?<\/strong><br data-start=\"527\" data-end=\"530\" \/>Kar\u0161tai arbatai: \u012f puodel\u012f \u012fd\u0117kite 2 arbatinius \u0161auk\u0161telius, u\u017epilkite 200 ml 100 \u02daC vandens ir palaikykite 6\u20138 minutes.<\/p>\n<p data-start=\"654\" data-end=\"725\"><strong data-start=\"654\" data-end=\"673\">Porcijos dydis:<\/strong><br data-start=\"673\" data-end=\"676\" \/>Kar\u0161tai arbatai: 2 arbatiniai \u0161auk\u0161teliai ~2 g.<\/p>\n<p data-start=\"727\" data-end=\"842\"><strong data-start=\"727\" data-end=\"750\">Porcijos pakuot\u0117je:<\/strong><br data-start=\"750\" data-end=\"753\" \/>Viename 85 g stiklainiuke yra iki 43 porcij\u0173 arbatos, priklausomai nuo porcijos dyd\u017eio.<\/p>\n<p data-start=\"844\" data-end=\"945\"><strong data-start=\"844\" data-end=\"863\">Laikymo s\u0105lygos<\/strong><br data-start=\"863\" data-end=\"866\" \/>Laikyti sausoje ir v\u0117sioje vietoje, atokiau nuo tiesiogini\u0173 saul\u0117s spinduli\u0173.<\/p>\n<p data-start=\"947\" data-end=\"1079\" data-is-last-node=\"\" data-is-only-node=\"\"><strong data-start=\"947\" data-end=\"989\">Koks yra \u017eiemos birios arbatos skonis?<\/strong><br data-start=\"989\" data-end=\"992\" \/>Prid\u0117ti prieskoniai suteikia juodajai arbatai gilias natas, kurios su\u0161ildo \u0161altu oru.<\/p>\n","protected":false},"excerpt":{"rendered":"<article class=\"text-token-text-primary w-full focus:outline-none scroll-mt-[calc(var(--header-height)+min(200px,max(70px,20svh)))]\" dir=\"auto\" tabindex=\"-1\" data-turn-id=\"request-68ba6137-7448-832d-a7c9-8de854b5b88f-68\" data-testid=\"conversation-turn-172\" data-scroll-anchor=\"true\" data-turn=\"assistant\">\n<div class=\"text-base my-auto mx-auto pb-10 [--thread-content-margin:--spacing(4)] thread-sm:[--thread-content-margin:--spacing(6)] thread-lg:[--thread-content-margin:--spacing(16)] px-(--thread-content-margin)\">\n<div class=\"[--thread-content-max-width:40rem] thread-sm:[--thread-content-max-width:40rem] thread-lg:[--thread-content-max-width:48rem] mx-auto max-w-(--thread-content-max-width) flex-1 group\/turn-messages focus-visible:outline-hidden relative flex w-full min-w-0 flex-col agent-turn\" tabindex=\"-1\">\n<div class=\"flex max-w-full flex-col grow\">\n<div class=\"min-h-8 text-message relative flex w-full flex-col items-end gap-2 text-start break-words whitespace-normal [.text-message+&amp;]:mt-5\" dir=\"auto\" data-message-author-role=\"assistant\" data-message-id=\"29155ce3-bb35-40d7-bf9e-a756e9df6cef\" data-message-model-slug=\"gpt-5\">\n<div class=\"flex w-full flex-col gap-1 empty:hidden first:pt-[3px]\">\n<div class=\"markdown prose dark:prose-invert w-full break-words light markdown-new-styling\">\n<p data-start=\"0\" data-end=\"105\"><strong data-start=\"0\" data-end=\"103\">Be More \u017eiemos arbata \u2013 tai 100 % nat\u016brali \u017eiemi\u0161k\u0173 prieskoni\u0173 arbata, kuri su\u0161ildo k\u016bn\u0105 ir mintis!<\/strong><\/p>\n<ul>\n<li data-start=\"109\" data-end=\"147\">A\u0161traus skonio \u017eiemos juodoji arbata<\/li>\n<li data-start=\"150\" data-end=\"166\">100 % nat\u016brali<\/li>\n<li data-start=\"169\" data-end=\"202\">Be prid\u0117to cukraus ir saldikli\u0173<\/li>\n<li data-start=\"205\" data-end=\"218\">Rank\u0173 darbo<\/li>\n<li data-start=\"221\" data-end=\"270\">Viename 85 g stiklainiuke \u2013 43 arbatos porcijos<\/li>\n<li data-start=\"273\" data-end=\"330\">Puiki dovanos id\u0117ja \u2013 gra\u017eus stiklainis su biria arbata<\/li>\n<li data-start=\"333\" data-end=\"353\">Pagaminta Estijoje<\/li>\n<\/ul>\n<\/div>\n<\/div>\n<\/div>\n<\/div>\n<\/div>\n<\/div>\n<\/article>\n","protected":false},"featured_media":141380,"comment_status":"open","ping_status":"closed","template":"","meta":{"_acf_changed":false},"product_brand":[],"product_cat":[610],"product_tag":[],"class_list":{"0":"post-141372","1":"product","2":"type-product","3":"status-publish","4":"has-post-thumbnail","6":"product_cat-arbatos","8":"first","9":"instock","10":"taxable","11":"shipping-taxable","12":"purchasable","13":"product-type-simple"},"bundle_layout":"","bundled_by":[],"bundled_items":[],"acf":[],"_links":{"self":[{"href":"https:\/\/bemore.ee\/lt\/wp-json\/wp\/v2\/product\/141372","targetHints":{"allow":["GET"]}}],"collection":[{"href":"https:\/\/bemore.ee\/lt\/wp-json\/wp\/v2\/product"}],"about":[{"href":"https:\/\/bemore.ee\/lt\/wp-json\/wp\/v2\/types\/product"}],"replies":[{"embeddable":true,"href":"https:\/\/bemore.ee\/lt\/wp-json\/wp\/v2\/comments?post=141372"}],"wp:featuredmedia":[{"embeddable":true,"href":"https:\/\/bemore.ee\/lt\/wp-json\/wp\/v2\/media\/141380"}],"wp:attachment":[{"href":"https:\/\/bemore.ee\/lt\/wp-json\/wp\/v2\/media?parent=141372"}],"wp:term":[{"taxonomy":"product_brand","embeddable":true,"href":"https:\/\/bemore.ee\/lt\/wp-json\/wp\/v2\/product_brand?post=141372"},{"taxonomy":"product_cat","embeddable":true,"href":"https:\/\/bemore.ee\/lt\/wp-json\/wp\/v2\/product_cat?post=141372"},{"taxonomy":"product_tag","embeddable":true,"href":"https:\/\/bemore.ee\/lt\/wp-json\/wp\/v2\/product_tag?post=141372"}],"curies":[{"name":"wp","href":"https:\/\/api.w.org\/{rel}","templated":true}]}}