{"id":141366,"date":"2022-10-03T10:02:58","date_gmt":"2022-10-03T07:02:58","guid":{"rendered":"https:\/\/bemore.ee\/?post_type=product&#038;p=141366"},"modified":"2026-04-06T09:34:24","modified_gmt":"2026-04-06T06:34:24","slug":"veganu-ledu-milteliai-be-active-200-g","status":"publish","type":"product","link":"https:\/\/bemore.ee\/lt\/toode\/veganu-ledu-milteliai-be-active-200-g\/","title":{"rendered":"Vegan\u0173 led\u0173 milteliai Be Active, 200 g"},"content":{"rendered":"<p data-start=\"0\" data-end=\"142\"><strong data-start=\"0\" data-end=\"140\">Vegani\u0161ki led\u0173 milteliai, praturtinti Be Active supermaisto mi\u0161iniu. Sveikas ir lengvai pagaminamas desertas, kuriuo gali m\u0117gautis visi!<\/strong><\/p>\n<p data-start=\"144\" data-end=\"527\">Unikali vegani\u0161k\u0173 led\u0173 milteli\u0173 Be Active sud\u0117tis yra 100 % augalin\u0117s kilm\u0117s. Jie praturtinti juod\u0173j\u0173 serbent\u0173 milteliais, liofilizuotais juod\u0173j\u0173 serbent\u0173 gabaliukais, Be Active supermaisto mi\u0161iniu ir skaidulomis \u2013 inulinu. Viskas, ko reikia ledams pasigaminti \u2013 tai m\u0117gstamas skystis, indelis ar puodelis ir rankinis plaktuvas. Rekomenduojame naudoti cilindrin\u012f ind\u0105 arba puodel\u012f.<\/p>\n<p data-start=\"529\" data-end=\"557\"><strong data-start=\"529\" data-end=\"555\">Vartojimo instrukcija:<\/strong><\/p>\n<p data-start=\"559\" data-end=\"621\">I\u0161 200 g vegani\u0161k\u0173 led\u0173 milteli\u0173 Be Active gausite 1 L led\u0173.<\/p>\n<ul data-start=\"623\" data-end=\"915\">\n<li data-start=\"623\" data-end=\"728\">\n<p data-start=\"625\" data-end=\"728\">I\u0161tirpinkite 200 g milteli\u0173 300 ml \u0161alto vandens arba 350 ml augalinio g\u0117rimo (pvz., migdol\u0173 g\u0117rimo).<\/p>\n<\/li>\n<li data-start=\"729\" data-end=\"777\">\n<p data-start=\"731\" data-end=\"777\">\u012ed\u0117kite mi\u0161in\u012f \u012f \u0161aldikl\u012f bent 1,5 valandos.<\/p>\n<\/li>\n<li data-start=\"778\" data-end=\"840\">\n<p data-start=\"780\" data-end=\"840\">I\u0161plakite elektriniu plaktuvu 2\u20135 minutes, kol taps purus.<\/p>\n<\/li>\n<li data-start=\"841\" data-end=\"915\">\n<p data-start=\"843\" data-end=\"915\">V\u0117l \u012fd\u0117kite \u012f \u0161aldikl\u012f ma\u017eiausiai 6 valandoms arba palikite per nakt\u012f.<\/p>\n<\/li>\n<\/ul>\n<p data-start=\"917\" data-end=\"1052\"><strong data-start=\"917\" data-end=\"929\">Pastaba!<\/strong><br data-start=\"929\" data-end=\"932\" \/>\u0160aldymo laikas turi b\u016bti trumpesnis, jei norite pagaminti ma\u017eesn\u012f kiek\u012f led\u0173, ir ilgesnis, jei gaminate didesn\u012f kiek\u012f.<\/p>\n<p data-start=\"1054\" data-end=\"1101\"><strong data-start=\"1054\" data-end=\"1099\">Vegani\u0161ki led\u0173 milteliai Be Active tinka:<\/strong><\/p>\n<ul data-start=\"1102\" data-end=\"1231\">\n<li data-start=\"1102\" data-end=\"1114\">\n<p data-start=\"1104\" data-end=\"1114\">veganams<\/p>\n<\/li>\n<li data-start=\"1115\" data-end=\"1154\">\n<p data-start=\"1117\" data-end=\"1154\">\u017emon\u0117ms, netoleruojantiems laktoz\u0117s<\/p>\n<\/li>\n<li data-start=\"1155\" data-end=\"1166\">\n<p data-start=\"1157\" data-end=\"1166\">vaikams<\/p>\n<\/li>\n<li data-start=\"1167\" data-end=\"1206\">\n<p data-start=\"1169\" data-end=\"1206\">n\u0117\u0161\u010diosioms ir \u017eindan\u010dioms motinoms<\/p>\n<\/li>\n<li data-start=\"1207\" data-end=\"1231\">\n<p data-start=\"1209\" data-end=\"1231\">sveik\u0173 led\u0173 m\u0117g\u0117jams<\/p>\n<\/li>\n<\/ul>\n<p data-start=\"1233\" data-end=\"1867\"><strong data-start=\"1233\" data-end=\"1260\">Kas sudaro \u0161\u012f produkt\u0105?<\/strong><br data-start=\"1260\" data-end=\"1263\" \/>Sud\u0117tis: agavos cukrus, kokos\u0173 riebalai, liofilizuot\u0173 juod\u0173j\u0173 serbent\u0173 milteliai (11 %), maltodekstrinas, liofilizuoti juod\u0173j\u0173 serbent\u0173 gabaliukai (7 %), Be Active supermaisto mi\u0161inys (burok\u0117li\u0173 milteliai, liofilizuoti juod\u0173j\u0173 serbent\u0173 milteliai (25 %), liofilizuot\u0173 goji uog\u0173 milteliai, chia s\u0117klos, liofilizuot\u0173 camu-camu milteliai), inulinas, neaktyvios Lalmin\u00ae Vita D miel\u0117s (nat\u016bralios vitamino D ir B12 miel\u0117s), liofilizuot\u0173 banan\u0173 milteliai, \u017eirni\u0173 baltymai, stabilizatoriai (trifosfatai, natrio alginatas, kalio fosfatas; emulgatorius riebal\u0173 r\u016bg\u0161\u010di\u0173 mono- ir digliceridai, guaro guma), druska.<\/p>\n<p data-start=\"1869\" data-end=\"1963\"><strong data-start=\"1869\" data-end=\"1881\">Laikymas<\/strong><br data-start=\"1881\" data-end=\"1884\" \/>Laikyti v\u0117sioje ir sausoje vietoje, atokiau nuo tiesiogini\u0173 saul\u0117s spinduli\u0173.<\/p>\n<p data-start=\"1965\" data-end=\"2093\" data-is-last-node=\"\" data-is-only-node=\"\"><strong data-start=\"1965\" data-end=\"1981\">Koks skonis?<\/strong><br data-start=\"1981\" data-end=\"1984\" \/>I\u0161 Be Active led\u0173 milteli\u0173 gausite juod\u0173j\u0173 serbent\u0173 skonio ledus su tra\u0161kiais juod\u0173j\u0173 serbent\u0173 gabaliukais.<\/p>\n","protected":false},"excerpt":{"rendered":"<article class=\"text-token-text-primary w-full focus:outline-none scroll-mt-[calc(var(--header-height)+min(200px,max(70px,20svh)))]\" dir=\"auto\" tabindex=\"-1\" data-turn-id=\"request-68ba6137-7448-832d-a7c9-8de854b5b88f-65\" data-testid=\"conversation-turn-166\" data-scroll-anchor=\"true\" data-turn=\"assistant\">\n<div class=\"text-base my-auto mx-auto pb-10 [--thread-content-margin:--spacing(4)] thread-sm:[--thread-content-margin:--spacing(6)] thread-lg:[--thread-content-margin:--spacing(16)] px-(--thread-content-margin)\">\n<div class=\"[--thread-content-max-width:40rem] thread-sm:[--thread-content-max-width:40rem] thread-lg:[--thread-content-max-width:48rem] mx-auto max-w-(--thread-content-max-width) flex-1 group\/turn-messages focus-visible:outline-hidden relative flex w-full min-w-0 flex-col agent-turn\" tabindex=\"-1\">\n<div class=\"flex max-w-full flex-col grow\">\n<div class=\"min-h-8 text-message relative flex w-full flex-col items-end gap-2 text-start break-words whitespace-normal [.text-message+&amp;]:mt-5\" dir=\"auto\" data-message-author-role=\"assistant\" data-message-id=\"fc5e9399-5034-409f-b816-cbbc6743b626\" data-message-model-slug=\"gpt-5\">\n<div class=\"flex w-full flex-col gap-1 empty:hidden first:pt-[3px]\">\n<div class=\"markdown prose dark:prose-invert w-full break-words light markdown-new-styling\">\n<p data-start=\"0\" data-end=\"108\"><strong data-start=\"0\" data-end=\"106\">Skaniausi juod\u0173j\u0173 serbent\u0173 skonio vegani\u0161ki led\u0173 milteliai, praturtinti Be Active supermaisto mi\u0161iniu.<\/strong><\/p>\n<ul>\n<li data-start=\"112\" data-end=\"136\">100 % augalin\u0117s kilm\u0117s<\/li>\n<li data-start=\"139\" data-end=\"157\">Veganams tinkami<\/li>\n<li data-start=\"160\" data-end=\"185\">Saldinti agavos cukrumi<\/li>\n<li data-start=\"188\" data-end=\"208\">Lengvai paruo\u0161iami<\/li>\n<li data-start=\"211\" data-end=\"256\">Skirti gaminti namuose su rankiniu plaktuvu<\/li>\n<li data-start=\"259\" data-end=\"286\">200 g milteli\u0173 = 1 L led\u0173<\/li>\n<li data-start=\"289\" data-end=\"317\">Daug baltym\u0173 ir vitamino C<\/li>\n<li data-start=\"320\" data-end=\"363\">Tinka \u017emon\u0117ms, netoleruojantiems laktoz\u0117s<\/li>\n<\/ul>\n<\/div>\n<\/div>\n<\/div>\n<\/div>\n<\/div>\n<\/div>\n<\/article>\n","protected":false},"featured_media":141367,"comment_status":"open","ping_status":"closed","template":"","meta":{"_acf_changed":false},"product_brand":[],"product_cat":[597],"product_tag":[],"class_list":{"0":"post-141366","1":"product","2":"type-product","3":"status-publish","4":"has-post-thumbnail","6":"product_cat-ledu-milteliai","8":"first","9":"instock","10":"taxable","11":"shipping-taxable","12":"purchasable","13":"product-type-simple"},"bundle_layout":"","bundled_by":["141421","142614"],"bundled_items":[],"acf":[],"_links":{"self":[{"href":"https:\/\/bemore.ee\/lt\/wp-json\/wp\/v2\/product\/141366","targetHints":{"allow":["GET"]}}],"collection":[{"href":"https:\/\/bemore.ee\/lt\/wp-json\/wp\/v2\/product"}],"about":[{"href":"https:\/\/bemore.ee\/lt\/wp-json\/wp\/v2\/types\/product"}],"replies":[{"embeddable":true,"href":"https:\/\/bemore.ee\/lt\/wp-json\/wp\/v2\/comments?post=141366"}],"wp:featuredmedia":[{"embeddable":true,"href":"https:\/\/bemore.ee\/lt\/wp-json\/wp\/v2\/media\/141367"}],"wp:attachment":[{"href":"https:\/\/bemore.ee\/lt\/wp-json\/wp\/v2\/media?parent=141366"}],"wp:term":[{"taxonomy":"product_brand","embeddable":true,"href":"https:\/\/bemore.ee\/lt\/wp-json\/wp\/v2\/product_brand?post=141366"},{"taxonomy":"product_cat","embeddable":true,"href":"https:\/\/bemore.ee\/lt\/wp-json\/wp\/v2\/product_cat?post=141366"},{"taxonomy":"product_tag","embeddable":true,"href":"https:\/\/bemore.ee\/lt\/wp-json\/wp\/v2\/product_tag?post=141366"}],"curies":[{"name":"wp","href":"https:\/\/api.w.org\/{rel}","templated":true}]}}