{"id":141351,"date":"2023-06-08T16:21:09","date_gmt":"2023-06-08T13:21:09","guid":{"rendered":"https:\/\/bemore.ee\/?post_type=product&#038;p=141351"},"modified":"2025-11-04T09:45:00","modified_gmt":"2025-11-04T07:45:00","slug":"kavos-kolagenas-su-kakava-ir-karobu-200g","status":"publish","type":"product","link":"https:\/\/bemore.ee\/lt\/toode\/kavos-kolagenas-su-kakava-ir-karobu-200g\/","title":{"rendered":"Kavos kolagenas su kakava ir karobu 200g"},"content":{"rendered":"<p data-start=\"0\" data-end=\"323\"><strong data-start=\"0\" data-end=\"102\">Kavos kolageno milteliai su karobu ir \u017eali\u0105ja kakava \u2013 puikus papildas j\u016bs\u0173 rytinei kavos rutinai.<\/strong><br data-start=\"102\" data-end=\"105\" \/>Karobo milteliai \u2013 nat\u016braliai saldaus skonio milteliai, turintys daug skaidul\u0173 ir ma\u017eai riebal\u0173. D\u0117l didelio skaidul\u0173 kiekio jie padeda jaustis sotiems. Nat\u016bralus saldumas leid\u017eia \u012f kav\u0105 nebed\u0117ti papildom\u0173 saldikli\u0173!<\/p>\n<p data-start=\"325\" data-end=\"795\"><strong data-start=\"325\" data-end=\"338\">Kolagenas<\/strong> sudaro apie 25\u201335 % viso baltym\u0173 kiekio m\u016bs\u0173 organizme ir yra svarbus baltymas kaulams, raumenims, s\u0105nariams, sausgysl\u0117ms, odai ir kitiems svarbiems k\u016bno audiniams. Tyrimai parod\u0117, kad papildomas kolageno vartojimas gali paskatinti \u017emogaus organizm\u0105 pa\u010diam gaminti kolagen\u0105, o tai gali pad\u0117ti suma\u017einti u\u017edegimo lyg\u012f organizme ir pagerinti s\u0105nari\u0173 sveikat\u0105. Kolagenas taip pat padeda b\u016bti gra\u017eesniems, nes stiprina nagus, plaukus ir teigiamai veikia od\u0105!<\/p>\n<p data-start=\"797\" data-end=\"946\">\u012e kavos kolageno miltelius mes taip pat prid\u0117jome <strong data-start=\"847\" data-end=\"865\">\u017eirni\u0173 baltym\u0173<\/strong>. Baltymai padeda raumen\u0173 augimui ir palaikymui, taip pat yra naudingi kaulams.<\/p>\n<p data-start=\"948\" data-end=\"1075\"><strong data-start=\"948\" data-end=\"979\">100 % nat\u016brali \u017ealia kakava<\/strong> yra labai geras gele\u017eies, magnio ir mangano \u0161altinis bei suteikia kavai puik\u0173 \u0161okolado skon\u012f.<\/p>\n<p data-start=\"1077\" data-end=\"1125\"><strong data-start=\"1077\" data-end=\"1123\">Kavos kolagenas su karobu ir kakava tinka:<\/strong><\/p>\n<ul data-start=\"1126\" data-end=\"1338\">\n<li data-start=\"1126\" data-end=\"1211\">\n<p data-start=\"1128\" data-end=\"1211\">visiems, norintiems praturtinti savo kav\u0105 augaliniais baltymais ir kakavos skoniu<\/p>\n<\/li>\n<li data-start=\"1212\" data-end=\"1253\">\n<p data-start=\"1214\" data-end=\"1253\">norintiems pagerinti odos elastingum\u0105<\/p>\n<\/li>\n<li data-start=\"1254\" data-end=\"1295\">\n<p data-start=\"1256\" data-end=\"1295\">turintiems s\u0105nari\u0173 sveikatos problem\u0173<\/p>\n<\/li>\n<li data-start=\"1296\" data-end=\"1338\">\n<p data-start=\"1298\" data-end=\"1338\">vartoti n\u0117\u0161tumo ir \u017eindymo laikotarpiu<\/p>\n<\/li>\n<\/ul>\n<p data-start=\"1340\" data-end=\"1506\"><strong data-start=\"1340\" data-end=\"1374\">I\u0161 ko sudarytas \u0161is produktas?<\/strong><br data-start=\"1374\" data-end=\"1377\" \/>Sud\u0117tis: hidrolizuoto kolageno milteliai (55 %), karobo milteliai, \u017eirni\u0173 baltym\u0173 milteliai, \u017ealiosios kakavos milteliai (3 %).<\/p>\n<p data-start=\"1508\" data-end=\"1578\"><strong data-start=\"1508\" data-end=\"1525\">Kaip vartoti?<\/strong><br data-start=\"1525\" data-end=\"1528\" \/>Tiesiog \u012fd\u0117kite 2 arbatinius \u0161auk\u0161telius \u012f kav\u0105.<\/p>\n<p data-start=\"1580\" data-end=\"1655\"><strong data-start=\"1580\" data-end=\"1603\">Porcijos pakuot\u0117je:<\/strong><br data-start=\"1603\" data-end=\"1606\" \/>Kiekvienoje 200 g pakuot\u0117je yra iki 20 porcij\u0173.<\/p>\n<p data-start=\"1657\" data-end=\"1805\"><strong data-start=\"1657\" data-end=\"1676\">Laikymo s\u0105lygos<\/strong><br data-start=\"1676\" data-end=\"1679\" \/>Laikyti kambario temperat\u016broje, atokiau nuo tiesiogini\u0173 saul\u0117s spinduli\u0173. Po kiekvieno naudojimo pakuot\u0119 sandariai u\u017edaryti.<\/p>\n<p data-start=\"1807\" data-end=\"1957\" data-is-last-node=\"\" data-is-only-node=\"\"><strong data-start=\"1807\" data-end=\"1857\">Koks yra Coffee Collagen Carob\u2019n\u2019Cacao skonis?<\/strong><br data-start=\"1857\" data-end=\"1860\" \/>D\u0117l \u017ealiosios kakavos jis turi malon\u0173 kakavos skon\u012f. D\u0117l karobo milteli\u0173 \u2013 lengvai sald\u0173 skon\u012f.<\/p>\n","protected":false},"excerpt":{"rendered":"<p data-start=\"0\" data-end=\"91\"><strong data-start=\"0\" data-end=\"89\">Kavos kolagenas su kakava ir karobu palaiko j\u016bs\u0173 nat\u016bral\u0173 gro\u017e\u012f, s\u0105narius ir raumenis<\/strong><\/p>\n<ul>\n<li data-start=\"95\" data-end=\"155\">1 porcija (2 arbatiniai \u0161auk\u0161teliai) turi 5500 mg kolageno<\/li>\n<li data-start=\"158\" data-end=\"175\">100 % nat\u016bralus<\/li>\n<li data-start=\"178\" data-end=\"198\">Be prid\u0117to cukraus<\/li>\n<li data-start=\"201\" data-end=\"230\">63 g baltym\u0173 100 g produkto<\/li>\n<li data-start=\"233\" data-end=\"273\">Suteikia kavai nuostab\u0173 \u0161okolado skon\u012f<\/li>\n<li data-start=\"276\" data-end=\"354\">Karob\u0173 milteliuose esantis kalcis padeda palaikyti normali\u0105 raumen\u0173 funkcij\u0105<\/li>\n<li data-start=\"357\" data-end=\"441\">Puikus vario \u0161altinis. Varis padeda palaikyti normali\u0105 plauk\u0173 ir odos pigmentacij\u0105<\/li>\n<\/ul>\n","protected":false},"featured_media":141364,"comment_status":"open","ping_status":"closed","template":"","meta":{"_acf_changed":false},"product_brand":[],"product_cat":[600],"product_tag":[],"class_list":{"0":"post-141351","1":"product","2":"type-product","3":"status-publish","4":"has-post-thumbnail","6":"product_cat-kolageno-misiniai","8":"first","9":"instock","10":"taxable","11":"shipping-taxable","12":"purchasable","13":"product-type-simple"},"bundle_layout":"","bundled_by":[],"bundled_items":[],"acf":[],"_links":{"self":[{"href":"https:\/\/bemore.ee\/lt\/wp-json\/wp\/v2\/product\/141351","targetHints":{"allow":["GET"]}}],"collection":[{"href":"https:\/\/bemore.ee\/lt\/wp-json\/wp\/v2\/product"}],"about":[{"href":"https:\/\/bemore.ee\/lt\/wp-json\/wp\/v2\/types\/product"}],"replies":[{"embeddable":true,"href":"https:\/\/bemore.ee\/lt\/wp-json\/wp\/v2\/comments?post=141351"}],"wp:featuredmedia":[{"embeddable":true,"href":"https:\/\/bemore.ee\/lt\/wp-json\/wp\/v2\/media\/141364"}],"wp:attachment":[{"href":"https:\/\/bemore.ee\/lt\/wp-json\/wp\/v2\/media?parent=141351"}],"wp:term":[{"taxonomy":"product_brand","embeddable":true,"href":"https:\/\/bemore.ee\/lt\/wp-json\/wp\/v2\/product_brand?post=141351"},{"taxonomy":"product_cat","embeddable":true,"href":"https:\/\/bemore.ee\/lt\/wp-json\/wp\/v2\/product_cat?post=141351"},{"taxonomy":"product_tag","embeddable":true,"href":"https:\/\/bemore.ee\/lt\/wp-json\/wp\/v2\/product_tag?post=141351"}],"curies":[{"name":"wp","href":"https:\/\/api.w.org\/{rel}","templated":true}]}}