{"id":141327,"date":"2023-09-01T16:02:17","date_gmt":"2023-09-01T13:02:17","guid":{"rendered":"https:\/\/bemore.ee\/?post_type=product&#038;p=141327"},"modified":"2026-03-31T10:29:05","modified_gmt":"2026-03-31T07:29:05","slug":"idaryti-datuliu-rutuliukai-su-migdolais-ir-kakava","status":"publish","type":"product","link":"https:\/\/bemore.ee\/lt\/toode\/idaryti-datuliu-rutuliukai-su-migdolais-ir-kakava\/","title":{"rendered":"\u012edaryti datuli\u0173 rutuliukai su migdolais ir kakava 100 g"},"content":{"rendered":"<p data-start=\"0\" data-end=\"270\"><strong data-start=\"0\" data-end=\"142\">\u012edaryti datuli\u0173 rutuliukai su migdolais ir kakava yra energijos suteikiantis u\u017ekandis su lengvu \u0161okolado skoniu, taip pat gaus\u016bs skaidul\u0173.<\/strong> Skaidulos padeda ilgiau i\u0161likti sotiems ir yra naudingos vir\u0161kinimui. Skaidulos taip pat padeda i\u0161vengti viduri\u0173 u\u017ekiet\u0117jimo.<\/p>\n<p data-start=\"272\" data-end=\"801\"><strong data-start=\"272\" data-end=\"284\">Migdolai<\/strong> datuli\u0173 rutuliukuose yra puikus antioksidanto vitamino E \u0161altinis. Vitaminas E padeda l\u0117tinti l\u0105steli\u0173 sen\u0117jimo procesus. Migdoluose taip pat gausu mononeso\u010di\u0173j\u0173 riebal\u0173 r\u016bg\u0161\u010di\u0173. Mononeso\u010diosios riebal\u0173 r\u016bg\u0161tys gali pad\u0117ti suma\u017einti blogojo cholesterolio kiek\u012f kraujyje, o tai savo ruo\u017etu ma\u017eina \u0161irdies lig\u0173 rizik\u0105. Be to, migdolai yra turtingas kalcio \u0161altinis. Kalcis padeda palaikyti normali\u0105 kraujo kre\u0161\u0117jimo funkcij\u0105, normali\u0105 vir\u0161kinimo ferment\u0173 veikl\u0105 ir yra b\u016btina mineralin\u0117 med\u017eiaga kaulams bei dantims.<\/p>\n<p data-start=\"803\" data-end=\"1011\"><strong data-start=\"803\" data-end=\"814\">Datul\u0117s<\/strong> yra gausios antioksidant\u0173, toki\u0173 kaip karotenoidai, flavonoidai ir fenolio r\u016bg\u0161tis. Fenolio r\u016bg\u0161tis pasi\u017eymi stipriu prie\u0161u\u017edegiminiu poveikiu ir gali suma\u017einti, pavyzd\u017eiui, \u0161irdies lig\u0173 rizik\u0105.<\/p>\n<p data-start=\"1013\" data-end=\"1075\"><strong data-start=\"1013\" data-end=\"1073\">\u012edaryti datuli\u0173 rutuliukai su migdolais ir kakava tinka:<\/strong><\/p>\n<ul data-start=\"1076\" data-end=\"1182\">\n<li data-start=\"1076\" data-end=\"1087\">\n<p data-start=\"1078\" data-end=\"1087\">vaikams<\/p>\n<\/li>\n<li data-start=\"1088\" data-end=\"1100\">\n<p data-start=\"1090\" data-end=\"1100\">veganams<\/p>\n<\/li>\n<li data-start=\"1101\" data-end=\"1142\">\n<p data-start=\"1103\" data-end=\"1142\">visiems, gyvenantiems aktyv\u0173 gyvenim\u0105<\/p>\n<\/li>\n<li data-start=\"1143\" data-end=\"1182\">\n<p data-start=\"1145\" data-end=\"1182\">n\u0117\u0161\u010diosioms ir \u017eindan\u010dioms moterims<\/p>\n<\/li>\n<\/ul>\n<p data-start=\"1184\" data-end=\"1333\"><strong data-start=\"1184\" data-end=\"1211\">Kas sudaro \u0161\u012f produkt\u0105?<\/strong><br data-start=\"1211\" data-end=\"1214\" \/>Sud\u0117tis: datul\u0117s 58 %, MIGDOLAI 13 %, avi\u017eos be glitimo, raps\u0173 aliejus, kokos\u0173 gabaliukai, cukrus, kakavos milteliai.<\/p>\n<p data-start=\"1335\" data-end=\"1421\"><strong data-start=\"1335\" data-end=\"1352\">Kaip vartoti?<\/strong><br data-start=\"1352\" data-end=\"1355\" \/>Rekomenduojame \u012fdarytus datuli\u0173 rutuliukus valgyti kaip u\u017ekand\u012f.<\/p>\n<p data-start=\"1423\" data-end=\"1571\"><strong data-start=\"1423\" data-end=\"1442\">Laikymo s\u0105lygos<\/strong><br data-start=\"1442\" data-end=\"1445\" \/>Laikyti kambario temperat\u016broje, atokiau nuo tiesiogini\u0173 saul\u0117s spinduli\u0173. Po kiekvieno naudojimo pakuot\u0119 sandariai u\u017edaryti.<\/p>\n<p data-start=\"1573\" data-end=\"1736\" data-is-last-node=\"\" data-is-only-node=\"\"><strong data-start=\"1573\" data-end=\"1642\">Koks yra \u012fdaryt\u0173 datuli\u0173 rutuliuk\u0173 su migdolais ir kakava skonis?<\/strong><br data-start=\"1642\" data-end=\"1645\" \/>\u012edaryti datuli\u0173 rutuliukai su migdolais ir kakava turi rie\u0161utin\u012f ir lengv\u0105 kakavos skon\u012f.<\/p>\n","protected":false},"excerpt":{"rendered":"<p data-start=\"0\" data-end=\"110\"><strong data-start=\"0\" data-end=\"108\">\u012edaryti datuli\u0173 rutuliukai su migdolais ir kakava \u2013 tai energijos suteikiantis u\u017ekandis j\u016bs\u0173 kasdienybei<\/strong><\/p>\n<ul>\n<li data-start=\"114\" data-end=\"131\">100 % nat\u016bralus<\/li>\n<li data-start=\"134\" data-end=\"153\">Veganams tinkamas<\/li>\n<li data-start=\"156\" data-end=\"168\">Be glitimo<\/li>\n<li data-start=\"171\" data-end=\"190\">Skaidul\u0173 \u0161altinis<\/li>\n<li data-start=\"193\" data-end=\"219\">Su puikiu kakavos skoniu<\/li>\n<li data-start=\"222\" data-end=\"304\">Datuli\u0173 rutuliukuose su migdolais ir kakava yra sveikatai nauding\u0173 antioksidant\u0173<\/li>\n<\/ul>\n","protected":false},"featured_media":141332,"comment_status":"open","ping_status":"closed","template":"","meta":{"_acf_changed":false},"product_brand":[],"product_cat":[611],"product_tag":[626,627],"class_list":{"0":"post-141327","1":"product","2":"type-product","3":"status-publish","4":"has-post-thumbnail","6":"product_cat-idaryti-datuliu-kamuoliukai","7":"product_tag-supertoit-lt","8":"product_tag-supertoidusegu-lt","10":"first","11":"instock","12":"taxable","13":"shipping-taxable","14":"purchasable","15":"product-type-simple"},"bundle_layout":"","bundled_by":["141258"],"bundled_items":[],"acf":[],"_links":{"self":[{"href":"https:\/\/bemore.ee\/lt\/wp-json\/wp\/v2\/product\/141327","targetHints":{"allow":["GET"]}}],"collection":[{"href":"https:\/\/bemore.ee\/lt\/wp-json\/wp\/v2\/product"}],"about":[{"href":"https:\/\/bemore.ee\/lt\/wp-json\/wp\/v2\/types\/product"}],"replies":[{"embeddable":true,"href":"https:\/\/bemore.ee\/lt\/wp-json\/wp\/v2\/comments?post=141327"}],"wp:featuredmedia":[{"embeddable":true,"href":"https:\/\/bemore.ee\/lt\/wp-json\/wp\/v2\/media\/141332"}],"wp:attachment":[{"href":"https:\/\/bemore.ee\/lt\/wp-json\/wp\/v2\/media?parent=141327"}],"wp:term":[{"taxonomy":"product_brand","embeddable":true,"href":"https:\/\/bemore.ee\/lt\/wp-json\/wp\/v2\/product_brand?post=141327"},{"taxonomy":"product_cat","embeddable":true,"href":"https:\/\/bemore.ee\/lt\/wp-json\/wp\/v2\/product_cat?post=141327"},{"taxonomy":"product_tag","embeddable":true,"href":"https:\/\/bemore.ee\/lt\/wp-json\/wp\/v2\/product_tag?post=141327"}],"curies":[{"name":"wp","href":"https:\/\/api.w.org\/{rel}","templated":true}]}}