{"id":141318,"date":"2024-04-09T15:16:12","date_gmt":"2024-04-09T12:16:12","guid":{"rendered":"https:\/\/bemore.ee\/?post_type=product&#038;p=141318"},"modified":"2025-11-07T02:12:46","modified_gmt":"2025-11-07T00:12:46","slug":"kavos-kolagenas-su-vanile","status":"publish","type":"product","link":"https:\/\/bemore.ee\/lt\/toode\/kavos-kolagenas-su-vanile\/","title":{"rendered":"Kavos kolagenas su vanile"},"content":{"rendered":"<p data-start=\"0\" data-end=\"321\"><strong data-start=\"0\" data-end=\"95\">Kavos kolageno milteliai su vanile ir inulinu \u2013 puikus papildas j\u016bs\u0173 rytinei kavos rutinai.<\/strong><br data-start=\"95\" data-end=\"98\" \/>Inulino milteliai \u2013 tai nat\u016braliai saldaus skonio milteliai, turintys daug skaidul\u0173 ir ma\u017eai riebal\u0173. D\u0117l didelio skaidul\u0173 kiekio jie padeda jaustis sotiems. Nat\u016bralus saldumas leid\u017eia \u012f kav\u0105 nebed\u0117ti papildom\u0173 saldikli\u0173!<\/p>\n<p data-start=\"323\" data-end=\"793\"><strong data-start=\"323\" data-end=\"336\">Kolagenas<\/strong> sudaro apie 25\u201335 % viso baltym\u0173 kiekio m\u016bs\u0173 organizme ir yra svarbus baltymas kaulams, raumenims, s\u0105nariams, sausgysl\u0117ms, odai ir kitiems svarbiems k\u016bno audiniams. Tyrimai parod\u0117, kad papildomas kolageno vartojimas gali paskatinti \u017emogaus organizm\u0105 pa\u010diam gaminti kolagen\u0105, o tai gali pad\u0117ti suma\u017einti u\u017edegimo lyg\u012f organizme ir pagerinti s\u0105nari\u0173 sveikat\u0105. Kolagenas taip pat padeda b\u016bti gra\u017eesniems, nes stiprina nagus, plaukus ir teigiamai veikia od\u0105!<\/p>\n<p data-start=\"795\" data-end=\"944\">\u012e kavos kolageno miltelius mes taip pat prid\u0117jome <strong data-start=\"845\" data-end=\"863\">\u017eirni\u0173 baltym\u0173<\/strong>. Baltymai padeda raumen\u0173 augimui ir palaikymui, taip pat yra naudingi kaulams.<\/p>\n<p data-start=\"946\" data-end=\"995\"><strong data-start=\"946\" data-end=\"993\">Kavos kolagenas su vanile ir inulinu tinka:<\/strong><\/p>\n<ul data-start=\"996\" data-end=\"1208\">\n<li data-start=\"996\" data-end=\"1081\">\n<p data-start=\"998\" data-end=\"1081\">visiems, norintiems praturtinti savo kav\u0105 augaliniais baltymais ir vanil\u0117s skoniu<\/p>\n<\/li>\n<li data-start=\"1082\" data-end=\"1123\">\n<p data-start=\"1084\" data-end=\"1123\">norintiems pagerinti odos elastingum\u0105<\/p>\n<\/li>\n<li data-start=\"1124\" data-end=\"1165\">\n<p data-start=\"1126\" data-end=\"1165\">turintiems s\u0105nari\u0173 sveikatos problem\u0173<\/p>\n<\/li>\n<li data-start=\"1166\" data-end=\"1208\">\n<p data-start=\"1168\" data-end=\"1208\">vartoti n\u0117\u0161tumo ir \u017eindymo laikotarpiu<\/p>\n<\/li>\n<\/ul>\n<p data-start=\"1210\" data-end=\"1372\"><strong data-start=\"1210\" data-end=\"1244\">I\u0161 ko sudarytas \u0161is produktas?<\/strong><br data-start=\"1244\" data-end=\"1247\" \/>Sud\u0117tis: hidrolizuoto kolageno milteliai (56 %), inulino milteliai, \u017eirni\u0173 baltym\u0173 milteliai, burbonin\u0117s vanil\u0117s milteliai.<\/p>\n<p data-start=\"1374\" data-end=\"1444\"><strong data-start=\"1374\" data-end=\"1391\">Kaip vartoti?<\/strong><br data-start=\"1391\" data-end=\"1394\" \/>Tiesiog \u012fd\u0117kite 2 arbatinius \u0161auk\u0161telius \u012f kav\u0105.<\/p>\n<p data-start=\"1446\" data-end=\"1521\"><strong data-start=\"1446\" data-end=\"1469\">Porcijos pakuot\u0117je:<\/strong><br data-start=\"1469\" data-end=\"1472\" \/>Kiekvienoje 200 g pakuot\u0117je yra iki 20 porcij\u0173.<\/p>\n<p data-start=\"1523\" data-end=\"1671\"><strong data-start=\"1523\" data-end=\"1542\">Laikymo s\u0105lygos<\/strong><br data-start=\"1542\" data-end=\"1545\" \/>Laikyti kambario temperat\u016broje, atokiau nuo tiesiogini\u0173 saul\u0117s spinduli\u0173. Po kiekvieno naudojimo pakuot\u0119 sandariai u\u017edaryti.<\/p>\n<p data-start=\"1673\" data-end=\"1826\" data-is-last-node=\"\" data-is-only-node=\"\"><strong data-start=\"1673\" data-end=\"1726\">Koks yra Kavos kolagenas Vanilla\u2019n\u2019Inulin skonis?<\/strong><br data-start=\"1726\" data-end=\"1729\" \/>D\u0117l vanil\u0117s milteli\u0173 jis turi malon\u0173 vanil\u0117s skon\u012f. D\u0117l inulino milteli\u0173 \u2013 lengvai sald\u0173 skon\u012f.<\/p>\n","protected":false},"excerpt":{"rendered":"<p data-start=\"0\" data-end=\"92\"><strong data-start=\"0\" data-end=\"90\">Kavos kolagenas su vanile ir inulinu palaiko j\u016bs\u0173 nat\u016bral\u0173 gro\u017e\u012f, s\u0105narius ir raumenis<\/strong><\/p>\n<ul>\n<li data-start=\"96\" data-end=\"156\">1 porcija (2 arbatiniai \u0161auk\u0161teliai) turi 5600 mg kolageno<\/li>\n<li data-start=\"159\" data-end=\"176\">100 % nat\u016bralus<\/li>\n<li data-start=\"179\" data-end=\"199\">Be prid\u0117to cukraus<\/li>\n<li data-start=\"202\" data-end=\"231\">64 g baltym\u0173 100 g produkto<\/li>\n<li data-start=\"234\" data-end=\"273\">Suteikia kavai nuostab\u0173 vanil\u0117s skon\u012f<\/li>\n<li data-start=\"276\" data-end=\"370\">Inulinas \u2013 tirpios skaidulos su prebiotiniu poveikiu, naudingai veikian\u010dios \u017earnyno sveikat\u0105<\/li>\n<li data-start=\"373\" data-end=\"425\">Sud\u0117tyje yra nat\u016brali\u0173 burbonin\u0117s vanil\u0117s milteli\u0173<\/li>\n<\/ul>\n","protected":false},"featured_media":141326,"comment_status":"open","ping_status":"closed","template":"","meta":{"_acf_changed":false},"product_brand":[],"product_cat":[600],"product_tag":[],"class_list":{"0":"post-141318","1":"product","2":"type-product","3":"status-publish","4":"has-post-thumbnail","6":"product_cat-kolageno-misiniai","8":"first","9":"instock","10":"taxable","11":"shipping-taxable","12":"purchasable","13":"product-type-simple"},"bundle_layout":"","bundled_by":[],"bundled_items":[],"acf":[],"_links":{"self":[{"href":"https:\/\/bemore.ee\/lt\/wp-json\/wp\/v2\/product\/141318","targetHints":{"allow":["GET"]}}],"collection":[{"href":"https:\/\/bemore.ee\/lt\/wp-json\/wp\/v2\/product"}],"about":[{"href":"https:\/\/bemore.ee\/lt\/wp-json\/wp\/v2\/types\/product"}],"replies":[{"embeddable":true,"href":"https:\/\/bemore.ee\/lt\/wp-json\/wp\/v2\/comments?post=141318"}],"wp:featuredmedia":[{"embeddable":true,"href":"https:\/\/bemore.ee\/lt\/wp-json\/wp\/v2\/media\/141326"}],"wp:attachment":[{"href":"https:\/\/bemore.ee\/lt\/wp-json\/wp\/v2\/media?parent=141318"}],"wp:term":[{"taxonomy":"product_brand","embeddable":true,"href":"https:\/\/bemore.ee\/lt\/wp-json\/wp\/v2\/product_brand?post=141318"},{"taxonomy":"product_cat","embeddable":true,"href":"https:\/\/bemore.ee\/lt\/wp-json\/wp\/v2\/product_cat?post=141318"},{"taxonomy":"product_tag","embeddable":true,"href":"https:\/\/bemore.ee\/lt\/wp-json\/wp\/v2\/product_tag?post=141318"}],"curies":[{"name":"wp","href":"https:\/\/api.w.org\/{rel}","templated":true}]}}