{"id":141311,"date":"2023-09-01T15:55:44","date_gmt":"2023-09-01T12:55:44","guid":{"rendered":"https:\/\/bemore.ee\/?post_type=product&#038;p=141311"},"modified":"2025-11-25T15:47:50","modified_gmt":"2025-11-25T13:47:50","slug":"idaryti-datuliu-rutuliukai-su-mangais-100-g","status":"publish","type":"product","link":"https:\/\/bemore.ee\/lt\/toode\/idaryti-datuliu-rutuliukai-su-mangais-100-g\/","title":{"rendered":"\u012edaryti datuli\u0173 rutuliukai su mangais 100 g"},"content":{"rendered":"<p data-start=\"150\" data-end=\"411\"><strong data-start=\"150\" data-end=\"283\">\u012edaryti datuli\u0173 rutuliukai su mangais yra energijos suteikiantis u\u017ekandis su tropiniu skoniu ir jie taip pat yra gaus\u016bs skaidul\u0173.<\/strong> Skaidulos padeda ilgiau i\u0161likti sotiems ir yra naudingos vir\u0161kinimui. Skaidulos taip pat padeda i\u0161vengti viduri\u0173 u\u017ekiet\u0117jimo.<\/p>\n<p data-start=\"413\" data-end=\"810\"><strong data-start=\"413\" data-end=\"423\">Mangas<\/strong> yra labai geras polifenoli\u0173, toki\u0173 kaip antocianinas ir mangiferinas, \u0161altinis. Polifenoliai yra antioksidantai, saugantys m\u016bs\u0173 organizmo l\u0105steli\u0173 sveikat\u0105 ir turintys prie\u0161u\u017edegimin\u012f poveik\u012f. Be to, mangas turi kelias savybes, d\u0117l kuri\u0173 jis yra naudingas vir\u0161kinimui. Pavyzd\u017eiui, jame yra vir\u0161kinimo ferment\u0173, vadinam\u0173 amilaz\u0117mis. Amilaz\u0117s padeda skaidyti sud\u0117tingus angliavandenius.<\/p>\n<p data-start=\"812\" data-end=\"1029\"><strong data-start=\"812\" data-end=\"823\">Datul\u0117s<\/strong> taip pat yra gausios antioksidant\u0173, toki\u0173 kaip karotenoidai, flavonoidai ir fenolio r\u016bg\u0161tis. Fenolio r\u016bg\u0161tis pasi\u017eymi stipriu prie\u0161u\u017edegiminiu poveikiu ir gali suma\u017einti, pavyzd\u017eiui, \u0161irdies lig\u0173 rizik\u0105.<\/p>\n<p data-start=\"1031\" data-end=\"1637\"><strong data-start=\"1031\" data-end=\"1122\">\u012edaryti datuli\u0173 rutuliukai su mangais taip pat turi verting\u0173 \u0161altalanki\u0173 uog\u0173 milteli\u0173.<\/strong> \u0160altalankiai pelnytai vadinami supermaistu, nes juose yra beveik 200 r\u016b\u0161i\u0173 maistini\u0173 ir bioaktyvi\u0173 jungini\u0173, toki\u0173 kaip polineso\u010diosios riebal\u0173 r\u016bg\u0161tys, karotenoidai ir fitosteroliai. Svarbu tai, kad vitamino A kiekis \u0161altalankiuose yra 18 kart\u0173 didesnis nei m\u0117lyn\u0117se, o vitamino C kiekis \u0161altalankiuose beveik 3 kartus didesnis nei citrinoje. \u0160altalankiai yra turtingi \u012fvairi\u0173 riebal\u0173 r\u016bg\u0161\u010di\u0173, kurios atlieka svarb\u0173 vaidmen\u012f \u017emogaus sveikatai, pavyzd\u017eiui, gydant odos ir gleivini\u0173 ligas bei saus\u0173 aki\u0173 sindrom\u0105.<\/p>\n<p data-start=\"1639\" data-end=\"1689\"><strong data-start=\"1639\" data-end=\"1687\">\u012edaryti datuli\u0173 rutuliukai su mangais tinka:<\/strong><\/p>\n<ul data-start=\"1690\" data-end=\"1784\">\n<li data-start=\"1690\" data-end=\"1702\">\n<p data-start=\"1692\" data-end=\"1702\">veganams<\/p>\n<\/li>\n<li data-start=\"1703\" data-end=\"1744\">\n<p data-start=\"1705\" data-end=\"1744\">visiems, gyvenantiems aktyv\u0173 gyvenim\u0105<\/p>\n<\/li>\n<li data-start=\"1745\" data-end=\"1784\">\n<p data-start=\"1747\" data-end=\"1784\">n\u0117\u0161\u010diosioms ir \u017eindan\u010dioms moterims<\/p>\n<\/li>\n<\/ul>\n<p data-start=\"1786\" data-end=\"1815\"><strong data-start=\"1786\" data-end=\"1813\">Kas sudaro \u0161\u012f produkt\u0105?<\/strong><\/p>\n<p data-start=\"1817\" data-end=\"1967\">Sud\u0117tis: datul\u0117s 58 %, d\u017eiovinti mangai (20 %) {mangai, antioksidantas (sieros dioksidas)}, avi\u017eos be glitimo, raps\u0173 aliejus, \u0161altalanki\u0173 milteliai.<\/p>\n<p data-start=\"1969\" data-end=\"1988\"><strong data-start=\"1969\" data-end=\"1986\">Kaip vartoti?<\/strong><\/p>\n<p data-start=\"1990\" data-end=\"2056\">Rekomenduojame \u012fdarytus datuli\u0173 rutuliukus valgyti kaip u\u017ekand\u012f.<\/p>\n<p data-start=\"2058\" data-end=\"2079\"><strong data-start=\"2058\" data-end=\"2077\">Laikymo s\u0105lygos<\/strong><\/p>\n<p data-start=\"2081\" data-end=\"2207\">Laikyti kambario temperat\u016broje, atokiau nuo tiesiogini\u0173 saul\u0117s spinduli\u0173. Po kiekvieno naudojimo pakuot\u0119 sandariai u\u017edaryti.<\/p>\n<p data-start=\"2209\" data-end=\"2268\"><strong data-start=\"2209\" data-end=\"2266\">Koks yra \u012fdaryt\u0173 datuli\u0173 rutuliuk\u0173 su mangais skonis?<\/strong><\/p>\n<p data-start=\"2270\" data-end=\"2340\">\u012edaryti datuli\u0173 rutuliukai su mangais turi tropin\u012f ir vaisin\u012f skon\u012f.<\/p>\n","protected":false},"excerpt":{"rendered":"<p data-start=\"0\" data-end=\"98\"><strong data-start=\"0\" data-end=\"96\">\u012edaryti datuli\u0173 rutuliukai su mangais \u2013 tai energijos suteikiantis u\u017ekandis j\u016bs\u0173 kasdienybei<\/strong><\/p>\n<ul>\n<li data-start=\"102\" data-end=\"119\">100 % nat\u016bralus<\/li>\n<li data-start=\"122\" data-end=\"141\">Veganams tinkamas<\/li>\n<li data-start=\"144\" data-end=\"156\">Be glitimo<\/li>\n<li data-start=\"159\" data-end=\"178\">Skaidul\u0173 \u0161altinis<\/li>\n<li data-start=\"181\" data-end=\"208\">Su puikiu tropiniu skoniu<\/li>\n<li data-start=\"211\" data-end=\"281\">Datuli\u0173 rutuliukuose su mangais yra sveikatai nauding\u0173 antioksidant\u0173<\/li>\n<\/ul>\n","protected":false},"featured_media":141312,"comment_status":"open","ping_status":"closed","template":"","meta":{"_acf_changed":false},"product_brand":[],"product_cat":[611],"product_tag":[627],"class_list":{"0":"post-141311","1":"product","2":"type-product","3":"status-publish","4":"has-post-thumbnail","6":"product_cat-idaryti-datuliu-kamuoliukai","7":"product_tag-supertoidusegu-lt","9":"first","10":"instock","11":"taxable","12":"shipping-taxable","13":"purchasable","14":"product-type-simple"},"bundle_layout":"","bundled_by":["141258"],"bundled_items":[],"acf":[],"_links":{"self":[{"href":"https:\/\/bemore.ee\/lt\/wp-json\/wp\/v2\/product\/141311","targetHints":{"allow":["GET"]}}],"collection":[{"href":"https:\/\/bemore.ee\/lt\/wp-json\/wp\/v2\/product"}],"about":[{"href":"https:\/\/bemore.ee\/lt\/wp-json\/wp\/v2\/types\/product"}],"replies":[{"embeddable":true,"href":"https:\/\/bemore.ee\/lt\/wp-json\/wp\/v2\/comments?post=141311"}],"wp:featuredmedia":[{"embeddable":true,"href":"https:\/\/bemore.ee\/lt\/wp-json\/wp\/v2\/media\/141312"}],"wp:attachment":[{"href":"https:\/\/bemore.ee\/lt\/wp-json\/wp\/v2\/media?parent=141311"}],"wp:term":[{"taxonomy":"product_brand","embeddable":true,"href":"https:\/\/bemore.ee\/lt\/wp-json\/wp\/v2\/product_brand?post=141311"},{"taxonomy":"product_cat","embeddable":true,"href":"https:\/\/bemore.ee\/lt\/wp-json\/wp\/v2\/product_cat?post=141311"},{"taxonomy":"product_tag","embeddable":true,"href":"https:\/\/bemore.ee\/lt\/wp-json\/wp\/v2\/product_tag?post=141311"}],"curies":[{"name":"wp","href":"https:\/\/api.w.org\/{rel}","templated":true}]}}